{"id":26428,"date":"2025-10-31T19:05:20","date_gmt":"2025-10-31T18:05:20","guid":{"rendered":"https:\/\/www.igh.ch\/?page_id=26428"},"modified":"2025-11-26T11:01:51","modified_gmt":"2025-11-26T10:01:51","slug":"excel-katalog","status":"publish","type":"page","link":"https:\/\/www.igh.ch\/it\/produkte\/it-loesungen\/excel-katalog\/","title":{"rendered":"Catalogo Excel"},"content":{"rendered":"\t\t<div data-elementor-type=\"wp-page\" data-elementor-id=\"26428\" class=\"elementor elementor-26428 elementor-26425\" data-elementor-post-type=\"page\">\n\t\t\t\t<div class=\"elementor-element elementor-element-7162786 e-flex e-con-boxed e-con e-parent\" data-id=\"7162786\" data-element_type=\"container\" data-e-type=\"container\" data-settings=\"{&quot;background_background&quot;:&quot;classic&quot;}\">\n\t\t\t\t\t<div class=\"e-con-inner\">\n\t\t<div class=\"elementor-element elementor-element-be3be64 e-con-full e-flex e-con e-child\" data-id=\"be3be64\" data-element_type=\"container\" data-e-type=\"container\" data-settings=\"{&quot;background_background&quot;:&quot;classic&quot;}\">\n\t\t\t\t<div class=\"elementor-element elementor-element-965f80b elementor-invisible elementor-widget elementor-widget-heading\" data-id=\"965f80b\" data-element_type=\"widget\" data-e-type=\"widget\" data-settings=\"{&quot;_animation&quot;:&quot;fadeInDown&quot;}\" data-widget_type=\"heading.default\">\n\t\t\t\t\t<h1 class=\"elementor-heading-title elementor-size-default\">Dal catalogo IGH (DataExpert<sup>\u00ae<\/sup>BIM) a Excel<\/h1>\t\t\t\t<\/div>\n\t\t\t\t<div class=\"elementor-element elementor-element-27668a1 elementor-widget elementor-widget-html\" data-id=\"27668a1\" data-element_type=\"widget\" data-e-type=\"widget\" data-widget_type=\"html.default\">\n\t\t\t\t\t<nav aria-label=\"breadcrumbs\" class=\"rank-math-breadcrumb\"><p><span class=\"last\">Home<\/span><\/p><\/nav>\t\t\t\t<\/div>\n\t\t\t\t<\/div>\n\t\t\t\t\t<\/div>\n\t\t\t\t<\/div>\n\t\t<div class=\"elementor-element elementor-element-db396a5 e-flex e-con-boxed e-con e-parent\" data-id=\"db396a5\" data-element_type=\"container\" data-e-type=\"container\" data-settings=\"{&quot;background_background&quot;:&quot;classic&quot;}\">\n\t\t\t\t\t<div class=\"e-con-inner\">\n\t\t<div class=\"elementor-element elementor-element-e4ea9dd e-con-full e-flex e-con e-child\" data-id=\"e4ea9dd\" data-element_type=\"container\" data-e-type=\"container\" data-settings=\"{&quot;background_background&quot;:&quot;classic&quot;}\">\n\t\t<div class=\"elementor-element elementor-element-c7eb47f e-flex e-con-boxed e-con e-child\" data-id=\"c7eb47f\" data-element_type=\"container\" data-e-type=\"container\" data-settings=\"{&quot;background_background&quot;:&quot;classic&quot;}\">\n\t\t\t\t\t<div class=\"e-con-inner\">\n\t\t\t\t<div class=\"elementor-element elementor-element-ee0c959 elementor-invisible elementor-widget elementor-widget-heading\" data-id=\"ee0c959\" data-element_type=\"widget\" data-e-type=\"widget\" data-settings=\"{&quot;_animation&quot;:&quot;fadeInDown&quot;}\" data-widget_type=\"heading.default\">\n\t\t\t\t\t<h2 class=\"elementor-heading-title elementor-size-default\">Salvare i dati dal catalogo XML in Excel <\/h2>\t\t\t\t<\/div>\n\t\t\t\t<div class=\"elementor-element elementor-element-b338cd3 elementor-invisible elementor-widget elementor-widget-text-editor\" data-id=\"b338cd3\" data-element_type=\"widget\" data-e-type=\"widget\" data-settings=\"{&quot;_animation&quot;:&quot;fadeInDown&quot;,&quot;_animation_delay&quot;:500}\" data-widget_type=\"text-editor.default\">\n\t\t\t\t\t\t\t\t\t<p>Il catalogo standardizzato DataExpert<sup>\u00ae<\/sup>BIM \u00e8 un file XML con una struttura prestabilita. Molte applicazioni di settore sono in grado di leggere il catalogo in questo formato. \u00c8 tuttavia possibile lavorare con i dati del catalogo anche in Excel. Queste istruzioni vi mostrano come importare i dati desiderati in un file Excel.<\/p>\t\t\t\t\t\t\t\t<\/div>\n\t\t\t\t\t<\/div>\n\t\t\t\t<\/div>\n\t\t\t\t<\/div>\n\t\t<div class=\"elementor-element elementor-element-63f53c7 e-con-full e-flex e-con e-child\" data-id=\"63f53c7\" data-element_type=\"container\" data-e-type=\"container\" data-settings=\"{&quot;background_background&quot;:&quot;classic&quot;}\">\n\t\t<div class=\"elementor-element elementor-element-b40ab2c e-con-full e-flex e-con e-child\" data-id=\"b40ab2c\" data-element_type=\"container\" data-e-type=\"container\" data-settings=\"{&quot;background_background&quot;:&quot;classic&quot;}\">\n\t\t\t\t<div class=\"elementor-element elementor-element-5a2acb1 elementor-widget elementor-widget-image\" data-id=\"5a2acb1\" data-element_type=\"widget\" data-e-type=\"widget\" data-widget_type=\"image.default\">\n\t\t\t\t\t\t\t\t\t\t\t\t\t\t\t<img decoding=\"async\" width=\"1\" height=\"1\" src=\"https:\/\/www.igh.ch\/wp-content\/uploads\/katalog-konverter1-1.svg\" class=\"attachment-large size-large wp-image-26869\" alt=\"\" \/>\t\t\t\t\t\t\t\t\t\t\t\t\t\t\t<\/div>\n\t\t\t\t<\/div>\n\t\t\t\t<\/div>\n\t\t\t\t\t<\/div>\n\t\t\t\t<\/div>\n\t\t<div class=\"elementor-element elementor-element-a74c5b3 e-flex e-con-boxed e-con e-parent\" data-id=\"a74c5b3\" data-element_type=\"container\" data-e-type=\"container\" data-settings=\"{&quot;background_background&quot;:&quot;classic&quot;}\">\n\t\t\t\t\t<div class=\"e-con-inner\">\n\t\t<div class=\"elementor-element elementor-element-9a274eb e-con-full e-flex e-con e-child\" data-id=\"9a274eb\" data-element_type=\"container\" data-e-type=\"container\">\n\t\t\t\t<div class=\"elementor-element elementor-element-adca9d2 elementor-widget elementor-widget-image\" data-id=\"adca9d2\" data-element_type=\"widget\" data-e-type=\"widget\" data-widget_type=\"image.default\">\n\t\t\t\t\t\t\t\t\t\t\t\t\t\t\t<img fetchpriority=\"high\" decoding=\"async\" width=\"1536\" height=\"1024\" src=\"https:\/\/www.igh.ch\/wp-content\/uploads\/vater-fuchs_webapplikationen_1535x1024-1.jpg\" class=\"attachment-full size-full wp-image-26805\" alt=\"\" srcset=\"https:\/\/www.igh.ch\/wp-content\/uploads\/vater-fuchs_webapplikationen_1535x1024-1.jpg 1536w, https:\/\/www.igh.ch\/wp-content\/uploads\/vater-fuchs_webapplikationen_1535x1024-1-300x200.jpg 300w, https:\/\/www.igh.ch\/wp-content\/uploads\/vater-fuchs_webapplikationen_1535x1024-1-1024x683.jpg 1024w, https:\/\/www.igh.ch\/wp-content\/uploads\/vater-fuchs_webapplikationen_1535x1024-1-768x512.jpg 768w\" sizes=\"(max-width: 1536px) 100vw, 1536px\" \/>\t\t\t\t\t\t\t\t\t\t\t\t\t\t\t<\/div>\n\t\t\t\t<\/div>\n\t\t<div class=\"elementor-element elementor-element-9670cd4 e-con-full e-flex e-con e-child\" data-id=\"9670cd4\" data-element_type=\"container\" data-e-type=\"container\">\n\t\t\t\t<div class=\"elementor-element elementor-element-e0bb21b elementor-invisible elementor-widget elementor-widget-heading\" data-id=\"e0bb21b\" data-element_type=\"widget\" data-e-type=\"widget\" data-settings=\"{&quot;_animation&quot;:&quot;fadeInDown&quot;}\" data-widget_type=\"heading.default\">\n\t\t\t\t\t<h2 class=\"elementor-heading-title elementor-size-default\">Importazione XML con modello<\/h2>\t\t\t\t<\/div>\n\t\t\t\t<div class=\"elementor-element elementor-element-330e308 elementor-invisible elementor-widget elementor-widget-text-editor\" data-id=\"330e308\" data-element_type=\"widget\" data-e-type=\"widget\" data-settings=\"{&quot;_animation&quot;:&quot;fadeInDown&quot;}\" data-widget_type=\"text-editor.default\">\n\t\t\t\t\t\t\t\t\t<p>Se si utilizza un modello, lo schema XML \u00e8 gi\u00e0 stato importato e viene visualizzato un suggerimento sui campi che possono essere inseriti dal catalogo.<br \/>Tuttavia, avete comunque la possibilit\u00e0 di decidere autonomamente quali campi desiderate importare nel vostro file Excel.<\/p><ul><li>Scaricare il modello Excel desiderato<br \/><a title=\"Modello Excel\" href=\"https:\/\/docs.igh.ch\/dokumente\/DEBIM_ExcelVorlageXMLExcelOhneAusf%C3%BChrung_it.xlsx\" target=\"_blank\" rel=\"noopener\">Modello Excel<\/a> per cataloghi <strong>senza<\/strong> articoli in diverse versioni\/colori\/varianti\/materiali<br \/><a title=\"Modello Excel\" href=\"https:\/\/docs.igh.ch\/dokumente\/DEBIM_ExcelVorlageXMLExcelMitAusf%C3%BChrung_it.xlsx\" target=\"_blank\" rel=\"noopener\">Modello Excel<\/a> per cataloghi <strong>con<\/strong> articoli in diverse versioni\/colori\/varianti\/materiali<\/li><li>Scaricare e decomprimere i <a title=\"cataloghi DataExpert\u00aeBIM\" href=\"https:\/\/www.igh.ch\/it\/produkte\/it-loesungen\/excel-katalog\/\" target=\"_blank\" rel=\"noopener\">cataloghi DataExpert<sup>\u00ae<\/sup>BIM<\/a>\u00a0dei propri fornitori<\/li><li>Aprire il modello<\/li><li>Per importare i dati del catalogo, cliccare con il tasto destro del mouse sull&#8217;area colorata della tabella, selezionare le voci di menu \u201cXML\u201d \u2192 \u201cImporta&#8230;\u201d per selezionare il catalogo e completare il processo con \u201cImporta\u201d.<\/li><\/ul><p><strong>Gli articoli in diverse versioni sono pubblicati nei cataloghi dei seguenti fornitori:<\/strong><\/p><ul><li>Bodenschatz AG<\/li><li>BR Bauhandel AG<\/li><li>Bringhen Group c\/o Crea Ceram AG<\/li><li>G\u00e9taz-Miauton SA<\/li><li>LAUFEN Schweiz AG<\/li><li>Regusci Reco SA<\/li><li>SABAG Gruppe<\/li><li>Sanitas Troesch AG<\/li><li>talsee AG<\/li><li>team-Katalog-Gruppe c\/o SGVSB<\/li><\/ul>\t\t\t\t\t\t\t\t<\/div>\n\t\t\t\t<\/div>\n\t\t\t\t\t<\/div>\n\t\t\t\t<\/div>\n\t\t<div class=\"elementor-element elementor-element-33f27ea e-flex e-con-boxed e-con e-parent\" data-id=\"33f27ea\" data-element_type=\"container\" data-e-type=\"container\" data-settings=\"{&quot;background_background&quot;:&quot;classic&quot;}\">\n\t\t\t\t\t<div class=\"e-con-inner\">\n\t\t<div class=\"elementor-element elementor-element-6ce3a21 e-con-full e-flex e-con e-child\" data-id=\"6ce3a21\" data-element_type=\"container\" data-e-type=\"container\" data-settings=\"{&quot;background_background&quot;:&quot;classic&quot;}\">\n\t\t\t\t<div class=\"elementor-element elementor-element-15fc9e9 elementor-invisible elementor-widget elementor-widget-heading\" data-id=\"15fc9e9\" data-element_type=\"widget\" data-e-type=\"widget\" data-settings=\"{&quot;_animation&quot;:&quot;fadeInDown&quot;}\" data-widget_type=\"heading.default\">\n\t\t\t\t\t<h2 class=\"elementor-heading-title elementor-size-default\">Importazione XML senza modello<\/h2>\t\t\t\t<\/div>\n\t\t\t\t<div class=\"elementor-element elementor-element-4a509c6 elementor-invisible elementor-widget elementor-widget-text-editor\" data-id=\"4a509c6\" data-element_type=\"widget\" data-e-type=\"widget\" data-settings=\"{&quot;_animation&quot;:&quot;fadeInDown&quot;}\" data-widget_type=\"text-editor.default\">\n\t\t\t\t\t\t\t\t\t<p>Se si definisce il file Excel da zero, lo schema DataExpert<sup>\u00ae<\/sup>BIM necessario viene importato durante l&#8217;importazione del catalogo DataExpert<sup>\u00ae<\/sup>BIM.<\/p><ul><li>Scaricare e decomprimere il <a title=\"catalogo DataExpert\u00aeBIM\" href=\"https:\/\/www.igh.ch\/it\/produkte\/kataloge\/publizierte-kataloge\/\" target=\"_blank\" rel=\"noopener\">catalogo DataExpert<sup>\u00ae<\/sup>BIM<\/a><\/li><li>Aprire un nuovo foglio Excel<\/li><li>Excel \u2192 File \u2192 Apri \u2192 Selezionare il catalogo decompresso<\/li><li>Selezionare \u201cUsa area di lavoro \u201dOrigine XML\u201d<\/li><li>Si apre l&#8217;area \u201cOrigine XML\u201d<\/li><li>Ora \u00e8 possibile selezionare le colonne desiderate dall&#8217;origine XML tramite drag &amp; drop in base alle proprie esigenze e trascinarle nella tabella.<br \/>Per riempire le colonne selezionate con i dati del catalogo scelto, cliccare con il tasto destro del mouse nell&#8217;area della tabella e selezionare \u201cXML\u201d \u2192 \u201cImporta&#8230;\u201d e selezionare il catalogo XML desiderato \u2192 Importa<\/li><li>Le colonne della tabella vengono riempite con i dati del catalogo corrispondenti<\/li><\/ul>\t\t\t\t\t\t\t\t<\/div>\n\t\t\t\t<\/div>\n\t\t<div class=\"elementor-element elementor-element-1211829 e-con-full elementor-hidden-mobile e-flex e-con e-child\" data-id=\"1211829\" data-element_type=\"container\" data-e-type=\"container\" data-settings=\"{&quot;background_background&quot;:&quot;classic&quot;}\">\n\t\t\t\t<div class=\"elementor-element elementor-element-c045073 elementor-widget elementor-widget-image\" data-id=\"c045073\" data-element_type=\"widget\" data-e-type=\"widget\" data-widget_type=\"image.default\">\n\t\t\t\t\t\t\t\t\t\t\t\t\t\t\t<img decoding=\"async\" width=\"338\" height=\"144\" src=\"https:\/\/www.igh.ch\/wp-content\/uploads\/XMLoeffnen-1.png\" class=\"attachment-full size-full wp-image-26824\" alt=\"\" srcset=\"https:\/\/www.igh.ch\/wp-content\/uploads\/XMLoeffnen-1.png 338w, https:\/\/www.igh.ch\/wp-content\/uploads\/XMLoeffnen-1-300x128.png 300w\" sizes=\"(max-width: 338px) 100vw, 338px\" \/>\t\t\t\t\t\t\t\t\t\t\t\t\t\t\t<\/div>\n\t\t\t\t<div class=\"elementor-element elementor-element-f9fd7a5 elementor-widget elementor-widget-image\" data-id=\"f9fd7a5\" data-element_type=\"widget\" data-e-type=\"widget\" data-widget_type=\"image.default\">\n\t\t\t\t\t\t\t\t\t\t\t\t\t\t\t<img loading=\"lazy\" decoding=\"async\" width=\"242\" height=\"421\" src=\"https:\/\/www.igh.ch\/wp-content\/uploads\/XMLQuelle-1.png\" class=\"attachment-full size-full wp-image-26828\" alt=\"\" srcset=\"https:\/\/www.igh.ch\/wp-content\/uploads\/XMLQuelle-1.png 242w, https:\/\/www.igh.ch\/wp-content\/uploads\/XMLQuelle-1-172x300.png 172w\" sizes=\"(max-width: 242px) 100vw, 242px\" \/>\t\t\t\t\t\t\t\t\t\t\t\t\t\t\t<\/div>\n\t\t\t\t<\/div>\n\t\t\t\t\t<\/div>\n\t\t\t\t<\/div>\n\t\t<div class=\"elementor-element elementor-element-5bbf49b e-flex e-con-boxed e-con e-parent\" data-id=\"5bbf49b\" data-element_type=\"container\" data-e-type=\"container\" data-settings=\"{&quot;background_background&quot;:&quot;classic&quot;}\">\n\t\t\t\t\t<div class=\"e-con-inner\">\n\t\t<div class=\"elementor-element elementor-element-26aab00 e-con-full e-flex e-con e-child\" data-id=\"26aab00\" data-element_type=\"container\" data-e-type=\"container\">\n\t\t\t\t<div class=\"elementor-element elementor-element-e6d0853 elementor-widget elementor-widget-image\" data-id=\"e6d0853\" data-element_type=\"widget\" data-e-type=\"widget\" data-widget_type=\"image.default\">\n\t\t\t\t\t\t\t\t\t\t\t\t\t\t\t<img loading=\"lazy\" decoding=\"async\" width=\"512\" height=\"297\" src=\"https:\/\/www.igh.ch\/wp-content\/uploads\/XMLImport-1.png\" class=\"attachment-full size-full wp-image-26813\" alt=\"\" srcset=\"https:\/\/www.igh.ch\/wp-content\/uploads\/XMLImport-1.png 512w, https:\/\/www.igh.ch\/wp-content\/uploads\/XMLImport-1-300x174.png 300w\" sizes=\"(max-width: 512px) 100vw, 512px\" \/>\t\t\t\t\t\t\t\t\t\t\t\t\t\t\t<\/div>\n\t\t\t\t<div class=\"elementor-element elementor-element-57182d2 elementor-widget elementor-widget-image\" data-id=\"57182d2\" data-element_type=\"widget\" data-e-type=\"widget\" data-widget_type=\"image.default\">\n\t\t\t\t\t\t\t\t\t\t\t\t\t\t\t<img loading=\"lazy\" decoding=\"async\" width=\"1218\" height=\"686\" src=\"https:\/\/www.igh.ch\/wp-content\/uploads\/MehreInformationen-1-1.png\" class=\"attachment-full size-full wp-image-26817\" alt=\"\" srcset=\"https:\/\/www.igh.ch\/wp-content\/uploads\/MehreInformationen-1-1.png 1218w, https:\/\/www.igh.ch\/wp-content\/uploads\/MehreInformationen-1-1-300x169.png 300w, https:\/\/www.igh.ch\/wp-content\/uploads\/MehreInformationen-1-1-1024x577.png 1024w, https:\/\/www.igh.ch\/wp-content\/uploads\/MehreInformationen-1-1-768x433.png 768w\" sizes=\"(max-width: 1218px) 100vw, 1218px\" \/>\t\t\t\t\t\t\t\t\t\t\t\t\t\t\t<\/div>\n\t\t\t\t<\/div>\n\t\t<div class=\"elementor-element elementor-element-0491756 e-con-full e-flex e-con e-child\" data-id=\"0491756\" data-element_type=\"container\" data-e-type=\"container\">\n\t\t\t\t<div class=\"elementor-element elementor-element-316042c elementor-invisible elementor-widget elementor-widget-heading\" data-id=\"316042c\" data-element_type=\"widget\" data-e-type=\"widget\" data-settings=\"{&quot;_animation&quot;:&quot;fadeInDown&quot;}\" data-widget_type=\"heading.default\">\n\t\t\t\t\t<h2 class=\"elementor-heading-title elementor-size-default\">Informazioni generali \n<\/h2>\t\t\t\t<\/div>\n\t\t\t\t<div class=\"elementor-element elementor-element-a2bcc52 elementor-invisible elementor-widget elementor-widget-text-editor\" data-id=\"a2bcc52\" data-element_type=\"widget\" data-e-type=\"widget\" data-settings=\"{&quot;_animation&quot;:&quot;fadeInDown&quot;}\" data-widget_type=\"text-editor.default\">\n\t\t\t\t\t\t\t\t\t<ul><li>Aggiungere o rimuovere informazioni dal catalogo:<\/li><\/ul><p style=\"padding-left: 40px;\">\u00c8 possibile selezionare le colonne desiderate dalla fonte XML tramite drag &amp; drop in base alle proprie esigenze o eliminare le colonne non necessarie.<\/p><p style=\"padding-left: 40px;\">\u2192 \u00c8 importante che la riga sotto l&#8217;etichetta sia una barra colorata continua (senza separazione delle colonne) e non contenga colonne vuote (vedi immagine sotto).<\/p><ul><li>\u00c8 possibile aggiungere o rimuovere colonne anche dopo l&#8217;importazione. Dopo la modifica, \u00e8 necessario cliccare con il tasto destro del mouse o su \u201cAggiorna dati XML\u201d negli strumenti di sviluppo.<\/li><li>Per gli articoli che contengono pi\u00f9 di un&#8217;informazione (ad es. link, unit\u00e0 di imballaggio, propriet\u00e0 ETIM, ecc.) relative al rispettivo articolo, l&#8217;articolo corrispondente viene visualizzato su pi\u00f9 righe.<\/li><li>Se le colonne rimangono vuote, significa che i dati corrispondenti non sono disponibili nel catalogo selezionato.<\/li><\/ul>\t\t\t\t\t\t\t\t<\/div>\n\t\t\t\t<\/div>\n\t\t\t\t\t<\/div>\n\t\t\t\t<\/div>\n\t\t<div class=\"elementor-element elementor-element-3b3960c e-flex e-con-boxed e-con e-parent\" data-id=\"3b3960c\" data-element_type=\"container\" data-e-type=\"container\">\n\t\t\t\t\t<div class=\"e-con-inner\">\n\t\t\t\t<div class=\"elementor-element elementor-element-939d24a elementor-widget__width-inherit elementor-widget elementor-widget-image\" data-id=\"939d24a\" data-element_type=\"widget\" data-e-type=\"widget\" data-widget_type=\"image.default\">\n\t\t\t\t\t\t\t\t\t\t\t\t\t\t\t<img loading=\"lazy\" decoding=\"async\" width=\"1435\" height=\"174\" src=\"https:\/\/www.igh.ch\/wp-content\/uploads\/ExcelVorlageMitAusfuehrungen-1-1.png\" class=\"attachment-full size-full wp-image-26835\" alt=\"\" srcset=\"https:\/\/www.igh.ch\/wp-content\/uploads\/ExcelVorlageMitAusfuehrungen-1-1.png 1435w, https:\/\/www.igh.ch\/wp-content\/uploads\/ExcelVorlageMitAusfuehrungen-1-1-300x36.png 300w, https:\/\/www.igh.ch\/wp-content\/uploads\/ExcelVorlageMitAusfuehrungen-1-1-1024x124.png 1024w, https:\/\/www.igh.ch\/wp-content\/uploads\/ExcelVorlageMitAusfuehrungen-1-1-768x93.png 768w\" sizes=\"(max-width: 1435px) 100vw, 1435px\" \/>\t\t\t\t\t\t\t\t\t\t\t\t\t\t\t<\/div>\n\t\t\t\t\t<\/div>\n\t\t\t\t<\/div>\n\t\t<div class=\"elementor-element elementor-element-5b81c41 e-flex e-con-boxed e-con e-parent\" data-id=\"5b81c41\" data-element_type=\"container\" data-e-type=\"container\" data-settings=\"{&quot;background_background&quot;:&quot;classic&quot;}\">\n\t\t\t\t\t<div class=\"e-con-inner\">\n\t\t<div class=\"elementor-element elementor-element-108b2b1 e-con-full elementor-hidden-mobile e-flex e-con e-child\" data-id=\"108b2b1\" data-element_type=\"container\" data-e-type=\"container\" data-settings=\"{&quot;background_background&quot;:&quot;classic&quot;}\">\n\t\t\t\t<div class=\"elementor-element elementor-element-98db65a elementor-widget elementor-widget-image\" data-id=\"98db65a\" data-element_type=\"widget\" data-e-type=\"widget\" data-widget_type=\"image.default\">\n\t\t\t\t\t\t\t\t\t\t\t\t\t\t\t<img loading=\"lazy\" decoding=\"async\" width=\"321\" height=\"125\" src=\"https:\/\/www.igh.ch\/wp-content\/uploads\/Entwicklertools-1.png\" class=\"attachment-full size-full wp-image-26842\" alt=\"\" srcset=\"https:\/\/www.igh.ch\/wp-content\/uploads\/Entwicklertools-1.png 321w, https:\/\/www.igh.ch\/wp-content\/uploads\/Entwicklertools-1-300x117.png 300w\" sizes=\"(max-width: 321px) 100vw, 321px\" \/>\t\t\t\t\t\t\t\t\t\t\t\t\t\t\t<\/div>\n\t\t\t\t<\/div>\n\t\t<div class=\"elementor-element elementor-element-ed9fd8c e-con-full e-flex e-con e-child\" data-id=\"ed9fd8c\" data-element_type=\"container\" data-e-type=\"container\" data-settings=\"{&quot;background_background&quot;:&quot;classic&quot;}\">\n\t\t\t\t<div class=\"elementor-element elementor-element-0ed6fcf elementor-invisible elementor-widget elementor-widget-heading\" data-id=\"0ed6fcf\" data-element_type=\"widget\" data-e-type=\"widget\" data-settings=\"{&quot;_animation&quot;:&quot;fadeInDown&quot;}\" data-widget_type=\"heading.default\">\n\t\t\t\t\t<h2 class=\"elementor-heading-title elementor-size-default\">Lo sapevate che<\/h2>\t\t\t\t<\/div>\n\t\t\t\t<div class=\"elementor-element elementor-element-2aae059 elementor-invisible elementor-widget elementor-widget-text-editor\" data-id=\"2aae059\" data-element_type=\"widget\" data-e-type=\"widget\" data-settings=\"{&quot;_animation&quot;:&quot;fadeInDown&quot;}\" data-widget_type=\"text-editor.default\">\n\t\t\t\t\t\t\t\t\t<ul><li>potete selezionare la fonte XML, l&#8217;importazione del catalogo e l&#8217;aggiornamento dei dati anche tramite gli strumenti di sviluppo? A tal fine potrebbe essere necessario attivare prima gli strumenti di sviluppo:<\/li><\/ul><p style=\"padding-left: 40px;\">Excel \u2192 Opzioni \u2192 Personalizza barra multifunzione \u2192 Schede principali \u2192 Selezionare Strumenti di sviluppo \u2192 OK<\/p><ul><li>\u00e8 possibile importare pi\u00f9 cataloghi contemporaneamente? A tal fine \u00e8 sufficiente selezionare tutti i cataloghi da importare nella selezione del catalogo e quindi completare il processo con \u201cImporta\u201d.<\/li><\/ul>\t\t\t\t\t\t\t\t<\/div>\n\t\t\t\t<\/div>\n\t\t\t\t\t<\/div>\n\t\t\t\t<\/div>\n\t\t\t\t<\/div>\n\t\t","protected":false},"excerpt":{"rendered":"<p>Dal catalogo IGH (DataExpert\u00aeBIM) a Excel Salvare i dati dal catalogo XML in Excel Il catalogo standardizzato DataExpert\u00aeBIM \u00e8 un file XML con una struttura prestabilita. Molte applicazioni di settore sono in grado di leggere il catalogo in questo formato. \u00c8 tuttavia possibile lavorare con i dati del catalogo anche in Excel. Queste istruzioni vi [&hellip;]<\/p>\n","protected":false},"author":2,"featured_media":0,"parent":10119,"menu_order":9,"comment_status":"closed","ping_status":"closed","template":"","meta":{"footnotes":""},"class_list":["post-26428","page","type-page","status-publish","hentry"],"_links":{"self":[{"href":"https:\/\/www.igh.ch\/it\/wp-json\/wp\/v2\/pages\/26428","targetHints":{"allow":["GET"]}}],"collection":[{"href":"https:\/\/www.igh.ch\/it\/wp-json\/wp\/v2\/pages"}],"about":[{"href":"https:\/\/www.igh.ch\/it\/wp-json\/wp\/v2\/types\/page"}],"author":[{"embeddable":true,"href":"https:\/\/www.igh.ch\/it\/wp-json\/wp\/v2\/users\/2"}],"replies":[{"embeddable":true,"href":"https:\/\/www.igh.ch\/it\/wp-json\/wp\/v2\/comments?post=26428"}],"version-history":[{"count":3,"href":"https:\/\/www.igh.ch\/it\/wp-json\/wp\/v2\/pages\/26428\/revisions"}],"predecessor-version":[{"id":26946,"href":"https:\/\/www.igh.ch\/it\/wp-json\/wp\/v2\/pages\/26428\/revisions\/26946"}],"up":[{"embeddable":true,"href":"https:\/\/www.igh.ch\/it\/wp-json\/wp\/v2\/pages\/10119"}],"wp:attachment":[{"href":"https:\/\/www.igh.ch\/it\/wp-json\/wp\/v2\/media?parent=26428"}],"curies":[{"name":"wp","href":"https:\/\/api.w.org\/{rel}","templated":true}]}}