{"id":10220,"date":"2022-08-25T08:48:27","date_gmt":"2022-08-25T06:48:27","guid":{"rendered":"https:\/\/igh01.worksite.ch\/?page_id=10220"},"modified":"2025-10-20T11:00:32","modified_gmt":"2025-10-20T09:00:32","slug":"kataloggenerator","status":"publish","type":"page","link":"https:\/\/www.igh.ch\/it\/produkte\/it-loesungen\/kataloggenerator\/","title":{"rendered":"Generatore di cataloghi"},"content":{"rendered":"\t\t<div data-elementor-type=\"wp-page\" data-elementor-id=\"10220\" class=\"elementor elementor-10220 elementor-4526\" data-elementor-post-type=\"page\">\n\t\t\t\t<div class=\"elementor-element elementor-element-abf8ac6 e-flex e-con-boxed e-con e-parent\" data-id=\"abf8ac6\" data-element_type=\"container\" data-e-type=\"container\" data-settings=\"{&quot;background_background&quot;:&quot;classic&quot;}\">\n\t\t\t\t\t<div class=\"e-con-inner\">\n\t\t<div class=\"elementor-element elementor-element-3630cfa e-con-full e-flex e-con e-child\" data-id=\"3630cfa\" data-element_type=\"container\" data-e-type=\"container\" data-settings=\"{&quot;background_background&quot;:&quot;classic&quot;}\">\n\t\t\t\t<div class=\"elementor-element elementor-element-fd91567 elementor-invisible elementor-widget elementor-widget-heading\" data-id=\"fd91567\" data-element_type=\"widget\" data-e-type=\"widget\" data-settings=\"{&quot;_animation&quot;:&quot;fadeInDown&quot;}\" data-widget_type=\"heading.default\">\n\t\t\t\t\t<h1 class=\"elementor-heading-title elementor-size-default\">Generatore di cataloghi<\/h1>\t\t\t\t<\/div>\n\t\t\t\t<div class=\"elementor-element elementor-element-f895fdb elementor-widget elementor-widget-html\" data-id=\"f895fdb\" data-element_type=\"widget\" data-e-type=\"widget\" data-widget_type=\"html.default\">\n\t\t\t\t\t<nav aria-label=\"breadcrumbs\" class=\"rank-math-breadcrumb\"><p><span class=\"last\">Home<\/span><\/p><\/nav>\t\t\t\t<\/div>\n\t\t\t\t<\/div>\n\t\t\t\t\t<\/div>\n\t\t\t\t<\/div>\n\t\t<div class=\"elementor-element elementor-element-dea4f86 e-flex e-con-boxed e-con e-parent\" data-id=\"dea4f86\" data-element_type=\"container\" data-e-type=\"container\" data-settings=\"{&quot;background_background&quot;:&quot;classic&quot;}\">\n\t\t\t\t\t<div class=\"e-con-inner\">\n\t\t<div class=\"elementor-element elementor-element-15959cc e-con-full e-flex e-con e-child\" data-id=\"15959cc\" data-element_type=\"container\" data-e-type=\"container\" data-settings=\"{&quot;background_background&quot;:&quot;classic&quot;}\">\n\t\t<div class=\"elementor-element elementor-element-0796499 e-flex e-con-boxed e-con e-child\" data-id=\"0796499\" data-element_type=\"container\" data-e-type=\"container\" data-settings=\"{&quot;background_background&quot;:&quot;classic&quot;}\">\n\t\t\t\t\t<div class=\"e-con-inner\">\n\t\t\t\t<div class=\"elementor-element elementor-element-05308a2 elementor-invisible elementor-widget elementor-widget-heading\" data-id=\"05308a2\" data-element_type=\"widget\" data-e-type=\"widget\" data-settings=\"{&quot;_animation&quot;:&quot;fadeInDown&quot;}\" data-widget_type=\"heading.default\">\n\t\t\t\t\t<h3 class=\"elementor-heading-title elementor-size-default\">Dati di catalogo in modi diversi per DataExpert<sup>\u00ae<\/sup>BIM<\/h3>\t\t\t\t<\/div>\n\t\t\t\t<div class=\"elementor-element elementor-element-19a2743 elementor-invisible elementor-widget elementor-widget-text-editor\" data-id=\"19a2743\" data-element_type=\"widget\" data-e-type=\"widget\" data-settings=\"{&quot;_animation&quot;:&quot;fadeInDown&quot;,&quot;_animation_delay&quot;:500}\" data-widget_type=\"text-editor.default\">\n\t\t\t\t\t\t\t\t\t<p>L&#8217;IGH (Interessengemeinschaft Datenverbund) offre diversi modi per fornire le informazioni del catalogo. In ogni caso, i dati vengono letti nel database IGH, convalidati e preparati per la pubblicazione.<\/p>\t\t\t\t\t\t\t\t<\/div>\n\t\t\t\t\t<\/div>\n\t\t\t\t<\/div>\n\t\t\t\t<\/div>\n\t\t<div class=\"elementor-element elementor-element-ceb60ba e-con-full e-flex e-con e-child\" data-id=\"ceb60ba\" data-element_type=\"container\" data-e-type=\"container\" data-settings=\"{&quot;background_background&quot;:&quot;classic&quot;}\">\n\t\t<div class=\"elementor-element elementor-element-945fd28 e-con-full e-flex e-con e-child\" data-id=\"945fd28\" data-element_type=\"container\" data-e-type=\"container\" data-settings=\"{&quot;background_background&quot;:&quot;classic&quot;}\">\n\t\t\t\t<div class=\"elementor-element elementor-element-824cafb elementor-widget elementor-widget-image\" data-id=\"824cafb\" data-element_type=\"widget\" data-e-type=\"widget\" data-widget_type=\"image.default\">\n\t\t\t\t\t\t\t\t\t\t\t\t\t\t\t<img decoding=\"async\" width=\"1\" height=\"1\" src=\"https:\/\/www.igh.ch\/wp-content\/uploads\/katalog-generator1-1.svg\" class=\"attachment-large size-large wp-image-14625\" alt=\"\" \/>\t\t\t\t\t\t\t\t\t\t\t\t\t\t\t<\/div>\n\t\t\t\t<\/div>\n\t\t\t\t<\/div>\n\t\t\t\t\t<\/div>\n\t\t\t\t<\/div>\n\t\t<div class=\"elementor-element elementor-element-b467817 e-flex e-con-boxed e-con e-parent\" data-id=\"b467817\" data-element_type=\"container\" data-e-type=\"container\" data-settings=\"{&quot;background_background&quot;:&quot;classic&quot;}\">\n\t\t\t\t\t<div class=\"e-con-inner\">\n\t\t<div class=\"elementor-element elementor-element-9c7bf74 e-con-full e-flex e-con e-child\" data-id=\"9c7bf74\" data-element_type=\"container\" data-e-type=\"container\">\n\t\t\t\t<div class=\"elementor-element elementor-element-08339a4 elementor-widget elementor-widget-image\" data-id=\"08339a4\" data-element_type=\"widget\" data-e-type=\"widget\" data-widget_type=\"image.default\">\n\t\t\t\t\t\t\t\t\t\t\t\t\t\t\t<img fetchpriority=\"high\" decoding=\"async\" width=\"800\" height=\"534\" src=\"https:\/\/www.igh.ch\/wp-content\/uploads\/vater-fuchs_webapplikationen_1535x1024-1024x683.jpg\" class=\"attachment-large size-large wp-image-25755\" alt=\"\" srcset=\"https:\/\/www.igh.ch\/wp-content\/uploads\/vater-fuchs_webapplikationen_1535x1024-1024x683.jpg 1024w, https:\/\/www.igh.ch\/wp-content\/uploads\/vater-fuchs_webapplikationen_1535x1024-300x200.jpg 300w, https:\/\/www.igh.ch\/wp-content\/uploads\/vater-fuchs_webapplikationen_1535x1024-768x512.jpg 768w, https:\/\/www.igh.ch\/wp-content\/uploads\/vater-fuchs_webapplikationen_1535x1024.jpg 1536w\" sizes=\"(max-width: 800px) 100vw, 800px\" \/>\t\t\t\t\t\t\t\t\t\t\t\t\t\t\t<\/div>\n\t\t\t\t<\/div>\n\t\t<div class=\"elementor-element elementor-element-c9bb74b e-con-full e-flex e-con e-child\" data-id=\"c9bb74b\" data-element_type=\"container\" data-e-type=\"container\">\n\t\t\t\t<div class=\"elementor-element elementor-element-d9f5483 elementor-invisible elementor-widget elementor-widget-heading\" data-id=\"d9f5483\" data-element_type=\"widget\" data-e-type=\"widget\" data-settings=\"{&quot;_animation&quot;:&quot;fadeInDown&quot;}\" data-widget_type=\"heading.default\">\n\t\t\t\t\t<h2 class=\"elementor-heading-title elementor-size-default\">Modelli Excel<\/h2>\t\t\t\t<\/div>\n\t\t\t\t<div class=\"elementor-element elementor-element-421aaea elementor-invisible elementor-widget elementor-widget-text-editor\" data-id=\"421aaea\" data-element_type=\"widget\" data-e-type=\"widget\" data-settings=\"{&quot;_animation&quot;:&quot;fadeInDown&quot;}\" data-widget_type=\"text-editor.default\">\n\t\t\t\t\t\t\t\t\t<p>Oltre al modello esistente per la consegna in Excel, abbiamo creato un modello pi\u00f9 semplice che contiene tutti i dati richiesti in un&#8217;unica scheda (vedi <a title=\"modelli\" href=\"https:\/\/www.igh.ch\/it\/produkte\/dokumente\/kataloge\/\" target=\"_blank\" rel=\"noopener\">modelli<\/a>).<\/p>\t\t\t\t\t\t\t\t<\/div>\n\t\t\t\t<\/div>\n\t\t\t\t\t<\/div>\n\t\t\t\t<\/div>\n\t\t<div class=\"elementor-element elementor-element-2c593d8 e-flex e-con-boxed e-con e-parent\" data-id=\"2c593d8\" data-element_type=\"container\" data-e-type=\"container\" data-settings=\"{&quot;background_background&quot;:&quot;classic&quot;}\">\n\t\t\t\t\t<div class=\"e-con-inner\">\n\t\t<div class=\"elementor-element elementor-element-5100e1a e-con-full e-flex e-con e-child\" data-id=\"5100e1a\" data-element_type=\"container\" data-e-type=\"container\" data-settings=\"{&quot;background_background&quot;:&quot;classic&quot;}\">\n\t\t\t\t<div class=\"elementor-element elementor-element-fea3610 elementor-invisible elementor-widget elementor-widget-heading\" data-id=\"fea3610\" data-element_type=\"widget\" data-e-type=\"widget\" data-settings=\"{&quot;_animation&quot;:&quot;fadeInDown&quot;}\" data-widget_type=\"heading.default\">\n\t\t\t\t\t<h2 class=\"elementor-heading-title elementor-size-default\">Excel libero<\/h2>\t\t\t\t<\/div>\n\t\t\t\t<div class=\"elementor-element elementor-element-816f085 elementor-invisible elementor-widget elementor-widget-text-editor\" data-id=\"816f085\" data-element_type=\"widget\" data-e-type=\"widget\" data-settings=\"{&quot;_animation&quot;:&quot;fadeInDown&quot;}\" data-widget_type=\"text-editor.default\">\n\t\t\t\t\t\t\t\t\t<p>I dati del catalogo richiesti possono essere forniti in qualsiasi formato Excel. In questo contesto, per arbitrario si intende il numero di schede e di colonne disponibili. Questo include anche ARGE-Excel, che viene utilizzato in scambio con ARGE Neue Medien.<\/p>\t\t\t\t\t\t\t\t<\/div>\n\t\t\t\t<\/div>\n\t\t<div class=\"elementor-element elementor-element-75a7cc1 e-con-full elementor-hidden-mobile e-flex e-con e-child\" data-id=\"75a7cc1\" data-element_type=\"container\" data-e-type=\"container\" data-settings=\"{&quot;background_background&quot;:&quot;classic&quot;}\">\n\t\t\t\t<div class=\"elementor-element elementor-element-e8528e3 elementor-widget elementor-widget-image\" data-id=\"e8528e3\" data-element_type=\"widget\" data-e-type=\"widget\" data-widget_type=\"image.default\">\n\t\t\t\t\t\t\t\t\t\t\t\t\t\t\t<img decoding=\"async\" width=\"1770\" height=\"1159\" src=\"https:\/\/www.igh.ch\/wp-content\/uploads\/vater-fuchs_praesentiert-daten-auf-tablett_1770x1159.jpg\" class=\"attachment-full size-full wp-image-25725\" alt=\"\" srcset=\"https:\/\/www.igh.ch\/wp-content\/uploads\/vater-fuchs_praesentiert-daten-auf-tablett_1770x1159.jpg 1770w, https:\/\/www.igh.ch\/wp-content\/uploads\/vater-fuchs_praesentiert-daten-auf-tablett_1770x1159-300x196.jpg 300w, https:\/\/www.igh.ch\/wp-content\/uploads\/vater-fuchs_praesentiert-daten-auf-tablett_1770x1159-1024x671.jpg 1024w, https:\/\/www.igh.ch\/wp-content\/uploads\/vater-fuchs_praesentiert-daten-auf-tablett_1770x1159-768x503.jpg 768w, https:\/\/www.igh.ch\/wp-content\/uploads\/vater-fuchs_praesentiert-daten-auf-tablett_1770x1159-1536x1006.jpg 1536w\" sizes=\"(max-width: 1770px) 100vw, 1770px\" \/>\t\t\t\t\t\t\t\t\t\t\t\t\t\t\t<\/div>\n\t\t\t\t<\/div>\n\t\t\t\t\t<\/div>\n\t\t\t\t<\/div>\n\t\t<div class=\"elementor-element elementor-element-351c667 e-flex e-con-boxed e-con e-parent\" data-id=\"351c667\" data-element_type=\"container\" data-e-type=\"container\" data-settings=\"{&quot;background_background&quot;:&quot;classic&quot;}\">\n\t\t\t\t\t<div class=\"e-con-inner\">\n\t\t<div class=\"elementor-element elementor-element-7a4aa95 e-con-full elementor-hidden-mobile e-flex e-con e-child\" data-id=\"7a4aa95\" data-element_type=\"container\" data-e-type=\"container\">\n\t\t\t\t<div class=\"elementor-element elementor-element-547a903 elementor-widget elementor-widget-image\" data-id=\"547a903\" data-element_type=\"widget\" data-e-type=\"widget\" data-widget_type=\"image.default\">\n\t\t\t\t\t\t\t\t\t\t\t\t\t\t\t<img loading=\"lazy\" decoding=\"async\" width=\"800\" height=\"756\" src=\"https:\/\/www.igh.ch\/wp-content\/uploads\/vater-fuchs_daumen-hoch-mit-umhang_igh-logo_900x851.jpg\" class=\"attachment-large size-large wp-image-25230\" alt=\"\" srcset=\"https:\/\/www.igh.ch\/wp-content\/uploads\/vater-fuchs_daumen-hoch-mit-umhang_igh-logo_900x851.jpg 900w, https:\/\/www.igh.ch\/wp-content\/uploads\/vater-fuchs_daumen-hoch-mit-umhang_igh-logo_900x851-300x284.jpg 300w, https:\/\/www.igh.ch\/wp-content\/uploads\/vater-fuchs_daumen-hoch-mit-umhang_igh-logo_900x851-768x726.jpg 768w\" sizes=\"(max-width: 800px) 100vw, 800px\" \/>\t\t\t\t\t\t\t\t\t\t\t\t\t\t\t<\/div>\n\t\t\t\t<\/div>\n\t\t<div class=\"elementor-element elementor-element-5da474e e-con-full e-flex e-con e-child\" data-id=\"5da474e\" data-element_type=\"container\" data-e-type=\"container\">\n\t\t\t\t<div class=\"elementor-element elementor-element-6ab146c elementor-invisible elementor-widget elementor-widget-heading\" data-id=\"6ab146c\" data-element_type=\"widget\" data-e-type=\"widget\" data-settings=\"{&quot;_animation&quot;:&quot;fadeInDown&quot;}\" data-widget_type=\"heading.default\">\n\t\t\t\t\t<h2 class=\"elementor-heading-title elementor-size-default\">BMEcat e ETIM<\/h2>\t\t\t\t<\/div>\n\t\t\t\t<div class=\"elementor-element elementor-element-8aed117 elementor-invisible elementor-widget elementor-widget-text-editor\" data-id=\"8aed117\" data-element_type=\"widget\" data-e-type=\"widget\" data-settings=\"{&quot;_animation&quot;:&quot;fadeInDown&quot;}\" data-widget_type=\"text-editor.default\">\n\t\t\t\t\t\t\t\t\tIl catalogo pu\u00f2 essere fornito anche come file BMEcat, spesso utilizzato in Europa. In questo caso, \u00e8 possibile anche una combinazione con l&#8217;aggiornamento dei prezzi e dei registri, se non \u00e8 possibile fornire le informazioni sui prezzi svizzeri nel file BMEcat.\n\nCon la fornitura della classificazione ETIM in un file BMEcat, i dati del catalogo esistente vengono arricchiti con i dati ETIM. La classificazione ETIM \u00e8 stata aggiunta ai formati di catalogo DataExpert<sup>\u00ae<\/sup> e DataExpert<sup>\u00ae<\/sup>DataExpert<sup>\u00ae<\/sup>BIM ed \u00e8 quindi inclusa in ogni pubblicazione di catalogo.\t\t\t\t\t\t\t\t<\/div>\n\t\t\t\t<\/div>\n\t\t\t\t\t<\/div>\n\t\t\t\t<\/div>\n\t\t<div class=\"elementor-element elementor-element-41117c7 e-flex e-con-boxed e-con e-parent\" data-id=\"41117c7\" data-element_type=\"container\" data-e-type=\"container\" data-settings=\"{&quot;background_background&quot;:&quot;classic&quot;}\">\n\t\t\t\t\t<div class=\"e-con-inner\">\n\t\t<div class=\"elementor-element elementor-element-309766f e-con-full e-flex e-con e-child\" data-id=\"309766f\" data-element_type=\"container\" data-e-type=\"container\" data-settings=\"{&quot;background_background&quot;:&quot;classic&quot;}\">\n\t\t\t\t<div class=\"elementor-element elementor-element-d8b3fd5 elementor-invisible elementor-widget elementor-widget-heading\" data-id=\"d8b3fd5\" data-element_type=\"widget\" data-e-type=\"widget\" data-settings=\"{&quot;_animation&quot;:&quot;fadeInDown&quot;}\" data-widget_type=\"heading.default\">\n\t\t\t\t\t<h2 class=\"elementor-heading-title elementor-size-default\">BMDG<\/h2>\t\t\t\t<\/div>\n\t\t\t\t<div class=\"elementor-element elementor-element-82c8fad elementor-invisible elementor-widget elementor-widget-text-editor\" data-id=\"82c8fad\" data-element_type=\"widget\" data-e-type=\"widget\" data-settings=\"{&quot;_animation&quot;:&quot;fadeInDown&quot;}\" data-widget_type=\"text-editor.default\">\n\t\t\t\t\t\t\t\t\t<p>Lo standard BMDG (Building Master Data Guideline), definito da ARGE Neue Medien, ha lo scopo di rendere ancora pi\u00f9 semplice per i nostri membri la pubblicazione dei dati di catalogo in Svizzera. L&#8217;IGH e ARGE Neue Medien hanno concordato questo formato per lo scambio reciproco di dati.<\/p>\t\t\t\t\t\t\t\t<\/div>\n\t\t\t\t<\/div>\n\t\t<div class=\"elementor-element elementor-element-ce0d192 e-con-full elementor-hidden-mobile e-flex e-con e-child\" data-id=\"ce0d192\" data-element_type=\"container\" data-e-type=\"container\" data-settings=\"{&quot;background_background&quot;:&quot;classic&quot;}\">\n\t\t\t\t<div class=\"elementor-element elementor-element-f1a72b7 elementor-widget elementor-widget-image\" data-id=\"f1a72b7\" data-element_type=\"widget\" data-e-type=\"widget\" data-widget_type=\"image.default\">\n\t\t\t\t\t\t\t\t\t\t\t\t\t\t\t<img loading=\"lazy\" decoding=\"async\" width=\"1536\" height=\"1024\" src=\"https:\/\/www.igh.ch\/wp-content\/uploads\/vater-fuchs_viele-aufgaben_1536x1024.jpg\" class=\"attachment-full size-full wp-image-25741\" alt=\"\" srcset=\"https:\/\/www.igh.ch\/wp-content\/uploads\/vater-fuchs_viele-aufgaben_1536x1024.jpg 1536w, https:\/\/www.igh.ch\/wp-content\/uploads\/vater-fuchs_viele-aufgaben_1536x1024-300x200.jpg 300w, https:\/\/www.igh.ch\/wp-content\/uploads\/vater-fuchs_viele-aufgaben_1536x1024-1024x683.jpg 1024w, https:\/\/www.igh.ch\/wp-content\/uploads\/vater-fuchs_viele-aufgaben_1536x1024-768x512.jpg 768w\" sizes=\"(max-width: 1536px) 100vw, 1536px\" \/>\t\t\t\t\t\t\t\t\t\t\t\t\t\t\t<\/div>\n\t\t\t\t<\/div>\n\t\t\t\t\t<\/div>\n\t\t\t\t<\/div>\n\t\t<div class=\"elementor-element elementor-element-ddabd34 e-flex e-con-boxed e-con e-parent\" data-id=\"ddabd34\" data-element_type=\"container\" data-e-type=\"container\" data-settings=\"{&quot;background_background&quot;:&quot;classic&quot;}\">\n\t\t\t\t\t<div class=\"e-con-inner\">\n\t\t<div class=\"elementor-element elementor-element-cb27413 e-con-full e-flex e-con e-child\" data-id=\"cb27413\" data-element_type=\"container\" data-e-type=\"container\">\n\t\t\t\t<div class=\"elementor-element elementor-element-9a468d1 elementor-widget elementor-widget-image\" data-id=\"9a468d1\" data-element_type=\"widget\" data-e-type=\"widget\" data-widget_type=\"image.default\">\n\t\t\t\t\t\t\t\t\t\t\t\t\t\t\t<img loading=\"lazy\" decoding=\"async\" width=\"274\" height=\"86\" src=\"https:\/\/www.igh.ch\/wp-content\/uploads\/v1.0-igh-dataexpert-bim-rgb-1.svg\" class=\"attachment-full size-full wp-image-23150\" alt=\"\" \/>\t\t\t\t\t\t\t\t\t\t\t\t\t\t\t<\/div>\n\t\t\t\t<\/div>\n\t\t<div class=\"elementor-element elementor-element-74328e4 e-con-full e-flex e-con e-child\" data-id=\"74328e4\" data-element_type=\"container\" data-e-type=\"container\">\n\t\t\t\t<div class=\"elementor-element elementor-element-c570865 elementor-invisible elementor-widget elementor-widget-heading\" data-id=\"c570865\" data-element_type=\"widget\" data-e-type=\"widget\" data-settings=\"{&quot;_animation&quot;:&quot;fadeInDown&quot;}\" data-widget_type=\"heading.default\">\n\t\t\t\t\t<h2 class=\"elementor-heading-title elementor-size-default\">Il formato giusto per ogni partner software\n<\/h2>\t\t\t\t<\/div>\n\t\t\t\t<div class=\"elementor-element elementor-element-8dd5a3d elementor-invisible elementor-widget elementor-widget-text-editor\" data-id=\"8dd5a3d\" data-element_type=\"widget\" data-e-type=\"widget\" data-settings=\"{&quot;_animation&quot;:&quot;fadeInDown&quot;}\" data-widget_type=\"text-editor.default\">\n\t\t\t\t\t\t\t\t\t<p>I formati DataExpert<sup>\u00ae<\/sup>BIM e DataExpert<sup>\u00ae<\/sup>Katalog sono disponibili in parallelo. Questo sar\u00e0 il caso anche nei prossimi anni, per poter raggiungere ogni cliente con i cataloghi. I nostri partner software stanno convertendo la loro funzione di importazione nel formato BIM.<\/p>\t\t\t\t\t\t\t\t<\/div>\n\t\t\t\t<\/div>\n\t\t\t\t\t<\/div>\n\t\t\t\t<\/div>\n\t\t\t\t<\/div>\n\t\t","protected":false},"excerpt":{"rendered":"<p>Generatore di cataloghi Dati di catalogo in modi diversi per DataExpert\u00aeBIM L&#8217;IGH (Interessengemeinschaft Datenverbund) offre diversi modi per fornire le informazioni del catalogo. In ogni caso, i dati vengono letti nel database IGH, convalidati e preparati per la pubblicazione. Modelli Excel Oltre al modello esistente per la consegna in Excel, abbiamo creato un modello pi\u00f9 [&hellip;]<\/p>\n","protected":false},"author":1,"featured_media":0,"parent":10119,"menu_order":7,"comment_status":"closed","ping_status":"closed","template":"","meta":{"footnotes":""},"class_list":["post-10220","page","type-page","status-publish","hentry"],"_links":{"self":[{"href":"https:\/\/www.igh.ch\/it\/wp-json\/wp\/v2\/pages\/10220","targetHints":{"allow":["GET"]}}],"collection":[{"href":"https:\/\/www.igh.ch\/it\/wp-json\/wp\/v2\/pages"}],"about":[{"href":"https:\/\/www.igh.ch\/it\/wp-json\/wp\/v2\/types\/page"}],"author":[{"embeddable":true,"href":"https:\/\/www.igh.ch\/it\/wp-json\/wp\/v2\/users\/1"}],"replies":[{"embeddable":true,"href":"https:\/\/www.igh.ch\/it\/wp-json\/wp\/v2\/comments?post=10220"}],"version-history":[{"count":3,"href":"https:\/\/www.igh.ch\/it\/wp-json\/wp\/v2\/pages\/10220\/revisions"}],"predecessor-version":[{"id":26371,"href":"https:\/\/www.igh.ch\/it\/wp-json\/wp\/v2\/pages\/10220\/revisions\/26371"}],"up":[{"embeddable":true,"href":"https:\/\/www.igh.ch\/it\/wp-json\/wp\/v2\/pages\/10119"}],"wp:attachment":[{"href":"https:\/\/www.igh.ch\/it\/wp-json\/wp\/v2\/media?parent=10220"}],"curies":[{"name":"wp","href":"https:\/\/api.w.org\/{rel}","templated":true}]}}