{"id":9922,"date":"2022-08-25T08:30:51","date_gmt":"2022-08-25T06:30:51","guid":{"rendered":"https:\/\/igh01.worksite.ch\/?page_id=9922"},"modified":"2026-04-23T08:59:27","modified_gmt":"2026-04-23T06:59:27","slug":"publizierte-kataloge","status":"publish","type":"page","link":"https:\/\/www.igh.ch\/fr\/produkte\/kataloge\/publizierte-kataloge\/","title":{"rendered":"Catalogues publi\u00e9s"},"content":{"rendered":"\t\t<div data-elementor-type=\"wp-page\" data-elementor-id=\"9922\" class=\"elementor elementor-9922 elementor-4447\" data-elementor-post-type=\"page\">\n\t\t\t\t<div class=\"elementor-element elementor-element-7cf55ea e-flex e-con-boxed e-con e-parent\" data-id=\"7cf55ea\" data-element_type=\"container\" data-e-type=\"container\" data-settings=\"{&quot;background_background&quot;:&quot;classic&quot;}\">\n\t\t\t\t\t<div class=\"e-con-inner\">\n\t\t<div class=\"elementor-element elementor-element-37222aa e-con-full e-flex e-con e-child\" data-id=\"37222aa\" data-element_type=\"container\" data-e-type=\"container\" data-settings=\"{&quot;background_background&quot;:&quot;classic&quot;}\">\n\t\t\t\t<div class=\"elementor-element elementor-element-08ca9ac elementor-invisible elementor-widget elementor-widget-heading\" data-id=\"08ca9ac\" data-element_type=\"widget\" data-e-type=\"widget\" data-settings=\"{&quot;_animation&quot;:&quot;fadeInDown&quot;}\" data-widget_type=\"heading.default\">\n\t\t\t\t\t<h1 class=\"elementor-heading-title elementor-size-default\">Catalogues publi\u00e9s<\/h1>\t\t\t\t<\/div>\n\t\t\t\t<div class=\"elementor-element elementor-element-7c37b26 elementor-widget elementor-widget-html\" data-id=\"7c37b26\" data-element_type=\"widget\" data-e-type=\"widget\" data-widget_type=\"html.default\">\n\t\t\t\t\t<nav aria-label=\"breadcrumbs\" class=\"rank-math-breadcrumb\"><p><span class=\"last\">Home<\/span><\/p><\/nav>\t\t\t\t<\/div>\n\t\t\t\t<\/div>\n\t\t\t\t\t<\/div>\n\t\t\t\t<\/div>\n\t\t<div class=\"elementor-element elementor-element-da738f4 e-flex e-con-boxed e-con e-parent\" data-id=\"da738f4\" data-element_type=\"container\" data-e-type=\"container\" data-settings=\"{&quot;background_background&quot;:&quot;classic&quot;}\">\n\t\t\t\t\t<div class=\"e-con-inner\">\n\t\t<div class=\"elementor-element elementor-element-3effad73 e-con-full e-flex e-con e-child\" data-id=\"3effad73\" data-element_type=\"container\" data-e-type=\"container\" data-settings=\"{&quot;background_background&quot;:&quot;classic&quot;}\">\n\t\t<div class=\"elementor-element elementor-element-7a5ce705 e-flex e-con-boxed e-con e-child\" data-id=\"7a5ce705\" data-element_type=\"container\" data-e-type=\"container\" data-settings=\"{&quot;background_background&quot;:&quot;classic&quot;}\">\n\t\t\t\t\t<div class=\"e-con-inner\">\n\t\t\t\t<div class=\"elementor-element elementor-element-2b573650 elementor-invisible elementor-widget elementor-widget-heading\" data-id=\"2b573650\" data-element_type=\"widget\" data-e-type=\"widget\" data-settings=\"{&quot;_animation&quot;:&quot;fadeInDown&quot;}\" data-widget_type=\"heading.default\">\n\t\t\t\t\t<h3 class=\"elementor-heading-title elementor-size-default\">DataExpert<sup>\u00ae<\/sup>BIM<\/h3>\t\t\t\t<\/div>\n\t\t\t\t<div class=\"elementor-element elementor-element-4c7c22c3 elementor-invisible elementor-widget elementor-widget-text-editor\" data-id=\"4c7c22c3\" data-element_type=\"widget\" data-e-type=\"widget\" data-settings=\"{&quot;_animation&quot;:&quot;fadeInDown&quot;,&quot;_animation_delay&quot;:500}\" data-widget_type=\"text-editor.default\">\n\t\t\t\t\t\t\t\t\tVous trouverez ici tous les catalogues publi\u00e9s par nos membres. Ils sont mis \u00e0 disposition dans le format DataExpert<sup>\u00ae<\/sup>BIM et dans l&rsquo;ancien format DataExpert<sup>\u00ae<\/sup>. D&rsquo;autres formats sont \u00e9galement disponibles au t\u00e9l\u00e9chargement dans DataSelect.ch. Vous pouvez \u00e9galement t\u00e9l\u00e9charger les fiches techniques VDI3805.\t\t\t\t\t\t\t\t<\/div>\n\t\t\t\t\t<\/div>\n\t\t\t\t<\/div>\n\t\t\t\t<\/div>\n\t\t<div class=\"elementor-element elementor-element-58a8a7a8 e-con-full e-flex e-con e-child\" data-id=\"58a8a7a8\" data-element_type=\"container\" data-e-type=\"container\" data-settings=\"{&quot;background_background&quot;:&quot;video&quot;,&quot;background_video_link&quot;:&quot;https:\\\/\\\/www.igh.ch\\\/wp-content\\\/uploads\\\/2022\\\/08\\\/1280x720_vorstand-igh.mp4&quot;,&quot;background_play_on_mobile&quot;:&quot;yes&quot;}\">\n\t\t<div class=\"elementor-background-video-container\">\n\t\t\t\t\t\t\t<video class=\"elementor-background-video-hosted\" role=\"presentation\" autoplay muted playsinline loop><\/video>\n\t\t\t\t\t<\/div><div class=\"elementor-element elementor-element-1561694d e-con-full e-flex e-con e-child\" data-id=\"1561694d\" data-element_type=\"container\" data-e-type=\"container\" data-settings=\"{&quot;background_background&quot;:&quot;classic&quot;}\">\n\t\t\t\t<div class=\"elementor-element elementor-element-5d0c273a elementor-widget elementor-widget-image\" data-id=\"5d0c273a\" data-element_type=\"widget\" data-e-type=\"widget\" data-widget_type=\"image.default\">\n\t\t\t\t\t\t\t\t\t\t\t\t\t\t\t<img fetchpriority=\"high\" decoding=\"async\" width=\"512\" height=\"512\" src=\"https:\/\/www.igh.ch\/wp-content\/uploads\/2022\/06\/rectangle-history1.svg\" class=\"attachment-large size-large wp-image-1140\" alt=\"\" \/>\t\t\t\t\t\t\t\t\t\t\t\t\t\t\t<\/div>\n\t\t\t\t<\/div>\n\t\t\t\t<\/div>\n\t\t\t\t\t<\/div>\n\t\t\t\t<\/div>\n\t\t<div class=\"elementor-element elementor-element-1843d9c e-flex e-con-boxed e-con e-parent\" data-id=\"1843d9c\" data-element_type=\"container\" data-e-type=\"container\" data-settings=\"{&quot;background_background&quot;:&quot;classic&quot;}\">\n\t\t\t\t\t<div class=\"e-con-inner\">\n\t\t<div class=\"elementor-element elementor-element-df59417 e-con-full elementor-hidden-mobile e-flex e-con e-child\" data-id=\"df59417\" data-element_type=\"container\" data-e-type=\"container\">\n\t\t\t\t<div class=\"elementor-element elementor-element-bc16a40 elementor-widget elementor-widget-image\" data-id=\"bc16a40\" data-element_type=\"widget\" data-e-type=\"widget\" data-widget_type=\"image.default\">\n\t\t\t\t\t\t\t\t\t\t\t\t\t\t\t<img decoding=\"async\" width=\"1536\" height=\"1024\" src=\"https:\/\/www.igh.ch\/wp-content\/uploads\/vater-fuchs_viele-aufgaben_1536x1024-1.jpg\" class=\"attachment-full size-full wp-image-29080\" alt=\"\" srcset=\"https:\/\/www.igh.ch\/wp-content\/uploads\/vater-fuchs_viele-aufgaben_1536x1024-1.jpg 1536w, https:\/\/www.igh.ch\/wp-content\/uploads\/vater-fuchs_viele-aufgaben_1536x1024-1-300x200.jpg 300w, https:\/\/www.igh.ch\/wp-content\/uploads\/vater-fuchs_viele-aufgaben_1536x1024-1-1024x683.jpg 1024w, https:\/\/www.igh.ch\/wp-content\/uploads\/vater-fuchs_viele-aufgaben_1536x1024-1-768x512.jpg 768w\" sizes=\"(max-width: 1536px) 100vw, 1536px\" \/>\t\t\t\t\t\t\t\t\t\t\t\t\t\t\t<\/div>\n\t\t\t\t<\/div>\n\t\t<div class=\"elementor-element elementor-element-627d26e e-con-full e-flex e-con e-child\" data-id=\"627d26e\" data-element_type=\"container\" data-e-type=\"container\">\n\t\t\t\t<div class=\"elementor-element elementor-element-5ee82b1 elementor-invisible elementor-widget elementor-widget-heading\" data-id=\"5ee82b1\" data-element_type=\"widget\" data-e-type=\"widget\" data-settings=\"{&quot;_animation&quot;:&quot;fadeInDown&quot;}\" data-widget_type=\"heading.default\">\n\t\t\t\t\t<h2 class=\"elementor-heading-title elementor-size-default\">Informations sur les produits<\/h2>\t\t\t\t<\/div>\n\t\t\t\t<div class=\"elementor-element elementor-element-9a66f17 elementor-widget__width-initial elementor-invisible elementor-widget elementor-widget-text-editor\" data-id=\"9a66f17\" data-element_type=\"widget\" data-e-type=\"widget\" data-settings=\"{&quot;_animation&quot;:&quot;fadeInDown&quot;}\" data-widget_type=\"text-editor.default\">\n\t\t\t\t\t\t\t\t\t<p>Toutes les informations contenues dans DataExpert<sup>\u00ae<\/sup> sont \u00e9galement contenues dans DataExpert<sup>\u00ae<\/sup>BIM. DataExpert<sup>\u00ae<\/sup>BIM est le nouveau format de catalogue d&rsquo;IGH qui, par son contenu informatif, s&rsquo;adresse \u00e9galement \u00e0 des phases de planification ant\u00e9rieures \u00e0 l&rsquo;appel d&rsquo;offres. Les fiches techniques VDI3805 seront \u00e0 l&rsquo;avenir connues sous la norme ISO16757. IGH soutient la transposition dans la nouvelle norme.<\/p><p>Les membres qui souhaitent transmettre \u00e0 leurs clients le lien vers la page de t\u00e9l\u00e9chargement des catalogues et qui souhaitent que seuls leurs catalogues soient propos\u00e9s peuvent proc\u00e9der comme suit :<\/p><p><span data-teams=\"true\"><strong>https:\/\/www.igh.ch\/{Langue}\/produkte\/kataloge\/publizierte-kataloge\/?{Suchschl\u00fcssel}<\/strong><br \/>Exemples:<br \/><a id=\"menur2gv\" class=\"fui-Link ___1q1shib f2hkw1w f3rmtva f1ewtqcl fyind8e f1k6fduh f1w7gpdv fk6fouc fjoy568 figsok6 f1s184ao f1mk8lai fnbmjn9 f1o700av f13mvf36 f1cmlufx f9n3di6 f1ids18y f1tx3yz7 f1deo86v f1eh06m1 f1iescvh fhgqx19 f1olyrje f1p93eir f1nev41a f1h8hb77 f1lqvz6u f10aw75t fsle3fq f17ae5zn\" title=\"https:\/\/www.igh.ch\/fr\/produkte\/kataloge\/publizierte-kataloge\/?hansgrohe\" href=\"https:\/\/www.igh.ch\/fr\/produkte\/kataloge\/publizierte-kataloge\/?hansgrohe\" target=\"_blank\" rel=\"noopener\" aria-label=\"Link https:\/\/www.igh.ch\/fr\/produkte\/kataloge\/publizierte-kataloge\/?hansgrohe\">https:\/\/www.igh.ch\/fr\/produkte\/kataloge\/publizierte-kataloge\/?hansgrohe<\/a><br \/><a id=\"menur2h1\" class=\"fui-Link ___1q1shib f2hkw1w f3rmtva f1ewtqcl fyind8e f1k6fduh f1w7gpdv fk6fouc fjoy568 figsok6 f1s184ao f1mk8lai fnbmjn9 f1o700av f13mvf36 f1cmlufx f9n3di6 f1ids18y f1tx3yz7 f1deo86v f1eh06m1 f1iescvh fhgqx19 f1olyrje f1p93eir f1nev41a f1h8hb77 f1lqvz6u f10aw75t fsle3fq f17ae5zn\" title=\"https:\/\/www.igh.ch\/de\/produkte\/kataloge\/publizierte-kataloge\/?arthur+weber\" href=\"https:\/\/www.igh.ch\/de\/produkte\/kataloge\/publizierte-kataloge\/?arthur+weber\" target=\"_blank\" rel=\"noopener\" aria-label=\"Link https:\/\/www.igh.ch\/de\/produkte\/kataloge\/publizierte-kataloge\/?arthur+weber\">https:\/\/www.igh.ch\/de\/produkte\/kataloge\/publizierte-kataloge\/?arthur+weber<\/a><\/span><\/p><p><strong>Avec le code de langue \u00ab en \u00bb, les catalogues s&rsquo;affichent dans toutes les langues disponibles.<\/strong><span data-teams=\"true\"><br \/>Exemple:<br \/><a id=\"menur2gv\" class=\"fui-Link ___1q1shib f2hkw1w f3rmtva f1ewtqcl fyind8e f1k6fduh f1w7gpdv fk6fouc fjoy568 figsok6 f1s184ao f1mk8lai fnbmjn9 f1o700av f13mvf36 f1cmlufx f9n3di6 f1ids18y f1tx3yz7 f1deo86v f1eh06m1 f1iescvh fhgqx19 f1olyrje f1p93eir f1nev41a f1h8hb77 f1lqvz6u f10aw75t fsle3fq f17ae5zn\" title=\"https:\/\/www.igh.ch\/en\/produkte\/kataloge\/publizierte-kataloge\/?hilti\" href=\"https:\/\/www.igh.ch\/en\/produkte\/kataloge\/publizierte-kataloge\/?hilti\" target=\"_blank\" rel=\"noopener\" aria-label=\"Link https:\/\/www.igh.ch\/fr\/produkte\/kataloge\/publizierte-kataloge\/?hansgrohe\">https:\/\/www.igh.ch\/en\/produkte\/kataloge\/publizierte-kataloge\/?hilti<\/a><\/span><span data-teams=\"true\"><br \/><\/span><\/p>\t\t\t\t\t\t\t\t<\/div>\n\t\t\t\t<\/div>\n\t\t\t\t\t<\/div>\n\t\t\t\t<\/div>\n\t\t<div class=\"elementor-element elementor-element-650edee e-flex e-con-boxed e-con e-parent\" data-id=\"650edee\" data-element_type=\"container\" data-e-type=\"container\" data-settings=\"{&quot;background_background&quot;:&quot;classic&quot;}\">\n\t\t\t\t\t<div class=\"e-con-inner\">\n\t\t<div class=\"elementor-element elementor-element-da8a4b1 e-con-full e-flex e-con e-child\" data-id=\"da8a4b1\" data-element_type=\"container\" data-e-type=\"container\" data-settings=\"{&quot;background_background&quot;:&quot;classic&quot;}\">\n\t\t\t\t<div class=\"elementor-element elementor-element-ce8f62a elementor-widget elementor-widget-html\" data-id=\"ce8f62a\" data-element_type=\"widget\" data-e-type=\"widget\" data-widget_type=\"html.default\">\n\t\t\t\t\t<div id=\"iframeigh\"><\/div>\n    \n<script type=\"text\/javascript\" src=\"https:\/\/docs.igh.ch\/js\/pym.js\"><\/script>\n<script>var currentUrl = window.location.href;\n    var urlSearch = currentUrl.split('?')[1];\n    if ( urlSearch == undefined ) { urlSearch = \"\" }\n    \n    var pymParent = new pym.Parent('iframeigh', 'https:\/\/docs.igh.ch\/seiten\/kataloge_fr.html?search='+urlSearch, {});<\/script>\t\t\t\t<\/div>\n\t\t\t\t<\/div>\n\t\t\t\t\t<\/div>\n\t\t\t\t<\/div>\n\t\t\t\t<\/div>\n\t\t","protected":false},"excerpt":{"rendered":"<p>Catalogues publi\u00e9s DataExpert\u00aeBIM Vous trouverez ici tous les catalogues publi\u00e9s par nos membres. Ils sont mis \u00e0 disposition dans le format DataExpert\u00aeBIM et dans l&rsquo;ancien format DataExpert\u00ae. D&rsquo;autres formats sont \u00e9galement disponibles au t\u00e9l\u00e9chargement dans DataSelect.ch. Vous pouvez \u00e9galement t\u00e9l\u00e9charger les fiches techniques VDI3805. Informations sur les produits Toutes les informations contenues dans DataExpert\u00ae sont [&hellip;]<\/p>\n","protected":false},"author":1,"featured_media":0,"parent":9916,"menu_order":0,"comment_status":"closed","ping_status":"closed","template":"","meta":{"footnotes":""},"class_list":["post-9922","page","type-page","status-publish","hentry"],"_links":{"self":[{"href":"https:\/\/www.igh.ch\/fr\/wp-json\/wp\/v2\/pages\/9922","targetHints":{"allow":["GET"]}}],"collection":[{"href":"https:\/\/www.igh.ch\/fr\/wp-json\/wp\/v2\/pages"}],"about":[{"href":"https:\/\/www.igh.ch\/fr\/wp-json\/wp\/v2\/types\/page"}],"author":[{"embeddable":true,"href":"https:\/\/www.igh.ch\/fr\/wp-json\/wp\/v2\/users\/1"}],"replies":[{"embeddable":true,"href":"https:\/\/www.igh.ch\/fr\/wp-json\/wp\/v2\/comments?post=9922"}],"version-history":[{"count":3,"href":"https:\/\/www.igh.ch\/fr\/wp-json\/wp\/v2\/pages\/9922\/revisions"}],"predecessor-version":[{"id":29091,"href":"https:\/\/www.igh.ch\/fr\/wp-json\/wp\/v2\/pages\/9922\/revisions\/29091"}],"up":[{"embeddable":true,"href":"https:\/\/www.igh.ch\/fr\/wp-json\/wp\/v2\/pages\/9916"}],"wp:attachment":[{"href":"https:\/\/www.igh.ch\/fr\/wp-json\/wp\/v2\/media?parent=9922"}],"curies":[{"name":"wp","href":"https:\/\/api.w.org\/{rel}","templated":true}]}}