{"id":9847,"date":"2022-07-19T11:02:41","date_gmt":"2022-07-19T09:02:41","guid":{"rendered":"https:\/\/igh01.worksite.ch\/?page_id=9847"},"modified":"2025-04-25T15:17:56","modified_gmt":"2025-04-25T13:17:56","slug":"kontakt","status":"publish","type":"page","link":"https:\/\/www.igh.ch\/fr\/die-igh\/kontakt\/","title":{"rendered":"Contact"},"content":{"rendered":"\t\t<div data-elementor-type=\"wp-page\" data-elementor-id=\"9847\" class=\"elementor elementor-9847 elementor-1876\" data-elementor-post-type=\"page\">\n\t\t\t\t<div class=\"elementor-element elementor-element-2fbbdfb e-flex e-con-boxed e-con e-parent\" data-id=\"2fbbdfb\" data-element_type=\"container\" data-e-type=\"container\" data-settings=\"{&quot;background_background&quot;:&quot;classic&quot;}\">\n\t\t\t\t\t<div class=\"e-con-inner\">\n\t\t<div class=\"elementor-element elementor-element-654f03b e-con-full e-flex e-con e-child\" data-id=\"654f03b\" data-element_type=\"container\" data-e-type=\"container\" data-settings=\"{&quot;background_background&quot;:&quot;classic&quot;}\">\n\t\t\t\t<div class=\"elementor-element elementor-element-165f5ed elementor-invisible elementor-widget elementor-widget-heading\" data-id=\"165f5ed\" data-element_type=\"widget\" data-e-type=\"widget\" data-settings=\"{&quot;_animation&quot;:&quot;fadeInDown&quot;}\" data-widget_type=\"heading.default\">\n\t\t\t\t\t<h1 class=\"elementor-heading-title elementor-size-default\">Contact<\/h1>\t\t\t\t<\/div>\n\t\t\t\t<div class=\"elementor-element elementor-element-0e5ccdf elementor-widget elementor-widget-html\" data-id=\"0e5ccdf\" data-element_type=\"widget\" data-e-type=\"widget\" data-widget_type=\"html.default\">\n\t\t\t\t\t<nav aria-label=\"breadcrumbs\" class=\"rank-math-breadcrumb\"><p><span class=\"last\">Home<\/span><\/p><\/nav>\t\t\t\t<\/div>\n\t\t\t\t<\/div>\n\t\t\t\t\t<\/div>\n\t\t\t\t<\/div>\n\t\t<div class=\"elementor-element elementor-element-3de434a e-flex e-con-boxed e-con e-parent\" data-id=\"3de434a\" data-element_type=\"container\" data-e-type=\"container\" data-settings=\"{&quot;background_background&quot;:&quot;classic&quot;}\">\n\t\t\t\t\t<div class=\"e-con-inner\">\n\t\t<div class=\"elementor-element elementor-element-312c8a1d e-con-full e-flex e-con e-child\" data-id=\"312c8a1d\" data-element_type=\"container\" data-e-type=\"container\" data-settings=\"{&quot;background_background&quot;:&quot;classic&quot;}\">\n\t\t<div class=\"elementor-element elementor-element-2109a960 e-flex e-con-boxed e-con e-child\" data-id=\"2109a960\" data-element_type=\"container\" data-e-type=\"container\" data-settings=\"{&quot;background_background&quot;:&quot;classic&quot;}\">\n\t\t\t\t\t<div class=\"e-con-inner\">\n\t\t\t\t<div class=\"elementor-element elementor-element-2a51e720 elementor-invisible elementor-widget elementor-widget-heading\" data-id=\"2a51e720\" data-element_type=\"widget\" data-e-type=\"widget\" data-settings=\"{&quot;_animation&quot;:&quot;fadeInDown&quot;}\" data-widget_type=\"heading.default\">\n\t\t\t\t\t<h2 class=\"elementor-heading-title elementor-size-default\">Localisation<\/h2>\t\t\t\t<\/div>\n\t\t\t\t<div class=\"elementor-element elementor-element-45a30bb elementor-invisible elementor-widget elementor-widget-text-editor\" data-id=\"45a30bb\" data-element_type=\"widget\" data-e-type=\"widget\" data-settings=\"{&quot;_animation&quot;:&quot;fadeInDown&quot;,&quot;_animation_delay&quot;:200}\" data-widget_type=\"text-editor.default\">\n\t\t\t\t\t\t\t\t\t<div><strong>IGH<\/strong><br \/>Interessengemeinschaft Datenverbund<br \/>Auf der Mauer 9<br \/>8001 Z\u00fcrich<\/div>\t\t\t\t\t\t\t\t<\/div>\n\t\t\t\t<div class=\"elementor-element elementor-element-0c1cca9 elementor-invisible elementor-widget elementor-widget-button\" data-id=\"0c1cca9\" data-element_type=\"widget\" data-e-type=\"widget\" data-settings=\"{&quot;_animation&quot;:&quot;fadeInDown&quot;}\" data-widget_type=\"button.default\">\n\t\t\t\t\t\t\t\t\t\t<a class=\"elementor-button elementor-button-link elementor-size-sm elementor-animation-grow\" href=\"#kontaktformular\">\n\t\t\t\t\t\t<span class=\"elementor-button-content-wrapper\">\n\t\t\t\t\t\t\t\t\t<span class=\"elementor-button-text\">Formulaire de contact<\/span>\n\t\t\t\t\t<\/span>\n\t\t\t\t\t<\/a>\n\t\t\t\t\t\t\t\t<\/div>\n\t\t\t\t<div class=\"elementor-element elementor-element-2454cd4 elementor-invisible elementor-widget elementor-widget-text-editor\" data-id=\"2454cd4\" data-element_type=\"widget\" data-e-type=\"widget\" data-settings=\"{&quot;_animation&quot;:&quot;fadeInDown&quot;}\" data-widget_type=\"text-editor.default\">\n\t\t\t\t\t\t\t\t\t<p>Telefon <a style=\"color: #ffffff; text-decoration: none;\" href=\"tel:+41442602705\">+41 44 260 27 05<\/a><\/p>\t\t\t\t\t\t\t\t<\/div>\n\t\t\t\t\t<\/div>\n\t\t\t\t<\/div>\n\t\t\t\t<\/div>\n\t\t<div class=\"elementor-element elementor-element-1ab1c9c9 e-con-full e-flex e-con e-child\" data-id=\"1ab1c9c9\" data-element_type=\"container\" data-e-type=\"container\" data-settings=\"{&quot;background_background&quot;:&quot;video&quot;,&quot;background_video_link&quot;:&quot;https:\\\/\\\/www.igh.ch\\\/wp-content\\\/uploads\\\/2022\\\/07\\\/1280x720_igh-zuerich-fluss.mp4&quot;,&quot;background_play_on_mobile&quot;:&quot;yes&quot;}\">\n\t\t<div class=\"elementor-background-video-container\">\n\t\t\t\t\t\t\t<video class=\"elementor-background-video-hosted\" role=\"presentation\" autoplay muted playsinline loop><\/video>\n\t\t\t\t\t<\/div><div class=\"elementor-element elementor-element-38581ee0 e-con-full e-flex e-con e-child\" data-id=\"38581ee0\" data-element_type=\"container\" data-e-type=\"container\" data-settings=\"{&quot;background_background&quot;:&quot;classic&quot;}\">\n\t\t\t\t<div class=\"elementor-element elementor-element-43860ab7 elementor-widget elementor-widget-image\" data-id=\"43860ab7\" data-element_type=\"widget\" data-e-type=\"widget\" data-widget_type=\"image.default\">\n\t\t\t\t\t\t\t\t\t\t\t\t\t\t\t<img fetchpriority=\"high\" decoding=\"async\" width=\"512\" height=\"512\" src=\"https:\/\/www.igh.ch\/wp-content\/uploads\/2022\/06\/message-smile1.svg\" class=\"attachment-large size-large wp-image-1092\" alt=\"\" \/>\t\t\t\t\t\t\t\t\t\t\t\t\t\t\t<\/div>\n\t\t\t\t<\/div>\n\t\t\t\t<\/div>\n\t\t\t\t\t<\/div>\n\t\t\t\t<\/div>\n\t\t<div class=\"elementor-element elementor-element-75319f7 e-flex e-con-boxed e-con e-parent\" data-id=\"75319f7\" data-element_type=\"container\" data-e-type=\"container\" data-settings=\"{&quot;background_background&quot;:&quot;classic&quot;}\">\n\t\t\t\t\t<div class=\"e-con-inner\">\n\t\t<div class=\"elementor-element elementor-element-803df9e e-con-full e-flex e-con e-child\" data-id=\"803df9e\" data-element_type=\"container\" data-e-type=\"container\">\n\t\t\t\t<div class=\"elementor-element elementor-element-7fca3e7 elementor-widget elementor-widget-image\" data-id=\"7fca3e7\" data-element_type=\"widget\" data-e-type=\"widget\" data-widget_type=\"image.default\">\n\t\t\t\t\t\t\t\t\t\t\t\t\t\t\t<img decoding=\"async\" width=\"800\" height=\"533\" src=\"https:\/\/www.igh.ch\/wp-content\/uploads\/2022\/07\/kontakt-igh.jpg\" class=\"attachment-large size-large wp-image-1990\" alt=\"\" srcset=\"https:\/\/www.igh.ch\/wp-content\/uploads\/2022\/07\/kontakt-igh.jpg 900w, https:\/\/www.igh.ch\/wp-content\/uploads\/2022\/07\/kontakt-igh-300x200.jpg 300w, https:\/\/www.igh.ch\/wp-content\/uploads\/2022\/07\/kontakt-igh-768x512.jpg 768w\" sizes=\"(max-width: 800px) 100vw, 800px\" \/>\t\t\t\t\t\t\t\t\t\t\t\t\t\t\t<\/div>\n\t\t\t\t<\/div>\n\t\t<div class=\"elementor-element elementor-element-81ec31f e-con-full e-flex e-con e-child\" data-id=\"81ec31f\" data-element_type=\"container\" data-e-type=\"container\">\n\t\t\t\t<div class=\"elementor-element elementor-element-9aa7adf elementor-invisible elementor-widget elementor-widget-heading\" data-id=\"9aa7adf\" data-element_type=\"widget\" data-e-type=\"widget\" data-settings=\"{&quot;_animation&quot;:&quot;fadeInDown&quot;}\" data-widget_type=\"heading.default\">\n\t\t\t\t\t<h2 class=\"elementor-heading-title elementor-size-default\">Personne \u00e0 contacter<\/h2>\t\t\t\t<\/div>\n\t\t\t\t<div class=\"elementor-element elementor-element-f6a6f84 elementor-invisible elementor-widget elementor-widget-heading\" data-id=\"f6a6f84\" data-element_type=\"widget\" data-e-type=\"widget\" data-settings=\"{&quot;_animation&quot;:&quot;fadeInDown&quot;}\" data-widget_type=\"heading.default\">\n\t\t\t\t\t<h3 class=\"elementor-heading-title elementor-size-default\">Directeur g\u00e9n\u00e9ral\n<\/h3>\t\t\t\t<\/div>\n\t\t\t\t<div class=\"elementor-element elementor-element-3cf4ddc elementor-invisible elementor-widget elementor-widget-text-editor\" data-id=\"3cf4ddc\" data-element_type=\"widget\" data-e-type=\"widget\" data-settings=\"{&quot;_animation&quot;:&quot;fadeInDown&quot;}\" data-widget_type=\"text-editor.default\">\n\t\t\t\t\t\t\t\t\t<p>Kurt Zwimpfer<br \/><a title=\"Kurt Zwimpfer\" href=\"mailto:k.zwimpfer@igh.ch\">Mail \u00e0 Kurt Zwimpfer<\/a><\/p>\t\t\t\t\t\t\t\t<\/div>\n\t\t\t\t<div class=\"elementor-element elementor-element-8c3bec6 elementor-invisible elementor-widget elementor-widget-heading\" data-id=\"8c3bec6\" data-element_type=\"widget\" data-e-type=\"widget\" data-settings=\"{&quot;_animation&quot;:&quot;fadeInDown&quot;}\" data-widget_type=\"heading.default\">\n\t\t\t\t\t<h3 class=\"elementor-heading-title elementor-size-default\">Suppl\u00e9ant\n<\/h3>\t\t\t\t<\/div>\n\t\t\t\t<div class=\"elementor-element elementor-element-d7e1ca5 elementor-invisible elementor-widget elementor-widget-text-editor\" data-id=\"d7e1ca5\" data-element_type=\"widget\" data-e-type=\"widget\" data-settings=\"{&quot;_animation&quot;:&quot;fadeInDown&quot;}\" data-widget_type=\"text-editor.default\">\n\t\t\t\t\t\t\t\t\t<p>Matthias Zimmermann<br \/><a title=\"Matthias Zimmermann\" href=\"mailto:m.zimmermann@igh.ch\">Mail \u00e0 Mathias Zimmermann<\/a><\/p>\t\t\t\t\t\t\t\t<\/div>\n\t\t\t\t<div class=\"elementor-element elementor-element-3e8022c elementor-invisible elementor-widget elementor-widget-heading\" data-id=\"3e8022c\" data-element_type=\"widget\" data-e-type=\"widget\" data-settings=\"{&quot;_animation&quot;:&quot;fadeInDown&quot;}\" data-widget_type=\"heading.default\">\n\t\t\t\t\t<h3 class=\"elementor-heading-title elementor-size-default\">Assistente\n<\/h3>\t\t\t\t<\/div>\n\t\t\t\t<div class=\"elementor-element elementor-element-b0d5939 elementor-invisible elementor-widget elementor-widget-text-editor\" data-id=\"b0d5939\" data-element_type=\"widget\" data-e-type=\"widget\" data-settings=\"{&quot;_animation&quot;:&quot;fadeInDown&quot;}\" data-widget_type=\"text-editor.default\">\n\t\t\t\t\t\t\t\t\t<p>Claudia Sch\u00f6n<br \/><a title=\"Claudia Sch\u00f6n\" href=\"mailto:c.schoen@igh.ch\">Mail \u00e0 Claudia Sch\u00f6n<\/a><\/p>\t\t\t\t\t\t\t\t<\/div>\n\t\t\t\t<div class=\"elementor-element elementor-element-701c49c elementor-invisible elementor-widget elementor-widget-heading\" data-id=\"701c49c\" data-element_type=\"widget\" data-e-type=\"widget\" data-settings=\"{&quot;_animation&quot;:&quot;fadeInDown&quot;}\" data-widget_type=\"heading.default\">\n\t\t\t\t\t<h3 class=\"elementor-heading-title elementor-size-default\">Conseil consultatif\n<\/h3>\t\t\t\t<\/div>\n\t\t\t\t<div class=\"elementor-element elementor-element-97bcf33 elementor-invisible elementor-widget elementor-widget-text-editor\" data-id=\"97bcf33\" data-element_type=\"widget\" data-e-type=\"widget\" data-settings=\"{&quot;_animation&quot;:&quot;fadeInDown&quot;}\" data-widget_type=\"text-editor.default\">\n\t\t\t\t\t\t\t\t\t<p>Hannes Berther<br \/><a title=\"Hannes Berther\" href=\"mailto:h.berther@igh.ch\">Mail \u00e0 Hannes Berther<\/a><\/p>\t\t\t\t\t\t\t\t<\/div>\n\t\t\t\t<\/div>\n\t\t\t\t\t<\/div>\n\t\t\t\t<\/div>\n\t\t<div class=\"elementor-element elementor-element-aaee4f6 e-flex e-con-boxed e-con e-parent\" data-id=\"aaee4f6\" data-element_type=\"container\" data-e-type=\"container\" data-settings=\"{&quot;background_background&quot;:&quot;classic&quot;}\">\n\t\t\t\t\t<div class=\"e-con-inner\">\n\t\t<div class=\"elementor-element elementor-element-9b752ec e-con-full e-flex e-con e-child\" data-id=\"9b752ec\" data-element_type=\"container\" data-e-type=\"container\" data-settings=\"{&quot;background_background&quot;:&quot;classic&quot;}\">\n\t\t\t\t<div class=\"elementor-element elementor-element-8579737 elementor-invisible elementor-widget elementor-widget-heading\" data-id=\"8579737\" data-element_type=\"widget\" data-e-type=\"widget\" data-settings=\"{&quot;_animation&quot;:&quot;fadeInDown&quot;}\" data-widget_type=\"heading.default\">\n\t\t\t\t\t<h2 class=\"elementor-heading-title elementor-size-default\">Plan de situation\n<\/h2>\t\t\t\t<\/div>\n\t\t\t\t<div class=\"elementor-element elementor-element-82c201b elementor-invisible elementor-widget elementor-widget-text-editor\" data-id=\"82c201b\" data-element_type=\"widget\" data-e-type=\"widget\" data-settings=\"{&quot;_animation&quot;:&quot;fadeInDown&quot;}\" data-widget_type=\"text-editor.default\">\n\t\t\t\t\t\t\t\t\t<p><a title=\"Google\" href=\"https:\/\/www.google.com\/maps\/dir\/\/Auf+der+Mauer+9,+8001+Z%C3%BCrich,+Schweiz\/@47.378069,8.5402079,16z\" target=\"_blank\" rel=\"noopener\">Planificateur d&rsquo;itin\u00e9raire Google<\/a><br \/>Auf der Mauer 9, 8001 Z\u00fcrich<\/p>\t\t\t\t\t\t\t\t<\/div>\n\t\t\t\t<\/div>\n\t\t\t\t\t<\/div>\n\t\t\t\t<\/div>\n\t\t<div class=\"elementor-element elementor-element-509959c e-flex e-con-boxed e-con e-parent\" data-id=\"509959c\" data-element_type=\"container\" data-e-type=\"container\" data-settings=\"{&quot;background_background&quot;:&quot;classic&quot;}\">\n\t\t\t\t\t<div class=\"e-con-inner\">\n\t\t<div class=\"elementor-element elementor-element-e607896 e-con-full e-flex e-con e-child\" data-id=\"e607896\" data-element_type=\"container\" data-e-type=\"container\" data-settings=\"{&quot;background_background&quot;:&quot;classic&quot;}\">\n\t\t\t\t<div class=\"elementor-element elementor-element-f803c34 elementor-invisible elementor-widget elementor-widget-heading\" data-id=\"f803c34\" data-element_type=\"widget\" data-e-type=\"widget\" data-settings=\"{&quot;_animation&quot;:&quot;fadeInDown&quot;}\" data-widget_type=\"heading.default\">\n\t\t\t\t\t<h3 class=\"elementor-heading-title elementor-size-default\">Depuis la gare centrale (HB)<\/h3>\t\t\t\t<\/div>\n\t\t\t\t<div class=\"elementor-element elementor-element-5dfec2c elementor-invisible elementor-widget elementor-widget-text-editor\" data-id=\"5dfec2c\" data-element_type=\"widget\" data-e-type=\"widget\" data-settings=\"{&quot;_animation&quot;:&quot;fadeInDown&quot;}\" data-widget_type=\"text-editor.default\">\n\t\t\t\t\t\t\t\t\t<p>Depuis la gare centrale (HB)<br \/>Avec le tram n\u00b0 6 \u00e0 partir de l&rsquo;arr\u00eat \u00ab\u00a0Bahnhofstrasse\/HB\u00a0\u00bb ou le tram n\u00b0 10 \u00e0 partir de l&rsquo;arr\u00eat \u00ab\u00a0Bahnhofplatz\/HB\u00a0\u00bb jusqu&rsquo;\u00e0 \u00ab\u00a0Haldenegg\u00a0\u00bb (2 arr\u00eats) ou env. 7 min. \u00e0 pied (maison suissetec).<\/p><p>En voiture, \u00e0 la Central, monter \u00e0 droite \u00ab\u00a0Seilergraben\u00a0\u00bb, apr\u00e8s le 2\u00e8me feu, tourner \u00e0 gauche autour de l&rsquo;\u00eelot du tram, puis tourner \u00e0 droite dans \u00ab\u00a0Hirschengraben\u00a0\u00bb, ensuite tout droit jusqu&rsquo;\u00e0 \u00ab\u00a0Auf der Mauer\u00a0\u00bb. Le bureau de l&rsquo;IGH se trouve dans la maison suissetec.<\/p>\t\t\t\t\t\t\t\t<\/div>\n\t\t\t\t<\/div>\n\t\t\t\t\t<\/div>\n\t\t\t\t<\/div>\n\t\t<div class=\"elementor-element elementor-element-2ff4a7a e-flex e-con-boxed e-con e-parent\" data-id=\"2ff4a7a\" data-element_type=\"container\" data-e-type=\"container\" id=\"kontaktformular\" data-settings=\"{&quot;background_background&quot;:&quot;classic&quot;}\">\n\t\t\t\t\t<div class=\"e-con-inner\">\n\t\t<div class=\"elementor-element elementor-element-c288891 e-con-full e-flex e-con e-child\" data-id=\"c288891\" data-element_type=\"container\" data-e-type=\"container\" data-settings=\"{&quot;background_background&quot;:&quot;classic&quot;}\">\n\t\t\t\t<div class=\"elementor-element elementor-element-3d38446 elementor-invisible elementor-widget elementor-widget-heading\" data-id=\"3d38446\" data-element_type=\"widget\" data-e-type=\"widget\" data-settings=\"{&quot;_animation&quot;:&quot;fadeInDown&quot;}\" data-widget_type=\"heading.default\">\n\t\t\t\t\t<h2 class=\"elementor-heading-title elementor-size-default\">Formulaire de contact<\/h2>\t\t\t\t<\/div>\n\t\t\t\t<div class=\"elementor-element elementor-element-f82c981 elementor-invisible elementor-widget elementor-widget-text-editor\" data-id=\"f82c981\" data-element_type=\"widget\" data-e-type=\"widget\" data-settings=\"{&quot;_animation&quot;:&quot;fadeInDown&quot;}\" data-widget_type=\"text-editor.default\">\n\t\t\t\t\t\t\t\t\t<p>Nous nous r\u00e9jouissons de votre prise de contact.<br \/>Veuillez remplir les champs suivants.<\/p><p><span style=\"color: #ff0000;\">*<\/span> = champs obligatoires<\/p>\t\t\t\t\t\t\t\t<\/div>\n\t\t\t\t<div class=\"elementor-element elementor-element-7e93d2f elementor-invisible elementor-widget elementor-widget-tp-wp-forms\" data-id=\"7e93d2f\" data-element_type=\"widget\" data-e-type=\"widget\" data-settings=\"{&quot;_animation&quot;:&quot;fadeInDown&quot;}\" data-widget_type=\"tp-wp-forms.default\">\n\t\t\t\t\t<div class=\"pt_plus_wpforms\" \" ><div class=\"wpforms-container wpforms-container-full\" id=\"wpforms-11231\"><form id=\"wpforms-form-11231\" class=\"wpforms-validate wpforms-form wpforms-ajax-form\" data-formid=\"11231\" method=\"post\" enctype=\"multipart\/form-data\" action=\"\/fr\/wp-json\/wp\/v2\/pages\/9847\" data-token=\"90acec00cb8e7d9feb2bbab3f10925af\" data-token-time=\"1777915158\"><noscript class=\"wpforms-error-noscript\">Veuillez activer JavaScript dans votre navigateur pour remplir ce formulaire.<\/noscript><div class=\"wpforms-field-container\"><div id=\"wpforms-11231-field_3-container\" class=\"wpforms-field wpforms-field-text wpforms-one-half wpforms-first\" data-field-id=\"3\"><label class=\"wpforms-field-label\" for=\"wpforms-11231-field_3\">Pr\u00e9nom <span class=\"wpforms-required-label\">*<\/span><\/label><input type=\"text\" id=\"wpforms-11231-field_3\" class=\"wpforms-field-large wpforms-field-required\" name=\"wpforms[fields][3]\" required><\/div><div id=\"wpforms-11231-field_4-container\" class=\"wpforms-field wpforms-field-text wpforms-one-half\" data-field-id=\"4\"><label class=\"wpforms-field-label\" for=\"wpforms-11231-field_4\">Nom <span class=\"wpforms-required-label\">*<\/span><\/label><input type=\"text\" id=\"wpforms-11231-field_4\" class=\"wpforms-field-large wpforms-field-required\" name=\"wpforms[fields][4]\" required><\/div><div id=\"wpforms-11231-field_5-container\" class=\"wpforms-field wpforms-field-text wpforms-one-half wpforms-first\" data-field-id=\"5\"><label class=\"wpforms-field-label\" for=\"wpforms-11231-field_5\">Soci\u00e9t\u00e9<\/label><input type=\"text\" id=\"wpforms-11231-field_5\" class=\"wpforms-field-large\" name=\"wpforms[fields][5]\" ><\/div><div id=\"wpforms-11231-field_6-container\" class=\"wpforms-field wpforms-field-email\" data-field-id=\"6\"><label class=\"wpforms-field-label\" for=\"wpforms-11231-field_6\">E-mail <span class=\"wpforms-required-label\">*<\/span><\/label><input type=\"email\" id=\"wpforms-11231-field_6\" class=\"wpforms-field-large wpforms-field-required\" name=\"wpforms[fields][6]\" spellcheck=\"false\" required><\/div><div id=\"wpforms-11231-field_8-container\" class=\"wpforms-field wpforms-field-textarea\" data-field-id=\"8\"><label class=\"wpforms-field-label\" for=\"wpforms-11231-field_8\">Message<\/label><textarea id=\"wpforms-11231-field_8\" class=\"wpforms-field-large\" name=\"wpforms[fields][8]\" ><\/textarea><\/div><\/div><!-- .wpforms-field-container --><div class=\"wpforms-recaptcha-container wpforms-is-turnstile\" ><div class=\"wpforms-turnstile\" data-sitekey=\"0x4AAAAAAADcvze33A6Z4XIe\" data-action=\"FormID-11231\"><\/div><input type=\"text\" name=\"g-recaptcha-hidden\" class=\"wpforms-recaptcha-hidden\" style=\"position:absolute!important;clip:rect(0,0,0,0)!important;height:1px!important;width:1px!important;border:0!important;overflow:hidden!important;padding:0!important;margin:0!important;\" data-rule-turnstile=\"1\"><\/div><div class=\"wpforms-submit-container\" ><input type=\"hidden\" name=\"wpforms[id]\" value=\"11231\"><input type=\"hidden\" name=\"page_title\" value=\"\"><input type=\"hidden\" name=\"page_url\" value=\"https:\/\/www.igh.ch\/fr\/wp-json\/wp\/v2\/pages\/9847\"><input type=\"hidden\" name=\"url_referer\" value=\"\"><button type=\"submit\" name=\"wpforms[submit]\" id=\"wpforms-submit-11231\" class=\"wpforms-submit\" data-alt-text=\"envoyer . . .\" data-submit-text=\"Envoyer le message\" aria-live=\"assertive\" value=\"wpforms-submit\">Envoyer le message<\/button><img decoding=\"async\" src=\"https:\/\/www.igh.ch\/wp-content\/plugins\/wpforms\/assets\/images\/submit-spin.svg\" class=\"wpforms-submit-spinner\" style=\"display: none;\" width=\"26\" height=\"26\" alt=\"Chargement en cours\"><\/div><\/form><\/div>  <!-- .wpforms-container --><\/div>\t\t\t\t<\/div>\n\t\t\t\t<\/div>\n\t\t\t\t\t<\/div>\n\t\t\t\t<\/div>\n\t\t\t\t<\/div>\n\t\t","protected":false},"excerpt":{"rendered":"<p>Contact Localisation IGHInteressengemeinschaft DatenverbundAuf der Mauer 98001 Z\u00fcrich Formulaire de contact Telefon +41 44 260 27 05 Personne \u00e0 contacter Directeur g\u00e9n\u00e9ral Kurt ZwimpferMail \u00e0 Kurt Zwimpfer Suppl\u00e9ant Matthias ZimmermannMail \u00e0 Mathias Zimmermann Assistente Claudia Sch\u00f6nMail \u00e0 Claudia Sch\u00f6n Conseil consultatif Hannes BertherMail \u00e0 Hannes Berther Plan de situation Planificateur d&rsquo;itin\u00e9raire GoogleAuf der Mauer 9, [&hellip;]<\/p>\n","protected":false},"author":1,"featured_media":0,"parent":9560,"menu_order":10,"comment_status":"closed","ping_status":"closed","template":"","meta":{"footnotes":""},"class_list":["post-9847","page","type-page","status-publish","hentry"],"_links":{"self":[{"href":"https:\/\/www.igh.ch\/fr\/wp-json\/wp\/v2\/pages\/9847","targetHints":{"allow":["GET"]}}],"collection":[{"href":"https:\/\/www.igh.ch\/fr\/wp-json\/wp\/v2\/pages"}],"about":[{"href":"https:\/\/www.igh.ch\/fr\/wp-json\/wp\/v2\/types\/page"}],"author":[{"embeddable":true,"href":"https:\/\/www.igh.ch\/fr\/wp-json\/wp\/v2\/users\/1"}],"replies":[{"embeddable":true,"href":"https:\/\/www.igh.ch\/fr\/wp-json\/wp\/v2\/comments?post=9847"}],"version-history":[{"count":3,"href":"https:\/\/www.igh.ch\/fr\/wp-json\/wp\/v2\/pages\/9847\/revisions"}],"predecessor-version":[{"id":24474,"href":"https:\/\/www.igh.ch\/fr\/wp-json\/wp\/v2\/pages\/9847\/revisions\/24474"}],"up":[{"embeddable":true,"href":"https:\/\/www.igh.ch\/fr\/wp-json\/wp\/v2\/pages\/9560"}],"wp:attachment":[{"href":"https:\/\/www.igh.ch\/fr\/wp-json\/wp\/v2\/media?parent=9847"}],"curies":[{"name":"wp","href":"https:\/\/api.w.org\/{rel}","templated":true}]}}