{"id":9610,"date":"2022-07-19T09:03:24","date_gmt":"2022-07-19T07:03:24","guid":{"rendered":"https:\/\/igh01.worksite.ch\/?page_id=9610"},"modified":"2025-09-05T10:13:52","modified_gmt":"2025-09-05T08:13:52","slug":"ziele","status":"publish","type":"page","link":"https:\/\/www.igh.ch\/fr\/die-igh\/ziele\/","title":{"rendered":"Les objectifs"},"content":{"rendered":"\t\t<div data-elementor-type=\"wp-page\" data-elementor-id=\"9610\" class=\"elementor elementor-9610 elementor-1841\" data-elementor-post-type=\"page\">\n\t\t\t\t<div class=\"elementor-element elementor-element-1921f9cf e-flex e-con-boxed e-con e-parent\" data-id=\"1921f9cf\" data-element_type=\"container\" data-e-type=\"container\" data-settings=\"{&quot;background_background&quot;:&quot;classic&quot;}\">\n\t\t\t\t\t<div class=\"e-con-inner\">\n\t\t<div class=\"elementor-element elementor-element-746199e1 e-con-full e-flex e-con e-child\" data-id=\"746199e1\" data-element_type=\"container\" data-e-type=\"container\" data-settings=\"{&quot;background_background&quot;:&quot;classic&quot;}\">\n\t\t\t\t<div class=\"elementor-element elementor-element-433d520e elementor-invisible elementor-widget elementor-widget-heading\" data-id=\"433d520e\" data-element_type=\"widget\" data-e-type=\"widget\" data-settings=\"{&quot;_animation&quot;:&quot;fadeInDown&quot;}\" data-widget_type=\"heading.default\">\n\t\t\t\t\t<h1 class=\"elementor-heading-title elementor-size-default\">Les objectifs de l'IGH<\/h1>\t\t\t\t<\/div>\n\t\t\t\t<div class=\"elementor-element elementor-element-46a5c92c elementor-widget elementor-widget-html\" data-id=\"46a5c92c\" data-element_type=\"widget\" data-e-type=\"widget\" data-widget_type=\"html.default\">\n\t\t\t\t\t<nav aria-label=\"breadcrumbs\" class=\"rank-math-breadcrumb\"><p><span class=\"last\">Home<\/span><\/p><\/nav>\t\t\t\t<\/div>\n\t\t\t\t<\/div>\n\t\t\t\t\t<\/div>\n\t\t\t\t<\/div>\n\t\t<div class=\"elementor-element elementor-element-da738f4 e-flex e-con-boxed e-con e-parent\" data-id=\"da738f4\" data-element_type=\"container\" data-e-type=\"container\" data-settings=\"{&quot;background_background&quot;:&quot;classic&quot;}\">\n\t\t\t\t\t<div class=\"e-con-inner\">\n\t\t<div class=\"elementor-element elementor-element-3effad73 e-con-full e-flex e-con e-child\" data-id=\"3effad73\" data-element_type=\"container\" data-e-type=\"container\" data-settings=\"{&quot;background_background&quot;:&quot;classic&quot;}\">\n\t\t<div class=\"elementor-element elementor-element-7a5ce705 e-flex e-con-boxed e-con e-child\" data-id=\"7a5ce705\" data-element_type=\"container\" data-e-type=\"container\" data-settings=\"{&quot;background_background&quot;:&quot;classic&quot;}\">\n\t\t\t\t\t<div class=\"e-con-inner\">\n\t\t\t\t<div class=\"elementor-element elementor-element-2b573650 elementor-invisible elementor-widget elementor-widget-heading\" data-id=\"2b573650\" data-element_type=\"widget\" data-e-type=\"widget\" data-settings=\"{&quot;_animation&quot;:&quot;fadeInDown&quot;}\" data-widget_type=\"heading.default\">\n\t\t\t\t\t<h3 class=\"elementor-heading-title elementor-size-default\">La mission<\/h3>\t\t\t\t<\/div>\n\t\t\t\t<div class=\"elementor-element elementor-element-4c7c22c3 elementor-invisible elementor-widget elementor-widget-text-editor\" data-id=\"4c7c22c3\" data-element_type=\"widget\" data-e-type=\"widget\" data-settings=\"{&quot;_animation&quot;:&quot;fadeInDown&quot;,&quot;_animation_delay&quot;:500}\" data-widget_type=\"text-editor.default\">\n\t\t\t\t\t\t\t\t\t<p>L&rsquo;IGH (Interessengemeinschaft Datenverbund) d\u00e9finit et adapte des normes pour l&rsquo;\u00e9change de donn\u00e9es entre ses membres, leurs clients et leurs fournisseurs. La coordination de la technique et du savoir-faire des participants constitue la base de la normalisation. Ceci aussi bien sur la base de catalogues de produits que de formats de donn\u00e9es d\u00e9finis pour les processus de traitement, de la demande \u00e0 la facture et \u00e0 l&rsquo;avoir, en passant par l&rsquo;offre et la commande.<\/p><p>\u00a0<\/p>\t\t\t\t\t\t\t\t<\/div>\n\t\t\t\t\t<\/div>\n\t\t\t\t<\/div>\n\t\t\t\t<\/div>\n\t\t<div class=\"elementor-element elementor-element-58a8a7a8 e-con-full e-flex e-con e-child\" data-id=\"58a8a7a8\" data-element_type=\"container\" data-e-type=\"container\" data-settings=\"{&quot;background_background&quot;:&quot;video&quot;,&quot;background_video_link&quot;:&quot;https:\\\/\\\/www.igh.ch\\\/wp-content\\\/uploads\\\/2022\\\/07\\\/1280x720_ziele-architekten.mp4&quot;,&quot;background_play_on_mobile&quot;:&quot;yes&quot;}\">\n\t\t<div class=\"elementor-background-video-container\">\n\t\t\t\t\t\t\t<video class=\"elementor-background-video-hosted\" role=\"presentation\" autoplay muted playsinline loop><\/video>\n\t\t\t\t\t<\/div><div class=\"elementor-element elementor-element-1561694d e-con-full e-flex e-con e-child\" data-id=\"1561694d\" data-element_type=\"container\" data-e-type=\"container\" data-settings=\"{&quot;background_background&quot;:&quot;classic&quot;}\">\n\t\t\t\t<div class=\"elementor-element elementor-element-5d0c273a elementor-widget elementor-widget-image\" data-id=\"5d0c273a\" data-element_type=\"widget\" data-e-type=\"widget\" data-widget_type=\"image.default\">\n\t\t\t\t\t\t\t\t\t\t\t\t\t\t\t<img fetchpriority=\"high\" decoding=\"async\" width=\"512\" height=\"512\" src=\"https:\/\/www.igh.ch\/wp-content\/uploads\/2022\/06\/bullseye-pointer1-1.svg\" class=\"attachment-large size-large wp-image-1104\" alt=\"\" \/>\t\t\t\t\t\t\t\t\t\t\t\t\t\t\t<\/div>\n\t\t\t\t<\/div>\n\t\t\t\t<\/div>\n\t\t\t\t\t<\/div>\n\t\t\t\t<\/div>\n\t\t<div class=\"elementor-element elementor-element-9a50d57 e-flex e-con-boxed e-con e-parent\" data-id=\"9a50d57\" data-element_type=\"container\" data-e-type=\"container\" data-settings=\"{&quot;background_background&quot;:&quot;classic&quot;}\">\n\t\t\t\t\t<div class=\"e-con-inner\">\n\t\t<div class=\"elementor-element elementor-element-de76f8d e-con-full e-flex e-con e-child\" data-id=\"de76f8d\" data-element_type=\"container\" data-e-type=\"container\" data-settings=\"{&quot;background_background&quot;:&quot;classic&quot;}\">\n\t\t\t\t<div class=\"elementor-element elementor-element-ad82ffd elementor-invisible elementor-widget elementor-widget-heading\" data-id=\"ad82ffd\" data-element_type=\"widget\" data-e-type=\"widget\" data-settings=\"{&quot;_animation&quot;:&quot;fadeInDown&quot;}\" data-widget_type=\"heading.default\">\n\t\t\t\t\t<h2 class=\"elementor-heading-title elementor-size-default\">Architecte \/ planificateur \/ installateur<\/h2>\t\t\t\t<\/div>\n\t\t\t\t<div class=\"elementor-element elementor-element-1c1d16d elementor-invisible elementor-widget elementor-widget-text-editor\" data-id=\"1c1d16d\" data-element_type=\"widget\" data-e-type=\"widget\" data-settings=\"{&quot;_animation&quot;:&quot;fadeInDown&quot;}\" data-widget_type=\"text-editor.default\">\n\t\t\t\t\t\t\t\t\t<p>Les clients des membres de l&rsquo;IGH re\u00e7oivent des donn\u00e9es de base uniformes et des outils de travail qui permettent un traitement automatis\u00e9. Les outils de travail de l&rsquo;IGH sont directement impl\u00e9ment\u00e9s dans les programmes de traitement des clients, de sorte que l&rsquo;environnement de programme habituel est conserv\u00e9.<\/p><p>L&rsquo;IGH coordonne et soutient les fournisseurs de logiciels accr\u00e9dit\u00e9s du secteur dans l&rsquo;int\u00e9gration des standards de l&rsquo;IGH.<\/p><p>Ainsi, \u00e0 chaque phase de traitement, les utilisateurs ont la possibilit\u00e9 de recourir \u00e0 des informations d\u00e9j\u00e0 existantes issues de processus ant\u00e9rieurs. Ainsi, les demandes, les commandes, mais aussi les offres et les confirmations de commande sont \u00e9chang\u00e9es \u00e9lectroniquement entre les partenaires commerciaux et reprises dans l&rsquo;application de traitement. Il n&rsquo;est plus n\u00e9cessaire de proc\u00e9der \u00e0 des recopiages fastidieux, chronophages et erron\u00e9s.<\/p>\t\t\t\t\t\t\t\t<\/div>\n\t\t\t\t<\/div>\n\t\t<div class=\"elementor-element elementor-element-995a7a5 e-con-full e-flex e-con e-child\" data-id=\"995a7a5\" data-element_type=\"container\" data-e-type=\"container\" data-settings=\"{&quot;background_background&quot;:&quot;classic&quot;}\">\n\t\t\t\t<div class=\"elementor-element elementor-element-9af6803 elementor-widget elementor-widget-image\" data-id=\"9af6803\" data-element_type=\"widget\" data-e-type=\"widget\" data-widget_type=\"image.default\">\n\t\t\t\t\t\t\t\t\t\t\t\t\t\t\t<img decoding=\"async\" src=\"https:\/\/www.igh.ch\/wp-content\/uploads\/vater-fuchs_mit-brille_laptop_dokumente_leuchtender-behaelter_788x831.jpg\" title=\"vater-fuchs_mit-brille_laptop_dokumente_leuchtender-behaelter_788x831\" alt=\"vater-fuchs_mit-brille_laptop_dokumente_leuchtender-behaelter_788x831\" loading=\"lazy\" \/>\t\t\t\t\t\t\t\t\t\t\t\t\t\t\t<\/div>\n\t\t\t\t<\/div>\n\t\t\t\t\t<\/div>\n\t\t\t\t<\/div>\n\t\t<div class=\"elementor-element elementor-element-75319f7 e-flex e-con-boxed e-con e-parent\" data-id=\"75319f7\" data-element_type=\"container\" data-e-type=\"container\" data-settings=\"{&quot;background_background&quot;:&quot;classic&quot;}\">\n\t\t\t\t\t<div class=\"e-con-inner\">\n\t\t<div class=\"elementor-element elementor-element-803df9e e-con-full e-flex e-con e-child\" data-id=\"803df9e\" data-element_type=\"container\" data-e-type=\"container\">\n\t\t\t\t<div class=\"elementor-element elementor-element-7fca3e7 elementor-widget elementor-widget-image\" data-id=\"7fca3e7\" data-element_type=\"widget\" data-e-type=\"widget\" data-widget_type=\"image.default\">\n\t\t\t\t\t\t\t\t\t\t\t\t\t\t\t<img decoding=\"async\" width=\"788\" height=\"437\" src=\"https:\/\/www.igh.ch\/wp-content\/uploads\/3-leute_fuchs-umhang_daumen-hoch_788x437.jpg\" class=\"attachment-large size-large wp-image-25212\" alt=\"\" srcset=\"https:\/\/www.igh.ch\/wp-content\/uploads\/3-leute_fuchs-umhang_daumen-hoch_788x437.jpg 788w, https:\/\/www.igh.ch\/wp-content\/uploads\/3-leute_fuchs-umhang_daumen-hoch_788x437-300x166.jpg 300w, https:\/\/www.igh.ch\/wp-content\/uploads\/3-leute_fuchs-umhang_daumen-hoch_788x437-768x426.jpg 768w\" sizes=\"(max-width: 788px) 100vw, 788px\" \/>\t\t\t\t\t\t\t\t\t\t\t\t\t\t\t<\/div>\n\t\t\t\t<\/div>\n\t\t<div class=\"elementor-element elementor-element-81ec31f e-con-full e-flex e-con e-child\" data-id=\"81ec31f\" data-element_type=\"container\" data-e-type=\"container\">\n\t\t\t\t<div class=\"elementor-element elementor-element-9aa7adf elementor-invisible elementor-widget elementor-widget-heading\" data-id=\"9aa7adf\" data-element_type=\"widget\" data-e-type=\"widget\" data-settings=\"{&quot;_animation&quot;:&quot;fadeInDown&quot;}\" data-widget_type=\"heading.default\">\n\t\t\t\t\t<h2 class=\"elementor-heading-title elementor-size-default\">Fabricant \/ Commerce<\/h2>\t\t\t\t<\/div>\n\t\t\t\t<div class=\"elementor-element elementor-element-3cf4ddc elementor-invisible elementor-widget elementor-widget-text-editor\" data-id=\"3cf4ddc\" data-element_type=\"widget\" data-e-type=\"widget\" data-settings=\"{&quot;_animation&quot;:&quot;fadeInDown&quot;}\" data-widget_type=\"text-editor.default\">\n\t\t\t\t\t\t\t\t\t<p>Les membres de l&rsquo;IGH (<a href=\"\/fr\/die-igh\/mitglieder\/\">liste des membres<\/a>) mettent \u00e0 disposition leurs donn\u00e9es de produits et font publier les catalogues par l&rsquo;IGH. Ils utilisent \u00e9galement entre eux les processus de l&rsquo;IGH.<\/p><p>Ils doivent simplement garantir la connexion au traitement interne de l&rsquo;entreprise. La connexion vers l&rsquo;ext\u00e9rieur est assur\u00e9e par l&rsquo;IGH ou par les fournisseurs de logiciels.<\/p>\t\t\t\t\t\t\t\t<\/div>\n\t\t\t\t<\/div>\n\t\t\t\t\t<\/div>\n\t\t\t\t<\/div>\n\t\t<div class=\"elementor-element elementor-element-2ff4a7a e-flex e-con-boxed e-con e-parent\" data-id=\"2ff4a7a\" data-element_type=\"container\" data-e-type=\"container\" data-settings=\"{&quot;background_background&quot;:&quot;classic&quot;}\">\n\t\t\t\t\t<div class=\"e-con-inner\">\n\t\t<div class=\"elementor-element elementor-element-c288891 e-con-full e-flex e-con e-child\" data-id=\"c288891\" data-element_type=\"container\" data-e-type=\"container\" data-settings=\"{&quot;background_background&quot;:&quot;classic&quot;}\">\n\t\t\t\t<div class=\"elementor-element elementor-element-3d38446 elementor-invisible elementor-widget elementor-widget-heading\" data-id=\"3d38446\" data-element_type=\"widget\" data-e-type=\"widget\" data-settings=\"{&quot;_animation&quot;:&quot;fadeInDown&quot;}\" data-widget_type=\"heading.default\">\n\t\t\t\t\t<h2 class=\"elementor-heading-title elementor-size-default\">Partenaires logiciels<\/h2>\t\t\t\t<\/div>\n\t\t\t\t<div class=\"elementor-element elementor-element-f82c981 elementor-invisible elementor-widget elementor-widget-text-editor\" data-id=\"f82c981\" data-element_type=\"widget\" data-e-type=\"widget\" data-settings=\"{&quot;_animation&quot;:&quot;fadeInDown&quot;}\" data-widget_type=\"text-editor.default\">\n\t\t\t\t\t\t\t\t\t<p>Les fournisseurs de logiciels du secteur de la technique du b\u00e2timent impl\u00e9mentent les standards de l&rsquo;IGH pour leurs clients. L&rsquo;IGH soutient les fournisseurs de logiciels en leur fournissant de la documentation, des formations, des tests et ses propres composants logiciels. Vous trouverez ici qui fait partie de nos partenaires logiciels et quels produits IGH ils ont int\u00e9gr\u00e9s.<\/p>\t\t\t\t\t\t\t\t<\/div>\n\t\t\t\t<\/div>\n\t\t<div class=\"elementor-element elementor-element-874b20a e-con-full e-flex e-con e-child\" data-id=\"874b20a\" data-element_type=\"container\" data-e-type=\"container\" data-settings=\"{&quot;background_background&quot;:&quot;classic&quot;}\">\n\t\t\t\t<div class=\"elementor-element elementor-element-a0680cf elementor-widget elementor-widget-image\" data-id=\"a0680cf\" data-element_type=\"widget\" data-e-type=\"widget\" data-widget_type=\"image.default\">\n\t\t\t\t\t\t\t\t\t\t\t\t\t\t\t<img decoding=\"async\" width=\"800\" height=\"390\" src=\"https:\/\/www.igh.ch\/wp-content\/uploads\/zwei-maenner_flipchart_fuchs-umghang_daumen-hoch_892x435.jpg\" class=\"attachment-large size-large wp-image-25222\" alt=\"\" srcset=\"https:\/\/www.igh.ch\/wp-content\/uploads\/zwei-maenner_flipchart_fuchs-umghang_daumen-hoch_892x435.jpg 892w, https:\/\/www.igh.ch\/wp-content\/uploads\/zwei-maenner_flipchart_fuchs-umghang_daumen-hoch_892x435-300x146.jpg 300w, https:\/\/www.igh.ch\/wp-content\/uploads\/zwei-maenner_flipchart_fuchs-umghang_daumen-hoch_892x435-768x375.jpg 768w\" sizes=\"(max-width: 800px) 100vw, 800px\" \/>\t\t\t\t\t\t\t\t\t\t\t\t\t\t\t<\/div>\n\t\t\t\t<\/div>\n\t\t\t\t\t<\/div>\n\t\t\t\t<\/div>\n\t\t<div class=\"elementor-element elementor-element-92e125e e-flex e-con-boxed e-con e-parent\" data-id=\"92e125e\" data-element_type=\"container\" data-e-type=\"container\" data-settings=\"{&quot;background_background&quot;:&quot;classic&quot;}\">\n\t\t\t\t\t<div class=\"e-con-inner\">\n\t\t<div class=\"elementor-element elementor-element-7c07fbb e-con-full e-flex e-con e-child\" data-id=\"7c07fbb\" data-element_type=\"container\" data-e-type=\"container\">\n\t\t\t\t<div class=\"elementor-element elementor-element-fba4a66 elementor-widget elementor-widget-image\" data-id=\"fba4a66\" data-element_type=\"widget\" data-e-type=\"widget\" data-widget_type=\"image.default\">\n\t\t\t\t\t\t\t\t\t\t\t\t\t\t\t<img loading=\"lazy\" decoding=\"async\" width=\"800\" height=\"756\" src=\"https:\/\/www.igh.ch\/wp-content\/uploads\/vater-fuchs_daumen-hoch-mit-umhang_igh-logo_900x851.jpg\" class=\"attachment-large size-large wp-image-25229\" alt=\"\" srcset=\"https:\/\/www.igh.ch\/wp-content\/uploads\/vater-fuchs_daumen-hoch-mit-umhang_igh-logo_900x851.jpg 900w, https:\/\/www.igh.ch\/wp-content\/uploads\/vater-fuchs_daumen-hoch-mit-umhang_igh-logo_900x851-300x284.jpg 300w, https:\/\/www.igh.ch\/wp-content\/uploads\/vater-fuchs_daumen-hoch-mit-umhang_igh-logo_900x851-768x726.jpg 768w\" sizes=\"(max-width: 800px) 100vw, 800px\" \/>\t\t\t\t\t\t\t\t\t\t\t\t\t\t\t<\/div>\n\t\t\t\t<\/div>\n\t\t<div class=\"elementor-element elementor-element-9a0d4fc e-con-full e-flex e-con e-child\" data-id=\"9a0d4fc\" data-element_type=\"container\" data-e-type=\"container\">\n\t\t\t\t<div class=\"elementor-element elementor-element-af36e6d elementor-invisible elementor-widget elementor-widget-heading\" data-id=\"af36e6d\" data-element_type=\"widget\" data-e-type=\"widget\" data-settings=\"{&quot;_animation&quot;:&quot;fadeInDown&quot;}\" data-widget_type=\"heading.default\">\n\t\t\t\t\t<h2 class=\"elementor-heading-title elementor-size-default\">Continuit\u00e9 \/ Compatibilit\u00e9<\/h2>\t\t\t\t<\/div>\n\t\t\t\t<div class=\"elementor-element elementor-element-b3299ce elementor-invisible elementor-widget elementor-widget-text-editor\" data-id=\"b3299ce\" data-element_type=\"widget\" data-e-type=\"widget\" data-settings=\"{&quot;_animation&quot;:&quot;fadeInDown&quot;}\" data-widget_type=\"text-editor.default\">\n\t\t\t\t\t\t\t\t\t<p>IGH veille \u00e0 ce que la compatibilit\u00e9 avec les processus de traitement existants soit assur\u00e9e pour toutes les extensions. Cela permet d&rsquo;\u00e9viter toute obligation de changement. Chaque client d\u00e9cide \u00e0 quel moment il souhaite profiter des am\u00e9liorations propos\u00e9es.<\/p>\t\t\t\t\t\t\t\t<\/div>\n\t\t\t\t<\/div>\n\t\t\t\t\t<\/div>\n\t\t\t\t<\/div>\n\t\t\t\t<\/div>\n\t\t","protected":false},"excerpt":{"rendered":"<p>Les objectifs de l&rsquo;IGH La mission L&rsquo;IGH (Interessengemeinschaft Datenverbund) d\u00e9finit et adapte des normes pour l&rsquo;\u00e9change de donn\u00e9es entre ses membres, leurs clients et leurs fournisseurs. La coordination de la technique et du savoir-faire des participants constitue la base de la normalisation. Ceci aussi bien sur la base de catalogues de produits que de formats [&hellip;]<\/p>\n","protected":false},"author":1,"featured_media":0,"parent":9560,"menu_order":2,"comment_status":"closed","ping_status":"closed","template":"","meta":{"footnotes":""},"class_list":["post-9610","page","type-page","status-publish","hentry"],"_links":{"self":[{"href":"https:\/\/www.igh.ch\/fr\/wp-json\/wp\/v2\/pages\/9610","targetHints":{"allow":["GET"]}}],"collection":[{"href":"https:\/\/www.igh.ch\/fr\/wp-json\/wp\/v2\/pages"}],"about":[{"href":"https:\/\/www.igh.ch\/fr\/wp-json\/wp\/v2\/types\/page"}],"author":[{"embeddable":true,"href":"https:\/\/www.igh.ch\/fr\/wp-json\/wp\/v2\/users\/1"}],"replies":[{"embeddable":true,"href":"https:\/\/www.igh.ch\/fr\/wp-json\/wp\/v2\/comments?post=9610"}],"version-history":[{"count":3,"href":"https:\/\/www.igh.ch\/fr\/wp-json\/wp\/v2\/pages\/9610\/revisions"}],"predecessor-version":[{"id":25261,"href":"https:\/\/www.igh.ch\/fr\/wp-json\/wp\/v2\/pages\/9610\/revisions\/25261"}],"up":[{"embeddable":true,"href":"https:\/\/www.igh.ch\/fr\/wp-json\/wp\/v2\/pages\/9560"}],"wp:attachment":[{"href":"https:\/\/www.igh.ch\/fr\/wp-json\/wp\/v2\/media?parent=9610"}],"curies":[{"name":"wp","href":"https:\/\/api.w.org\/{rel}","templated":true}]}}