{"id":9506,"date":"2022-07-20T09:09:52","date_gmt":"2022-07-20T07:09:52","guid":{"rendered":"https:\/\/igh01.worksite.ch\/?page_id=9506"},"modified":"2025-12-15T12:06:17","modified_gmt":"2025-12-15T11:06:17","slug":"home","status":"publish","type":"page","link":"https:\/\/www.igh.ch\/fr\/","title":{"rendered":"Home"},"content":{"rendered":"\t\t<div data-elementor-type=\"wp-page\" data-elementor-id=\"9506\" class=\"elementor elementor-9506 elementor-2470\" data-elementor-post-type=\"page\">\n\t\t\t\t<div class=\"elementor-element elementor-element-11844ae e-flex e-con-boxed e-con e-parent\" data-id=\"11844ae\" data-element_type=\"container\" data-e-type=\"container\" data-settings=\"{&quot;background_background&quot;:&quot;video&quot;,&quot;background_video_link&quot;:&quot;https:\\\/\\\/www.igh.ch\\\/wp-content\\\/uploads\\\/2022\\\/06\\\/igh_datentransfer-animation_v5.mp4&quot;,&quot;background_play_on_mobile&quot;:&quot;yes&quot;,&quot;shape_divider_bottom&quot;:&quot;opacity-tilt&quot;}\">\n\t\t\t\t\t<div class=\"e-con-inner\">\n\t\t<div class=\"elementor-background-video-container\">\n\t\t\t\t\t\t\t<video class=\"elementor-background-video-hosted\" role=\"presentation\" autoplay muted playsinline loop><\/video>\n\t\t\t\t\t<\/div>\t\t<div class=\"elementor-shape elementor-shape-bottom\" aria-hidden=\"true\" data-negative=\"false\">\n\t\t\t<svg xmlns=\"http:\/\/www.w3.org\/2000\/svg\" viewBox=\"0 0 2600 131.1\" preserveAspectRatio=\"none\">\n\t<path class=\"elementor-shape-fill\" d=\"M0 0L2600 0 2600 69.1 0 0z\"\/>\n\t<path class=\"elementor-shape-fill\" style=\"opacity:0.5\" d=\"M0 0L2600 0 2600 69.1 0 69.1z\"\/>\n\t<path class=\"elementor-shape-fill\" style=\"opacity:0.25\" d=\"M2600 0L0 0 0 130.1 2600 69.1z\"\/>\n<\/svg>\t\t<\/div>\n\t\t<div class=\"elementor-element elementor-element-dcdd60d e-con-full e-flex e-con e-child\" data-id=\"dcdd60d\" data-element_type=\"container\" data-e-type=\"container\">\n\t\t<div class=\"elementor-element elementor-element-a88a2e6 e-flex e-con-boxed e-con e-child\" data-id=\"a88a2e6\" data-element_type=\"container\" data-e-type=\"container\">\n\t\t\t\t\t<div class=\"e-con-inner\">\n\t\t\t\t<div class=\"elementor-element elementor-element-37c4b21 elementor-headline--style-rotate animatedtitle noTypo elementor-widget elementor-widget-animated-headline\" data-id=\"37c4b21\" data-element_type=\"widget\" data-e-type=\"widget\" data-settings=\"{&quot;headline_style&quot;:&quot;rotate&quot;,&quot;animation_type&quot;:&quot;drop-in&quot;,&quot;rotating_text&quot;:&quot;Savoir-faire\\nTechnique\\nCoordination&quot;,&quot;loop&quot;:&quot;yes&quot;,&quot;rotate_iteration_delay&quot;:2500}\" data-widget_type=\"animated-headline.default\">\n\t\t\t\t\t\t\t<h1 class=\"elementor-headline elementor-headline-animation-type-drop-in\">\n\t\t\t\t<span class=\"elementor-headline-dynamic-wrapper elementor-headline-text-wrapper\">\n\t\t\t\t\t<span class=\"elementor-headline-dynamic-text elementor-headline-text-active\">\n\t\t\t\tSavoir-faire\t\t\t<\/span>\n\t\t\t\t\t<span class=\"elementor-headline-dynamic-text\">\n\t\t\t\tTechnique\t\t\t<\/span>\n\t\t\t\t\t<span class=\"elementor-headline-dynamic-text\">\n\t\t\t\tCoordination\t\t\t<\/span>\n\t\t\t\t\t\t<\/span>\n\t\t\t\t\t<span class=\"elementor-headline-plain-text elementor-headline-text-wrapper\">pour un \u00e9change<br>de donn\u00e9es normalis\u00e9<\/span>\n\t\t\t\t\t<\/h1>\n\t\t\t\t\t\t<\/div>\n\t\t\t\t\t<\/div>\n\t\t\t\t<\/div>\n\t\t<div class=\"elementor-element elementor-element-0e9f826 e-flex e-con-boxed e-con e-child\" data-id=\"0e9f826\" data-element_type=\"container\" data-e-type=\"container\">\n\t\t\t\t\t<div class=\"e-con-inner\">\n\t\t\t\t<div class=\"elementor-element elementor-element-94c8b8d elementor-widget__width-initial handwerker elementor-widget elementor-widget-image\" data-id=\"94c8b8d\" data-element_type=\"widget\" data-e-type=\"widget\" data-widget_type=\"image.default\">\n\t\t\t\t\t\t\t\t\t\t\t\t\t\t\t<img fetchpriority=\"high\" decoding=\"async\" width=\"713\" height=\"900\" src=\"https:\/\/www.igh.ch\/wp-content\/uploads\/der-schlaue-fuchs_igh-dataexpert.png\" class=\"attachment-large size-large wp-image-25239\" alt=\"\" srcset=\"https:\/\/www.igh.ch\/wp-content\/uploads\/der-schlaue-fuchs_igh-dataexpert.png 713w, https:\/\/www.igh.ch\/wp-content\/uploads\/der-schlaue-fuchs_igh-dataexpert-238x300.png 238w\" sizes=\"(max-width: 713px) 100vw, 713px\" \/>\t\t\t\t\t\t\t\t\t\t\t\t\t\t\t<\/div>\n\t\t\t\t\t<\/div>\n\t\t\t\t<\/div>\n\t\t\t\t<\/div>\n\t\t\t\t\t<\/div>\n\t\t\t\t<\/div>\n\t\t<div class=\"theplus-equal-height elementor-element elementor-element-e7874d9 e-flex e-con-boxed e-con e-parent\" data-tp-equal-height-loadded=\".gleichehoehe\" data-id=\"e7874d9\" data-element_type=\"container\" data-e-type=\"container\">\n\t\t\t\t\t<div class=\"e-con-inner\">\n\t\t<div class=\"elementor-element elementor-element-15cfcc2 e-con-full e-flex e-con e-child\" data-id=\"15cfcc2\" data-element_type=\"container\" data-e-type=\"container\" data-settings=\"{&quot;background_background&quot;:&quot;classic&quot;}\">\n\t\t<div class=\"elementor-element elementor-element-c926da0 e-flex e-con-boxed e-con e-child\" data-id=\"c926da0\" data-element_type=\"container\" data-e-type=\"container\" data-settings=\"{&quot;background_background&quot;:&quot;classic&quot;}\">\n\t\t\t\t\t<div class=\"e-con-inner\">\n\t\t\t\t<div class=\"elementor-element elementor-element-7d7843a elementor-invisible elementor-widget elementor-widget-heading\" data-id=\"7d7843a\" data-element_type=\"widget\" data-e-type=\"widget\" data-settings=\"{&quot;_animation&quot;:&quot;fadeInDown&quot;}\" data-widget_type=\"heading.default\">\n\t\t\t\t\t<h2 class=\"elementor-heading-title elementor-size-default\">En un coup d'\u0153il<\/h2>\t\t\t\t<\/div>\n\t\t\t\t<div class=\"elementor-element elementor-element-7c7c1cf gleichehoehe elementor-invisible elementor-widget elementor-widget-text-editor\" data-id=\"7c7c1cf\" data-element_type=\"widget\" data-e-type=\"widget\" data-settings=\"{&quot;_animation&quot;:&quot;fadeInDown&quot;}\" data-widget_type=\"text-editor.default\">\n\t\t\t\t\t\t\t\t\t<p>En tant qu&rsquo;association, IGH poursuit les objectifs communs de ses membres. Cela comprend des normes pour l&rsquo;\u00e9change de donn\u00e9es B2B entre les membres et leurs clients. Mais le portefeuille d&rsquo;IGH comprend \u00e9galement des services et des produits qui permettent et soutiennent l&rsquo;\u00e9change.<\/p>\t\t\t\t\t\t\t\t<\/div>\n\t\t\t\t<div class=\"elementor-element elementor-element-a0e1f39 elementor-invisible elementor-widget elementor-widget-button\" data-id=\"a0e1f39\" data-element_type=\"widget\" data-e-type=\"widget\" data-settings=\"{&quot;_animation&quot;:&quot;fadeInDown&quot;}\" data-widget_type=\"button.default\">\n\t\t\t\t\t\t\t\t\t\t<a class=\"elementor-button elementor-button-link elementor-size-sm\" href=\"https:\/\/www.igh.ch\/fr\/die-igh\/die-igh-auf-einen-blick\/\">\n\t\t\t\t\t\t<span class=\"elementor-button-content-wrapper\">\n\t\t\t\t\t\t\t\t\t<span class=\"elementor-button-text\">Vers l'aper\u00e7u<\/span>\n\t\t\t\t\t<\/span>\n\t\t\t\t\t<\/a>\n\t\t\t\t\t\t\t\t<\/div>\n\t\t\t\t\t<\/div>\n\t\t\t\t<\/div>\n\t\t\t\t<\/div>\n\t\t<div class=\"elementor-element elementor-element-95c8865 e-con-full e-flex e-con e-child\" data-id=\"95c8865\" data-element_type=\"container\" data-e-type=\"container\">\n\t\t<div class=\"elementor-element elementor-element-ffe382e e-flex e-con-boxed e-con e-child\" data-id=\"ffe382e\" data-element_type=\"container\" data-e-type=\"container\" data-settings=\"{&quot;background_background&quot;:&quot;classic&quot;}\">\n\t\t\t\t\t<div class=\"e-con-inner\">\n\t\t\t\t<div class=\"elementor-element elementor-element-32c04b1 elementor-invisible elementor-widget elementor-widget-heading\" data-id=\"32c04b1\" data-element_type=\"widget\" data-e-type=\"widget\" data-settings=\"{&quot;_animation&quot;:&quot;fadeInDown&quot;}\" data-widget_type=\"heading.default\">\n\t\t\t\t\t<h2 class=\"elementor-heading-title elementor-size-default\">Bref portrait<\/h2>\t\t\t\t<\/div>\n\t\t\t\t<div class=\"elementor-element elementor-element-0ff701e gleichehoehe elementor-invisible elementor-widget elementor-widget-text-editor\" data-id=\"0ff701e\" data-element_type=\"widget\" data-e-type=\"widget\" data-settings=\"{&quot;_animation&quot;:&quot;fadeInDown&quot;}\" data-widget_type=\"text-editor.default\">\n\t\t\t\t\t\t\t\t\t<p>La communaut\u00e9 d&rsquo;int\u00e9r\u00eats Datenverbund (IGH) est la plaque tournante des donn\u00e9es de produits du secteur du b\u00e2timent (chauffage, sanitaire, ventilation, climatisation, plomberie et \u00e9lectricit\u00e9). Elle met \u00e0 disposition les composants n\u00e9cessaires \u00e0 l&rsquo;\u00e9change de processus commerciaux B2B entre les membres et leurs clients. Vous trouverez ici l&rsquo;\u00e9volution sur un axe temporel.<\/p>\t\t\t\t\t\t\t\t<\/div>\n\t\t\t\t<div class=\"elementor-element elementor-element-4c43e26 elementor-invisible elementor-widget elementor-widget-button\" data-id=\"4c43e26\" data-element_type=\"widget\" data-e-type=\"widget\" data-settings=\"{&quot;_animation&quot;:&quot;fadeInDown&quot;}\" data-widget_type=\"button.default\">\n\t\t\t\t\t\t\t\t\t\t<a class=\"elementor-button elementor-button-link elementor-size-sm\" href=\"https:\/\/www.igh.ch\/fr\/die-igh\/kurzportrait\/\">\n\t\t\t\t\t\t<span class=\"elementor-button-content-wrapper\">\n\t\t\t\t\t\t\t\t\t<span class=\"elementor-button-text\">En savoir plus<\/span>\n\t\t\t\t\t<\/span>\n\t\t\t\t\t<\/a>\n\t\t\t\t\t\t\t\t<\/div>\n\t\t\t\t\t<\/div>\n\t\t\t\t<\/div>\n\t\t\t\t<\/div>\n\t\t\t\t\t<\/div>\n\t\t\t\t<\/div>\n\t\t<div class=\"elementor-element elementor-element-4a2a0c1 e-flex e-con-boxed e-con e-parent\" data-id=\"4a2a0c1\" data-element_type=\"container\" data-e-type=\"container\" data-settings=\"{&quot;background_background&quot;:&quot;classic&quot;}\">\n\t\t\t\t\t<div class=\"e-con-inner\">\n\t\t<div class=\"elementor-element elementor-element-2c6f834 e-con-full e-flex e-con e-child\" data-id=\"2c6f834\" data-element_type=\"container\" data-e-type=\"container\" data-settings=\"{&quot;background_background&quot;:&quot;classic&quot;}\">\n\t\t\t\t<div class=\"elementor-element elementor-element-da9de70 elementor-widget elementor-widget-heading\" data-id=\"da9de70\" data-element_type=\"widget\" data-e-type=\"widget\" data-widget_type=\"heading.default\">\n\t\t\t\t\t<h2 class=\"elementor-heading-title elementor-size-default\">Nouvelles<\/h2>\t\t\t\t<\/div>\n\t\t\t\t<\/div>\n\t\t\t\t\t<\/div>\n\t\t\t\t<\/div>\n\t\t<div class=\"elementor-element elementor-element-69c7baa e-flex e-con-boxed e-con e-parent\" data-id=\"69c7baa\" data-element_type=\"container\" data-e-type=\"container\" data-settings=\"{&quot;background_background&quot;:&quot;classic&quot;}\">\n\t\t\t\t\t<div class=\"e-con-inner\">\n\t\t<div class=\"elementor-element elementor-element-0cb9899 e-con-full e-flex e-con e-child\" data-id=\"0cb9899\" data-element_type=\"container\" data-e-type=\"container\" data-settings=\"{&quot;background_background&quot;:&quot;classic&quot;}\">\n\t\t\t\t<div class=\"elementor-element elementor-element-08974e8 elementor-widget elementor-widget-tp-dynamic-listing\" data-id=\"08974e8\" data-element_type=\"widget\" data-e-type=\"widget\" data-widget_type=\"tp-dynamic-listing.default\">\n\t\t\t\t\t<div id=\"pt-plus-dynamic-listing\" class=\"dynamic-listing post69e54073d89a5  list-isotope  dynamic-listing-style-4 hover-image-style-1     tp-dy-l-type-page_listing \"    data-layout-type=\"fitRows\"   data-id=\"post69e54073d89a5\" data-style=\"style-4\"   dir= data-enable-isotope=\"1\" filter-type = \"normal\"><div id=\"post69e54073d89a5\" class=\"tp-row post-inner-loop   post69e54073d89a5    tp_list\" data-extparam= '{\"loading-opt\":\"skeleton\",\"URL-para\":\"\"}'   data-wooAttr= '\"bzAzOUJCb0dnSFByU01YbUNVc1Q0U2xWbGRyL2x2N2Ztd0dkUm9taW45YkUzcXIwRFYyRkEwNEc4S252TjFXekRJSlhjc2lDcWtTT2ZjS3k5TlFNcUFUOTNZNERTenFXNlJ6Vnluc3ZHMEk0eVJPZUF4d2tsaHVHOWZOT0JiZkZrRTV4V2t4Mk5lYlpHeGNWbkRqRU90SEEwM3dIQWJlaVp5L05YUlVIMnNSNExETUllODJLelE0R3JobDZGUVJUb3d3RTBNMDhFK3p2ZVVuR2pjV1kybW56V0ZpNWlEc081SGdQS3M3bUJiNytCSWJ2NVZzM0N4UG9nd3o0Nk41Rnpsa2JGM2pGNkVjZDZzQmRVeE0vaVZ5aTB3aWo4cXVtVGZQSGRCU09lQWYrcmU4aW5JNkh4bkdKaW1KcVV1MUNXTC9qN0VEVnlKaVdUWDNFZjNvMkM5YVhtc0NSVXJabVVMdnZPQllObUdzZktvaFErUGtpVVZCOUx2U1JiMjVNdzRYdmlGTXY5Y3pSRUFKNCtqQURiamgxMDk1YWt3N2lrQy9wSEh4QmoyWG44ditlSGVVUlR2eEZwbU5YM0FwWmlGT1RtSG1aQ2JvRmRaT2pZd3pHaFlMZVJTejZGZWVaRS9JMk54b2FKS1dzaEtzdlgrTWpmOENJaGxPZzJrUElLdkVRdng2RmttNW02eWgyTE92VVcyVUlLMFFiREpZRXcxbW4xQjdZN0wvdTRYbjFyeU1TZDB3Tm43RlNQNVdOYllxTG5xdFd2ZmQ1ODBhcGNlaHJoWldHSjg1RVg5dmFWNXdVMkltODhOYjI3bGs4NVdYVlk5QStVakRCbTcrbER5MFhUSXdiWmZVbFVlOTV3TVVSZXdsbmw1ejVrM0k4Mk9kMXB2ZTBGa1E4aEZFMmxaa2kzMGRwUkNoWFNaU25aQVhuaEdiekpLT2NhSlBKeWZodVVvc2NyUmoya3dZV2ZDN0VxZ3ltUDEvUlpSSkV2bklvVGdPMnE1M0JCYlJGVFM0V1hnQTdZOXZQemhIdGFBeXRISlhKSlpYbGR3c2txZTYva2lkcHROSGNwbFVPaTM1L3M4aTZmSWdsbTRsa3JpUExhT3k5bjVpVnJ3SFVkSC81Vk5XdldxbkZHRDB0TFpPNW4rOTNQMnNXdlIwYm55Vy8xbjAzanJzZ3d1THd4NmVXbGRRUU5OL1lNcGpQd2FhdGUxc09RamtOcFZOd0grQ3JnZVlBZWZ0NnNGWjhVNDRLbU5VTjZYZncvMW9PVzhaVnVOVDNUcnNzbUYySVJNQzE1emJkOEJUL1dKbUtEbjNqa3hhNjdnc2NkOGE0aWdHWHIzRDBHeUx6cDBQNVZudm1xL1g0dUE1bUJDT05aZTdVOTh5d01vQWpvNDVjMU1iNDRLM2lPV3hEWlc1a21Vc2JoOXFEd0JlL1hSd2JHOWlMN09CVzdWV0JoN2xVNXBSTWRYdEhDR0VyMEtyZXdwVytISHZ4TjA1cEV5cFpZb0xzR2RhZVdHWUtRNUZEdGovUmREWkVFN2JsQVlsWm9ISnpaTnZsZEZEdHl5aFpIS3haa1NIWXJKbmhySURvM1NWL1p2R2doTEwvQ0YwRnpnK1JLeHVhSmFKY3lUbGlCcEhyVmhGWmEzUXk5UUdyWkcrVnp5SysxeHZ4MWNiWU91RVByUjhyd1FURmMwUEl4RFpWcWUyMWZqQlZwSnljeUFuOTlBdXo3azVuVGM0ZVJOWlVWVlZUTTZhNDBUSHUrRjlpUlpvNWwwNVZQK25PeU8rSG5NOVdFVEJ6N3ZjazBFQS9GbU5VVmJUOUR4c3VOVjZlMC8rSXlJUnFEMURaZ1QvaGpkbTRuKzNMT294Ni9KSlFSKzVsdkgzQ1JCajZ0ZGoybWFMNHhSbng3WVYzSEFIbUhSSkMzaENqcGUzc1hOM2hucWw5ek5BNEdzOVNwNjFFMHhKazcweWowNU5XdzBjSDl5ZGQzWThRcTFUV1ZwYlo2dHlFRlhnSnpQcWNBQncxa2E3aVRDVndMV1lIOGQyNXF1SWR0NmhRLzcyM3lQbkY4cmQvdXZYWUxPUWxuUWMyeCt1WWQ3dHJqcmkydXF2b3hURmV6d3RqUk1jSHIvUS84K3Fnb1hmTWRSVGw3WEZjL3I1cUswQVUxUUNDTFRlZytWeVRpN1ZPV0xEc21pM3JNL0dlMDIxa05wd1hXTnB6aVhTZXBrL3NlN1d0bXgxYmdUb1FWYjhuY0Y4RGpFSUx4NnVTelRPUTZuU3lJL3NBR0grWXRiY0lZSDYwTXZYVTRMY2Z5Q0xKYTlzTG5pMElUck9IMVFobzBYODI2ZHRrcXRnZ015M3NCbW1sOXowQTBxeC9wZkc2V3Y1N0JWZm9QU2JORmZMZ3lRMUlINGtiN0RuYXdKbjAyNWhwSElldE9rK1pJZXRuSUw3SGpSRldhR2M5YmJxSndSck1PSUl0SEdsQ1Y0RHNXK0FVanNJRGxUaVFIaFBpQ2hOUWQ0SHJ0ckVYTnk2M3EyMUViUWtpMC9EZTgxRG9ZUnh6VXZHenE5VlFTU21GWTNiMkxmajdyb2NSd1RaZzFXQTcxditoaTBONHpTS0tXZWlOenMzbXF5TkZERnRSOEJIRXE1SEQwbmJZSnpTTWhPWGd0ek81NHNpQmliZWZycThuQWFNdnppRmltWWh2eGY5R2w2VDc1YnVoNjNiUkVOejJjNi9uWjg5WGE5b1o5MzZhZHV3aVdwV3BBR1pJeWc4TWl3ODI3UHBIaEZkZmdJc04zcW1WQlh3UTUyNVBmQ252NXh5ZXB4dmw2Qzc4VTJ6bk1wWUpJdz09\"'  \"  data-widgetId = 08974e8><div class=\"grid-item metro-item  tp-col-lg-4 tp-col-md-6 tp-col-sm-12 tp-col-12  \"><article id=\"post-28791\" class=\"post-28791 post type-post status-publish format-standard has-post-thumbnail hentry category-neuigkeiten\">\n\t<div class=\"blog-list-content\">\n\t\t\t\t<div class=\"post-content-bottom\">\n\t\t\t<a href=\"https:\/\/www.igh.ch\/fr\/neuigkeiten\/neuer-katalog-hsb-heizsysteme-und-brenner-ag\/\" class=\"post-bg-image-content\"><div class=\"blog-bg-image-metro \" style=\"background:url(https:\/\/www.igh.ch\/wp-content\/uploads\/HSB_gross-768x768.png) #f7f7f7;\"><\/div><\/a>\n\t\t\t<div class=\"post-metro-content\">\n\t\t\t\t\t\t\t\t<h3 class=\"post-title\">\n\t<a href=\"https:\/\/www.igh.ch\/fr\/neuigkeiten\/neuer-katalog-hsb-heizsysteme-und-brenner-ag\/\" class=\"normal\">Nouveau catalogue: HSB Heizsysteme und Brenner AG<\/a>\n<\/h3>\n\t\t\t\t\t\t\t\t\t<div class=\"post-hover-content\">\n\t\t\t\t\t\t<div class=\"entry-content\">\n\t<p>HSB Heizsysteme und Brenner AG publie d\u00e9sormais un catalogue allemand au format...<\/p>\n<\/div>\n\t\t\t\t\t<\/div>\n\t\t\t\t\t\t\t\t\t\t\t\t\t<div class=\"post-meta-info style-1\"><span class=\"meta-date\"><a href=\"https:\/\/www.igh.ch\/fr\/neuigkeiten\/neuer-katalog-hsb-heizsysteme-und-brenner-ag\/\"><span class=\"entry-date\">20 mars 2026<\/span><\/a><\/span>\n<\/div>\t\t\t\t\t\t\t\t\t\t\t<\/div>\n\t\t<\/div>\t\t\n\t\t\t<\/div>\n<\/article>\n<\/div><div class=\"grid-item metro-item  tp-col-lg-4 tp-col-md-6 tp-col-sm-12 tp-col-12  \"><article id=\"post-28584\" class=\"post-28584 post type-post status-publish format-standard has-post-thumbnail hentry category-neuigkeiten\">\n\t<div class=\"blog-list-content\">\n\t\t\t\t<div class=\"post-content-bottom\">\n\t\t\t<a href=\"https:\/\/www.igh.ch\/fr\/neuigkeiten\/rueckblick-igh-mitgliederversammlung-2026\/\" class=\"post-bg-image-content\"><div class=\"blog-bg-image-metro \" style=\"background:url(https:\/\/www.igh.ch\/wp-content\/uploads\/NussbaumOptinauta.png) #f7f7f7;\"><\/div><\/a>\n\t\t\t<div class=\"post-metro-content\">\n\t\t\t\t\t\t\t\t<h3 class=\"post-title\">\n\t<a href=\"https:\/\/www.igh.ch\/fr\/neuigkeiten\/rueckblick-igh-mitgliederversammlung-2026\/\" class=\"normal\">Assembl\u00e9e des membres IGH 2026<\/a>\n<\/h3>\n\t\t\t\t\t\t\t\t\t<div class=\"post-hover-content\">\n\t\t\t\t\t\t<div class=\"entry-content\">\n\t<p>chez R. Nussbaum AG \u00e0 Trimbach <\/p>\n<\/div>\n\t\t\t\t\t<\/div>\n\t\t\t\t\t\t\t\t\t\t\t\t\t<div class=\"post-meta-info style-1\"><span class=\"meta-date\"><a href=\"https:\/\/www.igh.ch\/fr\/neuigkeiten\/rueckblick-igh-mitgliederversammlung-2026\/\"><span class=\"entry-date\">18 mars 2026<\/span><\/a><\/span>\n<\/div>\t\t\t\t\t\t\t\t\t\t\t<\/div>\n\t\t<\/div>\t\t\n\t\t\t<\/div>\n<\/article>\n<\/div><div class=\"grid-item metro-item  tp-col-lg-4 tp-col-md-6 tp-col-sm-12 tp-col-12  \"><article id=\"post-27586\" class=\"post-27586 post type-post status-publish format-standard has-post-thumbnail hentry category-neuigkeiten\">\n\t<div class=\"blog-list-content\">\n\t\t\t\t<div class=\"post-content-bottom\">\n\t\t\t<a href=\"https:\/\/www.igh.ch\/fr\/neuigkeiten\/nouveau-membre-igh-glas-trosch-ag-zweigniederlassung-gossau\/\" class=\"post-bg-image-content\"><div class=\"blog-bg-image-metro \" style=\"background:url(https:\/\/www.igh.ch\/wp-content\/uploads\/Glas-Troesch.jpeg) #f7f7f7;\"><\/div><\/a>\n\t\t\t<div class=\"post-metro-content\">\n\t\t\t\t\t\t\t\t<h3 class=\"post-title\">\n\t<a href=\"https:\/\/www.igh.ch\/fr\/neuigkeiten\/nouveau-membre-igh-glas-trosch-ag-zweigniederlassung-gossau\/\" class=\"normal\">Nouveau membre IGH: Glas Tr\u00f6sch AG, Zweigniederlassung Gossau<\/a>\n<\/h3>\n\t\t\t\t\t\t\t\t\t<div class=\"post-hover-content\">\n\t\t\t\t\t\t<div class=\"entry-content\">\n\t<p>\u00c0 compter du 1er juin 2026, Glas Tr\u00f6sch AG fera \u00e9galement partie...<\/p>\n<\/div>\n\t\t\t\t\t<\/div>\n\t\t\t\t\t\t\t\t\t\t\t\t\t<div class=\"post-meta-info style-1\"><span class=\"meta-date\"><a href=\"https:\/\/www.igh.ch\/fr\/neuigkeiten\/nouveau-membre-igh-glas-trosch-ag-zweigniederlassung-gossau\/\"><span class=\"entry-date\">27 f\u00e9vrier 2026<\/span><\/a><\/span>\n<\/div>\t\t\t\t\t\t\t\t\t\t\t<\/div>\n\t\t<\/div>\t\t\n\t\t\t<\/div>\n<\/article>\n<\/div><\/div><div class=\"ajax_load_more\"><a class=\"post-load-more\" data-load-class=\"post69e54073d89a5\" data-layout=\"grid\"    data-offset-posts=\"\" data-display_post=\"3\"  data-post_load_more=\"3\" data-page=\"1\" data-total_page=\"12\" data-loaded_posts=\"Tous les contenus charg\u00e9s.\" data-tp_loading_text=\"Charger sur ...\" data-url-para=\"\" data-loadattr= 'bzAzOUJCb0dnSFByU01YbUNVc1Q0U2xWbGRyL2x2N2Ztd0dkUm9taW45YkUzcXIwRFYyRkEwNEc4S252TjFXekRJSlhjc2lDcWtTT2ZjS3k5TlFNcUFUOTNZNERTenFXNlJ6Vnluc3ZHMEk0eVJPZUF4d2tsaHVHOWZOT0JiZkZrRTV4V2t4Mk5lYlpHeGNWbkRqRU90SEEwM3dIQWJlaVp5L05YUlVIMnNSNExETUllODJLelE0R3JobDZGUVJUb3d3RTBNMDhFK3p2ZVVuR2pjV1kybW56V0ZpNWlEc081SGdQS3M3bUJiNytCSWJ2NVZzM0N4UG9nd3o0Nk41Rnpsa2JGM2pGNkVjZDZzQmRVeE0vaVZ5aTB3aWo4cXVtVGZQSGRCU09lQWYrcmU4aW5JNkh4bkdKaW1KcVV1MUNXTC9qN0VEVnlKaVdUWDNFZjNvMkM5YVhtc0NSVXJabVVMdnZPQllObUdzZktvaFErUGtpVVZCOUx2U1JiMjVNdzRYdmlGTXY5Y3pSRUFKNCtqQURiamgxMDk1YWt3N2lrQy9wSEh4QmoyWG44ditlSGVVUlR2eEZwbU5YM0FwWmlGT1RtSG1aQ2JvRmRaT2pZd3pHaFlMZVJTejZGZWVaRS9JMk54b2FKS1dzaEtzdlgrTWpmOENJaGxPZzJrUElLdkVRdng2RmttNW02eWgyTE92VVcyVUlLMFFiREpZRXcxbW4xQjdZN0wvdTRYbjFyeU1TZDB3Tm43RlNQNVdOYllxTG5xdFd2ZmQ1ODBhcGNlaHJoWldHSjg1RVg5dmFWNXdVMkltODhOYjI3bGs4NVdYVlk5QStVakRCbTcrbER5MFhUSXdiWmZVbFVlOTV3TVVSZXdsbmw1ejVrM0k4Mk9kMXB2ZTBGa1E4aEZFMmxaa2kzMGRwUkNoWFNaU25aQVhuaEdiekpLT2NhSlBKeWZodVVvc2NyUmoya3dZV2ZDN0VxZ3ltUDEvUlpSSkV2bklvVGdPMnE1M0JCYlJGVFM0V1hnQTdZOXZQemhIdGFBeXRISlhKSlpYbGR3c2txZTYva2lkcHROSGNwbFVPaTM1L3M4aTZmSWdsbTRsa3JpUExhT3k5bjVpVnJ3SFVkSC81Vk5XdldxbkZHRDB0TFpPNW4rOTNQMnNXdlIwYm55Vy8xbjAzanJzZ3d1THd4NmVXbGRRUU5OL1lNcGpQd2FhdGUxc09RamtOcFZOd0grQ3JnZVlBZWZ0NnNGWjhVNDRLbU5VTjZYZncvMW9PVzhaVnVOVDNUcnNzbUYySVJNQzE1emJkOEJUL1dKbUtEbjNqa3hhNjdnc2NkOGE0aWdHWHIzRDBHeUx6cDBQNVZudm1xL1g0dUE1bUJDT05aZTdVOTh5d01vQWpvNDVjMU1iNDRLM2lPV3hEWlc1a21Vc2JoOXFEd0JlL1hSd2JHOWlMN09CVzdWV0JoN2xVNXBSTWRYdEhDR0VyMEtyZXdwVytISHZ4TjA1cEV5cFpZb0xzR2RhZVdHWUtRNUZEdGovUmREWkVFN2JsQVlsWm9ISnpaTnZsZEZEdHl5aFpIS3haa1NIWXJKbmhySURvM1NWL1p2R2doTEwvQ0YwRnpnK1JLeHVhSmFKY3lUbGlCcEhyVmhGWmEzUXk5UUdyWkcrVnp5SysxeHZ4MWNiWU91RVByUjhyd1FURmMwUEl4RFpWcWUyMWZqQlZwSnljeUFuOTlBdXo3azVuVGM0ZVJOWlVWVlZUTTZhNDBUSHUrRjlpUlpvNWwwNVZQK25PeU8rSG5NOVdFVEJ6N3ZjazBFQS9GbU5VVmJUOUR4c3VOVjZlMC8rSXlJUnFEMURaZ1QvaGpkbTRuKzNMT294Ni9KSlFSKzVsdkgzQ1JCajZ0ZGoybWFMNHhSbng3WVYzSEFIbUhSSkMzaENqcGUzc1hOM2hucWw5ek5BNEdzOVNwNjFFMHhKazcweWowNU5XdzBjSDl5ZGQzWThRcTFUV1ZwYlo2dHlFRlhnSnpQcWNBQncxa2E3aVRDVndMV1lIOGQyNXF1SWR0NmhRLzcyM3lQbkY4cmQvdXZYWUxPUWxuUWMyeCt1WWQ3dHJqcmkydXF2b3hURmV6d3RqUk1jSHIvUS84K3Fnb1hmTWRSVGw3WEZjL3I1cUswQVUxUUNDTFRlZytWeVRpN1ZPV0xEc21pM3JNL0dlMDIxa05wd1hXTnB6aVhTZXBrL3NlN1d0bXgxYmdUb1FWYjhuY0Y4RGpFSUx4NnVTelRPUTZuU3lJL3NBR0grWXRiY0lZSDYwTXZYVTRMY2Z5Q0xKYTlzTG5pMElUck9IMVFobzBYODI2ZHRrcXRnZ015M3NCbW1sOXowQTBxeC9wZkc2V3Y1N0JWZm9QU2JORmZMZ3lRMUlINGtiN0RuYXdKbjAyNWhwSElldE9rK1pJZXRuSUw3SGpSRldhR2M5YmJxSndSck1PSUl0SEdsQ1Y0RHNXK0FVanNJRGxUaVFIaFBpQ2hOUWQ0SHJ0ckVYTnk2M3EyMUViUWtpMC9EZTgxRG9ZUnh6VXZHenE5VlFTU21GWTNiMkxmajdyb2NSd1RaZzFXQTcxditoaTBONHpTS0tXZWlOenMzbXF5TkZERnRSOEJIRXE1SEQwbmJZSnpTTWhPWGd0ek81NHNpQmliZWZycThuQWFNdnppRmltWWh2eGY5R2w2VDc1YnVoNjNiUkVOejJjNi9uWjg5WGE5b1o5MzZhZHV3aVdwV3BBR1pJeWc4TWl3ODI3UHBIaEZkZmdJc04zcW1WQlh3UTUyNVBmQ252NXh5ZXB4dmw2Qzc4VTJ6bk1wWUpJdz09'>charger d&#039;autres entr\u00e9es<\/a><\/div><\/div>\t\t\t\t<\/div>\n\t\t\t\t<\/div>\n\t\t\t\t\t<\/div>\n\t\t\t\t<\/div>\n\t\t<div class=\"elementor-element elementor-element-e474cc8 e-flex e-con-boxed e-con e-parent\" data-id=\"e474cc8\" data-element_type=\"container\" data-e-type=\"container\" data-settings=\"{&quot;background_background&quot;:&quot;classic&quot;}\">\n\t\t\t\t\t<div class=\"e-con-inner\">\n\t\t<div class=\"elementor-element elementor-element-3949701 e-con-full e-flex e-con e-child\" data-id=\"3949701\" data-element_type=\"container\" data-e-type=\"container\" data-settings=\"{&quot;background_background&quot;:&quot;classic&quot;}\">\n\t\t\t\t<div class=\"elementor-element elementor-element-884c706 elementor-widget elementor-widget-heading\" data-id=\"884c706\" data-element_type=\"widget\" data-e-type=\"widget\" data-widget_type=\"heading.default\">\n\t\t\t\t\t<h2 class=\"elementor-heading-title elementor-size-default\">LinkedIn\n<\/h2>\t\t\t\t<\/div>\n\t\t\t\t<div class=\"elementor-element elementor-element-58c064e elementor-widget elementor-widget-html\" data-id=\"58c064e\" data-element_type=\"widget\" data-e-type=\"widget\" data-widget_type=\"html.default\">\n\t\t\t\t\t<style>\n    .Main__Inner-sc-129s5zi-0.czsnFa {\n  max-width: 1920px !important;\n}\n<\/style>\n<script src=\"https:\/\/static.elfsight.com\/platform\/platform.js\" async><\/script>\n<div class=\"elfsight-app-477fa3dd-8ba9-4c29-84c9-0518f44c0a60\" data-elfsight-app-lazy><\/div>\t\t\t\t<\/div>\n\t\t\t\t<\/div>\n\t\t\t\t\t<\/div>\n\t\t\t\t<\/div>\n\t\t\t\t<\/div>\n\t\t","protected":false},"excerpt":{"rendered":"<p>Savoir-faire Technique Coordination pour un \u00e9changede donn\u00e9es normalis\u00e9 En un coup d&rsquo;\u0153il En tant qu&rsquo;association, IGH poursuit les objectifs communs de ses membres. Cela comprend des normes pour l&rsquo;\u00e9change de donn\u00e9es B2B entre les membres et leurs clients. Mais le portefeuille d&rsquo;IGH comprend \u00e9galement des services et des produits qui permettent et soutiennent l&rsquo;\u00e9change. Vers [&hellip;]<\/p>\n","protected":false},"author":1,"featured_media":0,"parent":0,"menu_order":0,"comment_status":"closed","ping_status":"closed","template":"","meta":{"footnotes":""},"class_list":["post-9506","page","type-page","status-publish","hentry"],"_links":{"self":[{"href":"https:\/\/www.igh.ch\/fr\/wp-json\/wp\/v2\/pages\/9506","targetHints":{"allow":["GET"]}}],"collection":[{"href":"https:\/\/www.igh.ch\/fr\/wp-json\/wp\/v2\/pages"}],"about":[{"href":"https:\/\/www.igh.ch\/fr\/wp-json\/wp\/v2\/types\/page"}],"author":[{"embeddable":true,"href":"https:\/\/www.igh.ch\/fr\/wp-json\/wp\/v2\/users\/1"}],"replies":[{"embeddable":true,"href":"https:\/\/www.igh.ch\/fr\/wp-json\/wp\/v2\/comments?post=9506"}],"version-history":[{"count":3,"href":"https:\/\/www.igh.ch\/fr\/wp-json\/wp\/v2\/pages\/9506\/revisions"}],"predecessor-version":[{"id":27042,"href":"https:\/\/www.igh.ch\/fr\/wp-json\/wp\/v2\/pages\/9506\/revisions\/27042"}],"wp:attachment":[{"href":"https:\/\/www.igh.ch\/fr\/wp-json\/wp\/v2\/media?parent=9506"}],"curies":[{"name":"wp","href":"https:\/\/api.w.org\/{rel}","templated":true}]}}