{"id":10619,"date":"2022-12-07T18:44:53","date_gmt":"2022-12-07T17:44:53","guid":{"rendered":"https:\/\/igh01.worksite.ch\/?page_id=10619"},"modified":"2023-10-18T14:33:52","modified_gmt":"2023-10-18T12:33:52","slug":"impressum","status":"publish","type":"page","link":"https:\/\/www.igh.ch\/fr\/impressum\/","title":{"rendered":"Empreinte"},"content":{"rendered":"\t\t<div data-elementor-type=\"wp-page\" data-elementor-id=\"10619\" class=\"elementor elementor-10619 elementor-8613\" data-elementor-post-type=\"page\">\n\t\t\t\t<div class=\"elementor-element elementor-element-2fbbdfb e-flex e-con-boxed e-con e-parent\" data-id=\"2fbbdfb\" data-element_type=\"container\" data-e-type=\"container\" data-settings=\"{&quot;background_background&quot;:&quot;classic&quot;}\">\n\t\t\t\t\t<div class=\"e-con-inner\">\n\t\t<div class=\"elementor-element elementor-element-654f03b e-con-full e-flex e-con e-parent\" data-id=\"654f03b\" data-element_type=\"container\" data-e-type=\"container\" data-settings=\"{&quot;background_background&quot;:&quot;classic&quot;}\">\n\t\t\t\t<div class=\"elementor-element elementor-element-165f5ed elementor-invisible elementor-widget elementor-widget-heading\" data-id=\"165f5ed\" data-element_type=\"widget\" data-e-type=\"widget\" data-settings=\"{&quot;_animation&quot;:&quot;fadeInDown&quot;}\" data-widget_type=\"heading.default\">\n\t\t\t\t\t<h1 class=\"elementor-heading-title elementor-size-default\">Empreinte<\/h1>\t\t\t\t<\/div>\n\t\t\t\t<div class=\"elementor-element elementor-element-0e5ccdf elementor-widget elementor-widget-html\" data-id=\"0e5ccdf\" data-element_type=\"widget\" data-e-type=\"widget\" data-widget_type=\"html.default\">\n\t\t\t\t\t<nav aria-label=\"breadcrumbs\" class=\"rank-math-breadcrumb\"><p><span class=\"last\">Home<\/span><\/p><\/nav>\t\t\t\t<\/div>\n\t\t\t\t<\/div>\n\t\t\t\t\t<\/div>\n\t\t\t\t<\/div>\n\t\t<div class=\"elementor-element elementor-element-3de434a e-flex e-con-boxed e-con e-parent\" data-id=\"3de434a\" data-element_type=\"container\" data-e-type=\"container\" data-settings=\"{&quot;background_background&quot;:&quot;classic&quot;}\">\n\t\t\t\t\t<div class=\"e-con-inner\">\n\t\t<div class=\"elementor-element elementor-element-312c8a1d e-con-full e-flex e-con e-parent\" data-id=\"312c8a1d\" data-element_type=\"container\" data-e-type=\"container\" data-settings=\"{&quot;background_background&quot;:&quot;classic&quot;}\">\n\t\t<div class=\"elementor-element elementor-element-2109a960 e-flex e-con-boxed e-con e-parent\" data-id=\"2109a960\" data-element_type=\"container\" data-e-type=\"container\" data-settings=\"{&quot;background_background&quot;:&quot;classic&quot;}\">\n\t\t\t\t\t<div class=\"e-con-inner\">\n\t\t\t\t<div class=\"elementor-element elementor-element-2a51e720 elementor-invisible elementor-widget elementor-widget-heading\" data-id=\"2a51e720\" data-element_type=\"widget\" data-e-type=\"widget\" data-settings=\"{&quot;_animation&quot;:&quot;fadeInDown&quot;}\" data-widget_type=\"heading.default\">\n\t\t\t\t\t<h2 class=\"elementor-heading-title elementor-size-default\">R\u00e9daction web<\/h2>\t\t\t\t<\/div>\n\t\t\t\t<div class=\"elementor-element elementor-element-45a30bb elementor-invisible elementor-widget elementor-widget-text-editor\" data-id=\"45a30bb\" data-element_type=\"widget\" data-e-type=\"widget\" data-settings=\"{&quot;_animation&quot;:&quot;fadeInDown&quot;,&quot;_animation_delay&quot;:200}\" data-widget_type=\"text-editor.default\">\n\t\t\t\t\t\t\t\t\t<div><strong>IGH<\/strong><br \/>Interessengemeinschaft Datenverbund<br \/>Auf der Mauer 9<br \/>8001 Z\u00fcrich<\/div>\t\t\t\t\t\t\t\t<\/div>\n\t\t\t\t<div class=\"elementor-element elementor-element-e4d4fc7 elementor-invisible elementor-widget elementor-widget-text-editor\" data-id=\"e4d4fc7\" data-element_type=\"widget\" data-e-type=\"widget\" data-settings=\"{&quot;_animation&quot;:&quot;fadeInDown&quot;,&quot;_animation_delay&quot;:200}\" data-widget_type=\"text-editor.default\">\n\t\t\t\t\t\t\t\t\t<div><strong>R\u00e9daction<\/strong><br \/>Claudia Sch\u00f6n &amp; Kurt Zwimpfer<\/div>\t\t\t\t\t\t\t\t<\/div>\n\t\t\t\t<div class=\"elementor-element elementor-element-0c1cca9 elementor-invisible elementor-widget elementor-widget-button\" data-id=\"0c1cca9\" data-element_type=\"widget\" data-e-type=\"widget\" data-settings=\"{&quot;_animation&quot;:&quot;fadeInDown&quot;}\" data-widget_type=\"button.default\">\n\t\t\t\t\t\t\t\t\t\t<a class=\"elementor-button elementor-button-link elementor-size-sm elementor-animation-grow\" href=\"#kontaktformular\">\n\t\t\t\t\t\t<span class=\"elementor-button-content-wrapper\">\n\t\t\t\t\t\t\t\t\t<span class=\"elementor-button-text\">Formulaire de contact<\/span>\n\t\t\t\t\t<\/span>\n\t\t\t\t\t<\/a>\n\t\t\t\t\t\t\t\t<\/div>\n\t\t\t\t<div class=\"elementor-element elementor-element-2454cd4 elementor-invisible elementor-widget elementor-widget-text-editor\" data-id=\"2454cd4\" data-element_type=\"widget\" data-e-type=\"widget\" data-settings=\"{&quot;_animation&quot;:&quot;fadeInDown&quot;}\" data-widget_type=\"text-editor.default\">\n\t\t\t\t\t\t\t\t\t<p><a style=\"color: #ffffff; text-decoration: none;\" href=\"tel:+41442602705\">T\u00e9l\u00e9phone +41 44 260 27 05<\/a><\/p>\t\t\t\t\t\t\t\t<\/div>\n\t\t\t\t\t<\/div>\n\t\t\t\t<\/div>\n\t\t\t\t<\/div>\n\t\t<div class=\"elementor-element elementor-element-1ab1c9c9 e-con-full e-flex e-con e-parent\" data-id=\"1ab1c9c9\" data-element_type=\"container\" data-e-type=\"container\" data-settings=\"{&quot;background_background&quot;:&quot;video&quot;,&quot;background_video_link&quot;:&quot;https:\\\/\\\/www.igh.ch\\\/wp-content\\\/uploads\\\/2022\\\/07\\\/1280x720_igh-zuerich-fluss.mp4&quot;,&quot;background_play_on_mobile&quot;:&quot;yes&quot;}\">\n\t\t<div class=\"elementor-background-video-container\">\n\t\t\t\t\t\t\t<video class=\"elementor-background-video-hosted\" role=\"presentation\" autoplay muted playsinline loop><\/video>\n\t\t\t\t\t<\/div><div class=\"elementor-element elementor-element-38581ee0 e-con-full e-flex e-con e-parent\" data-id=\"38581ee0\" data-element_type=\"container\" data-e-type=\"container\" data-settings=\"{&quot;background_background&quot;:&quot;classic&quot;}\">\n\t\t\t\t<div class=\"elementor-element elementor-element-43860ab7 elementor-widget elementor-widget-image\" data-id=\"43860ab7\" data-element_type=\"widget\" data-e-type=\"widget\" data-widget_type=\"image.default\">\n\t\t\t\t\t\t\t\t\t\t\t\t\t\t\t<img fetchpriority=\"high\" decoding=\"async\" width=\"640\" height=\"512\" src=\"https:\/\/www.igh.ch\/wp-content\/uploads\/2022\/06\/people-roof1-1.svg\" class=\"attachment-large size-large wp-image-1101\" alt=\"\" \/>\t\t\t\t\t\t\t\t\t\t\t\t\t\t\t<\/div>\n\t\t\t\t<\/div>\n\t\t\t\t<\/div>\n\t\t\t\t\t<\/div>\n\t\t\t\t<\/div>\n\t\t<div class=\"elementor-element elementor-element-75319f7 e-flex e-con-boxed e-con e-parent\" data-id=\"75319f7\" data-element_type=\"container\" data-e-type=\"container\" data-settings=\"{&quot;background_background&quot;:&quot;classic&quot;}\">\n\t\t\t\t\t<div class=\"e-con-inner\">\n\t\t<div class=\"elementor-element elementor-element-803df9e e-con-full e-flex e-con e-parent\" data-id=\"803df9e\" data-element_type=\"container\" data-e-type=\"container\">\n\t\t\t\t<div class=\"elementor-element elementor-element-7fca3e7 elementor-widget elementor-widget-image\" data-id=\"7fca3e7\" data-element_type=\"widget\" data-e-type=\"widget\" data-widget_type=\"image.default\">\n\t\t\t\t\t\t\t\t\t\t\t\t\t\t\t<img decoding=\"async\" width=\"800\" height=\"533\" src=\"https:\/\/www.igh.ch\/wp-content\/uploads\/2022\/12\/impressum-webcandy-ag.png\" class=\"attachment-large size-large wp-image-8626\" alt=\"\" srcset=\"https:\/\/www.igh.ch\/wp-content\/uploads\/2022\/12\/impressum-webcandy-ag.png 900w, https:\/\/www.igh.ch\/wp-content\/uploads\/2022\/12\/impressum-webcandy-ag-300x200.png 300w, https:\/\/www.igh.ch\/wp-content\/uploads\/2022\/12\/impressum-webcandy-ag-768x512.png 768w\" sizes=\"(max-width: 800px) 100vw, 800px\" \/>\t\t\t\t\t\t\t\t\t\t\t\t\t\t\t<\/div>\n\t\t\t\t<\/div>\n\t\t<div class=\"elementor-element elementor-element-81ec31f e-con-full e-flex e-con e-parent\" data-id=\"81ec31f\" data-element_type=\"container\" data-e-type=\"container\">\n\t\t\t\t<div class=\"elementor-element elementor-element-9aa7adf elementor-invisible elementor-widget elementor-widget-heading\" data-id=\"9aa7adf\" data-element_type=\"widget\" data-e-type=\"widget\" data-settings=\"{&quot;_animation&quot;:&quot;fadeInDown&quot;}\" data-widget_type=\"heading.default\">\n\t\t\t\t\t<h2 class=\"elementor-heading-title elementor-size-default\">D\u00e9veloppement web<\/h2>\t\t\t\t<\/div>\n\t\t\t\t<div class=\"elementor-element elementor-element-f6a6f84 elementor-invisible elementor-widget elementor-widget-heading\" data-id=\"f6a6f84\" data-element_type=\"widget\" data-e-type=\"widget\" data-settings=\"{&quot;_animation&quot;:&quot;fadeInDown&quot;}\" data-widget_type=\"heading.default\">\n\t\t\t\t\t<h3 class=\"elementor-heading-title elementor-size-default\">Programmation, design et r\u00e9alisation num\u00e9rique<\/h3>\t\t\t\t<\/div>\n\t\t\t\t<div class=\"elementor-element elementor-element-3cf4ddc elementor-invisible elementor-widget elementor-widget-text-editor\" data-id=\"3cf4ddc\" data-element_type=\"widget\" data-e-type=\"widget\" data-settings=\"{&quot;_animation&quot;:&quot;fadeInDown&quot;}\" data-widget_type=\"text-editor.default\">\n\t\t\t\t\t\t\t\t\t<p>Webcandy AG a d\u00e9velopp\u00e9 le site web.<\/p>\t\t\t\t\t\t\t\t<\/div>\n\t\t\t\t<div class=\"elementor-element elementor-element-3e8022c elementor-invisible elementor-widget elementor-widget-heading\" data-id=\"3e8022c\" data-element_type=\"widget\" data-e-type=\"widget\" data-settings=\"{&quot;_animation&quot;:&quot;fadeInDown&quot;}\" data-widget_type=\"heading.default\">\n\t\t\t\t\t<h3 class=\"elementor-heading-title elementor-size-default\">Webcandy AG<\/h3>\t\t\t\t<\/div>\n\t\t\t\t<div class=\"elementor-element elementor-element-b0d5939 elementor-invisible elementor-widget elementor-widget-text-editor\" data-id=\"b0d5939\" data-element_type=\"widget\" data-e-type=\"widget\" data-settings=\"{&quot;_animation&quot;:&quot;fadeInDown&quot;}\" data-widget_type=\"text-editor.default\">\n\t\t\t\t\t\t\t\t\t<p>Ebnetstrasse 56<br \/>8132 Egg<br \/><a href=\"https:\/\/www.webcandy.ch\" rel=\"noopener\">https:\/\/www.webcandy.ch<\/a><\/p>\t\t\t\t\t\t\t\t<\/div>\n\t\t\t\t<\/div>\n\t\t\t\t\t<\/div>\n\t\t\t\t<\/div>\n\t\t\t\t<\/div>\n\t\t","protected":false},"excerpt":{"rendered":"<p>Empreinte R\u00e9daction web IGHInteressengemeinschaft DatenverbundAuf der Mauer 98001 Z\u00fcrichR\u00e9dactionClaudia Sch\u00f6n &amp; Kurt Zwimpfer Formulaire de contact T\u00e9l\u00e9phone +41 44 260 27 05 D\u00e9veloppement web Programmation, design et r\u00e9alisation num\u00e9rique Webcandy AG a d\u00e9velopp\u00e9 le site web. Webcandy AG Ebnetstrasse 568132 Egghttps:\/\/www.webcandy.ch<\/p>\n","protected":false},"author":1,"featured_media":0,"parent":0,"menu_order":6,"comment_status":"closed","ping_status":"closed","template":"","meta":{"footnotes":""},"class_list":["post-10619","page","type-page","status-publish","hentry"],"_links":{"self":[{"href":"https:\/\/www.igh.ch\/fr\/wp-json\/wp\/v2\/pages\/10619","targetHints":{"allow":["GET"]}}],"collection":[{"href":"https:\/\/www.igh.ch\/fr\/wp-json\/wp\/v2\/pages"}],"about":[{"href":"https:\/\/www.igh.ch\/fr\/wp-json\/wp\/v2\/types\/page"}],"author":[{"embeddable":true,"href":"https:\/\/www.igh.ch\/fr\/wp-json\/wp\/v2\/users\/1"}],"replies":[{"embeddable":true,"href":"https:\/\/www.igh.ch\/fr\/wp-json\/wp\/v2\/comments?post=10619"}],"version-history":[{"count":0,"href":"https:\/\/www.igh.ch\/fr\/wp-json\/wp\/v2\/pages\/10619\/revisions"}],"wp:attachment":[{"href":"https:\/\/www.igh.ch\/fr\/wp-json\/wp\/v2\/media?parent=10619"}],"curies":[{"name":"wp","href":"https:\/\/api.w.org\/{rel}","templated":true}]}}