{"id":10219,"date":"2022-08-25T08:48:27","date_gmt":"2022-08-25T06:48:27","guid":{"rendered":"https:\/\/igh01.worksite.ch\/?page_id=10219"},"modified":"2025-10-20T10:55:42","modified_gmt":"2025-10-20T08:55:42","slug":"kataloggenerator","status":"publish","type":"page","link":"https:\/\/www.igh.ch\/fr\/produkte\/it-loesungen\/kataloggenerator\/","title":{"rendered":"G\u00e9n\u00e9rateur de catalogues"},"content":{"rendered":"\t\t<div data-elementor-type=\"wp-page\" data-elementor-id=\"10219\" class=\"elementor elementor-10219 elementor-4526\" data-elementor-post-type=\"page\">\n\t\t\t\t<div class=\"elementor-element elementor-element-abf8ac6 e-flex e-con-boxed e-con e-parent\" data-id=\"abf8ac6\" data-element_type=\"container\" data-e-type=\"container\" data-settings=\"{&quot;background_background&quot;:&quot;classic&quot;}\">\n\t\t\t\t\t<div class=\"e-con-inner\">\n\t\t<div class=\"elementor-element elementor-element-3630cfa e-con-full e-flex e-con e-child\" data-id=\"3630cfa\" data-element_type=\"container\" data-e-type=\"container\" data-settings=\"{&quot;background_background&quot;:&quot;classic&quot;}\">\n\t\t\t\t<div class=\"elementor-element elementor-element-fd91567 elementor-invisible elementor-widget elementor-widget-heading\" data-id=\"fd91567\" data-element_type=\"widget\" data-e-type=\"widget\" data-settings=\"{&quot;_animation&quot;:&quot;fadeInDown&quot;}\" data-widget_type=\"heading.default\">\n\t\t\t\t\t<h1 class=\"elementor-heading-title elementor-size-default\">G\u00e9n\u00e9rateur de catalogues<\/h1>\t\t\t\t<\/div>\n\t\t\t\t<div class=\"elementor-element elementor-element-f895fdb elementor-widget elementor-widget-html\" data-id=\"f895fdb\" data-element_type=\"widget\" data-e-type=\"widget\" data-widget_type=\"html.default\">\n\t\t\t\t\t<nav aria-label=\"breadcrumbs\" class=\"rank-math-breadcrumb\"><p><span class=\"last\">Home<\/span><\/p><\/nav>\t\t\t\t<\/div>\n\t\t\t\t<\/div>\n\t\t\t\t\t<\/div>\n\t\t\t\t<\/div>\n\t\t<div class=\"elementor-element elementor-element-62f2994 e-flex e-con-boxed e-con e-parent\" data-id=\"62f2994\" data-element_type=\"container\" data-e-type=\"container\" data-settings=\"{&quot;background_background&quot;:&quot;classic&quot;}\">\n\t\t\t\t\t<div class=\"e-con-inner\">\n\t\t<div class=\"elementor-element elementor-element-d424faf e-con-full e-flex e-con e-child\" data-id=\"d424faf\" data-element_type=\"container\" data-e-type=\"container\" data-settings=\"{&quot;background_background&quot;:&quot;classic&quot;}\">\n\t\t<div class=\"elementor-element elementor-element-8006466 e-flex e-con-boxed e-con e-child\" data-id=\"8006466\" data-element_type=\"container\" data-e-type=\"container\" data-settings=\"{&quot;background_background&quot;:&quot;classic&quot;}\">\n\t\t\t\t\t<div class=\"e-con-inner\">\n\t\t\t\t<div class=\"elementor-element elementor-element-b2748dc elementor-invisible elementor-widget elementor-widget-heading\" data-id=\"b2748dc\" data-element_type=\"widget\" data-e-type=\"widget\" data-settings=\"{&quot;_animation&quot;:&quot;fadeInDown&quot;}\" data-widget_type=\"heading.default\">\n\t\t\t\t\t<h2 class=\"elementor-heading-title elementor-size-default\">Donn\u00e9es de catalogue par diff\u00e9rentes voies vers DataExpert<sup>\u00ae<\/sup>BIM\n<\/h2>\t\t\t\t<\/div>\n\t\t\t\t<div class=\"elementor-element elementor-element-de278bd elementor-invisible elementor-widget elementor-widget-text-editor\" data-id=\"de278bd\" data-element_type=\"widget\" data-e-type=\"widget\" data-settings=\"{&quot;_animation&quot;:&quot;fadeInDown&quot;,&quot;_animation_delay&quot;:500}\" data-widget_type=\"text-editor.default\">\n\t\t\t\t\t\t\t\t\t<p>L&rsquo;IGH (Interessengemeinschaft Datenverbund) met \u00e0 disposition de nombreuses voies pour livrer les informations du catalogue. Dans tous les cas, les donn\u00e9es sont import\u00e9es dans la base de donn\u00e9es IGH, valid\u00e9es et pr\u00e9par\u00e9es pour la publication.<\/p>\t\t\t\t\t\t\t\t<\/div>\n\t\t\t\t\t<\/div>\n\t\t\t\t<\/div>\n\t\t\t\t<\/div>\n\t\t<div class=\"elementor-element elementor-element-92d681f e-con-full e-flex e-con e-child\" data-id=\"92d681f\" data-element_type=\"container\" data-e-type=\"container\" data-settings=\"{&quot;background_background&quot;:&quot;classic&quot;}\">\n\t\t<div class=\"elementor-element elementor-element-120e0ab e-con-full e-flex e-con e-child\" data-id=\"120e0ab\" data-element_type=\"container\" data-e-type=\"container\" data-settings=\"{&quot;background_background&quot;:&quot;classic&quot;}\">\n\t\t\t\t<div class=\"elementor-element elementor-element-24d9974 elementor-widget elementor-widget-image\" data-id=\"24d9974\" data-element_type=\"widget\" data-e-type=\"widget\" data-widget_type=\"image.default\">\n\t\t\t\t\t\t\t\t\t\t\t\t\t\t\t<img decoding=\"async\" width=\"1\" height=\"1\" src=\"https:\/\/www.igh.ch\/wp-content\/uploads\/katalog-generator1-1.svg\" class=\"attachment-large size-large wp-image-14623\" alt=\"\" \/>\t\t\t\t\t\t\t\t\t\t\t\t\t\t\t<\/div>\n\t\t\t\t<\/div>\n\t\t\t\t<\/div>\n\t\t\t\t\t<\/div>\n\t\t\t\t<\/div>\n\t\t<div class=\"elementor-element elementor-element-c15080b e-flex e-con-boxed e-con e-parent\" data-id=\"c15080b\" data-element_type=\"container\" data-e-type=\"container\" data-settings=\"{&quot;background_background&quot;:&quot;classic&quot;}\">\n\t\t\t\t\t<div class=\"e-con-inner\">\n\t\t<div class=\"elementor-element elementor-element-46964c7 e-con-full e-flex e-con e-child\" data-id=\"46964c7\" data-element_type=\"container\" data-e-type=\"container\">\n\t\t\t\t<div class=\"elementor-element elementor-element-e0c1a2c elementor-widget elementor-widget-image\" data-id=\"e0c1a2c\" data-element_type=\"widget\" data-e-type=\"widget\" data-widget_type=\"image.default\">\n\t\t\t\t\t\t\t\t\t\t\t\t\t\t\t<img fetchpriority=\"high\" decoding=\"async\" width=\"800\" height=\"534\" src=\"https:\/\/www.igh.ch\/wp-content\/uploads\/vater-fuchs_webapplikationen_1535x1024-1024x683.jpg\" class=\"attachment-large size-large wp-image-25754\" alt=\"\" srcset=\"https:\/\/www.igh.ch\/wp-content\/uploads\/vater-fuchs_webapplikationen_1535x1024-1024x683.jpg 1024w, https:\/\/www.igh.ch\/wp-content\/uploads\/vater-fuchs_webapplikationen_1535x1024-300x200.jpg 300w, https:\/\/www.igh.ch\/wp-content\/uploads\/vater-fuchs_webapplikationen_1535x1024-768x512.jpg 768w, https:\/\/www.igh.ch\/wp-content\/uploads\/vater-fuchs_webapplikationen_1535x1024.jpg 1536w\" sizes=\"(max-width: 800px) 100vw, 800px\" \/>\t\t\t\t\t\t\t\t\t\t\t\t\t\t\t<\/div>\n\t\t\t\t<\/div>\n\t\t<div class=\"elementor-element elementor-element-4a8557d e-con-full e-flex e-con e-child\" data-id=\"4a8557d\" data-element_type=\"container\" data-e-type=\"container\">\n\t\t\t\t<div class=\"elementor-element elementor-element-ec29848 elementor-invisible elementor-widget elementor-widget-heading\" data-id=\"ec29848\" data-element_type=\"widget\" data-e-type=\"widget\" data-settings=\"{&quot;_animation&quot;:&quot;fadeInDown&quot;}\" data-widget_type=\"heading.default\">\n\t\t\t\t\t<h2 class=\"elementor-heading-title elementor-size-default\">Mod\u00e8les Excel\n<\/h2>\t\t\t\t<\/div>\n\t\t\t\t<div class=\"elementor-element elementor-element-9e3d307 elementor-invisible elementor-widget elementor-widget-text-editor\" data-id=\"9e3d307\" data-element_type=\"widget\" data-e-type=\"widget\" data-settings=\"{&quot;_animation&quot;:&quot;fadeInDown&quot;}\" data-widget_type=\"text-editor.default\">\n\t\t\t\t\t\t\t\t\t<p>Outre le mod\u00e8le d\u00e9j\u00e0 existant pour une livraison Excel, nous avons cr\u00e9\u00e9 un mod\u00e8le plus simple qui contient toutes les donn\u00e9es requises dans une seule languette (voir <a title=\"Mod\u00e8les\" href=\"https:\/\/www.igh.ch\/fr\/produkte\/dokumente\/kataloge\/\" target=\"_blank\" rel=\"noopener\">Mod\u00e8les<\/a>).<\/p>\t\t\t\t\t\t\t\t<\/div>\n\t\t\t\t<\/div>\n\t\t\t\t\t<\/div>\n\t\t\t\t<\/div>\n\t\t<div class=\"elementor-element elementor-element-c602af6 e-flex e-con-boxed e-con e-parent\" data-id=\"c602af6\" data-element_type=\"container\" data-e-type=\"container\" data-settings=\"{&quot;background_background&quot;:&quot;classic&quot;}\">\n\t\t\t\t\t<div class=\"e-con-inner\">\n\t\t<div class=\"elementor-element elementor-element-4d4f9ec e-con-full e-flex e-con e-child\" data-id=\"4d4f9ec\" data-element_type=\"container\" data-e-type=\"container\" data-settings=\"{&quot;background_background&quot;:&quot;classic&quot;}\">\n\t\t\t\t<div class=\"elementor-element elementor-element-5c8b81a elementor-invisible elementor-widget elementor-widget-heading\" data-id=\"5c8b81a\" data-element_type=\"widget\" data-e-type=\"widget\" data-settings=\"{&quot;_animation&quot;:&quot;fadeInDown&quot;}\" data-widget_type=\"heading.default\">\n\t\t\t\t\t<h2 class=\"elementor-heading-title elementor-size-default\">Excel libre<\/h2>\t\t\t\t<\/div>\n\t\t\t\t<div class=\"elementor-element elementor-element-4dba18b elementor-invisible elementor-widget elementor-widget-text-editor\" data-id=\"4dba18b\" data-element_type=\"widget\" data-e-type=\"widget\" data-settings=\"{&quot;_animation&quot;:&quot;fadeInDown&quot;}\" data-widget_type=\"text-editor.default\">\n\t\t\t\t\t\t\t\t\t<p>Les donn\u00e9es de catalogue demand\u00e9es peuvent \u00eatre fournies dans n&rsquo;importe quel format Excel. Dans ce contexte, n&rsquo;importe quel format se r\u00e9f\u00e8re au nombre de languettes et de colonnes existantes. Cela inclut \u00e9galement l&rsquo;Excel ARGE, qui est utilis\u00e9 dans le cadre de l&rsquo;\u00e9change avec ARGE Neue Medien.<\/p>\t\t\t\t\t\t\t\t<\/div>\n\t\t\t\t<\/div>\n\t\t<div class=\"elementor-element elementor-element-80478f2 e-con-full elementor-hidden-mobile e-flex e-con e-child\" data-id=\"80478f2\" data-element_type=\"container\" data-e-type=\"container\" data-settings=\"{&quot;background_background&quot;:&quot;classic&quot;}\">\n\t\t\t\t<div class=\"elementor-element elementor-element-cdbb000 elementor-widget elementor-widget-image\" data-id=\"cdbb000\" data-element_type=\"widget\" data-e-type=\"widget\" data-widget_type=\"image.default\">\n\t\t\t\t\t\t\t\t\t\t\t\t\t\t\t<img decoding=\"async\" width=\"1770\" height=\"1159\" src=\"https:\/\/www.igh.ch\/wp-content\/uploads\/vater-fuchs_praesentiert-daten-auf-tablett_1770x1159.jpg\" class=\"attachment-full size-full wp-image-25724\" alt=\"\" srcset=\"https:\/\/www.igh.ch\/wp-content\/uploads\/vater-fuchs_praesentiert-daten-auf-tablett_1770x1159.jpg 1770w, https:\/\/www.igh.ch\/wp-content\/uploads\/vater-fuchs_praesentiert-daten-auf-tablett_1770x1159-300x196.jpg 300w, https:\/\/www.igh.ch\/wp-content\/uploads\/vater-fuchs_praesentiert-daten-auf-tablett_1770x1159-1024x671.jpg 1024w, https:\/\/www.igh.ch\/wp-content\/uploads\/vater-fuchs_praesentiert-daten-auf-tablett_1770x1159-768x503.jpg 768w, https:\/\/www.igh.ch\/wp-content\/uploads\/vater-fuchs_praesentiert-daten-auf-tablett_1770x1159-1536x1006.jpg 1536w\" sizes=\"(max-width: 1770px) 100vw, 1770px\" \/>\t\t\t\t\t\t\t\t\t\t\t\t\t\t\t<\/div>\n\t\t\t\t<\/div>\n\t\t\t\t\t<\/div>\n\t\t\t\t<\/div>\n\t\t<div class=\"elementor-element elementor-element-1f4746f e-flex e-con-boxed e-con e-parent\" data-id=\"1f4746f\" data-element_type=\"container\" data-e-type=\"container\" data-settings=\"{&quot;background_background&quot;:&quot;classic&quot;}\">\n\t\t\t\t\t<div class=\"e-con-inner\">\n\t\t<div class=\"elementor-element elementor-element-19c8535 e-con-full elementor-hidden-mobile e-flex e-con e-child\" data-id=\"19c8535\" data-element_type=\"container\" data-e-type=\"container\">\n\t\t\t\t<div class=\"elementor-element elementor-element-671a5cc elementor-widget elementor-widget-image\" data-id=\"671a5cc\" data-element_type=\"widget\" data-e-type=\"widget\" data-widget_type=\"image.default\">\n\t\t\t\t\t\t\t\t\t\t\t\t\t\t\t<img loading=\"lazy\" decoding=\"async\" width=\"800\" height=\"756\" src=\"https:\/\/www.igh.ch\/wp-content\/uploads\/vater-fuchs_daumen-hoch-mit-umhang_igh-logo_900x851.jpg\" class=\"attachment-large size-large wp-image-25229\" alt=\"\" srcset=\"https:\/\/www.igh.ch\/wp-content\/uploads\/vater-fuchs_daumen-hoch-mit-umhang_igh-logo_900x851.jpg 900w, https:\/\/www.igh.ch\/wp-content\/uploads\/vater-fuchs_daumen-hoch-mit-umhang_igh-logo_900x851-300x284.jpg 300w, https:\/\/www.igh.ch\/wp-content\/uploads\/vater-fuchs_daumen-hoch-mit-umhang_igh-logo_900x851-768x726.jpg 768w\" sizes=\"(max-width: 800px) 100vw, 800px\" \/>\t\t\t\t\t\t\t\t\t\t\t\t\t\t\t<\/div>\n\t\t\t\t<\/div>\n\t\t<div class=\"elementor-element elementor-element-ee72992 e-con-full e-flex e-con e-child\" data-id=\"ee72992\" data-element_type=\"container\" data-e-type=\"container\">\n\t\t\t\t<div class=\"elementor-element elementor-element-ed91aac elementor-invisible elementor-widget elementor-widget-heading\" data-id=\"ed91aac\" data-element_type=\"widget\" data-e-type=\"widget\" data-settings=\"{&quot;_animation&quot;:&quot;fadeInDown&quot;}\" data-widget_type=\"heading.default\">\n\t\t\t\t\t<h2 class=\"elementor-heading-title elementor-size-default\">BMEcat et ETIM<\/h2>\t\t\t\t<\/div>\n\t\t\t\t<div class=\"elementor-element elementor-element-c660cd8 elementor-invisible elementor-widget elementor-widget-text-editor\" data-id=\"c660cd8\" data-element_type=\"widget\" data-e-type=\"widget\" data-settings=\"{&quot;_animation&quot;:&quot;fadeInDown&quot;}\" data-widget_type=\"text-editor.default\">\n\t\t\t\t\t\t\t\t\t<p>Le catalogue peut \u00e9galement \u00eatre livr\u00e9 sous forme de fichier BMEcat, souvent utilis\u00e9 dans l&rsquo;espace europ\u00e9en. Dans ce cas, une combinaison avec la mise \u00e0 jour des prix et du registre est \u00e9galement possible, dans la mesure o\u00f9 ils ne peuvent pas fournir d&rsquo;informations sur les prix suisses dans le fichier BMEcat.<\/p><p>La livraison de la classification ETIM dans un fichier BMEcat permet d&rsquo;enrichir les donn\u00e9es de catalogue existantes avec les donn\u00e9es ETIM. La classification ETIM a \u00e9t\u00e9 compl\u00e9t\u00e9e dans les formats de catalogue DataExpert<sup>\u00ae<\/sup> et DataExpert<sup>\u00ae<\/sup>BIM et est ainsi fournie dans chaque publication de catalogue.<\/p>\t\t\t\t\t\t\t\t<\/div>\n\t\t\t\t<\/div>\n\t\t\t\t\t<\/div>\n\t\t\t\t<\/div>\n\t\t<div class=\"elementor-element elementor-element-1ad142f e-flex e-con-boxed e-con e-parent\" data-id=\"1ad142f\" data-element_type=\"container\" data-e-type=\"container\" data-settings=\"{&quot;background_background&quot;:&quot;classic&quot;}\">\n\t\t\t\t\t<div class=\"e-con-inner\">\n\t\t<div class=\"elementor-element elementor-element-12529bc e-con-full e-flex e-con e-child\" data-id=\"12529bc\" data-element_type=\"container\" data-e-type=\"container\" data-settings=\"{&quot;background_background&quot;:&quot;classic&quot;}\">\n\t\t\t\t<div class=\"elementor-element elementor-element-e1ca21d elementor-invisible elementor-widget elementor-widget-heading\" data-id=\"e1ca21d\" data-element_type=\"widget\" data-e-type=\"widget\" data-settings=\"{&quot;_animation&quot;:&quot;fadeInDown&quot;}\" data-widget_type=\"heading.default\">\n\t\t\t\t\t<h2 class=\"elementor-heading-title elementor-size-default\">BMDG<\/h2>\t\t\t\t<\/div>\n\t\t\t\t<div class=\"elementor-element elementor-element-ce48b67 elementor-invisible elementor-widget elementor-widget-text-editor\" data-id=\"ce48b67\" data-element_type=\"widget\" data-e-type=\"widget\" data-settings=\"{&quot;_animation&quot;:&quot;fadeInDown&quot;}\" data-widget_type=\"text-editor.default\">\n\t\t\t\t\t\t\t\t\t<p>Le standard BMDG (Building Master Data Guideline) d\u00e9fini par ARGE Neue Medien doit permettre \u00e0 nos membres de publier encore plus facilement les donn\u00e9es du catalogue en Suisse \u00e9galement. L&rsquo;IGH s&rsquo;est mis d&rsquo;accord avec ARGE Neue Medien sur ce format pour l&rsquo;\u00e9change mutuel de donn\u00e9es.<\/p>\t\t\t\t\t\t\t\t<\/div>\n\t\t\t\t<\/div>\n\t\t<div class=\"elementor-element elementor-element-8198095 e-con-full elementor-hidden-mobile e-flex e-con e-child\" data-id=\"8198095\" data-element_type=\"container\" data-e-type=\"container\" data-settings=\"{&quot;background_background&quot;:&quot;classic&quot;}\">\n\t\t\t\t<div class=\"elementor-element elementor-element-14715eb elementor-widget elementor-widget-image\" data-id=\"14715eb\" data-element_type=\"widget\" data-e-type=\"widget\" data-widget_type=\"image.default\">\n\t\t\t\t\t\t\t\t\t\t\t\t\t\t\t<img loading=\"lazy\" decoding=\"async\" width=\"1536\" height=\"1024\" src=\"https:\/\/www.igh.ch\/wp-content\/uploads\/vater-fuchs_viele-aufgaben_1536x1024.jpg\" class=\"attachment-full size-full wp-image-25740\" alt=\"\" srcset=\"https:\/\/www.igh.ch\/wp-content\/uploads\/vater-fuchs_viele-aufgaben_1536x1024.jpg 1536w, https:\/\/www.igh.ch\/wp-content\/uploads\/vater-fuchs_viele-aufgaben_1536x1024-300x200.jpg 300w, https:\/\/www.igh.ch\/wp-content\/uploads\/vater-fuchs_viele-aufgaben_1536x1024-1024x683.jpg 1024w, https:\/\/www.igh.ch\/wp-content\/uploads\/vater-fuchs_viele-aufgaben_1536x1024-768x512.jpg 768w\" sizes=\"(max-width: 1536px) 100vw, 1536px\" \/>\t\t\t\t\t\t\t\t\t\t\t\t\t\t\t<\/div>\n\t\t\t\t<\/div>\n\t\t\t\t\t<\/div>\n\t\t\t\t<\/div>\n\t\t<div class=\"elementor-element elementor-element-b030c06 e-flex e-con-boxed e-con e-parent\" data-id=\"b030c06\" data-element_type=\"container\" data-e-type=\"container\" data-settings=\"{&quot;background_background&quot;:&quot;classic&quot;}\">\n\t\t\t\t\t<div class=\"e-con-inner\">\n\t\t<div class=\"elementor-element elementor-element-b342f93 e-con-full e-flex e-con e-child\" data-id=\"b342f93\" data-element_type=\"container\" data-e-type=\"container\">\n\t\t\t\t<div class=\"elementor-element elementor-element-c3b354e elementor-widget elementor-widget-image\" data-id=\"c3b354e\" data-element_type=\"widget\" data-e-type=\"widget\" data-widget_type=\"image.default\">\n\t\t\t\t\t\t\t\t\t\t\t\t\t\t\t<img loading=\"lazy\" decoding=\"async\" width=\"274\" height=\"86\" src=\"https:\/\/www.igh.ch\/wp-content\/uploads\/2022\/11\/v1.0-igh-dataexpert-bim-rgb.svg\" class=\"attachment-full size-full wp-image-7803\" alt=\"\" \/>\t\t\t\t\t\t\t\t\t\t\t\t\t\t\t<\/div>\n\t\t\t\t<\/div>\n\t\t<div class=\"elementor-element elementor-element-2c3fff0 e-con-full e-flex e-con e-child\" data-id=\"2c3fff0\" data-element_type=\"container\" data-e-type=\"container\">\n\t\t\t\t<div class=\"elementor-element elementor-element-3b504a1 elementor-invisible elementor-widget elementor-widget-heading\" data-id=\"3b504a1\" data-element_type=\"widget\" data-e-type=\"widget\" data-settings=\"{&quot;_animation&quot;:&quot;fadeInDown&quot;}\" data-widget_type=\"heading.default\">\n\t\t\t\t\t<h2 class=\"elementor-heading-title elementor-size-default\">Le bon format pour chaque partenaire logiciel<\/h2>\t\t\t\t<\/div>\n\t\t\t\t<div class=\"elementor-element elementor-element-8c72a13 elementor-invisible elementor-widget elementor-widget-text-editor\" data-id=\"8c72a13\" data-element_type=\"widget\" data-e-type=\"widget\" data-settings=\"{&quot;_animation&quot;:&quot;fadeInDown&quot;}\" data-widget_type=\"text-editor.default\">\n\t\t\t\t\t\t\t\t\t<p>Les formats DataExpert<sup>\u00ae<\/sup>BIM et DataExpert<sup>\u00ae<\/sup>Katalog sont mis \u00e0 disposition en parall\u00e8le. Il en sera de m\u00eame dans les ann\u00e9es \u00e0 venir afin de pouvoir atteindre chaque client avec les catalogues. Nos partenaires logiciels sont en train d&rsquo;adapter leur fonction d&rsquo;importation au format BIM.<\/p>\t\t\t\t\t\t\t\t<\/div>\n\t\t\t\t<\/div>\n\t\t\t\t\t<\/div>\n\t\t\t\t<\/div>\n\t\t\t\t<\/div>\n\t\t","protected":false},"excerpt":{"rendered":"<p>G\u00e9n\u00e9rateur de catalogues Donn\u00e9es de catalogue par diff\u00e9rentes voies vers DataExpert\u00aeBIM L&rsquo;IGH (Interessengemeinschaft Datenverbund) met \u00e0 disposition de nombreuses voies pour livrer les informations du catalogue. Dans tous les cas, les donn\u00e9es sont import\u00e9es dans la base de donn\u00e9es IGH, valid\u00e9es et pr\u00e9par\u00e9es pour la publication. Mod\u00e8les Excel Outre le mod\u00e8le d\u00e9j\u00e0 existant pour une [&hellip;]<\/p>\n","protected":false},"author":1,"featured_media":0,"parent":10116,"menu_order":7,"comment_status":"closed","ping_status":"closed","template":"","meta":{"footnotes":""},"class_list":["post-10219","page","type-page","status-publish","hentry"],"_links":{"self":[{"href":"https:\/\/www.igh.ch\/fr\/wp-json\/wp\/v2\/pages\/10219","targetHints":{"allow":["GET"]}}],"collection":[{"href":"https:\/\/www.igh.ch\/fr\/wp-json\/wp\/v2\/pages"}],"about":[{"href":"https:\/\/www.igh.ch\/fr\/wp-json\/wp\/v2\/types\/page"}],"author":[{"embeddable":true,"href":"https:\/\/www.igh.ch\/fr\/wp-json\/wp\/v2\/users\/1"}],"replies":[{"embeddable":true,"href":"https:\/\/www.igh.ch\/fr\/wp-json\/wp\/v2\/comments?post=10219"}],"version-history":[{"count":3,"href":"https:\/\/www.igh.ch\/fr\/wp-json\/wp\/v2\/pages\/10219\/revisions"}],"predecessor-version":[{"id":26362,"href":"https:\/\/www.igh.ch\/fr\/wp-json\/wp\/v2\/pages\/10219\/revisions\/26362"}],"up":[{"embeddable":true,"href":"https:\/\/www.igh.ch\/fr\/wp-json\/wp\/v2\/pages\/10116"}],"wp:attachment":[{"href":"https:\/\/www.igh.ch\/fr\/wp-json\/wp\/v2\/media?parent=10219"}],"curies":[{"name":"wp","href":"https:\/\/api.w.org\/{rel}","templated":true}]}}