{"id":10201,"date":"2022-08-25T08:47:50","date_gmt":"2022-08-25T06:47:50","guid":{"rendered":"https:\/\/igh01.worksite.ch\/?page_id=10201"},"modified":"2025-10-03T17:12:36","modified_gmt":"2025-10-03T15:12:36","slug":"katalogkonverter","status":"publish","type":"page","link":"https:\/\/www.igh.ch\/fr\/produkte\/it-loesungen\/katalogkonverter\/","title":{"rendered":"Convertisseur de catalogues"},"content":{"rendered":"\t\t<div data-elementor-type=\"wp-page\" data-elementor-id=\"10201\" class=\"elementor elementor-10201 elementor-4521\" data-elementor-post-type=\"page\">\n\t\t\t\t<div class=\"elementor-element elementor-element-ca8393e e-flex e-con-boxed e-con e-parent\" data-id=\"ca8393e\" data-element_type=\"container\" data-e-type=\"container\" data-settings=\"{&quot;background_background&quot;:&quot;classic&quot;}\">\n\t\t\t\t\t<div class=\"e-con-inner\">\n\t\t<div class=\"elementor-element elementor-element-21b239f e-con-full e-flex e-con e-child\" data-id=\"21b239f\" data-element_type=\"container\" data-e-type=\"container\" data-settings=\"{&quot;background_background&quot;:&quot;classic&quot;}\">\n\t\t\t\t<div class=\"elementor-element elementor-element-5efd128 elementor-invisible elementor-widget elementor-widget-heading\" data-id=\"5efd128\" data-element_type=\"widget\" data-e-type=\"widget\" data-settings=\"{&quot;_animation&quot;:&quot;fadeInDown&quot;}\" data-widget_type=\"heading.default\">\n\t\t\t\t\t<h1 class=\"elementor-heading-title elementor-size-default\">Convertisseur de catalogues<\/h1>\t\t\t\t<\/div>\n\t\t\t\t<div class=\"elementor-element elementor-element-3d42d0f elementor-widget elementor-widget-html\" data-id=\"3d42d0f\" data-element_type=\"widget\" data-e-type=\"widget\" data-widget_type=\"html.default\">\n\t\t\t\t\t<nav aria-label=\"breadcrumbs\" class=\"rank-math-breadcrumb\"><p><span class=\"last\">Home<\/span><\/p><\/nav>\t\t\t\t<\/div>\n\t\t\t\t<\/div>\n\t\t\t\t\t<\/div>\n\t\t\t\t<\/div>\n\t\t<div class=\"elementor-element elementor-element-848fee5 e-flex e-con-boxed e-con e-parent\" data-id=\"848fee5\" data-element_type=\"container\" data-e-type=\"container\" data-settings=\"{&quot;background_background&quot;:&quot;classic&quot;}\">\n\t\t\t\t\t<div class=\"e-con-inner\">\n\t\t<div class=\"elementor-element elementor-element-1d6a72c e-con-full e-flex e-con e-child\" data-id=\"1d6a72c\" data-element_type=\"container\" data-e-type=\"container\" data-settings=\"{&quot;background_background&quot;:&quot;classic&quot;}\">\n\t\t<div class=\"elementor-element elementor-element-fb6498c e-flex e-con-boxed e-con e-child\" data-id=\"fb6498c\" data-element_type=\"container\" data-e-type=\"container\" data-settings=\"{&quot;background_background&quot;:&quot;classic&quot;}\">\n\t\t\t\t\t<div class=\"e-con-inner\">\n\t\t\t\t<div class=\"elementor-element elementor-element-f811e03 elementor-invisible elementor-widget elementor-widget-heading\" data-id=\"f811e03\" data-element_type=\"widget\" data-e-type=\"widget\" data-settings=\"{&quot;_animation&quot;:&quot;fadeInDown&quot;}\" data-widget_type=\"heading.default\">\n\t\t\t\t\t<h3 class=\"elementor-heading-title elementor-size-default\">Catalogue en diff\u00e9rents formats\n<\/h3>\t\t\t\t<\/div>\n\t\t\t\t<div class=\"elementor-element elementor-element-dcc12bb elementor-invisible elementor-widget elementor-widget-text-editor\" data-id=\"dcc12bb\" data-element_type=\"widget\" data-e-type=\"widget\" data-settings=\"{&quot;_animation&quot;:&quot;fadeInDown&quot;,&quot;_animation_delay&quot;:500}\" data-widget_type=\"text-editor.default\">\n\t\t\t\t\t\t\t\t\tLe format standard pour le catalogue DataExpert<sup>\u00ae<\/sup>BIM est un fichier XML avec une structure d\u00e9finie (fichier XSD). La plupart des applications de la branche peuvent lire le catalogue dans ce format. Mais il existe \u00e9galement d&rsquo;autres moyens de travailler avec les donn\u00e9es du catalogue.\t\t\t\t\t\t\t\t<\/div>\n\t\t\t\t\t<\/div>\n\t\t\t\t<\/div>\n\t\t\t\t<\/div>\n\t\t<div class=\"elementor-element elementor-element-160be06 e-con-full e-flex e-con e-child\" data-id=\"160be06\" data-element_type=\"container\" data-e-type=\"container\" data-settings=\"{&quot;background_background&quot;:&quot;video&quot;,&quot;background_play_on_mobile&quot;:&quot;yes&quot;}\">\n\t\t<div class=\"elementor-element elementor-element-6d52574 e-con-full e-flex e-con e-child\" data-id=\"6d52574\" data-element_type=\"container\" data-e-type=\"container\" data-settings=\"{&quot;background_background&quot;:&quot;classic&quot;}\">\n\t\t\t\t<div class=\"elementor-element elementor-element-c5a9e77 elementor-widget elementor-widget-image\" data-id=\"c5a9e77\" data-element_type=\"widget\" data-e-type=\"widget\" data-widget_type=\"image.default\">\n\t\t\t\t\t\t\t\t\t\t\t\t\t\t\t<img decoding=\"async\" width=\"1\" height=\"1\" src=\"https:\/\/www.igh.ch\/wp-content\/uploads\/katalog-konverter1.svg\" class=\"attachment-large size-large wp-image-14320\" alt=\"\" \/>\t\t\t\t\t\t\t\t\t\t\t\t\t\t\t<\/div>\n\t\t\t\t<\/div>\n\t\t\t\t<\/div>\n\t\t\t\t\t<\/div>\n\t\t\t\t<\/div>\n\t\t<div class=\"elementor-element elementor-element-64751b0 e-flex e-con-boxed e-con e-parent\" data-id=\"64751b0\" data-element_type=\"container\" data-e-type=\"container\" data-settings=\"{&quot;background_background&quot;:&quot;classic&quot;}\">\n\t\t\t\t\t<div class=\"e-con-inner\">\n\t\t<div class=\"elementor-element elementor-element-120b56a e-con-full e-flex e-con e-child\" data-id=\"120b56a\" data-element_type=\"container\" data-e-type=\"container\">\n\t\t\t\t<div class=\"elementor-element elementor-element-5da5185 elementor-widget elementor-widget-image\" data-id=\"5da5185\" data-element_type=\"widget\" data-e-type=\"widget\" data-widget_type=\"image.default\">\n\t\t\t\t\t\t\t\t\t\t\t\t\t\t\t<img fetchpriority=\"high\" decoding=\"async\" width=\"1536\" height=\"1024\" src=\"https:\/\/www.igh.ch\/wp-content\/uploads\/vater-fuchs_webapplikationen_1535x1024.jpg\" class=\"attachment-full size-full wp-image-25754\" alt=\"\" srcset=\"https:\/\/www.igh.ch\/wp-content\/uploads\/vater-fuchs_webapplikationen_1535x1024.jpg 1536w, https:\/\/www.igh.ch\/wp-content\/uploads\/vater-fuchs_webapplikationen_1535x1024-300x200.jpg 300w, https:\/\/www.igh.ch\/wp-content\/uploads\/vater-fuchs_webapplikationen_1535x1024-1024x683.jpg 1024w, https:\/\/www.igh.ch\/wp-content\/uploads\/vater-fuchs_webapplikationen_1535x1024-768x512.jpg 768w\" sizes=\"(max-width: 1536px) 100vw, 1536px\" \/>\t\t\t\t\t\t\t\t\t\t\t\t\t\t\t<\/div>\n\t\t\t\t<\/div>\n\t\t<div class=\"elementor-element elementor-element-1a9916a e-con-full e-flex e-con e-child\" data-id=\"1a9916a\" data-element_type=\"container\" data-e-type=\"container\">\n\t\t\t\t<div class=\"elementor-element elementor-element-98e747b elementor-invisible elementor-widget elementor-widget-heading\" data-id=\"98e747b\" data-element_type=\"widget\" data-e-type=\"widget\" data-settings=\"{&quot;_animation&quot;:&quot;fadeInDown&quot;}\" data-widget_type=\"heading.default\">\n\t\t\t\t\t<h2 class=\"elementor-heading-title elementor-size-default\">IGH451.ch<\/h2>\t\t\t\t<\/div>\n\t\t\t\t<div class=\"elementor-element elementor-element-c4d72e8 elementor-invisible elementor-widget elementor-widget-text-editor\" data-id=\"c4d72e8\" data-element_type=\"widget\" data-e-type=\"widget\" data-settings=\"{&quot;_animation&quot;:&quot;fadeInDown&quot;}\" data-widget_type=\"text-editor.default\">\n\t\t\t\t\t\t\t\t\t<p>Avec <a title=\"IGH451.ch\" href=\"https:\/\/www.igh451.ch\/\" target=\"_blank\" rel=\"noopener\">IGH451.ch<\/a>, tous les catalogues d&rsquo;IGH (DataExpert<sup>\u00ae<\/sup>BIM et l&rsquo;ancien format DataExpert<sup>\u00ae<\/sup>) peuvent \u00eatre convertis en un tableau Excel.<\/p><p>Il suffit de t\u00e9l\u00e9charger le catalogue souhait\u00e9 sur la <a title=\"T\u00e9l\u00e9charger le catalogue\" href=\"https:\/\/www.igh.ch\/fr\/produkte\/de-kataloge\/publizierte-kataloge\/\" target=\"_blank\" rel=\"noopener\">page d&rsquo;accueil de l&rsquo;IGH<\/a> (fichier zip) et de le charger sur <a title=\"IGH451.ch\" href=\"https:\/\/www.igh451.ch\/\" target=\"_blank\" rel=\"noopener\">IGH451.ch<\/a>. L\u00e0, le catalogue t\u00e9l\u00e9charg\u00e9 peut \u00eatre \u00e0 nouveau t\u00e9l\u00e9charg\u00e9 sous forme d&rsquo;Excel.<\/p>\t\t\t\t\t\t\t\t<\/div>\n\t\t\t\t<\/div>\n\t\t\t\t\t<\/div>\n\t\t\t\t<\/div>\n\t\t<div class=\"elementor-element elementor-element-be72222 e-flex e-con-boxed e-con e-parent\" data-id=\"be72222\" data-element_type=\"container\" data-e-type=\"container\" data-settings=\"{&quot;background_background&quot;:&quot;classic&quot;}\">\n\t\t\t\t\t<div class=\"e-con-inner\">\n\t\t<div class=\"elementor-element elementor-element-03d05c9 e-con-full e-flex e-con e-child\" data-id=\"03d05c9\" data-element_type=\"container\" data-e-type=\"container\" data-settings=\"{&quot;background_background&quot;:&quot;classic&quot;}\">\n\t\t\t\t<div class=\"elementor-element elementor-element-7dfeb38 elementor-invisible elementor-widget elementor-widget-heading\" data-id=\"7dfeb38\" data-element_type=\"widget\" data-e-type=\"widget\" data-settings=\"{&quot;_animation&quot;:&quot;fadeInDown&quot;}\" data-widget_type=\"heading.default\">\n\t\t\t\t\t<h2 class=\"elementor-heading-title elementor-size-default\">DataSelect.ch<\/h2>\t\t\t\t<\/div>\n\t\t\t\t<div class=\"elementor-element elementor-element-263c34b elementor-invisible elementor-widget elementor-widget-text-editor\" data-id=\"263c34b\" data-element_type=\"widget\" data-e-type=\"widget\" data-settings=\"{&quot;_animation&quot;:&quot;fadeInDown&quot;}\" data-widget_type=\"text-editor.default\">\n\t\t\t\t\t\t\t\t\t<a title=\"DataSelect.ch\" href=\"https:\/\/www.dataselect.ch\/\" target=\"_blank\" rel=\"noopener\">DataSelect.ch<\/a> permet d&rsquo;exporter des formats pr\u00e9d\u00e9finis. Actuellement, les formats DataExpert<sup>\u00ae<\/sup>BIM, Bexio et Lager sont disponibles. Contactez le bureau de l&rsquo;IGH si vous avez besoin d&rsquo;un autre format.\t\t\t\t\t\t\t\t<\/div>\n\t\t\t\t<\/div>\n\t\t<div class=\"elementor-element elementor-element-d4ebed1 e-con-full elementor-hidden-mobile e-flex e-con e-child\" data-id=\"d4ebed1\" data-element_type=\"container\" data-e-type=\"container\" data-settings=\"{&quot;background_background&quot;:&quot;classic&quot;}\">\n\t\t\t\t<div class=\"elementor-element elementor-element-fbd7821 elementor-widget elementor-widget-image\" data-id=\"fbd7821\" data-element_type=\"widget\" data-e-type=\"widget\" data-widget_type=\"image.default\">\n\t\t\t\t\t\t\t\t\t\t\t\t\t\t\t<img decoding=\"async\" width=\"1697\" height=\"1093\" src=\"https:\/\/www.igh.ch\/wp-content\/uploads\/vater-fuchs_schnittstelle-planer-installateure_1697x1093.jpg\" class=\"attachment-full size-full wp-image-25806\" alt=\"\" srcset=\"https:\/\/www.igh.ch\/wp-content\/uploads\/vater-fuchs_schnittstelle-planer-installateure_1697x1093.jpg 1697w, https:\/\/www.igh.ch\/wp-content\/uploads\/vater-fuchs_schnittstelle-planer-installateure_1697x1093-300x193.jpg 300w, https:\/\/www.igh.ch\/wp-content\/uploads\/vater-fuchs_schnittstelle-planer-installateure_1697x1093-1024x660.jpg 1024w, https:\/\/www.igh.ch\/wp-content\/uploads\/vater-fuchs_schnittstelle-planer-installateure_1697x1093-768x495.jpg 768w, https:\/\/www.igh.ch\/wp-content\/uploads\/vater-fuchs_schnittstelle-planer-installateure_1697x1093-1536x989.jpg 1536w\" sizes=\"(max-width: 1697px) 100vw, 1697px\" \/>\t\t\t\t\t\t\t\t\t\t\t\t\t\t\t<\/div>\n\t\t\t\t<\/div>\n\t\t\t\t\t<\/div>\n\t\t\t\t<\/div>\n\t\t\t\t<\/div>\n\t\t","protected":false},"excerpt":{"rendered":"<p>Convertisseur de catalogues Catalogue en diff\u00e9rents formats Le format standard pour le catalogue DataExpert\u00aeBIM est un fichier XML avec une structure d\u00e9finie (fichier XSD). La plupart des applications de la branche peuvent lire le catalogue dans ce format. Mais il existe \u00e9galement d&rsquo;autres moyens de travailler avec les donn\u00e9es du catalogue. IGH451.ch Avec IGH451.ch, tous [&hellip;]<\/p>\n","protected":false},"author":1,"featured_media":0,"parent":10116,"menu_order":6,"comment_status":"closed","ping_status":"closed","template":"","meta":{"footnotes":""},"class_list":["post-10201","page","type-page","status-publish","hentry"],"_links":{"self":[{"href":"https:\/\/www.igh.ch\/fr\/wp-json\/wp\/v2\/pages\/10201","targetHints":{"allow":["GET"]}}],"collection":[{"href":"https:\/\/www.igh.ch\/fr\/wp-json\/wp\/v2\/pages"}],"about":[{"href":"https:\/\/www.igh.ch\/fr\/wp-json\/wp\/v2\/types\/page"}],"author":[{"embeddable":true,"href":"https:\/\/www.igh.ch\/fr\/wp-json\/wp\/v2\/users\/1"}],"replies":[{"embeddable":true,"href":"https:\/\/www.igh.ch\/fr\/wp-json\/wp\/v2\/comments?post=10201"}],"version-history":[{"count":3,"href":"https:\/\/www.igh.ch\/fr\/wp-json\/wp\/v2\/pages\/10201\/revisions"}],"predecessor-version":[{"id":26109,"href":"https:\/\/www.igh.ch\/fr\/wp-json\/wp\/v2\/pages\/10201\/revisions\/26109"}],"up":[{"embeddable":true,"href":"https:\/\/www.igh.ch\/fr\/wp-json\/wp\/v2\/pages\/10116"}],"wp:attachment":[{"href":"https:\/\/www.igh.ch\/fr\/wp-json\/wp\/v2\/media?parent=10201"}],"curies":[{"name":"wp","href":"https:\/\/api.w.org\/{rel}","templated":true}]}}