{"id":10147,"date":"2022-08-25T08:44:52","date_gmt":"2022-08-25T06:44:52","guid":{"rendered":"https:\/\/igh01.worksite.ch\/?page_id=10147"},"modified":"2025-04-25T16:55:42","modified_gmt":"2025-04-25T14:55:42","slug":"scanapp","status":"publish","type":"page","link":"https:\/\/www.igh.ch\/fr\/produkte\/it-loesungen\/scanapp\/","title":{"rendered":"ScanApp"},"content":{"rendered":"\t\t<div data-elementor-type=\"wp-page\" data-elementor-id=\"10147\" class=\"elementor elementor-10147 elementor-4501\" data-elementor-post-type=\"page\">\n\t\t\t\t<div class=\"elementor-element elementor-element-7e3ac4b e-flex e-con-boxed e-con e-parent\" data-id=\"7e3ac4b\" data-element_type=\"container\" data-e-type=\"container\" data-settings=\"{&quot;background_background&quot;:&quot;classic&quot;}\">\n\t\t\t\t\t<div class=\"e-con-inner\">\n\t\t<div class=\"elementor-element elementor-element-385635c e-con-full e-flex e-con e-child\" data-id=\"385635c\" data-element_type=\"container\" data-e-type=\"container\" data-settings=\"{&quot;background_background&quot;:&quot;classic&quot;}\">\n\t\t\t\t<div class=\"elementor-element elementor-element-e44c541 elementor-invisible elementor-widget elementor-widget-heading\" data-id=\"e44c541\" data-element_type=\"widget\" data-e-type=\"widget\" data-settings=\"{&quot;_animation&quot;:&quot;fadeInDown&quot;}\" data-widget_type=\"heading.default\">\n\t\t\t\t\t<h1 class=\"elementor-heading-title elementor-size-default\">ScanApp<\/h1>\t\t\t\t<\/div>\n\t\t\t\t<div class=\"elementor-element elementor-element-b24743f elementor-widget elementor-widget-html\" data-id=\"b24743f\" data-element_type=\"widget\" data-e-type=\"widget\" data-widget_type=\"html.default\">\n\t\t\t\t\t<nav aria-label=\"breadcrumbs\" class=\"rank-math-breadcrumb\"><p><span class=\"last\">Home<\/span><\/p><\/nav>\t\t\t\t<\/div>\n\t\t\t\t<\/div>\n\t\t\t\t\t<\/div>\n\t\t\t\t<\/div>\n\t\t<div class=\"elementor-element elementor-element-4ad2f53 e-flex e-con-boxed e-con e-parent\" data-id=\"4ad2f53\" data-element_type=\"container\" data-e-type=\"container\" data-settings=\"{&quot;background_background&quot;:&quot;classic&quot;}\">\n\t\t\t\t\t<div class=\"e-con-inner\">\n\t\t<div class=\"elementor-element elementor-element-305aede e-con-full e-flex e-con e-child\" data-id=\"305aede\" data-element_type=\"container\" data-e-type=\"container\" data-settings=\"{&quot;background_background&quot;:&quot;classic&quot;}\">\n\t\t<div class=\"elementor-element elementor-element-1eb248c e-flex e-con-boxed e-con e-child\" data-id=\"1eb248c\" data-element_type=\"container\" data-e-type=\"container\" data-settings=\"{&quot;background_background&quot;:&quot;classic&quot;}\">\n\t\t\t\t\t<div class=\"e-con-inner\">\n\t\t\t\t<div class=\"elementor-element elementor-element-e14ba39 elementor-invisible elementor-widget elementor-widget-heading\" data-id=\"e14ba39\" data-element_type=\"widget\" data-e-type=\"widget\" data-settings=\"{&quot;_animation&quot;:&quot;fadeInDown&quot;}\" data-widget_type=\"heading.default\">\n\t\t\t\t\t<h3 class=\"elementor-heading-title elementor-size-default\">Application de commande de stock\n<\/h3>\t\t\t\t<\/div>\n\t\t\t\t<div class=\"elementor-element elementor-element-b3d6f89 elementor-invisible elementor-widget elementor-widget-text-editor\" data-id=\"b3d6f89\" data-element_type=\"widget\" data-e-type=\"widget\" data-settings=\"{&quot;_animation&quot;:&quot;fadeInDown&quot;,&quot;_animation_delay&quot;:500}\" data-widget_type=\"text-editor.default\">\n\t\t\t\t\t\t\t\t\t<p>Les utilisateurs d&rsquo;Android et d&rsquo;iPhone peuvent utiliser l&rsquo;application de commande de stock d&rsquo;IGH pour scanner directement dans l&rsquo;entrep\u00f4t tous les produits dont ils ont besoin, les attribuer aux fournisseurs souhait\u00e9s et les commander par voie \u00e9lectronique.<\/p><p>Les films suivants pr\u00e9sentent toutes les \u00e9tapes du traitement. L&rsquo;application de commande d&rsquo;entrep\u00f4t (ScanApp) et l&rsquo;application web <a title=\"DataSelect.ch\" href=\"https:\/\/www.dataselect.ch\/\" target=\"_blank\" rel=\"noopener\">DataSelect.ch<\/a> sont utilis\u00e9es.<\/p>\t\t\t\t\t\t\t\t<\/div>\n\t\t\t\t\t<\/div>\n\t\t\t\t<\/div>\n\t\t\t\t<\/div>\n\t\t<div class=\"elementor-element elementor-element-a02449e e-con-full e-flex e-con e-child\" data-id=\"a02449e\" data-element_type=\"container\" data-e-type=\"container\" data-settings=\"{&quot;background_background&quot;:&quot;classic&quot;}\">\n\t\t<div class=\"elementor-element elementor-element-914d4d0 e-con-full e-flex e-con e-child\" data-id=\"914d4d0\" data-element_type=\"container\" data-e-type=\"container\" data-settings=\"{&quot;background_background&quot;:&quot;classic&quot;}\">\n\t\t\t\t<div class=\"elementor-element elementor-element-d7d867c elementor-widget elementor-widget-image\" data-id=\"d7d867c\" data-element_type=\"widget\" data-e-type=\"widget\" data-widget_type=\"image.default\">\n\t\t\t\t\t\t\t\t\t\t\t\t\t\t\t<img decoding=\"async\" width=\"1\" height=\"1\" src=\"https:\/\/www.igh.ch\/wp-content\/uploads\/mobile1.svg\" class=\"attachment-large size-large wp-image-14236\" alt=\"\" \/>\t\t\t\t\t\t\t\t\t\t\t\t\t\t\t<\/div>\n\t\t\t\t<\/div>\n\t\t\t\t<\/div>\n\t\t\t\t\t<\/div>\n\t\t\t\t<\/div>\n\t\t<div class=\"elementor-element elementor-element-45aefb2 e-flex e-con-boxed e-con e-parent\" data-id=\"45aefb2\" data-element_type=\"container\" data-e-type=\"container\" data-settings=\"{&quot;background_background&quot;:&quot;classic&quot;}\">\n\t\t\t\t\t<div class=\"e-con-inner\">\n\t\t<div class=\"elementor-element elementor-element-b33fcfe e-con-full e-flex e-con e-child\" data-id=\"b33fcfe\" data-element_type=\"container\" data-e-type=\"container\" data-settings=\"{&quot;background_background&quot;:&quot;classic&quot;}\">\n\t\t\t\t<div class=\"elementor-element elementor-element-e919bc3 elementor-widget elementor-widget-image\" data-id=\"e919bc3\" data-element_type=\"widget\" data-e-type=\"widget\" data-widget_type=\"image.default\">\n\t\t\t\t\t\t\t\t\t\t\t\t\t\t\t<img decoding=\"async\" width=\"1\" height=\"1\" src=\"https:\/\/www.igh.ch\/wp-content\/uploads\/v1.0-igh-scanapp-rgb.svg\" class=\"attachment-large size-large wp-image-14244\" alt=\"\" \/>\t\t\t\t\t\t\t\t\t\t\t\t\t\t\t<\/div>\n\t\t\t\t<\/div>\n\t\t<div class=\"elementor-element elementor-element-070b94b e-con-full e-flex e-con e-child\" data-id=\"070b94b\" data-element_type=\"container\" data-e-type=\"container\" data-settings=\"{&quot;background_background&quot;:&quot;classic&quot;}\">\n\t\t\t\t<div class=\"elementor-element elementor-element-3800f7a elementor-invisible elementor-widget elementor-widget-heading\" data-id=\"3800f7a\" data-element_type=\"widget\" data-e-type=\"widget\" data-settings=\"{&quot;_animation&quot;:&quot;fadeInDown&quot;}\" data-widget_type=\"heading.default\">\n\t\t\t\t\t<h2 class=\"elementor-heading-title elementor-size-default\">Scanner efficacement\n<\/h2>\t\t\t\t<\/div>\n\t\t\t\t<div class=\"elementor-element elementor-element-852b277 elementor-invisible elementor-widget elementor-widget-text-editor\" data-id=\"852b277\" data-element_type=\"widget\" data-e-type=\"widget\" data-settings=\"{&quot;_animation&quot;:&quot;fadeInDown&quot;}\" data-widget_type=\"text-editor.default\">\n\t\t\t\t\t\t\t\t\t<p>Scanner efficacement le code-barres, alternativement avec une photo suppl\u00e9mentaire, ajouter le nombre de pi\u00e8ces et envoyer directement \u00e0 <a title=\"DataSelect.ch\" href=\"https:\/\/www.dataselect.ch\/\" target=\"_blank\" rel=\"noopener\">DataSelect.ch<\/a> pour traiter la commande.<\/p>\t\t\t\t\t\t\t\t<\/div>\n\t\t\t\t<\/div>\n\t\t\t\t\t<\/div>\n\t\t\t\t<\/div>\n\t\t<div class=\"elementor-element elementor-element-c5a0cd8 e-flex e-con-boxed e-con e-parent\" data-id=\"c5a0cd8\" data-element_type=\"container\" data-e-type=\"container\" data-settings=\"{&quot;background_background&quot;:&quot;classic&quot;}\">\n\t\t\t\t\t<div class=\"e-con-inner\">\n\t\t<div class=\"elementor-element elementor-element-d56ef72 e-con-full e-flex e-con e-child\" data-id=\"d56ef72\" data-element_type=\"container\" data-e-type=\"container\">\n\t\t\t\t<div class=\"elementor-element elementor-element-4726a0a elementor-invisible elementor-widget elementor-widget-heading\" data-id=\"4726a0a\" data-element_type=\"widget\" data-e-type=\"widget\" data-settings=\"{&quot;_animation&quot;:&quot;fadeInDown&quot;}\" data-widget_type=\"heading.default\">\n\t\t\t\t\t<h2 class=\"elementor-heading-title elementor-size-default\">Film 1<\/h2>\t\t\t\t<\/div>\n\t\t\t\t<div class=\"elementor-element elementor-element-8761ec2 elementor-invisible elementor-widget elementor-widget-heading\" data-id=\"8761ec2\" data-element_type=\"widget\" data-e-type=\"widget\" data-settings=\"{&quot;_animation&quot;:&quot;fadeInDown&quot;}\" data-widget_type=\"heading.default\">\n\t\t\t\t\t<h3 class=\"elementor-heading-title elementor-size-default\">Login \/ DataSelect.ch<\/h3>\t\t\t\t<\/div>\n\t\t\t\t<div class=\"elementor-element elementor-element-dbe2d03 elementor-invisible elementor-widget elementor-widget-text-editor\" data-id=\"dbe2d03\" data-element_type=\"widget\" data-e-type=\"widget\" data-settings=\"{&quot;_animation&quot;:&quot;fadeInDown&quot;}\" data-widget_type=\"text-editor.default\">\n\t\t\t\t\t\t\t\t\t<ul><li>D\u00e9marrer ScanApp<\/li><li>Se connecter (une seule fois)<\/li><li>et c&rsquo;est parti&#8230;<\/li><\/ul>\t\t\t\t\t\t\t\t<\/div>\n\t\t\t\t<\/div>\n\t\t<div class=\"elementor-element elementor-element-3246dcd e-con-full e-flex e-con e-child\" data-id=\"3246dcd\" data-element_type=\"container\" data-e-type=\"container\">\n\t\t\t\t<div class=\"elementor-element elementor-element-b0419cb elementor-widget__width-inherit elementor-widget-mobile__width-inherit elementor-widget elementor-widget-tp-video-player\" data-id=\"b0419cb\" data-element_type=\"widget\" data-e-type=\"widget\" data-widget_type=\"tp-video-player.default\">\n\t\t\t\t\t<div class=\"pt_plus_video-box-shadow video_player69d600ab71100 \"    ><div class=\"pt_plus_video_player   text-\"><div class=\"ts-video-wrapper ts-video-hover-effect-zoom ts-type-vimeo\" data-mode=\"lazyload\" data-provider=\"vimeo\" id=\"ts-video-video-6\"  data-grow=\"\"><div class=\"ts-video-embed-container\" ><img decoding=\"async\" class=\"ts-video-thumbnail\" data-object-fit=\"\"  content=\"https:\/\/www.igh.ch\/wp-content\/uploads\/geschuetzer-bereich_1280x720.jpg\" src=\"https:\/\/www.igh.ch\/wp-content\/uploads\/geschuetzer-bereich_1280x720.jpg\" alt=\"Video Thumbnail\"><h5 class=\"ts-video-title\"><\/h5><span class=\"ts-video-lazyload\" data-allowfullscreen=\"\" data-class=\"pt-plus-video-frame fitvidsignore\" data-frameborder=\"0\" data-scrolling=\"no\" data-src=\"https:\/\/player.vimeo.com\/video\/807239904?html5=1&amp;title=0&amp;byline=0&amp;portrait=0&amp;autoplay=1\" data-sandbox=\"allow-scripts allow-same-origin allow-presentation allow-forms\" data-width=\"480\" data-height=\"270\"><\/span><button class=\"ts-video-play-btn ts-video-blay-btn-youtube\" type=\"button\"><div class=\"tp-video-icon-inner image-pulse\"><img decoding=\"async\" class=\"ts-video-icon\" src=\"https:\/\/www.igh.ch\/wp-content\/uploads\/2022\/10\/play-icon.svg\"  alt=\"play-icon.svg\" \/><\/div><\/button><div class=\"tp-video-upload\" itemprop=\"uploadDate\" content=\"\" style=\"display: none;\"><\/div><div class=\"tp-video-upload\" itemprop=\"contentUrl\" content=\"https:\/\/player.vimeo.com\/video\/807239904?html5=1&amp;title=0&amp;byline=0&amp;portrait=0&amp;autoplay=1\" style=\"display: none;\"><\/div><\/div><\/div><\/div><\/div>\t\t\t\t<\/div>\n\t\t\t\t<\/div>\n\t\t\t\t\t<\/div>\n\t\t\t\t<\/div>\n\t\t<div class=\"elementor-element elementor-element-c46d057 e-flex e-con-boxed e-con e-parent\" data-id=\"c46d057\" data-element_type=\"container\" data-e-type=\"container\" data-settings=\"{&quot;background_background&quot;:&quot;classic&quot;}\">\n\t\t\t\t\t<div class=\"e-con-inner\">\n\t\t<div class=\"elementor-element elementor-element-a367895 e-con-full e-flex e-con e-child\" data-id=\"a367895\" data-element_type=\"container\" data-e-type=\"container\">\n\t\t\t\t<div class=\"elementor-element elementor-element-b1e843a elementor-widget__width-inherit elementor-widget-mobile__width-inherit elementor-widget elementor-widget-tp-video-player\" data-id=\"b1e843a\" data-element_type=\"widget\" data-e-type=\"widget\" data-widget_type=\"tp-video-player.default\">\n\t\t\t\t\t<div class=\"pt_plus_video-box-shadow video_player69d600ab726ac \"    ><div class=\"pt_plus_video_player   text-\"><div class=\"ts-video-wrapper ts-video-hover-effect-zoom ts-type-vimeo\" data-mode=\"lazyload\" data-provider=\"vimeo\" id=\"ts-video-video-6\"  data-grow=\"\"><div class=\"ts-video-embed-container\" ><img decoding=\"async\" class=\"ts-video-thumbnail\" data-object-fit=\"\"  content=\"https:\/\/www.igh.ch\/wp-content\/uploads\/MobileUnterWeltkugel-scaled-1.jpg\" src=\"https:\/\/www.igh.ch\/wp-content\/uploads\/MobileUnterWeltkugel-scaled-1.jpg\" alt=\"Video Thumbnail\"><h5 class=\"ts-video-title\"><\/h5><span class=\"ts-video-lazyload\" data-allowfullscreen=\"\" data-class=\"pt-plus-video-frame fitvidsignore\" data-frameborder=\"0\" data-scrolling=\"no\" data-src=\"https:\/\/player.vimeo.com\/video\/807239891?html5=1&amp;title=0&amp;byline=0&amp;portrait=0&amp;autoplay=1\" data-sandbox=\"allow-scripts allow-same-origin allow-presentation allow-forms\" data-width=\"480\" data-height=\"270\"><\/span><button class=\"ts-video-play-btn ts-video-blay-btn-youtube\" type=\"button\"><div class=\"tp-video-icon-inner image-pulse\"><img decoding=\"async\" class=\"ts-video-icon\" src=\"https:\/\/www.igh.ch\/wp-content\/uploads\/2022\/10\/play-icon.svg\"  alt=\"play-icon.svg\" \/><\/div><\/button><div class=\"tp-video-upload\" itemprop=\"uploadDate\" content=\"\" style=\"display: none;\"><\/div><div class=\"tp-video-upload\" itemprop=\"contentUrl\" content=\"https:\/\/player.vimeo.com\/video\/807239891?html5=1&amp;title=0&amp;byline=0&amp;portrait=0&amp;autoplay=1\" style=\"display: none;\"><\/div><\/div><\/div><\/div><\/div>\t\t\t\t<\/div>\n\t\t\t\t<\/div>\n\t\t<div class=\"elementor-element elementor-element-a4fbd36 e-con-full e-flex e-con e-child\" data-id=\"a4fbd36\" data-element_type=\"container\" data-e-type=\"container\">\n\t\t\t\t<div class=\"elementor-element elementor-element-424454a elementor-invisible elementor-widget elementor-widget-heading\" data-id=\"424454a\" data-element_type=\"widget\" data-e-type=\"widget\" data-settings=\"{&quot;_animation&quot;:&quot;fadeInDown&quot;}\" data-widget_type=\"heading.default\">\n\t\t\t\t\t<h2 class=\"elementor-heading-title elementor-size-default\">Film 2<\/h2>\t\t\t\t<\/div>\n\t\t\t\t<div class=\"elementor-element elementor-element-5154436 elementor-invisible elementor-widget elementor-widget-heading\" data-id=\"5154436\" data-element_type=\"widget\" data-e-type=\"widget\" data-settings=\"{&quot;_animation&quot;:&quot;fadeInDown&quot;}\" data-widget_type=\"heading.default\">\n\t\t\t\t\t<h3 class=\"elementor-heading-title elementor-size-default\">Commande de stock \/ ScanApp\n<\/h3>\t\t\t\t<\/div>\n\t\t\t\t<div class=\"elementor-element elementor-element-39e0b85 elementor-invisible elementor-widget elementor-widget-text-editor\" data-id=\"39e0b85\" data-element_type=\"widget\" data-e-type=\"widget\" data-settings=\"{&quot;_animation&quot;:&quot;fadeInDown&quot;}\" data-widget_type=\"text-editor.default\">\n\t\t\t\t\t\t\t\t\t<ul><li>Scanner les produits dans le stock<\/li><li>Alternativement, les photographier<\/li><li>d\u00e9terminer la quantit\u00e9<\/li><li>transmettre les produits scann\u00e9s<\/li><\/ul>\t\t\t\t\t\t\t\t<\/div>\n\t\t\t\t<\/div>\n\t\t\t\t\t<\/div>\n\t\t\t\t<\/div>\n\t\t<div class=\"elementor-element elementor-element-040f66a e-flex e-con-boxed e-con e-parent\" data-id=\"040f66a\" data-element_type=\"container\" data-e-type=\"container\" data-settings=\"{&quot;background_background&quot;:&quot;classic&quot;}\">\n\t\t\t\t\t<div class=\"e-con-inner\">\n\t\t<div class=\"elementor-element elementor-element-3b1aa6a e-con-full e-flex e-con e-child\" data-id=\"3b1aa6a\" data-element_type=\"container\" data-e-type=\"container\">\n\t\t\t\t<div class=\"elementor-element elementor-element-bc0c73a elementor-invisible elementor-widget elementor-widget-heading\" data-id=\"bc0c73a\" data-element_type=\"widget\" data-e-type=\"widget\" data-settings=\"{&quot;_animation&quot;:&quot;fadeInDown&quot;}\" data-widget_type=\"heading.default\">\n\t\t\t\t\t<h2 class=\"elementor-heading-title elementor-size-default\">Film 3<\/h2>\t\t\t\t<\/div>\n\t\t\t\t<div class=\"elementor-element elementor-element-07a95c6 elementor-invisible elementor-widget elementor-widget-heading\" data-id=\"07a95c6\" data-element_type=\"widget\" data-e-type=\"widget\" data-settings=\"{&quot;_animation&quot;:&quot;fadeInDown&quot;}\" data-widget_type=\"heading.default\">\n\t\t\t\t\t<h3 class=\"elementor-heading-title elementor-size-default\">Traitement des commandes \/ DataSelect.ch\n<\/h3>\t\t\t\t<\/div>\n\t\t\t\t<div class=\"elementor-element elementor-element-b4436e1 elementor-invisible elementor-widget elementor-widget-text-editor\" data-id=\"b4436e1\" data-element_type=\"widget\" data-e-type=\"widget\" data-settings=\"{&quot;_animation&quot;:&quot;fadeInDown&quot;}\" data-widget_type=\"text-editor.default\">\n\t\t\t\t\t\t\t\t\t<ul><li>D\u00e9finir les catalogues favoris<\/li><li>Attribuer les produits aux fournisseurs<\/li><li>Cr\u00e9er une commande<\/li><\/ul>\t\t\t\t\t\t\t\t<\/div>\n\t\t\t\t<\/div>\n\t\t<div class=\"elementor-element elementor-element-3145fd0 e-con-full e-flex e-con e-child\" data-id=\"3145fd0\" data-element_type=\"container\" data-e-type=\"container\">\n\t\t\t\t<div class=\"elementor-element elementor-element-7e5601f elementor-widget__width-inherit elementor-widget-mobile__width-inherit elementor-widget elementor-widget-tp-video-player\" data-id=\"7e5601f\" data-element_type=\"widget\" data-e-type=\"widget\" data-widget_type=\"tp-video-player.default\">\n\t\t\t\t\t<div class=\"pt_plus_video-box-shadow video_player69d600ab7407b \"    ><div class=\"pt_plus_video_player   text-\"><div class=\"ts-video-wrapper ts-video-hover-effect-zoom ts-type-vimeo\" data-mode=\"lazyload\" data-provider=\"vimeo\" id=\"ts-video-video-6\"  data-grow=\"\"><div class=\"ts-video-embed-container\" ><img decoding=\"async\" class=\"ts-video-thumbnail\" data-object-fit=\"\"  content=\"https:\/\/www.igh.ch\/wp-content\/uploads\/1280x720_igh-compliance.jpg\" src=\"https:\/\/www.igh.ch\/wp-content\/uploads\/1280x720_igh-compliance.jpg\" alt=\"Video Thumbnail\"><h5 class=\"ts-video-title\"><\/h5><span class=\"ts-video-lazyload\" data-allowfullscreen=\"\" data-class=\"pt-plus-video-frame fitvidsignore\" data-frameborder=\"0\" data-scrolling=\"no\" data-src=\"https:\/\/player.vimeo.com\/video\/807239926?html5=1&amp;title=0&amp;byline=0&amp;portrait=0&amp;autoplay=1\" data-sandbox=\"allow-scripts allow-same-origin allow-presentation allow-forms\" data-width=\"480\" data-height=\"270\"><\/span><button class=\"ts-video-play-btn ts-video-blay-btn-youtube\" type=\"button\"><div class=\"tp-video-icon-inner image-pulse\"><img decoding=\"async\" class=\"ts-video-icon\" src=\"https:\/\/www.igh.ch\/wp-content\/uploads\/2022\/10\/play-icon.svg\"  alt=\"play-icon.svg\" \/><\/div><\/button><div class=\"tp-video-upload\" itemprop=\"uploadDate\" content=\"\" style=\"display: none;\"><\/div><div class=\"tp-video-upload\" itemprop=\"contentUrl\" content=\"https:\/\/player.vimeo.com\/video\/807239926?html5=1&amp;title=0&amp;byline=0&amp;portrait=0&amp;autoplay=1\" style=\"display: none;\"><\/div><\/div><\/div><\/div><\/div>\t\t\t\t<\/div>\n\t\t\t\t<\/div>\n\t\t\t\t\t<\/div>\n\t\t\t\t<\/div>\n\t\t<div class=\"elementor-element elementor-element-a25361d e-flex e-con-boxed e-con e-parent\" data-id=\"a25361d\" data-element_type=\"container\" data-e-type=\"container\" data-settings=\"{&quot;background_background&quot;:&quot;classic&quot;}\">\n\t\t\t\t\t<div class=\"e-con-inner\">\n\t\t<div class=\"elementor-element elementor-element-db8f3a9 e-con-full e-flex e-con e-child\" data-id=\"db8f3a9\" data-element_type=\"container\" data-e-type=\"container\">\n\t\t\t\t<div class=\"elementor-element elementor-element-d1ff715 elementor-widget__width-inherit elementor-widget-mobile__width-inherit elementor-widget elementor-widget-tp-video-player\" data-id=\"d1ff715\" data-element_type=\"widget\" data-e-type=\"widget\" data-widget_type=\"tp-video-player.default\">\n\t\t\t\t\t<div class=\"pt_plus_video-box-shadow video_player69d600ab756bf \"    ><div class=\"pt_plus_video_player   text-\"><div class=\"ts-video-wrapper ts-video-hover-effect-zoom ts-type-vimeo\" data-mode=\"lazyload\" data-provider=\"vimeo\" id=\"ts-video-video-6\"  data-grow=\"\"><div class=\"ts-video-embed-container\" ><img decoding=\"async\" class=\"ts-video-thumbnail\" data-object-fit=\"\"  content=\"https:\/\/www.igh.ch\/wp-content\/uploads\/MannAmArbeitsplatzLaptopUndTablet-scaled-1.jpg\" src=\"https:\/\/www.igh.ch\/wp-content\/uploads\/MannAmArbeitsplatzLaptopUndTablet-scaled-1.jpg\" alt=\"Video Thumbnail\"><h5 class=\"ts-video-title\"><\/h5><span class=\"ts-video-lazyload\" data-allowfullscreen=\"\" data-class=\"pt-plus-video-frame fitvidsignore\" data-frameborder=\"0\" data-scrolling=\"no\" data-src=\"https:\/\/player.vimeo.com\/video\/807239953?html5=1&amp;title=0&amp;byline=0&amp;portrait=0&amp;autoplay=1\" data-sandbox=\"allow-scripts allow-same-origin allow-presentation allow-forms\" data-width=\"480\" data-height=\"270\"><\/span><button class=\"ts-video-play-btn ts-video-blay-btn-youtube\" type=\"button\"><div class=\"tp-video-icon-inner image-pulse\"><img decoding=\"async\" class=\"ts-video-icon\" src=\"https:\/\/www.igh.ch\/wp-content\/uploads\/2022\/10\/play-icon.svg\"  alt=\"play-icon.svg\" \/><\/div><\/button><div class=\"tp-video-upload\" itemprop=\"uploadDate\" content=\"\" style=\"display: none;\"><\/div><div class=\"tp-video-upload\" itemprop=\"contentUrl\" content=\"https:\/\/player.vimeo.com\/video\/807239953?html5=1&amp;title=0&amp;byline=0&amp;portrait=0&amp;autoplay=1\" style=\"display: none;\"><\/div><\/div><\/div><\/div><\/div>\t\t\t\t<\/div>\n\t\t\t\t<\/div>\n\t\t<div class=\"elementor-element elementor-element-b7a9137 e-con-full e-flex e-con e-child\" data-id=\"b7a9137\" data-element_type=\"container\" data-e-type=\"container\">\n\t\t\t\t<div class=\"elementor-element elementor-element-df5ff37 elementor-invisible elementor-widget elementor-widget-heading\" data-id=\"df5ff37\" data-element_type=\"widget\" data-e-type=\"widget\" data-settings=\"{&quot;_animation&quot;:&quot;fadeInDown&quot;}\" data-widget_type=\"heading.default\">\n\t\t\t\t\t<h2 class=\"elementor-heading-title elementor-size-default\">Film 4<\/h2>\t\t\t\t<\/div>\n\t\t\t\t<div class=\"elementor-element elementor-element-2e3c048 elementor-invisible elementor-widget elementor-widget-heading\" data-id=\"2e3c048\" data-element_type=\"widget\" data-e-type=\"widget\" data-settings=\"{&quot;_animation&quot;:&quot;fadeInDown&quot;}\" data-widget_type=\"heading.default\">\n\t\t\t\t\t<h3 class=\"elementor-heading-title elementor-size-default\">Commander \/ DataSelect.ch\n<\/h3>\t\t\t\t<\/div>\n\t\t\t\t<div class=\"elementor-element elementor-element-e9436c3 elementor-invisible elementor-widget elementor-widget-text-editor\" data-id=\"e9436c3\" data-element_type=\"widget\" data-e-type=\"widget\" data-settings=\"{&quot;_animation&quot;:&quot;fadeInDown&quot;}\" data-widget_type=\"text-editor.default\">\n\t\t\t\t\t\t\t\t\t<ul><li>V\u00e9rifier la commande<\/li><li>D\u00e9clencher<\/li><\/ul>\t\t\t\t\t\t\t\t<\/div>\n\t\t\t\t<\/div>\n\t\t\t\t\t<\/div>\n\t\t\t\t<\/div>\n\t\t\t\t<\/div>\n\t\t","protected":false},"excerpt":{"rendered":"<p>ScanApp Application de commande de stock Les utilisateurs d&rsquo;Android et d&rsquo;iPhone peuvent utiliser l&rsquo;application de commande de stock d&rsquo;IGH pour scanner directement dans l&rsquo;entrep\u00f4t tous les produits dont ils ont besoin, les attribuer aux fournisseurs souhait\u00e9s et les commander par voie \u00e9lectronique. Les films suivants pr\u00e9sentent toutes les \u00e9tapes du traitement. L&rsquo;application de commande d&rsquo;entrep\u00f4t [&hellip;]<\/p>\n","protected":false},"author":1,"featured_media":0,"parent":10116,"menu_order":0,"comment_status":"closed","ping_status":"closed","template":"","meta":{"footnotes":""},"class_list":["post-10147","page","type-page","status-publish","hentry"],"_links":{"self":[{"href":"https:\/\/www.igh.ch\/fr\/wp-json\/wp\/v2\/pages\/10147","targetHints":{"allow":["GET"]}}],"collection":[{"href":"https:\/\/www.igh.ch\/fr\/wp-json\/wp\/v2\/pages"}],"about":[{"href":"https:\/\/www.igh.ch\/fr\/wp-json\/wp\/v2\/types\/page"}],"author":[{"embeddable":true,"href":"https:\/\/www.igh.ch\/fr\/wp-json\/wp\/v2\/users\/1"}],"replies":[{"embeddable":true,"href":"https:\/\/www.igh.ch\/fr\/wp-json\/wp\/v2\/comments?post=10147"}],"version-history":[{"count":3,"href":"https:\/\/www.igh.ch\/fr\/wp-json\/wp\/v2\/pages\/10147\/revisions"}],"predecessor-version":[{"id":24510,"href":"https:\/\/www.igh.ch\/fr\/wp-json\/wp\/v2\/pages\/10147\/revisions\/24510"}],"up":[{"embeddable":true,"href":"https:\/\/www.igh.ch\/fr\/wp-json\/wp\/v2\/pages\/10116"}],"wp:attachment":[{"href":"https:\/\/www.igh.ch\/fr\/wp-json\/wp\/v2\/media?parent=10147"}],"curies":[{"name":"wp","href":"https:\/\/api.w.org\/{rel}","templated":true}]}}