{"id":10045,"date":"2022-08-25T08:40:20","date_gmt":"2022-08-25T06:40:20","guid":{"rendered":"https:\/\/igh01.worksite.ch\/?page_id=10045"},"modified":"2025-10-03T15:20:16","modified_gmt":"2025-10-03T13:20:16","slug":"e-rechnungen","status":"publish","type":"page","link":"https:\/\/www.igh.ch\/fr\/produkte\/dokumente\/e-rechnungen\/","title":{"rendered":"E-Factures"},"content":{"rendered":"\t\t<div data-elementor-type=\"wp-page\" data-elementor-id=\"10045\" class=\"elementor elementor-10045 elementor-4484\" data-elementor-post-type=\"page\">\n\t\t\t\t<div class=\"elementor-element elementor-element-22f6f5f e-flex e-con-boxed e-con e-parent\" data-id=\"22f6f5f\" data-element_type=\"container\" data-e-type=\"container\" data-settings=\"{&quot;background_background&quot;:&quot;classic&quot;}\">\n\t\t\t\t\t<div class=\"e-con-inner\">\n\t\t<div class=\"elementor-element elementor-element-174317f e-con-full e-flex e-con e-child\" data-id=\"174317f\" data-element_type=\"container\" data-e-type=\"container\" data-settings=\"{&quot;background_background&quot;:&quot;classic&quot;}\">\n\t\t\t\t<div class=\"elementor-element elementor-element-f707736 elementor-invisible elementor-widget elementor-widget-heading\" data-id=\"f707736\" data-element_type=\"widget\" data-e-type=\"widget\" data-settings=\"{&quot;_animation&quot;:&quot;fadeInDown&quot;}\" data-widget_type=\"heading.default\">\n\t\t\t\t\t<h1 class=\"elementor-heading-title elementor-size-default\">E-Factures<\/h1>\t\t\t\t<\/div>\n\t\t\t\t<div class=\"elementor-element elementor-element-d67930d elementor-widget elementor-widget-html\" data-id=\"d67930d\" data-element_type=\"widget\" data-e-type=\"widget\" data-widget_type=\"html.default\">\n\t\t\t\t\t<nav aria-label=\"breadcrumbs\" class=\"rank-math-breadcrumb\"><p><span class=\"last\">Home<\/span><\/p><\/nav>\t\t\t\t<\/div>\n\t\t\t\t<\/div>\n\t\t\t\t\t<\/div>\n\t\t\t\t<\/div>\n\t\t<div class=\"elementor-element elementor-element-da738f4 e-flex e-con-boxed e-con e-parent\" data-id=\"da738f4\" data-element_type=\"container\" data-e-type=\"container\" data-settings=\"{&quot;background_background&quot;:&quot;classic&quot;}\">\n\t\t\t\t\t<div class=\"e-con-inner\">\n\t\t<div class=\"elementor-element elementor-element-3effad73 e-con-full e-flex e-con e-child\" data-id=\"3effad73\" data-element_type=\"container\" data-e-type=\"container\" data-settings=\"{&quot;background_background&quot;:&quot;classic&quot;}\">\n\t\t<div class=\"elementor-element elementor-element-7a5ce705 e-flex e-con-boxed e-con e-child\" data-id=\"7a5ce705\" data-element_type=\"container\" data-e-type=\"container\" data-settings=\"{&quot;background_background&quot;:&quot;classic&quot;}\">\n\t\t\t\t\t<div class=\"e-con-inner\">\n\t\t\t\t<div class=\"elementor-element elementor-element-2b573650 elementor-invisible elementor-widget elementor-widget-heading\" data-id=\"2b573650\" data-element_type=\"widget\" data-e-type=\"widget\" data-settings=\"{&quot;_animation&quot;:&quot;fadeInDown&quot;}\" data-widget_type=\"heading.default\">\n\t\t\t\t\t<h2 class=\"elementor-heading-title elementor-size-default\">Yellowbill<\/h2>\t\t\t\t<\/div>\n\t\t\t\t<div class=\"elementor-element elementor-element-4c7c22c3 elementor-invisible elementor-widget elementor-widget-text-editor\" data-id=\"4c7c22c3\" data-element_type=\"widget\" data-e-type=\"widget\" data-settings=\"{&quot;_animation&quot;:&quot;fadeInDown&quot;,&quot;_animation_delay&quot;:500}\" data-widget_type=\"text-editor.default\">\n\t\t\t\t\t\t\t\t\tAvec l&rsquo;adaptateur Yellowbill, les factures DataExpert<sup>\u00ae<\/sup> sont converties au format Yellowbill sur le WebServer de l&rsquo;affili\u00e9, puis envoy\u00e9es directement au serveur de PostFinance pour traitement.\t\t\t\t\t\t\t\t<\/div>\n\t\t\t\t\t<\/div>\n\t\t\t\t<\/div>\n\t\t\t\t<\/div>\n\t\t<div class=\"elementor-element elementor-element-58a8a7a8 e-con-full e-flex e-con e-child\" data-id=\"58a8a7a8\" data-element_type=\"container\" data-e-type=\"container\" data-settings=\"{&quot;background_background&quot;:&quot;classic&quot;}\">\n\t\t<div class=\"elementor-element elementor-element-1561694d e-con-full e-flex e-con e-child\" data-id=\"1561694d\" data-element_type=\"container\" data-e-type=\"container\" data-settings=\"{&quot;background_background&quot;:&quot;classic&quot;}\">\n\t\t\t\t<div class=\"elementor-element elementor-element-5d0c273a elementor-widget elementor-widget-image\" data-id=\"5d0c273a\" data-element_type=\"widget\" data-e-type=\"widget\" data-widget_type=\"image.default\">\n\t\t\t\t\t\t\t\t\t\t\t\t\t\t\t<img fetchpriority=\"high\" decoding=\"async\" width=\"384\" height=\"512\" src=\"https:\/\/www.igh.ch\/wp-content\/uploads\/2022\/06\/file-invoice1-1.svg\" class=\"attachment-large size-large wp-image-1176\" alt=\"\" \/>\t\t\t\t\t\t\t\t\t\t\t\t\t\t\t<\/div>\n\t\t\t\t<\/div>\n\t\t\t\t<\/div>\n\t\t\t\t\t<\/div>\n\t\t\t\t<\/div>\n\t\t<div class=\"elementor-element elementor-element-92e125e e-flex e-con-boxed e-con e-parent\" data-id=\"92e125e\" data-element_type=\"container\" data-e-type=\"container\" data-settings=\"{&quot;background_background&quot;:&quot;classic&quot;}\">\n\t\t\t\t\t<div class=\"e-con-inner\">\n\t\t<div class=\"elementor-element elementor-element-7c07fbb e-con-full elementor-hidden-mobile e-flex e-con e-child\" data-id=\"7c07fbb\" data-element_type=\"container\" data-e-type=\"container\">\n\t\t\t\t<div class=\"elementor-element elementor-element-fba4a66 elementor-widget elementor-widget-image\" data-id=\"fba4a66\" data-element_type=\"widget\" data-e-type=\"widget\" data-widget_type=\"image.default\">\n\t\t\t\t\t\t\t\t\t\t\t\t\t\t\t<img decoding=\"async\" width=\"800\" height=\"524\" src=\"https:\/\/www.igh.ch\/wp-content\/uploads\/vater-fuchs_buchhaltung_1536x1006-1024x671.jpg\" class=\"attachment-large size-large wp-image-25732\" alt=\"\" srcset=\"https:\/\/www.igh.ch\/wp-content\/uploads\/vater-fuchs_buchhaltung_1536x1006-1024x671.jpg 1024w, https:\/\/www.igh.ch\/wp-content\/uploads\/vater-fuchs_buchhaltung_1536x1006-300x196.jpg 300w, https:\/\/www.igh.ch\/wp-content\/uploads\/vater-fuchs_buchhaltung_1536x1006-768x503.jpg 768w, https:\/\/www.igh.ch\/wp-content\/uploads\/vater-fuchs_buchhaltung_1536x1006.jpg 1536w\" sizes=\"(max-width: 800px) 100vw, 800px\" \/>\t\t\t\t\t\t\t\t\t\t\t\t\t\t\t<\/div>\n\t\t\t\t<\/div>\n\t\t<div class=\"elementor-element elementor-element-9a0d4fc e-con-full e-flex e-con e-child\" data-id=\"9a0d4fc\" data-element_type=\"container\" data-e-type=\"container\">\n\t\t\t\t<div class=\"elementor-element elementor-element-af36e6d elementor-invisible elementor-widget elementor-widget-heading\" data-id=\"af36e6d\" data-element_type=\"widget\" data-e-type=\"widget\" data-settings=\"{&quot;_animation&quot;:&quot;fadeInDown&quot;}\" data-widget_type=\"heading.default\">\n\t\t\t\t\t<h2 class=\"elementor-heading-title elementor-size-default\">Le monde des e-factures\n<\/h2>\t\t\t\t<\/div>\n\t\t\t\t<div class=\"elementor-element elementor-element-b3299ce elementor-invisible elementor-widget elementor-widget-text-editor\" data-id=\"b3299ce\" data-element_type=\"widget\" data-e-type=\"widget\" data-settings=\"{&quot;_animation&quot;:&quot;fadeInDown&quot;}\" data-widget_type=\"text-editor.default\">\n\t\t\t\t\t\t\t\t\t<p>Les membres IGH atteignent de cette mani\u00e8re tous les destinataires d&rsquo;e-factures avec la facture\u00a0 DataExpert<sup>\u00ae<\/sup>. Avec le volume de factures de tous les membres IGH, des frais de transaction int\u00e9ressants peuvent \u00eatre n\u00e9goci\u00e9s avec PostFinance.<\/p>\t\t\t\t\t\t\t\t<\/div>\n\t\t\t\t<\/div>\n\t\t\t\t\t<\/div>\n\t\t\t\t<\/div>\n\t\t<div class=\"elementor-element elementor-element-323cfac e-flex e-con-boxed e-con e-parent\" data-id=\"323cfac\" data-element_type=\"container\" data-e-type=\"container\" data-settings=\"{&quot;background_background&quot;:&quot;classic&quot;}\">\n\t\t\t\t\t<div class=\"e-con-inner\">\n\t\t<div class=\"elementor-element elementor-element-d7be84f e-con-full e-flex e-con e-child\" data-id=\"d7be84f\" data-element_type=\"container\" data-e-type=\"container\" data-settings=\"{&quot;background_background&quot;:&quot;classic&quot;}\">\n\t\t\t\t<div class=\"elementor-element elementor-element-84fde51 elementor-widget elementor-widget-html\" data-id=\"84fde51\" data-element_type=\"widget\" data-e-type=\"widget\" data-widget_type=\"html.default\">\n\t\t\t\t\t<div id=\"iframeigh\"><\/div>\n    \n<script type=\"text\/javascript\" src=\"https:\/\/docs.igh.ch\/js\/pym.js\"><\/script>\n<script>var pymParent = new pym.Parent('iframeigh', 'https:\/\/docs.igh.ch\/seiten\/documente060000_fr.html', {});<\/script>\t\t\t\t<\/div>\n\t\t\t\t<\/div>\n\t\t\t\t\t<\/div>\n\t\t\t\t<\/div>\n\t\t\t\t<\/div>\n\t\t","protected":false},"excerpt":{"rendered":"<p>E-Factures Yellowbill Avec l&rsquo;adaptateur Yellowbill, les factures DataExpert\u00ae sont converties au format Yellowbill sur le WebServer de l&rsquo;affili\u00e9, puis envoy\u00e9es directement au serveur de PostFinance pour traitement. Le monde des e-factures Les membres IGH atteignent de cette mani\u00e8re tous les destinataires d&rsquo;e-factures avec la facture\u00a0 DataExpert\u00ae. Avec le volume de factures de tous les membres [&hellip;]<\/p>\n","protected":false},"author":1,"featured_media":0,"parent":9937,"menu_order":6,"comment_status":"closed","ping_status":"closed","template":"","meta":{"footnotes":""},"class_list":["post-10045","page","type-page","status-publish","hentry"],"_links":{"self":[{"href":"https:\/\/www.igh.ch\/fr\/wp-json\/wp\/v2\/pages\/10045","targetHints":{"allow":["GET"]}}],"collection":[{"href":"https:\/\/www.igh.ch\/fr\/wp-json\/wp\/v2\/pages"}],"about":[{"href":"https:\/\/www.igh.ch\/fr\/wp-json\/wp\/v2\/types\/page"}],"author":[{"embeddable":true,"href":"https:\/\/www.igh.ch\/fr\/wp-json\/wp\/v2\/users\/1"}],"replies":[{"embeddable":true,"href":"https:\/\/www.igh.ch\/fr\/wp-json\/wp\/v2\/comments?post=10045"}],"version-history":[{"count":3,"href":"https:\/\/www.igh.ch\/fr\/wp-json\/wp\/v2\/pages\/10045\/revisions"}],"predecessor-version":[{"id":25977,"href":"https:\/\/www.igh.ch\/fr\/wp-json\/wp\/v2\/pages\/10045\/revisions\/25977"}],"up":[{"embeddable":true,"href":"https:\/\/www.igh.ch\/fr\/wp-json\/wp\/v2\/pages\/9937"}],"wp:attachment":[{"href":"https:\/\/www.igh.ch\/fr\/wp-json\/wp\/v2\/media?parent=10045"}],"curies":[{"name":"wp","href":"https:\/\/api.w.org\/{rel}","templated":true}]}}