{"id":5365,"date":"2022-09-03T20:34:44","date_gmt":"2022-09-03T18:34:44","guid":{"rendered":"https:\/\/igh01.worksite.ch\/?page_id=5365"},"modified":"2024-08-16T10:09:30","modified_gmt":"2024-08-16T08:09:30","slug":"faq-anwenderprogramme","status":"publish","type":"page","link":"https:\/\/www.igh.ch\/de\/services\/faq\/faq-anwenderprogramme\/","title":{"rendered":"FAQ Anwenderprogramme"},"content":{"rendered":"\t\t<div data-elementor-type=\"wp-page\" data-elementor-id=\"5365\" class=\"elementor elementor-5365\" data-elementor-post-type=\"page\">\n\t\t\t\t<div class=\"elementor-element elementor-element-f7ee62d e-flex e-con-boxed e-con e-parent\" data-id=\"f7ee62d\" data-element_type=\"container\" data-e-type=\"container\" data-settings=\"{&quot;background_background&quot;:&quot;classic&quot;}\">\n\t\t\t\t\t<div class=\"e-con-inner\">\n\t\t<div class=\"elementor-element elementor-element-af39818 e-con-full e-flex e-con e-child\" data-id=\"af39818\" data-element_type=\"container\" data-e-type=\"container\" data-settings=\"{&quot;background_background&quot;:&quot;classic&quot;}\">\n\t\t\t\t<div class=\"elementor-element elementor-element-01b600e elementor-invisible elementor-widget elementor-widget-heading\" data-id=\"01b600e\" data-element_type=\"widget\" data-e-type=\"widget\" data-settings=\"{&quot;_animation&quot;:&quot;fadeInDown&quot;}\" data-widget_type=\"heading.default\">\n\t\t\t\t\t<h1 class=\"elementor-heading-title elementor-size-default\">FAQ Anwenderprogramme<\/h1>\t\t\t\t<\/div>\n\t\t\t\t<div class=\"elementor-element elementor-element-9611f75 elementor-widget elementor-widget-html\" data-id=\"9611f75\" data-element_type=\"widget\" data-e-type=\"widget\" data-widget_type=\"html.default\">\n\t\t\t\t\t<nav aria-label=\"breadcrumbs\" class=\"rank-math-breadcrumb\"><p><span class=\"last\">Home<\/span><\/p><\/nav>\t\t\t\t<\/div>\n\t\t\t\t<\/div>\n\t\t\t\t\t<\/div>\n\t\t\t\t<\/div>\n\t\t<div class=\"elementor-element elementor-element-00fd94e e-flex e-con-boxed e-con e-parent\" data-id=\"00fd94e\" data-element_type=\"container\" data-e-type=\"container\" data-settings=\"{&quot;background_background&quot;:&quot;classic&quot;}\">\n\t\t\t\t\t<div class=\"e-con-inner\">\n\t\t<div class=\"elementor-element elementor-element-a6fef55 e-con-full e-flex e-con e-child\" data-id=\"a6fef55\" data-element_type=\"container\" data-e-type=\"container\" data-settings=\"{&quot;background_background&quot;:&quot;classic&quot;}\">\n\t\t<div class=\"elementor-element elementor-element-31429096 e-flex e-con-boxed e-con e-child\" data-id=\"31429096\" data-element_type=\"container\" data-e-type=\"container\" data-settings=\"{&quot;background_background&quot;:&quot;classic&quot;}\">\n\t\t\t\t\t<div class=\"e-con-inner\">\n\t\t\t\t<div class=\"elementor-element elementor-element-3c9c8daf elementor-invisible elementor-widget elementor-widget-heading\" data-id=\"3c9c8daf\" data-element_type=\"widget\" data-e-type=\"widget\" data-settings=\"{&quot;_animation&quot;:&quot;fadeInDown&quot;}\" data-widget_type=\"heading.default\">\n\t\t\t\t\t<h2 class=\"elementor-heading-title elementor-size-default\">H\u00e4ufig gestellte Fragen<\/h2>\t\t\t\t<\/div>\n\t\t\t\t<div class=\"elementor-element elementor-element-49db2c5b elementor-invisible elementor-widget elementor-widget-text-editor\" data-id=\"49db2c5b\" data-element_type=\"widget\" data-e-type=\"widget\" data-settings=\"{&quot;_animation&quot;:&quot;fadeInDown&quot;,&quot;_animation_delay&quot;:500}\" data-widget_type=\"text-editor.default\">\n\t\t\t\t\t\t\t\t\t<p>Hier finden Sie eine Zusammenstellung der h\u00e4ufigen Fragen \u00fcber die WebApplikationen und MobileApps der IGH.<\/p>\t\t\t\t\t\t\t\t<\/div>\n\t\t\t\t\t<\/div>\n\t\t\t\t<\/div>\n\t\t\t\t<\/div>\n\t\t<div class=\"elementor-element elementor-element-1ebe2722 e-con-full e-flex e-con e-child\" data-id=\"1ebe2722\" data-element_type=\"container\" data-e-type=\"container\" data-settings=\"{&quot;background_background&quot;:&quot;video&quot;,&quot;background_video_link&quot;:&quot;https:\\\/\\\/www.igh.ch\\\/wp-content\\\/uploads\\\/2022\\\/07\\\/1280x720_kosten-fuer-igh-mitglieder.mp4&quot;,&quot;background_play_on_mobile&quot;:&quot;yes&quot;}\">\n\t\t<div class=\"elementor-background-video-container\">\n\t\t\t\t\t\t\t<video class=\"elementor-background-video-hosted\" role=\"presentation\" autoplay muted playsinline loop><\/video>\n\t\t\t\t\t<\/div><div class=\"elementor-element elementor-element-48b46ae6 e-con-full e-flex e-con e-child\" data-id=\"48b46ae6\" data-element_type=\"container\" data-e-type=\"container\" data-settings=\"{&quot;background_background&quot;:&quot;classic&quot;}\">\n\t\t\t\t<div class=\"elementor-element elementor-element-59dc6a70 elementor-widget elementor-widget-image\" data-id=\"59dc6a70\" data-element_type=\"widget\" data-e-type=\"widget\" data-widget_type=\"image.default\">\n\t\t\t\t\t\t\t\t\t\t\t\t\t\t\t<img fetchpriority=\"high\" decoding=\"async\" width=\"640\" height=\"512\" src=\"https:\/\/www.igh.ch\/wp-content\/uploads\/2022\/11\/faq1-1-1-1.svg\" class=\"attachment-large size-large wp-image-8258\" alt=\"\" \/>\t\t\t\t\t\t\t\t\t\t\t\t\t\t\t<\/div>\n\t\t\t\t<\/div>\n\t\t\t\t<\/div>\n\t\t\t\t\t<\/div>\n\t\t\t\t<\/div>\n\t\t<div class=\"elementor-element elementor-element-8dae5c9 e-flex e-con-boxed e-con e-parent\" data-id=\"8dae5c9\" data-element_type=\"container\" data-e-type=\"container\" data-settings=\"{&quot;background_background&quot;:&quot;classic&quot;}\">\n\t\t\t\t\t<div class=\"e-con-inner\">\n\t\t<div class=\"elementor-element elementor-element-536ed95a e-con-full e-flex e-con e-child\" data-id=\"536ed95a\" data-element_type=\"container\" data-e-type=\"container\" data-settings=\"{&quot;background_background&quot;:&quot;classic&quot;}\">\n\t\t\t\t<div class=\"elementor-element elementor-element-106841c7 elementor-invisible elementor-widget elementor-widget-heading\" data-id=\"106841c7\" data-element_type=\"widget\" data-e-type=\"widget\" data-settings=\"{&quot;_animation&quot;:&quot;fadeInDown&quot;}\" data-widget_type=\"heading.default\">\n\t\t\t\t\t<h3 class=\"elementor-heading-title elementor-size-default\">Fragen zu den Anwenderprogrammen<\/h3>\t\t\t\t<\/div>\n\t\t\t\t<div class=\"elementor-element elementor-element-69a552b elementor-widget elementor-widget-tp-accordion\" data-id=\"69a552b\" data-element_type=\"widget\" data-e-type=\"widget\" data-widget_type=\"tp-accordion.default\">\n\t\t\t\t\t\n<div class=\"theplus-accordion-wrapper elementor-accordion  tp-stageraccr  \"\n    id=\"accordion69d5cf6e3ca9a\" data-accordion-id=\"accordion69d5cf6e3ca9a\"\n    data-connection=\"\"\n    data-accordion-type=\"accordion\"\n    data-heightlight-text       data-stager-vd-accr=\"500\" data-stager-gap-accr=\"500\" role=\"tablist\" >\n\n            <div class=\"theplus-accordion-item\"  role=\"tab\">\n            <div id=\"elementor-tab-title-1101\" class=\"elementor-tab-title plus-accordion-header 0 text-left \" data-tab=\"1\" aria-controls=\"elementor-tab-content-1101\">\n                                <span class=\"elementor-accordion-icon elementor-accordion-icon-left\" aria-hidden=\"true\"><span class=\"elementor-accordion-icon-closed\"><svg xmlns=\"http:\/\/www.w3.org\/2000\/svg\" viewBox=\"0 0 512 512\" style=\"enable-background:new 0 0 512 512\" xml:space=\"preserve\">  <path d=\"M168 280c-13.3 0-24-10.7-24-24s10.7-24 24-24h64v-64c0-13.3 10.7-24 24-24s24 10.7 24 24v64h64c13.3 0 24 10.7 24 24s-10.7 24-24 24h-64v64c0 13.3-10.7 24-24 24s-24-10.7-24-24v-64h-64z\" style=\"fill:#007daa\"><\/path>  <path d=\"M0 256C0 114.6 114.6 0 256 0s256 114.6 256 256-114.6 256-256 256S0 397.4 0 256zm256 112c13.3 0 24-10.7 24-24v-64h64c13.3 0 24-10.7 24-24s-10.7-24-24-24h-64v-64c0-13.3-10.7-24-24-24s-24 10.7-24 24v64h-64c-13.3 0-24 10.7-24 24s10.7 24 24 24h64v64c0 13.3 10.7 24 24 24z\" style=\"fill:#a4ccdc;enable-background:new\"><\/path><\/svg><\/span><span class=\"elementor-accordion-icon-opened\"><svg xmlns=\"http:\/\/www.w3.org\/2000\/svg\" viewBox=\"0 0 512 512\" style=\"enable-background:new 0 0 512 512\" xml:space=\"preserve\">  <path d=\"M144 256c0-13.3 10.7-24 24-24h176c13.3 0 24 10.7 24 24s-10.7 24-24 24H168c-13.3 0-24-10.7-24-24z\" style=\"fill:#007daa\"><\/path>  <path d=\"M0 256C0 114.6 114.6 0 256 0s256 114.6 256 256-114.6 256-256 256S0 397.4 0 256zm168-24c-13.3 0-24 10.7-24 24s10.7 24 24 24h176c13.3 0 24-10.7 24-24s-10.7-24-24-24H168z\" style=\"fill:#a4ccdc;enable-background:new\"><\/path><\/svg><\/span><\/span>\n                <span style=\"width:100%\">Was ist DataSelect?<\/span>                            <\/div>\n\n                        <div id=\"elementor-tab-content-1101\" class=\"elementor-tab-content elementor-clearfix plus-accordion-content 0 \" data-tab=\"1\" role=\"tabpanel\" aria-labelledby=\"elementor-tab-title-1101\">\n                <div class=\"plus-content-editor\" ><p>Die IGH stellt mit DataSelect kostenlos ein Modul zur Verf\u00fcgung, mit dem Produkte aus einem Katalog selektiert und anschliessend verarbeitet werden kann.<\/p><p>Unter\u00a0<a title=\"DataSelect.ch\" href=\"https:\/\/www.dataselect.ch\/\" target=\"_blank\" rel=\"noopener\">DataSelect.ch<\/a>\u00a0ist die WebApplikation online einsatzbereit.<\/p><p>Mit DataSelect k\u00f6nnen, wenn erw\u00fcnscht und der Lieferant es zul\u00e4sst, Bestellungen direkt online ausgel\u00f6st werden.<\/p><\/div>\n            <\/div>\n                    <\/div>\n                <div class=\"theplus-accordion-item\"  role=\"tab\">\n            <div id=\"elementor-tab-title-1102\" class=\"elementor-tab-title plus-accordion-header 0 text-left \" data-tab=\"2\" aria-controls=\"elementor-tab-content-1102\">\n                                <span class=\"elementor-accordion-icon elementor-accordion-icon-left\" aria-hidden=\"true\"><span class=\"elementor-accordion-icon-closed\"><svg xmlns=\"http:\/\/www.w3.org\/2000\/svg\" viewBox=\"0 0 512 512\" style=\"enable-background:new 0 0 512 512\" xml:space=\"preserve\">  <path d=\"M168 280c-13.3 0-24-10.7-24-24s10.7-24 24-24h64v-64c0-13.3 10.7-24 24-24s24 10.7 24 24v64h64c13.3 0 24 10.7 24 24s-10.7 24-24 24h-64v64c0 13.3-10.7 24-24 24s-24-10.7-24-24v-64h-64z\" style=\"fill:#007daa\"><\/path>  <path d=\"M0 256C0 114.6 114.6 0 256 0s256 114.6 256 256-114.6 256-256 256S0 397.4 0 256zm256 112c13.3 0 24-10.7 24-24v-64h64c13.3 0 24-10.7 24-24s-10.7-24-24-24h-64v-64c0-13.3-10.7-24-24-24s-24 10.7-24 24v64h-64c-13.3 0-24 10.7-24 24s10.7 24 24 24h64v64c0 13.3 10.7 24 24 24z\" style=\"fill:#a4ccdc;enable-background:new\"><\/path><\/svg><\/span><span class=\"elementor-accordion-icon-opened\"><svg xmlns=\"http:\/\/www.w3.org\/2000\/svg\" viewBox=\"0 0 512 512\" style=\"enable-background:new 0 0 512 512\" xml:space=\"preserve\">  <path d=\"M144 256c0-13.3 10.7-24 24-24h176c13.3 0 24 10.7 24 24s-10.7 24-24 24H168c-13.3 0-24-10.7-24-24z\" style=\"fill:#007daa\"><\/path>  <path d=\"M0 256C0 114.6 114.6 0 256 0s256 114.6 256 256-114.6 256-256 256S0 397.4 0 256zm168-24c-13.3 0-24 10.7-24 24s10.7 24 24 24h176c13.3 0 24-10.7 24-24s-10.7-24-24-24H168z\" style=\"fill:#a4ccdc;enable-background:new\"><\/path><\/svg><\/span><\/span>\n                <span style=\"width:100%\">Was ist die WebApplikation DataSelect.ch?<\/span>                            <\/div>\n\n                        <div id=\"elementor-tab-content-1102\" class=\"elementor-tab-content elementor-clearfix plus-accordion-content 0 \" data-tab=\"2\" role=\"tabpanel\" aria-labelledby=\"elementor-tab-title-1102\">\n                <div class=\"plus-content-editor\" ><p>Die WebApplikation <a title=\"DataSelect.ch\" href=\"https:\/\/www.DataSelect.ch\" target=\"_blank\" rel=\"noopener\">DataSelect.ch<\/a> erm\u00f6glicht einen freien und uneingeschr\u00e4nkten Zugriff auf alle Kataloge im Format DataExpert<sup>\u00ae<\/sup>BIM, ist \u00fcberall und jederzeit einsetzbar, hat einen offenen (Public) und einen gesch\u00fctzten, individuellen Bereich f\u00fcr eingeloggte Benutzer. Produkte k\u00f6nnen direkt online bestellt werden.<\/p><\/div>\n            <\/div>\n                    <\/div>\n                <div class=\"theplus-accordion-item\"  role=\"tab\">\n            <div id=\"elementor-tab-title-1103\" class=\"elementor-tab-title plus-accordion-header 0 text-left \" data-tab=\"3\" aria-controls=\"elementor-tab-content-1103\">\n                                <span class=\"elementor-accordion-icon elementor-accordion-icon-left\" aria-hidden=\"true\"><span class=\"elementor-accordion-icon-closed\"><svg xmlns=\"http:\/\/www.w3.org\/2000\/svg\" viewBox=\"0 0 512 512\" style=\"enable-background:new 0 0 512 512\" xml:space=\"preserve\">  <path d=\"M168 280c-13.3 0-24-10.7-24-24s10.7-24 24-24h64v-64c0-13.3 10.7-24 24-24s24 10.7 24 24v64h64c13.3 0 24 10.7 24 24s-10.7 24-24 24h-64v64c0 13.3-10.7 24-24 24s-24-10.7-24-24v-64h-64z\" style=\"fill:#007daa\"><\/path>  <path d=\"M0 256C0 114.6 114.6 0 256 0s256 114.6 256 256-114.6 256-256 256S0 397.4 0 256zm256 112c13.3 0 24-10.7 24-24v-64h64c13.3 0 24-10.7 24-24s-10.7-24-24-24h-64v-64c0-13.3-10.7-24-24-24s-24 10.7-24 24v64h-64c-13.3 0-24 10.7-24 24s10.7 24 24 24h64v64c0 13.3 10.7 24 24 24z\" style=\"fill:#a4ccdc;enable-background:new\"><\/path><\/svg><\/span><span class=\"elementor-accordion-icon-opened\"><svg xmlns=\"http:\/\/www.w3.org\/2000\/svg\" viewBox=\"0 0 512 512\" style=\"enable-background:new 0 0 512 512\" xml:space=\"preserve\">  <path d=\"M144 256c0-13.3 10.7-24 24-24h176c13.3 0 24 10.7 24 24s-10.7 24-24 24H168c-13.3 0-24-10.7-24-24z\" style=\"fill:#007daa\"><\/path>  <path d=\"M0 256C0 114.6 114.6 0 256 0s256 114.6 256 256-114.6 256-256 256S0 397.4 0 256zm168-24c-13.3 0-24 10.7-24 24s10.7 24 24 24h176c13.3 0 24-10.7 24-24s-10.7-24-24-24H168z\" style=\"fill:#a4ccdc;enable-background:new\"><\/path><\/svg><\/span><\/span>\n                <span style=\"width:100%\">Was ist die WebApplikation IGH451.ch?<\/span>                            <\/div>\n\n                        <div id=\"elementor-tab-content-1103\" class=\"elementor-tab-content elementor-clearfix plus-accordion-content 0 \" data-tab=\"3\" role=\"tabpanel\" aria-labelledby=\"elementor-tab-title-1103\">\n                <div class=\"plus-content-editor\" ><p>Die WebApplikation <a title=\"IGH451.ch\" href=\"https:\/\/www.IGH451.ch\" target=\"_blank\" rel=\"noopener\">IGH451.ch<\/a> stellt sicher, dass die Austauschdateien anwendungsunabh\u00e4ngig strukturell korrekt und klar identifizierbar sind. Im Weiteren erm\u00f6glicht diese Applikation allen Partnern den Zugang zu den ausgeschriebenen Projekten und bietet im Bedarfsfall auch die M\u00f6glichkeit, die Daten f\u00fcr die Weiterverarbeitung direkt in eine Excel-Tabelle zu exportieren und anschliessend erneut zu importieren.<\/p><\/div>\n            <\/div>\n                    <\/div>\n                <div class=\"theplus-accordion-item\"  role=\"tab\">\n            <div id=\"elementor-tab-title-1104\" class=\"elementor-tab-title plus-accordion-header 0 text-left \" data-tab=\"4\" aria-controls=\"elementor-tab-content-1104\">\n                                <span class=\"elementor-accordion-icon elementor-accordion-icon-left\" aria-hidden=\"true\"><span class=\"elementor-accordion-icon-closed\"><svg xmlns=\"http:\/\/www.w3.org\/2000\/svg\" viewBox=\"0 0 512 512\" style=\"enable-background:new 0 0 512 512\" xml:space=\"preserve\">  <path d=\"M168 280c-13.3 0-24-10.7-24-24s10.7-24 24-24h64v-64c0-13.3 10.7-24 24-24s24 10.7 24 24v64h64c13.3 0 24 10.7 24 24s-10.7 24-24 24h-64v64c0 13.3-10.7 24-24 24s-24-10.7-24-24v-64h-64z\" style=\"fill:#007daa\"><\/path>  <path d=\"M0 256C0 114.6 114.6 0 256 0s256 114.6 256 256-114.6 256-256 256S0 397.4 0 256zm256 112c13.3 0 24-10.7 24-24v-64h64c13.3 0 24-10.7 24-24s-10.7-24-24-24h-64v-64c0-13.3-10.7-24-24-24s-24 10.7-24 24v64h-64c-13.3 0-24 10.7-24 24s10.7 24 24 24h64v64c0 13.3 10.7 24 24 24z\" style=\"fill:#a4ccdc;enable-background:new\"><\/path><\/svg><\/span><span class=\"elementor-accordion-icon-opened\"><svg xmlns=\"http:\/\/www.w3.org\/2000\/svg\" viewBox=\"0 0 512 512\" style=\"enable-background:new 0 0 512 512\" xml:space=\"preserve\">  <path d=\"M144 256c0-13.3 10.7-24 24-24h176c13.3 0 24 10.7 24 24s-10.7 24-24 24H168c-13.3 0-24-10.7-24-24z\" style=\"fill:#007daa\"><\/path>  <path d=\"M0 256C0 114.6 114.6 0 256 0s256 114.6 256 256-114.6 256-256 256S0 397.4 0 256zm168-24c-13.3 0-24 10.7-24 24s10.7 24 24 24h176c13.3 0 24-10.7 24-24s-10.7-24-24-24H168z\" style=\"fill:#a4ccdc;enable-background:new\"><\/path><\/svg><\/span><\/span>\n                <span style=\"width:100%\">Gibt es eine M\u00f6glichkeit, Lagerbestellungen direkt im Lager mit dem Smartphone zu erledigen und auch gleich elektronisch zu \u00fcbermitteln?<\/span>                            <\/div>\n\n                        <div id=\"elementor-tab-content-1104\" class=\"elementor-tab-content elementor-clearfix plus-accordion-content 0 \" data-tab=\"4\" role=\"tabpanel\" aria-labelledby=\"elementor-tab-title-1104\">\n                <div class=\"plus-content-editor\" ><p>Android und iPhone Benutzer k\u00f6nnen mit der ScanApp der IGH direkt ab Lager alle ben\u00f6tigten Produkte scannen, diese den gew\u00fcnschten Lieferanten zuordnen und elektronisch bestellen.<\/p><\/div>\n            <\/div>\n                    <\/div>\n                <div class=\"theplus-accordion-item\"  role=\"tab\">\n            <div id=\"elementor-tab-title-1105\" class=\"elementor-tab-title plus-accordion-header 0 text-left \" data-tab=\"5\" aria-controls=\"elementor-tab-content-1105\">\n                                <span class=\"elementor-accordion-icon elementor-accordion-icon-left\" aria-hidden=\"true\"><span class=\"elementor-accordion-icon-closed\"><svg xmlns=\"http:\/\/www.w3.org\/2000\/svg\" viewBox=\"0 0 512 512\" style=\"enable-background:new 0 0 512 512\" xml:space=\"preserve\">  <path d=\"M168 280c-13.3 0-24-10.7-24-24s10.7-24 24-24h64v-64c0-13.3 10.7-24 24-24s24 10.7 24 24v64h64c13.3 0 24 10.7 24 24s-10.7 24-24 24h-64v64c0 13.3-10.7 24-24 24s-24-10.7-24-24v-64h-64z\" style=\"fill:#007daa\"><\/path>  <path d=\"M0 256C0 114.6 114.6 0 256 0s256 114.6 256 256-114.6 256-256 256S0 397.4 0 256zm256 112c13.3 0 24-10.7 24-24v-64h64c13.3 0 24-10.7 24-24s-10.7-24-24-24h-64v-64c0-13.3-10.7-24-24-24s-24 10.7-24 24v64h-64c-13.3 0-24 10.7-24 24s10.7 24 24 24h64v64c0 13.3 10.7 24 24 24z\" style=\"fill:#a4ccdc;enable-background:new\"><\/path><\/svg><\/span><span class=\"elementor-accordion-icon-opened\"><svg xmlns=\"http:\/\/www.w3.org\/2000\/svg\" viewBox=\"0 0 512 512\" style=\"enable-background:new 0 0 512 512\" xml:space=\"preserve\">  <path d=\"M144 256c0-13.3 10.7-24 24-24h176c13.3 0 24 10.7 24 24s-10.7 24-24 24H168c-13.3 0-24-10.7-24-24z\" style=\"fill:#007daa\"><\/path>  <path d=\"M0 256C0 114.6 114.6 0 256 0s256 114.6 256 256-114.6 256-256 256S0 397.4 0 256zm168-24c-13.3 0-24 10.7-24 24s10.7 24 24 24h176c13.3 0 24-10.7 24-24s-10.7-24-24-24H168z\" style=\"fill:#a4ccdc;enable-background:new\"><\/path><\/svg><\/span><\/span>\n                <span style=\"width:100%\">Ich bin h\u00e4ufig unterwegs, z.B. auf Baustellen. Kann ich die Kataloge auch ausserhalb des B\u00fcros anschauen?<\/span>                            <\/div>\n\n                        <div id=\"elementor-tab-content-1105\" class=\"elementor-tab-content elementor-clearfix plus-accordion-content 0 \" data-tab=\"5\" role=\"tabpanel\" aria-labelledby=\"elementor-tab-title-1105\">\n                <div class=\"plus-content-editor\" ><p>Tablet und Notebook Benutzer k\u00f6nnen die WebApplikation <a title=\"DataSelect.ch\" href=\"https:\/\/www.DataSelect.ch\" target=\"_blank\" rel=\"noopener\">DataSelect.ch<\/a> nutzen. Diese WebApplikation erm\u00f6glicht einen freien und uneingeschr\u00e4nkten Zugriff auf alle Kataloge im Format DataExpert<sup>\u00ae<\/sup>BIM. Angemeldete Anwender k\u00f6nnen projektbezogene Produktelisten erstellen und speichern. Dies erm\u00f6glicht eine zeit- und ortsunabh\u00e4ngige Weiterverarbeitung.<\/p><\/div>\n            <\/div>\n                    <\/div>\n        \n<\/div>\n\t\t\t\t<\/div>\n\t\t\t\t<\/div>\n\t\t\t\t\t<\/div>\n\t\t\t\t<\/div>\n\t\t\t\t<\/div>\n\t\t","protected":false},"excerpt":{"rendered":"<p>FAQ Anwenderprogramme H\u00e4ufig gestellte Fragen Hier finden Sie eine Zusammenstellung der h\u00e4ufigen Fragen \u00fcber die WebApplikationen und MobileApps der IGH. Fragen zu den Anwenderprogrammen Was ist DataSelect? Die IGH stellt mit DataSelect kostenlos ein Modul zur Verf\u00fcgung, mit dem Produkte aus einem Katalog selektiert und anschliessend verarbeitet werden kann. Unter\u00a0DataSelect.ch\u00a0ist die WebApplikation online einsatzbereit. Mit [&hellip;]<\/p>\n","protected":false},"author":1,"featured_media":0,"parent":2824,"menu_order":3,"comment_status":"closed","ping_status":"closed","template":"","meta":{"footnotes":""},"class_list":["post-5365","page","type-page","status-publish","hentry"],"_links":{"self":[{"href":"https:\/\/www.igh.ch\/de\/wp-json\/wp\/v2\/pages\/5365","targetHints":{"allow":["GET"]}}],"collection":[{"href":"https:\/\/www.igh.ch\/de\/wp-json\/wp\/v2\/pages"}],"about":[{"href":"https:\/\/www.igh.ch\/de\/wp-json\/wp\/v2\/types\/page"}],"author":[{"embeddable":true,"href":"https:\/\/www.igh.ch\/de\/wp-json\/wp\/v2\/users\/1"}],"replies":[{"embeddable":true,"href":"https:\/\/www.igh.ch\/de\/wp-json\/wp\/v2\/comments?post=5365"}],"version-history":[{"count":0,"href":"https:\/\/www.igh.ch\/de\/wp-json\/wp\/v2\/pages\/5365\/revisions"}],"up":[{"embeddable":true,"href":"https:\/\/www.igh.ch\/de\/wp-json\/wp\/v2\/pages\/2824"}],"wp:attachment":[{"href":"https:\/\/www.igh.ch\/de\/wp-json\/wp\/v2\/media?parent=5365"}],"curies":[{"name":"wp","href":"https:\/\/api.w.org\/{rel}","templated":true}]}}