{"id":5360,"date":"2022-09-03T20:33:40","date_gmt":"2022-09-03T18:33:40","guid":{"rendered":"https:\/\/igh01.worksite.ch\/?page_id=5360"},"modified":"2024-08-16T10:10:33","modified_gmt":"2024-08-16T08:10:33","slug":"faq-kataloge","status":"publish","type":"page","link":"https:\/\/www.igh.ch\/de\/services\/faq\/faq-kataloge\/","title":{"rendered":"FAQ Kataloge"},"content":{"rendered":"\t\t<div data-elementor-type=\"wp-page\" data-elementor-id=\"5360\" class=\"elementor elementor-5360\" data-elementor-post-type=\"page\">\n\t\t\t\t<div class=\"elementor-element elementor-element-f7ee62d e-flex e-con-boxed e-con e-parent\" data-id=\"f7ee62d\" data-element_type=\"container\" data-e-type=\"container\" data-settings=\"{&quot;background_background&quot;:&quot;classic&quot;}\">\n\t\t\t\t\t<div class=\"e-con-inner\">\n\t\t<div class=\"elementor-element elementor-element-af39818 e-con-full e-flex e-con e-child\" data-id=\"af39818\" data-element_type=\"container\" data-e-type=\"container\" data-settings=\"{&quot;background_background&quot;:&quot;classic&quot;}\">\n\t\t\t\t<div class=\"elementor-element elementor-element-01b600e elementor-invisible elementor-widget elementor-widget-heading\" data-id=\"01b600e\" data-element_type=\"widget\" data-e-type=\"widget\" data-settings=\"{&quot;_animation&quot;:&quot;fadeInDown&quot;}\" data-widget_type=\"heading.default\">\n\t\t\t\t\t<h1 class=\"elementor-heading-title elementor-size-default\">FAQ Kataloge<\/h1>\t\t\t\t<\/div>\n\t\t\t\t<div class=\"elementor-element elementor-element-9611f75 elementor-widget elementor-widget-html\" data-id=\"9611f75\" data-element_type=\"widget\" data-e-type=\"widget\" data-widget_type=\"html.default\">\n\t\t\t\t\t<nav aria-label=\"breadcrumbs\" class=\"rank-math-breadcrumb\"><p><span class=\"last\">Home<\/span><\/p><\/nav>\t\t\t\t<\/div>\n\t\t\t\t<\/div>\n\t\t\t\t\t<\/div>\n\t\t\t\t<\/div>\n\t\t<div class=\"elementor-element elementor-element-1ca4614 e-flex e-con-boxed e-con e-parent\" data-id=\"1ca4614\" data-element_type=\"container\" data-e-type=\"container\" data-settings=\"{&quot;background_background&quot;:&quot;classic&quot;}\">\n\t\t\t\t\t<div class=\"e-con-inner\">\n\t\t<div class=\"elementor-element elementor-element-ad3106b e-con-full e-flex e-con e-child\" data-id=\"ad3106b\" data-element_type=\"container\" data-e-type=\"container\" data-settings=\"{&quot;background_background&quot;:&quot;classic&quot;}\">\n\t\t<div class=\"elementor-element elementor-element-2be9c8e5 e-flex e-con-boxed e-con e-child\" data-id=\"2be9c8e5\" data-element_type=\"container\" data-e-type=\"container\" data-settings=\"{&quot;background_background&quot;:&quot;classic&quot;}\">\n\t\t\t\t\t<div class=\"e-con-inner\">\n\t\t\t\t<div class=\"elementor-element elementor-element-2e16c679 elementor-invisible elementor-widget elementor-widget-heading\" data-id=\"2e16c679\" data-element_type=\"widget\" data-e-type=\"widget\" data-settings=\"{&quot;_animation&quot;:&quot;fadeInDown&quot;}\" data-widget_type=\"heading.default\">\n\t\t\t\t\t<h2 class=\"elementor-heading-title elementor-size-default\">H\u00e4ufig gestellte Fragen<\/h2>\t\t\t\t<\/div>\n\t\t\t\t<div class=\"elementor-element elementor-element-47dd12f6 elementor-invisible elementor-widget elementor-widget-text-editor\" data-id=\"47dd12f6\" data-element_type=\"widget\" data-e-type=\"widget\" data-settings=\"{&quot;_animation&quot;:&quot;fadeInDown&quot;,&quot;_animation_delay&quot;:500}\" data-widget_type=\"text-editor.default\">\n\t\t\t\t\t\t\t\t\t<p>Hier finden Sie eine Zusammenstellung der h\u00e4ufigen Fragen \u00fcber Kataloge.<\/p>\t\t\t\t\t\t\t\t<\/div>\n\t\t\t\t\t<\/div>\n\t\t\t\t<\/div>\n\t\t\t\t<\/div>\n\t\t<div class=\"elementor-element elementor-element-7036863d e-con-full e-flex e-con e-child\" data-id=\"7036863d\" data-element_type=\"container\" data-e-type=\"container\" data-settings=\"{&quot;background_background&quot;:&quot;classic&quot;}\">\n\t\t<div class=\"elementor-element elementor-element-39732243 e-con-full e-flex e-con e-child\" data-id=\"39732243\" data-element_type=\"container\" data-e-type=\"container\" data-settings=\"{&quot;background_background&quot;:&quot;classic&quot;}\">\n\t\t\t\t<div class=\"elementor-element elementor-element-357e1765 elementor-widget elementor-widget-image\" data-id=\"357e1765\" data-element_type=\"widget\" data-e-type=\"widget\" data-widget_type=\"image.default\">\n\t\t\t\t\t\t\t\t\t\t\t\t\t\t\t<img fetchpriority=\"high\" decoding=\"async\" width=\"640\" height=\"512\" src=\"https:\/\/www.igh.ch\/wp-content\/uploads\/2022\/11\/faq1-1-1.svg\" class=\"attachment-large size-large wp-image-8232\" alt=\"\" \/>\t\t\t\t\t\t\t\t\t\t\t\t\t\t\t<\/div>\n\t\t\t\t<\/div>\n\t\t\t\t<\/div>\n\t\t\t\t\t<\/div>\n\t\t\t\t<\/div>\n\t\t<div class=\"elementor-element elementor-element-495d06a e-flex e-con-boxed e-con e-parent\" data-id=\"495d06a\" data-element_type=\"container\" data-e-type=\"container\" data-settings=\"{&quot;background_background&quot;:&quot;classic&quot;}\">\n\t\t\t\t\t<div class=\"e-con-inner\">\n\t\t<div class=\"elementor-element elementor-element-852d48e e-con-full e-flex e-con e-child\" data-id=\"852d48e\" data-element_type=\"container\" data-e-type=\"container\" data-settings=\"{&quot;background_background&quot;:&quot;classic&quot;}\">\n\t\t\t\t<div class=\"elementor-element elementor-element-4c8b108 elementor-invisible elementor-widget elementor-widget-heading\" data-id=\"4c8b108\" data-element_type=\"widget\" data-e-type=\"widget\" data-settings=\"{&quot;_animation&quot;:&quot;fadeInDown&quot;}\" data-widget_type=\"heading.default\">\n\t\t\t\t\t<h3 class=\"elementor-heading-title elementor-size-default\">Fragen zu den Katalogen<\/h3>\t\t\t\t<\/div>\n\t\t\t\t<div class=\"elementor-element elementor-element-2f6ce09c elementor-widget elementor-widget-tp-accordion\" data-id=\"2f6ce09c\" data-element_type=\"widget\" data-e-type=\"widget\" data-widget_type=\"tp-accordion.default\">\n\t\t\t\t\t\n<div class=\"theplus-accordion-wrapper elementor-accordion  tp-stageraccr  \"\n    id=\"accordion69f09a0c9f5c0\" data-accordion-id=\"accordion69f09a0c9f5c0\"\n    data-connection=\"\"\n    data-accordion-type=\"accordion\"\n    data-heightlight-text       data-stager-vd-accr=\"500\" data-stager-gap-accr=\"500\" role=\"tablist\" >\n\n            <div class=\"theplus-accordion-item\"  role=\"tab\">\n            <div id=\"elementor-tab-title-7951\" class=\"elementor-tab-title plus-accordion-header 0 text-left \" data-tab=\"1\" aria-controls=\"elementor-tab-content-7951\">\n                                <span class=\"elementor-accordion-icon elementor-accordion-icon-left\" aria-hidden=\"true\"><span class=\"elementor-accordion-icon-closed\"><svg xmlns=\"http:\/\/www.w3.org\/2000\/svg\" viewBox=\"0 0 512 512\" style=\"enable-background:new 0 0 512 512\" xml:space=\"preserve\">  <path d=\"M168 280c-13.3 0-24-10.7-24-24s10.7-24 24-24h64v-64c0-13.3 10.7-24 24-24s24 10.7 24 24v64h64c13.3 0 24 10.7 24 24s-10.7 24-24 24h-64v64c0 13.3-10.7 24-24 24s-24-10.7-24-24v-64h-64z\" style=\"fill:#007daa\"><\/path>  <path d=\"M0 256C0 114.6 114.6 0 256 0s256 114.6 256 256-114.6 256-256 256S0 397.4 0 256zm256 112c13.3 0 24-10.7 24-24v-64h64c13.3 0 24-10.7 24-24s-10.7-24-24-24h-64v-64c0-13.3-10.7-24-24-24s-24 10.7-24 24v64h-64c-13.3 0-24 10.7-24 24s10.7 24 24 24h64v64c0 13.3 10.7 24 24 24z\" style=\"fill:#a4ccdc;enable-background:new\"><\/path><\/svg><\/span><span class=\"elementor-accordion-icon-opened\"><svg xmlns=\"http:\/\/www.w3.org\/2000\/svg\" viewBox=\"0 0 512 512\" style=\"enable-background:new 0 0 512 512\" xml:space=\"preserve\">  <path d=\"M144 256c0-13.3 10.7-24 24-24h176c13.3 0 24 10.7 24 24s-10.7 24-24 24H168c-13.3 0-24-10.7-24-24z\" style=\"fill:#007daa\"><\/path>  <path d=\"M0 256C0 114.6 114.6 0 256 0s256 114.6 256 256-114.6 256-256 256S0 397.4 0 256zm168-24c-13.3 0-24 10.7-24 24s10.7 24 24 24h176c13.3 0 24-10.7 24-24s-10.7-24-24-24H168z\" style=\"fill:#a4ccdc;enable-background:new\"><\/path><\/svg><\/span><\/span>\n                <span style=\"width:100%\">Welche Voraussetzungen m\u00fcssen erf\u00fcllt sein, um einen Katalog publizieren zu k\u00f6nnen?<\/span>                            <\/div>\n\n                        <div id=\"elementor-tab-content-7951\" class=\"elementor-tab-content elementor-clearfix plus-accordion-content 0 \" data-tab=\"1\" role=\"tabpanel\" aria-labelledby=\"elementor-tab-title-7951\">\n                <div class=\"plus-content-editor\" ><p>Der Katalogherausgeber muss IGH-Mitglied sein. Die Katalogdaten m\u00fcssen der DataExpert<sup>\u00ae<\/sup> Norm entsprechen. Die IGH-Gesch\u00e4ftsstelle unterst\u00fctzt die Mitglieder mit allen m\u00f6glichen Anlieferformaten, um die Voraussetzungen von DataExpert<sup>\u00ae<\/sup> zu erf\u00fcllen.<\/p><\/div>\n            <\/div>\n                    <\/div>\n                <div class=\"theplus-accordion-item\"  role=\"tab\">\n            <div id=\"elementor-tab-title-7952\" class=\"elementor-tab-title plus-accordion-header 0 text-left \" data-tab=\"2\" aria-controls=\"elementor-tab-content-7952\">\n                                <span class=\"elementor-accordion-icon elementor-accordion-icon-left\" aria-hidden=\"true\"><span class=\"elementor-accordion-icon-closed\"><svg xmlns=\"http:\/\/www.w3.org\/2000\/svg\" viewBox=\"0 0 512 512\" style=\"enable-background:new 0 0 512 512\" xml:space=\"preserve\">  <path d=\"M168 280c-13.3 0-24-10.7-24-24s10.7-24 24-24h64v-64c0-13.3 10.7-24 24-24s24 10.7 24 24v64h64c13.3 0 24 10.7 24 24s-10.7 24-24 24h-64v64c0 13.3-10.7 24-24 24s-24-10.7-24-24v-64h-64z\" style=\"fill:#007daa\"><\/path>  <path d=\"M0 256C0 114.6 114.6 0 256 0s256 114.6 256 256-114.6 256-256 256S0 397.4 0 256zm256 112c13.3 0 24-10.7 24-24v-64h64c13.3 0 24-10.7 24-24s-10.7-24-24-24h-64v-64c0-13.3-10.7-24-24-24s-24 10.7-24 24v64h-64c-13.3 0-24 10.7-24 24s10.7 24 24 24h64v64c0 13.3 10.7 24 24 24z\" style=\"fill:#a4ccdc;enable-background:new\"><\/path><\/svg><\/span><span class=\"elementor-accordion-icon-opened\"><svg xmlns=\"http:\/\/www.w3.org\/2000\/svg\" viewBox=\"0 0 512 512\" style=\"enable-background:new 0 0 512 512\" xml:space=\"preserve\">  <path d=\"M144 256c0-13.3 10.7-24 24-24h176c13.3 0 24 10.7 24 24s-10.7 24-24 24H168c-13.3 0-24-10.7-24-24z\" style=\"fill:#007daa\"><\/path>  <path d=\"M0 256C0 114.6 114.6 0 256 0s256 114.6 256 256-114.6 256-256 256S0 397.4 0 256zm168-24c-13.3 0-24 10.7-24 24s10.7 24 24 24h176c13.3 0 24-10.7 24-24s-10.7-24-24-24H168z\" style=\"fill:#a4ccdc;enable-background:new\"><\/path><\/svg><\/span><\/span>\n                <span style=\"width:100%\">Wer kann Kataloge herunterladen?<\/span>                            <\/div>\n\n                        <div id=\"elementor-tab-content-7952\" class=\"elementor-tab-content elementor-clearfix plus-accordion-content 0 \" data-tab=\"2\" role=\"tabpanel\" aria-labelledby=\"elementor-tab-title-7952\">\n                <div class=\"plus-content-editor\" ><p>Alle Interessenten.<\/p><p>Katalogdaten k\u00f6nnen direkt online in die eingesetzten Branchen-Applikationen importiert werden.<\/p><p>Alle Kataloge k\u00f6nnen jedoch auch direkt unter\u00a0<a title=\"DataSelect.ch\" href=\"https:\/\/www.dataselect.ch\/\" target=\"_blank\" rel=\"noopener\">DataSelect.ch<\/a> oder in der DataSelectApp (Android \/ iPhone) angewendet werden.<\/p><\/div>\n            <\/div>\n                    <\/div>\n                <div class=\"theplus-accordion-item\"  role=\"tab\">\n            <div id=\"elementor-tab-title-7953\" class=\"elementor-tab-title plus-accordion-header 0 text-left \" data-tab=\"3\" aria-controls=\"elementor-tab-content-7953\">\n                                <span class=\"elementor-accordion-icon elementor-accordion-icon-left\" aria-hidden=\"true\"><span class=\"elementor-accordion-icon-closed\"><svg xmlns=\"http:\/\/www.w3.org\/2000\/svg\" viewBox=\"0 0 512 512\" style=\"enable-background:new 0 0 512 512\" xml:space=\"preserve\">  <path d=\"M168 280c-13.3 0-24-10.7-24-24s10.7-24 24-24h64v-64c0-13.3 10.7-24 24-24s24 10.7 24 24v64h64c13.3 0 24 10.7 24 24s-10.7 24-24 24h-64v64c0 13.3-10.7 24-24 24s-24-10.7-24-24v-64h-64z\" style=\"fill:#007daa\"><\/path>  <path d=\"M0 256C0 114.6 114.6 0 256 0s256 114.6 256 256-114.6 256-256 256S0 397.4 0 256zm256 112c13.3 0 24-10.7 24-24v-64h64c13.3 0 24-10.7 24-24s-10.7-24-24-24h-64v-64c0-13.3-10.7-24-24-24s-24 10.7-24 24v64h-64c-13.3 0-24 10.7-24 24s10.7 24 24 24h64v64c0 13.3 10.7 24 24 24z\" style=\"fill:#a4ccdc;enable-background:new\"><\/path><\/svg><\/span><span class=\"elementor-accordion-icon-opened\"><svg xmlns=\"http:\/\/www.w3.org\/2000\/svg\" viewBox=\"0 0 512 512\" style=\"enable-background:new 0 0 512 512\" xml:space=\"preserve\">  <path d=\"M144 256c0-13.3 10.7-24 24-24h176c13.3 0 24 10.7 24 24s-10.7 24-24 24H168c-13.3 0-24-10.7-24-24z\" style=\"fill:#007daa\"><\/path>  <path d=\"M0 256C0 114.6 114.6 0 256 0s256 114.6 256 256-114.6 256-256 256S0 397.4 0 256zm168-24c-13.3 0-24 10.7-24 24s10.7 24 24 24h176c13.3 0 24-10.7 24-24s-10.7-24-24-24H168z\" style=\"fill:#a4ccdc;enable-background:new\"><\/path><\/svg><\/span><\/span>\n                <span style=\"width:100%\">Welche Kosten entstehen, wenn ich einen Katalog herunterlade?<\/span>                            <\/div>\n\n                        <div id=\"elementor-tab-content-7953\" class=\"elementor-tab-content elementor-clearfix plus-accordion-content 0 \" data-tab=\"3\" role=\"tabpanel\" aria-labelledby=\"elementor-tab-title-7953\">\n                <div class=\"plus-content-editor\" ><p>F\u00fcr den Katalognutzer entstehen keine Kosten, weder beim Herunterladen noch bei der Nutzung der Katalogdaten. Die Kosten, die beim Testen und Publizieren der Kataloge anfallen, werden durch den Katalogherausgeber \u00fcbernommen.<\/p><\/div>\n            <\/div>\n                    <\/div>\n                <div class=\"theplus-accordion-item\"  role=\"tab\">\n            <div id=\"elementor-tab-title-7954\" class=\"elementor-tab-title plus-accordion-header 0 text-left \" data-tab=\"4\" aria-controls=\"elementor-tab-content-7954\">\n                                <span class=\"elementor-accordion-icon elementor-accordion-icon-left\" aria-hidden=\"true\"><span class=\"elementor-accordion-icon-closed\"><svg xmlns=\"http:\/\/www.w3.org\/2000\/svg\" viewBox=\"0 0 512 512\" style=\"enable-background:new 0 0 512 512\" xml:space=\"preserve\">  <path d=\"M168 280c-13.3 0-24-10.7-24-24s10.7-24 24-24h64v-64c0-13.3 10.7-24 24-24s24 10.7 24 24v64h64c13.3 0 24 10.7 24 24s-10.7 24-24 24h-64v64c0 13.3-10.7 24-24 24s-24-10.7-24-24v-64h-64z\" style=\"fill:#007daa\"><\/path>  <path d=\"M0 256C0 114.6 114.6 0 256 0s256 114.6 256 256-114.6 256-256 256S0 397.4 0 256zm256 112c13.3 0 24-10.7 24-24v-64h64c13.3 0 24-10.7 24-24s-10.7-24-24-24h-64v-64c0-13.3-10.7-24-24-24s-24 10.7-24 24v64h-64c-13.3 0-24 10.7-24 24s10.7 24 24 24h64v64c0 13.3 10.7 24 24 24z\" style=\"fill:#a4ccdc;enable-background:new\"><\/path><\/svg><\/span><span class=\"elementor-accordion-icon-opened\"><svg xmlns=\"http:\/\/www.w3.org\/2000\/svg\" viewBox=\"0 0 512 512\" style=\"enable-background:new 0 0 512 512\" xml:space=\"preserve\">  <path d=\"M144 256c0-13.3 10.7-24 24-24h176c13.3 0 24 10.7 24 24s-10.7 24-24 24H168c-13.3 0-24-10.7-24-24z\" style=\"fill:#007daa\"><\/path>  <path d=\"M0 256C0 114.6 114.6 0 256 0s256 114.6 256 256-114.6 256-256 256S0 397.4 0 256zm168-24c-13.3 0-24 10.7-24 24s10.7 24 24 24h176c13.3 0 24-10.7 24-24s-10.7-24-24-24H168z\" style=\"fill:#a4ccdc;enable-background:new\"><\/path><\/svg><\/span><\/span>\n                <span style=\"width:100%\">Der publizierte Katalog meines gew\u00fcnschten Anbieters ist v\u00f6llig veraltet. Was kann ich tun?<\/span>                            <\/div>\n\n                        <div id=\"elementor-tab-content-7954\" class=\"elementor-tab-content elementor-clearfix plus-accordion-content 0 \" data-tab=\"4\" role=\"tabpanel\" aria-labelledby=\"elementor-tab-title-7954\">\n                <div class=\"plus-content-editor\" ><p>Die IGH motiviert die Lieferanten immer aktuelle Kataloge im Angebot zu f\u00fchren.<\/p><p>Wie oft und zu welchem Zeitpunkt ein Katalog aktualisiert wird, obliegt einzig dem Katalogersteller (Lieferant). Ist ein Katalog aus Ihrer Sicht nicht mehr aktuell, sollten Sie dies direkt dem Lieferanten (Katalogherausgeber) melden.<\/p><\/div>\n            <\/div>\n                    <\/div>\n        \n<\/div>\n\t\t\t\t<\/div>\n\t\t\t\t<\/div>\n\t\t\t\t\t<\/div>\n\t\t\t\t<\/div>\n\t\t\t\t<\/div>\n\t\t","protected":false},"excerpt":{"rendered":"<p>FAQ Kataloge H\u00e4ufig gestellte Fragen Hier finden Sie eine Zusammenstellung der h\u00e4ufigen Fragen \u00fcber Kataloge. Fragen zu den Katalogen Welche Voraussetzungen m\u00fcssen erf\u00fcllt sein, um einen Katalog publizieren zu k\u00f6nnen? Der Katalogherausgeber muss IGH-Mitglied sein. Die Katalogdaten m\u00fcssen der DataExpert\u00ae Norm entsprechen. Die IGH-Gesch\u00e4ftsstelle unterst\u00fctzt die Mitglieder mit allen m\u00f6glichen Anlieferformaten, um die Voraussetzungen von [&hellip;]<\/p>\n","protected":false},"author":1,"featured_media":0,"parent":2824,"menu_order":2,"comment_status":"closed","ping_status":"closed","template":"","meta":{"footnotes":""},"class_list":["post-5360","page","type-page","status-publish","hentry"],"_links":{"self":[{"href":"https:\/\/www.igh.ch\/de\/wp-json\/wp\/v2\/pages\/5360","targetHints":{"allow":["GET"]}}],"collection":[{"href":"https:\/\/www.igh.ch\/de\/wp-json\/wp\/v2\/pages"}],"about":[{"href":"https:\/\/www.igh.ch\/de\/wp-json\/wp\/v2\/types\/page"}],"author":[{"embeddable":true,"href":"https:\/\/www.igh.ch\/de\/wp-json\/wp\/v2\/users\/1"}],"replies":[{"embeddable":true,"href":"https:\/\/www.igh.ch\/de\/wp-json\/wp\/v2\/comments?post=5360"}],"version-history":[{"count":0,"href":"https:\/\/www.igh.ch\/de\/wp-json\/wp\/v2\/pages\/5360\/revisions"}],"up":[{"embeddable":true,"href":"https:\/\/www.igh.ch\/de\/wp-json\/wp\/v2\/pages\/2824"}],"wp:attachment":[{"href":"https:\/\/www.igh.ch\/de\/wp-json\/wp\/v2\/media?parent=5360"}],"curies":[{"name":"wp","href":"https:\/\/api.w.org\/{rel}","templated":true}]}}