{"id":4954,"date":"2022-09-03T09:28:56","date_gmt":"2022-09-03T07:28:31","guid":{"rendered":"https:\/\/igh01.worksite.ch\/?page_id=4954"},"modified":"2023-10-12T10:20:34","modified_gmt":"2023-10-12T08:20:34","slug":"katalog-newsletter","status":"publish","type":"page","link":"https:\/\/www.igh.ch\/de\/services\/bibliothek\/katalog-newsletter\/","title":{"rendered":"Katalog-Newsletter"},"content":{"rendered":"\t\t<div data-elementor-type=\"wp-page\" data-elementor-id=\"4954\" class=\"elementor elementor-4954\" data-elementor-post-type=\"page\">\n\t\t\t\t<div class=\"elementor-element elementor-element-f9b91ce e-flex e-con-boxed e-con e-parent\" data-id=\"f9b91ce\" data-element_type=\"container\" data-e-type=\"container\" data-settings=\"{&quot;background_background&quot;:&quot;classic&quot;}\">\n\t\t\t\t\t<div class=\"e-con-inner\">\n\t\t<div class=\"elementor-element elementor-element-3555b70 e-con-full e-flex e-con e-parent\" data-id=\"3555b70\" data-element_type=\"container\" data-e-type=\"container\" data-settings=\"{&quot;background_background&quot;:&quot;classic&quot;}\">\n\t\t\t\t<div class=\"elementor-element elementor-element-b82d327 elementor-invisible elementor-widget elementor-widget-heading\" data-id=\"b82d327\" data-element_type=\"widget\" data-e-type=\"widget\" data-settings=\"{&quot;_animation&quot;:&quot;fadeInDown&quot;}\" data-widget_type=\"heading.default\">\n\t\t\t\t\t<h1 class=\"elementor-heading-title elementor-size-default\">Katalog-Newsletter<\/h1>\t\t\t\t<\/div>\n\t\t\t\t<div class=\"elementor-element elementor-element-ec107c0 elementor-widget elementor-widget-html\" data-id=\"ec107c0\" data-element_type=\"widget\" data-e-type=\"widget\" data-widget_type=\"html.default\">\n\t\t\t\t\t<nav aria-label=\"breadcrumbs\" class=\"rank-math-breadcrumb\"><p><span class=\"last\">Home<\/span><\/p><\/nav>\t\t\t\t<\/div>\n\t\t\t\t<\/div>\n\t\t\t\t\t<\/div>\n\t\t\t\t<\/div>\n\t\t<div class=\"elementor-element elementor-element-041b2db e-flex e-con-boxed e-con e-parent\" data-id=\"041b2db\" data-element_type=\"container\" data-e-type=\"container\" data-settings=\"{&quot;background_background&quot;:&quot;classic&quot;}\">\n\t\t\t\t\t<div class=\"e-con-inner\">\n\t\t<div class=\"elementor-element elementor-element-7487d40 e-con-full e-flex e-con e-parent\" data-id=\"7487d40\" data-element_type=\"container\" data-e-type=\"container\" data-settings=\"{&quot;background_background&quot;:&quot;classic&quot;}\">\n\t\t<div class=\"elementor-element elementor-element-469f915 e-flex e-con-boxed e-con e-parent\" data-id=\"469f915\" data-element_type=\"container\" data-e-type=\"container\" data-settings=\"{&quot;background_background&quot;:&quot;classic&quot;}\">\n\t\t\t\t\t<div class=\"e-con-inner\">\n\t\t\t\t<div class=\"elementor-element elementor-element-d90ddf1 elementor-invisible elementor-widget elementor-widget-heading\" data-id=\"d90ddf1\" data-element_type=\"widget\" data-e-type=\"widget\" data-settings=\"{&quot;_animation&quot;:&quot;fadeInDown&quot;}\" data-widget_type=\"heading.default\">\n\t\t\t\t\t<h3 class=\"elementor-heading-title elementor-size-default\">Archiv der Katalog-Newsletter<\/h3>\t\t\t\t<\/div>\n\t\t\t\t<div class=\"elementor-element elementor-element-43088f4 elementor-invisible elementor-widget elementor-widget-text-editor\" data-id=\"43088f4\" data-element_type=\"widget\" data-e-type=\"widget\" data-settings=\"{&quot;_animation&quot;:&quot;fadeInDown&quot;,&quot;_animation_delay&quot;:500}\" data-widget_type=\"text-editor.default\">\n\t\t\t\t\t\t\t\t\t<p>In diesem Archiv befinden sich alle publizierten Katalog-Newsletter seit dem Jahr 2008. Ab einem bestimmten Zeitpunkt ist auch immer ein interessantes Thema zur Information der Kunden unserer Mitglieder enthalten.<\/p>\n<p>Bitte beachten Sie, dass alle Links auf DataSelect.ch in den Newsletter auf den heute aktuellen Katalog unserer Mitglieder zeigt und nicht auf den damals g\u00fcltigen. Ein Archiv der fr\u00fcheren Kataloge ist nicht \u00f6ffentlich zug\u00e4nglich.<\/p>\t\t\t\t\t\t\t\t<\/div>\n\t\t\t\t\t<\/div>\n\t\t\t\t<\/div>\n\t\t\t\t<\/div>\n\t\t<div class=\"elementor-element elementor-element-e1b4546 e-con-full e-flex e-con e-parent\" data-id=\"e1b4546\" data-element_type=\"container\" data-e-type=\"container\" data-settings=\"{&quot;background_background&quot;:&quot;classic&quot;}\">\n\t\t<div class=\"elementor-element elementor-element-ed66599 e-con-full e-flex e-con e-parent\" data-id=\"ed66599\" data-element_type=\"container\" data-e-type=\"container\" data-settings=\"{&quot;background_background&quot;:&quot;classic&quot;}\">\n\t\t\t\t<div class=\"elementor-element elementor-element-d3773e1 elementor-widget elementor-widget-image\" data-id=\"d3773e1\" data-element_type=\"widget\" data-e-type=\"widget\" data-widget_type=\"image.default\">\n\t\t\t\t\t\t\t\t\t\t\t\t\t\t\t<img fetchpriority=\"high\" decoding=\"async\" width=\"576\" height=\"512\" src=\"https:\/\/www.igh.ch\/wp-content\/uploads\/2022\/06\/file-signature1.svg\" class=\"attachment-large size-large wp-image-626\" alt=\"\" \/>\t\t\t\t\t\t\t\t\t\t\t\t\t\t\t<\/div>\n\t\t\t\t<\/div>\n\t\t\t\t<\/div>\n\t\t\t\t\t<\/div>\n\t\t\t\t<\/div>\n\t\t<div class=\"elementor-element elementor-element-a797b4e e-flex e-con-boxed e-con e-parent\" data-id=\"a797b4e\" data-element_type=\"container\" data-e-type=\"container\" data-settings=\"{&quot;background_background&quot;:&quot;classic&quot;}\">\n\t\t\t\t\t<div class=\"e-con-inner\">\n\t\t<div class=\"elementor-element elementor-element-e3bd2e3 e-con-full e-flex e-con e-parent\" data-id=\"e3bd2e3\" data-element_type=\"container\" data-e-type=\"container\" data-settings=\"{&quot;background_background&quot;:&quot;classic&quot;}\">\n\t\t\t\t<div class=\"elementor-element elementor-element-4b9e4a1 elementor-widget elementor-widget-html\" data-id=\"4b9e4a1\" data-element_type=\"widget\" data-e-type=\"widget\" data-widget_type=\"html.default\">\n\t\t\t\t\t<div id=\"iframeigh\"><\/div>\n \n<script type=\"text\/javascript\" src=\"https:\/\/docs.igh.ch\/js\/pym.js\"><\/script>\n<script>var pymParent = new pym.Parent('iframeigh', 'https:\/\/docs.igh.ch\/seiten\/bibliothekKatNews_de.html', {});<\/script>\t\t\t\t<\/div>\n\t\t\t\t<\/div>\n\t\t\t\t\t<\/div>\n\t\t\t\t<\/div>\n\t\t\t\t<\/div>\n\t\t","protected":false},"excerpt":{"rendered":"<p>Katalog-Newsletter Archiv der Katalog-Newsletter In diesem Archiv befinden sich alle publizierten Katalog-Newsletter seit dem Jahr 2008. Ab einem bestimmten Zeitpunkt ist auch immer ein interessantes Thema zur Information der Kunden unserer Mitglieder enthalten. Bitte beachten Sie, dass alle Links auf DataSelect.ch in den Newsletter auf den heute aktuellen Katalog unserer Mitglieder zeigt und nicht auf [&hellip;]<\/p>\n","protected":false},"author":1,"featured_media":0,"parent":4945,"menu_order":1,"comment_status":"closed","ping_status":"closed","template":"","meta":{"footnotes":""},"class_list":["post-4954","page","type-page","status-publish","hentry"],"_links":{"self":[{"href":"https:\/\/www.igh.ch\/de\/wp-json\/wp\/v2\/pages\/4954","targetHints":{"allow":["GET"]}}],"collection":[{"href":"https:\/\/www.igh.ch\/de\/wp-json\/wp\/v2\/pages"}],"about":[{"href":"https:\/\/www.igh.ch\/de\/wp-json\/wp\/v2\/types\/page"}],"author":[{"embeddable":true,"href":"https:\/\/www.igh.ch\/de\/wp-json\/wp\/v2\/users\/1"}],"replies":[{"embeddable":true,"href":"https:\/\/www.igh.ch\/de\/wp-json\/wp\/v2\/comments?post=4954"}],"version-history":[{"count":0,"href":"https:\/\/www.igh.ch\/de\/wp-json\/wp\/v2\/pages\/4954\/revisions"}],"up":[{"embeddable":true,"href":"https:\/\/www.igh.ch\/de\/wp-json\/wp\/v2\/pages\/4945"}],"wp:attachment":[{"href":"https:\/\/www.igh.ch\/de\/wp-json\/wp\/v2\/media?parent=4954"}],"curies":[{"name":"wp","href":"https:\/\/api.w.org\/{rel}","templated":true}]}}