{"id":4531,"date":"2022-08-25T08:50:14","date_gmt":"2022-08-25T06:50:14","guid":{"rendered":"https:\/\/igh01.worksite.ch\/?page_id=4531"},"modified":"2025-10-06T09:07:36","modified_gmt":"2025-10-06T07:07:36","slug":"webservice-dataexpert","status":"publish","type":"page","link":"https:\/\/www.igh.ch\/de\/produkte\/it-loesungen\/webservice-dataexpert\/","title":{"rendered":"WebService DataExpert"},"content":{"rendered":"\t\t<div data-elementor-type=\"wp-page\" data-elementor-id=\"4531\" class=\"elementor elementor-4531\" data-elementor-post-type=\"page\">\n\t\t\t\t<div class=\"elementor-element elementor-element-06ad587 e-flex e-con-boxed e-con e-parent\" data-id=\"06ad587\" data-element_type=\"container\" data-e-type=\"container\" data-settings=\"{&quot;background_background&quot;:&quot;classic&quot;}\">\n\t\t\t\t\t<div class=\"e-con-inner\">\n\t\t<div class=\"elementor-element elementor-element-add0e29 e-con-full e-flex e-con e-child\" data-id=\"add0e29\" data-element_type=\"container\" data-e-type=\"container\" data-settings=\"{&quot;background_background&quot;:&quot;classic&quot;}\">\n\t\t\t\t<div class=\"elementor-element elementor-element-e6b6fe4 elementor-invisible elementor-widget elementor-widget-heading\" data-id=\"e6b6fe4\" data-element_type=\"widget\" data-e-type=\"widget\" data-settings=\"{&quot;_animation&quot;:&quot;fadeInDown&quot;}\" data-widget_type=\"heading.default\">\n\t\t\t\t\t<h1 class=\"elementor-heading-title elementor-size-default\">WebService DataExpert<sup>\u00ae<\/sup><\/h1>\t\t\t\t<\/div>\n\t\t\t\t<div class=\"elementor-element elementor-element-da81dac elementor-widget elementor-widget-html\" data-id=\"da81dac\" data-element_type=\"widget\" data-e-type=\"widget\" data-widget_type=\"html.default\">\n\t\t\t\t\t<nav aria-label=\"breadcrumbs\" class=\"rank-math-breadcrumb\"><p><span class=\"last\">Home<\/span><\/p><\/nav>\t\t\t\t<\/div>\n\t\t\t\t<\/div>\n\t\t\t\t\t<\/div>\n\t\t\t\t<\/div>\n\t\t<div class=\"elementor-element elementor-element-da738f4 e-flex e-con-boxed e-con e-parent\" data-id=\"da738f4\" data-element_type=\"container\" data-e-type=\"container\" data-settings=\"{&quot;background_background&quot;:&quot;classic&quot;}\">\n\t\t\t\t\t<div class=\"e-con-inner\">\n\t\t<div class=\"elementor-element elementor-element-3effad73 e-con-full e-flex e-con e-child\" data-id=\"3effad73\" data-element_type=\"container\" data-e-type=\"container\" data-settings=\"{&quot;background_background&quot;:&quot;classic&quot;}\">\n\t\t<div class=\"elementor-element elementor-element-7a5ce705 e-flex e-con-boxed e-con e-child\" data-id=\"7a5ce705\" data-element_type=\"container\" data-e-type=\"container\" data-settings=\"{&quot;background_background&quot;:&quot;classic&quot;}\">\n\t\t\t\t\t<div class=\"e-con-inner\">\n\t\t\t\t<div class=\"elementor-element elementor-element-2b573650 elementor-invisible elementor-widget elementor-widget-heading\" data-id=\"2b573650\" data-element_type=\"widget\" data-e-type=\"widget\" data-settings=\"{&quot;_animation&quot;:&quot;fadeInDown&quot;}\" data-widget_type=\"heading.default\">\n\t\t\t\t\t<h2 class=\"elementor-heading-title elementor-size-default\">Prozess-Kommunikation<\/h2>\t\t\t\t<\/div>\n\t\t\t\t<div class=\"elementor-element elementor-element-4c7c22c3 elementor-invisible elementor-widget elementor-widget-text-editor\" data-id=\"4c7c22c3\" data-element_type=\"widget\" data-e-type=\"widget\" data-settings=\"{&quot;_animation&quot;:&quot;fadeInDown&quot;,&quot;_animation_delay&quot;:500}\" data-widget_type=\"text-editor.default\">\n\t\t\t\t\t\t\t\t\t<p>Nur IGH-Mitglieder k\u00f6nnen einen DataExpert<sup>\u00ae<\/sup>WebService f\u00fcr ihre Kunden bereitstellen.<\/p><p>Alle Kunden der IGH-Mitglieder k\u00f6nnen anschliessend direkt aus ihren Verarbeitungsapplikationen online mit Ihren Lieferanten kommunizieren. Eingesetzte Prozesse sind ikk (individuelle Kundenkonditionen), Offerten, Bestellungen bis hin zu Rechnungen.<\/p>\t\t\t\t\t\t\t\t<\/div>\n\t\t\t\t\t<\/div>\n\t\t\t\t<\/div>\n\t\t\t\t<\/div>\n\t\t<div class=\"elementor-element elementor-element-58a8a7a8 e-con-full e-flex e-con e-child\" data-id=\"58a8a7a8\" data-element_type=\"container\" data-e-type=\"container\" data-settings=\"{&quot;background_background&quot;:&quot;classic&quot;}\">\n\t\t<div class=\"elementor-element elementor-element-1561694d e-con-full e-flex e-con e-child\" data-id=\"1561694d\" data-element_type=\"container\" data-e-type=\"container\" data-settings=\"{&quot;background_background&quot;:&quot;classic&quot;}\">\n\t\t\t\t<div class=\"elementor-element elementor-element-5d0c273a elementor-widget elementor-widget-image\" data-id=\"5d0c273a\" data-element_type=\"widget\" data-e-type=\"widget\" data-widget_type=\"image.default\">\n\t\t\t\t\t\t\t\t\t\t\t\t\t\t\t<img fetchpriority=\"high\" decoding=\"async\" width=\"640\" height=\"512\" src=\"https:\/\/www.igh.ch\/wp-content\/uploads\/2022\/06\/house-laptop1-1.svg\" class=\"attachment-large size-large wp-image-788\" alt=\"\" \/>\t\t\t\t\t\t\t\t\t\t\t\t\t\t\t<\/div>\n\t\t\t\t<\/div>\n\t\t\t\t<\/div>\n\t\t\t\t\t<\/div>\n\t\t\t\t<\/div>\n\t\t<div class=\"elementor-element elementor-element-75319f7 e-flex e-con-boxed e-con e-parent\" data-id=\"75319f7\" data-element_type=\"container\" data-e-type=\"container\" data-settings=\"{&quot;background_background&quot;:&quot;classic&quot;}\">\n\t\t\t\t\t<div class=\"e-con-inner\">\n\t\t<div class=\"elementor-element elementor-element-803df9e e-con-full e-flex e-con e-child\" data-id=\"803df9e\" data-element_type=\"container\" data-e-type=\"container\">\n\t\t\t\t<div class=\"elementor-element elementor-element-7fca3e7 elementor-widget elementor-widget-image\" data-id=\"7fca3e7\" data-element_type=\"widget\" data-e-type=\"widget\" data-widget_type=\"image.default\">\n\t\t\t\t\t\t\t\t\t\t\t\t\t\t\t<img decoding=\"async\" width=\"1536\" height=\"1024\" src=\"https:\/\/www.igh.ch\/wp-content\/uploads\/vater-fuchs_viele-aufgaben_1536x1024.jpg\" class=\"attachment-full size-full wp-image-25738\" alt=\"\" srcset=\"https:\/\/www.igh.ch\/wp-content\/uploads\/vater-fuchs_viele-aufgaben_1536x1024.jpg 1536w, https:\/\/www.igh.ch\/wp-content\/uploads\/vater-fuchs_viele-aufgaben_1536x1024-300x200.jpg 300w, https:\/\/www.igh.ch\/wp-content\/uploads\/vater-fuchs_viele-aufgaben_1536x1024-1024x683.jpg 1024w, https:\/\/www.igh.ch\/wp-content\/uploads\/vater-fuchs_viele-aufgaben_1536x1024-768x512.jpg 768w\" sizes=\"(max-width: 1536px) 100vw, 1536px\" \/>\t\t\t\t\t\t\t\t\t\t\t\t\t\t\t<\/div>\n\t\t\t\t<\/div>\n\t\t<div class=\"elementor-element elementor-element-81ec31f e-con-full e-flex e-con e-child\" data-id=\"81ec31f\" data-element_type=\"container\" data-e-type=\"container\">\n\t\t\t\t<div class=\"elementor-element elementor-element-9aa7adf elementor-invisible elementor-widget elementor-widget-heading\" data-id=\"9aa7adf\" data-element_type=\"widget\" data-e-type=\"widget\" data-settings=\"{&quot;_animation&quot;:&quot;fadeInDown&quot;}\" data-widget_type=\"heading.default\">\n\t\t\t\t\t<h2 class=\"elementor-heading-title elementor-size-default\">Kommunikation mit WebServices<\/h2>\t\t\t\t<\/div>\n\t\t\t\t<div class=\"elementor-element elementor-element-3cf4ddc elementor-invisible elementor-widget elementor-widget-text-editor\" data-id=\"3cf4ddc\" data-element_type=\"widget\" data-e-type=\"widget\" data-settings=\"{&quot;_animation&quot;:&quot;fadeInDown&quot;}\" data-widget_type=\"text-editor.default\">\n\t\t\t\t\t\t\t\t\t<p>Die elektronische Kommunikation zwischen Anbieter und Kunden erfolgt direkt \u00fcber DataExpert<sup>\u00ae<\/sup>. DataExpert<sup>\u00ae<\/sup> \u00fcbernimmt &#8211; im Sinne eines &#8222;elektronischen Postboten&#8220; &#8211; den standardisierten Transport der Prozessdaten zwischen den IGH-Mitgliedern und deren Kunden (Planer\/Installateure &#8211; H\u00e4ndler &#8211; Hersteller).<\/p><div class=\"Standard\"><div class=\"Standard\"><p>DataExpert<sup>\u00ae<\/sup> pr\u00fcft nach genau vorgegebenen Regeln die Datenstruktur und die Datenformate und stellt auch die korrekte \u00dcbermittlung der Prozessdaten sicher. Vor der \u00dcbermittlung \u00fcberpr\u00fcft DataExpert<sup>\u00ae<\/sup>, ob sowohl der Absender wie auch der Empf\u00e4nger mit einem Austausch einverstanden bzw. dazu berechtigt sind.<span class=\"Standard\"><br \/><\/span><\/p><p>Die Integration der Prozessdaten (Anfragen, Offerten, Bestellungen etc.) in die Anwenderapplikationen (ERP) muss durch die jeweiligen Partner bzw. durch die Programmanbieter realisiert werden.<\/p><\/div><\/div>\t\t\t\t\t\t\t\t<\/div>\n\t\t\t\t<\/div>\n\t\t\t\t\t<\/div>\n\t\t\t\t<\/div>\n\t\t<div class=\"elementor-element elementor-element-2736c19 e-flex e-con-boxed e-con e-parent\" data-id=\"2736c19\" data-element_type=\"container\" data-e-type=\"container\" data-settings=\"{&quot;background_background&quot;:&quot;classic&quot;}\">\n\t\t\t\t\t<div class=\"e-con-inner\">\n\t\t<div class=\"elementor-element elementor-element-39e18ac e-con-full e-flex e-con e-child\" data-id=\"39e18ac\" data-element_type=\"container\" data-e-type=\"container\" data-settings=\"{&quot;background_background&quot;:&quot;classic&quot;}\">\n\t\t\t\t<div class=\"elementor-element elementor-element-fcd8e5c elementor-invisible elementor-widget elementor-widget-heading\" data-id=\"fcd8e5c\" data-element_type=\"widget\" data-e-type=\"widget\" data-settings=\"{&quot;_animation&quot;:&quot;fadeInDown&quot;}\" data-widget_type=\"heading.default\">\n\t\t\t\t\t<h2 class=\"elementor-heading-title elementor-size-default\">B2B-Prozessaustausch<\/h2>\t\t\t\t<\/div>\n\t\t\t\t<div class=\"elementor-element elementor-element-ec5a465 elementor-invisible elementor-widget elementor-widget-text-editor\" data-id=\"ec5a465\" data-element_type=\"widget\" data-e-type=\"widget\" data-settings=\"{&quot;_animation&quot;:&quot;fadeInDown&quot;}\" data-widget_type=\"text-editor.default\">\n\t\t\t\t\t\t\t\t\t<p>F\u00fcr interessierte IGH-Mitglieder vermittelt die IGH einen V-Server bei einem Partner-Provider (exigo AG). Damit entstehen lediglich geringe Installationskosten und eine monatliche Benutzungsgeb\u00fchr. Der V-Server wird als Server des Mitgliedes behandelt und ist somit gesch\u00fctzt gegen\u00fcber unerw\u00fcnschten Zugriffen. Die Daten, die f\u00fcr einen Kunden bereit gestellt werden, sind gegen\u00fcber anderen Kunden ebenfalls gesch\u00fctzt.<\/p>\t\t\t\t\t\t\t\t<\/div>\n\t\t\t\t<\/div>\n\t\t<div class=\"elementor-element elementor-element-1232b20 e-con-full elementor-hidden-mobile e-flex e-con e-child\" data-id=\"1232b20\" data-element_type=\"container\" data-e-type=\"container\" data-settings=\"{&quot;background_background&quot;:&quot;classic&quot;}\">\n\t\t\t\t<div class=\"elementor-element elementor-element-8d8416e elementor-widget elementor-widget-image\" data-id=\"8d8416e\" data-element_type=\"widget\" data-e-type=\"widget\" data-widget_type=\"image.default\">\n\t\t\t\t\t\t\t\t\t\t\t\t\t\t\t<img decoding=\"async\" width=\"4012\" height=\"4090\" src=\"https:\/\/www.igh.ch\/wp-content\/uploads\/IGHWebServiceBildlich_full_de.svg\" class=\"attachment-full size-full wp-image-25595\" alt=\"\" \/>\t\t\t\t\t\t\t\t\t\t\t\t\t\t\t<\/div>\n\t\t\t\t<\/div>\n\t\t\t\t\t<\/div>\n\t\t\t\t<\/div>\n\t\t<div class=\"elementor-element elementor-element-8f89fdc e-flex e-con-boxed e-con e-parent\" data-id=\"8f89fdc\" data-element_type=\"container\" data-e-type=\"container\" data-settings=\"{&quot;background_background&quot;:&quot;classic&quot;}\">\n\t\t\t\t\t<div class=\"e-con-inner\">\n\t\t<div class=\"elementor-element elementor-element-2998321 e-con-full e-flex e-con e-child\" data-id=\"2998321\" data-element_type=\"container\" data-e-type=\"container\">\n\t\t\t\t<div class=\"elementor-element elementor-element-f183b4a elementor-widget elementor-widget-image\" data-id=\"f183b4a\" data-element_type=\"widget\" data-e-type=\"widget\" data-widget_type=\"image.default\">\n\t\t\t\t\t\t\t\t\t\t\t\t\t\t\t<img loading=\"lazy\" decoding=\"async\" width=\"2139\" height=\"2760\" src=\"https:\/\/www.igh.ch\/wp-content\/uploads\/IGHWebServiceBildlich_ikk_de.svg\" class=\"attachment-full size-full wp-image-25611\" alt=\"\" \/>\t\t\t\t\t\t\t\t\t\t\t\t\t\t\t<\/div>\n\t\t\t\t<\/div>\n\t\t<div class=\"elementor-element elementor-element-c543863 e-con-full e-flex e-con e-child\" data-id=\"c543863\" data-element_type=\"container\" data-e-type=\"container\">\n\t\t\t\t<div class=\"elementor-element elementor-element-cc718c3 elementor-invisible elementor-widget elementor-widget-heading\" data-id=\"cc718c3\" data-element_type=\"widget\" data-e-type=\"widget\" data-settings=\"{&quot;_animation&quot;:&quot;fadeInDown&quot;}\" data-widget_type=\"heading.default\">\n\t\t\t\t\t<h2 class=\"elementor-heading-title elementor-size-default\">ikk \u00fcber Web-Shop<\/h2>\t\t\t\t<\/div>\n\t\t\t\t<div class=\"elementor-element elementor-element-043339b elementor-invisible elementor-widget elementor-widget-text-editor\" data-id=\"043339b\" data-element_type=\"widget\" data-e-type=\"widget\" data-settings=\"{&quot;_animation&quot;:&quot;fadeInDown&quot;}\" data-widget_type=\"text-editor.default\">\n\t\t\t\t\t\t\t\t\t<p>Der WebService kann die Nettopreise zu ausgew\u00e4hlten Artikeln aus dem Web-Shop des Anbieters entnehmen und das Resultat im Standard-ikk Format an die anfragende Applikation weitergeben.<\/p>\t\t\t\t\t\t\t\t<\/div>\n\t\t\t\t<\/div>\n\t\t\t\t\t<\/div>\n\t\t\t\t<\/div>\n\t\t\t\t<\/div>\n\t\t","protected":false},"excerpt":{"rendered":"<p>WebService DataExpert\u00ae Prozess-Kommunikation Nur IGH-Mitglieder k\u00f6nnen einen DataExpert\u00aeWebService f\u00fcr ihre Kunden bereitstellen. Alle Kunden der IGH-Mitglieder k\u00f6nnen anschliessend direkt aus ihren Verarbeitungsapplikationen online mit Ihren Lieferanten kommunizieren. Eingesetzte Prozesse sind ikk (individuelle Kundenkonditionen), Offerten, Bestellungen bis hin zu Rechnungen. Kommunikation mit WebServices Die elektronische Kommunikation zwischen Anbieter und Kunden erfolgt direkt \u00fcber DataExpert\u00ae. DataExpert\u00ae \u00fcbernimmt [&hellip;]<\/p>\n","protected":false},"author":1,"featured_media":0,"parent":4494,"menu_order":8,"comment_status":"closed","ping_status":"closed","template":"","meta":{"footnotes":""},"class_list":["post-4531","page","type-page","status-publish","hentry"],"_links":{"self":[{"href":"https:\/\/www.igh.ch\/de\/wp-json\/wp\/v2\/pages\/4531","targetHints":{"allow":["GET"]}}],"collection":[{"href":"https:\/\/www.igh.ch\/de\/wp-json\/wp\/v2\/pages"}],"about":[{"href":"https:\/\/www.igh.ch\/de\/wp-json\/wp\/v2\/types\/page"}],"author":[{"embeddable":true,"href":"https:\/\/www.igh.ch\/de\/wp-json\/wp\/v2\/users\/1"}],"replies":[{"embeddable":true,"href":"https:\/\/www.igh.ch\/de\/wp-json\/wp\/v2\/comments?post=4531"}],"version-history":[{"count":4,"href":"https:\/\/www.igh.ch\/de\/wp-json\/wp\/v2\/pages\/4531\/revisions"}],"predecessor-version":[{"id":26223,"href":"https:\/\/www.igh.ch\/de\/wp-json\/wp\/v2\/pages\/4531\/revisions\/26223"}],"up":[{"embeddable":true,"href":"https:\/\/www.igh.ch\/de\/wp-json\/wp\/v2\/pages\/4494"}],"wp:attachment":[{"href":"https:\/\/www.igh.ch\/de\/wp-json\/wp\/v2\/media?parent=4531"}],"curies":[{"name":"wp","href":"https:\/\/api.w.org\/{rel}","templated":true}]}}