{"id":4496,"date":"2022-08-25T08:43:52","date_gmt":"2022-08-25T06:43:20","guid":{"rendered":"https:\/\/igh01.worksite.ch\/?page_id=4496"},"modified":"2023-10-11T17:11:28","modified_gmt":"2023-10-11T15:11:28","slug":"dataselectapp","status":"publish","type":"page","link":"https:\/\/www.igh.ch\/de\/produkte\/it-loesungen\/dataselectapp\/","title":{"rendered":"DataSelectApp"},"content":{"rendered":"\t\t<div data-elementor-type=\"wp-page\" data-elementor-id=\"4496\" class=\"elementor elementor-4496\" data-elementor-post-type=\"page\">\n\t\t\t\t<div class=\"elementor-element elementor-element-5495380 e-flex e-con-boxed e-con e-parent\" data-id=\"5495380\" data-element_type=\"container\" data-e-type=\"container\" data-settings=\"{&quot;background_background&quot;:&quot;classic&quot;}\">\n\t\t\t\t\t<div class=\"e-con-inner\">\n\t\t<div class=\"elementor-element elementor-element-bff8e46 e-con-full e-flex e-con e-parent\" data-id=\"bff8e46\" data-element_type=\"container\" data-e-type=\"container\" data-settings=\"{&quot;background_background&quot;:&quot;classic&quot;}\">\n\t\t\t\t<div class=\"elementor-element elementor-element-681d4ca elementor-invisible elementor-widget elementor-widget-heading\" data-id=\"681d4ca\" data-element_type=\"widget\" data-e-type=\"widget\" data-settings=\"{&quot;_animation&quot;:&quot;fadeInDown&quot;}\" data-widget_type=\"heading.default\">\n\t\t\t\t\t<h1 class=\"elementor-heading-title elementor-size-default\">DataSelectApp<\/h1>\t\t\t\t<\/div>\n\t\t\t\t<div class=\"elementor-element elementor-element-78b6fbc elementor-widget elementor-widget-html\" data-id=\"78b6fbc\" data-element_type=\"widget\" data-e-type=\"widget\" data-widget_type=\"html.default\">\n\t\t\t\t\t<nav aria-label=\"breadcrumbs\" class=\"rank-math-breadcrumb\"><p><span class=\"last\">Home<\/span><\/p><\/nav>\t\t\t\t<\/div>\n\t\t\t\t<\/div>\n\t\t\t\t\t<\/div>\n\t\t\t\t<\/div>\n\t\t<div class=\"elementor-element elementor-element-da738f4 e-flex e-con-boxed e-con e-parent\" data-id=\"da738f4\" data-element_type=\"container\" data-e-type=\"container\" data-settings=\"{&quot;background_background&quot;:&quot;classic&quot;}\">\n\t\t\t\t\t<div class=\"e-con-inner\">\n\t\t<div class=\"elementor-element elementor-element-3effad73 e-con-full e-flex e-con e-parent\" data-id=\"3effad73\" data-element_type=\"container\" data-e-type=\"container\" data-settings=\"{&quot;background_background&quot;:&quot;classic&quot;}\">\n\t\t<div class=\"elementor-element elementor-element-7a5ce705 e-flex e-con-boxed e-con e-parent\" data-id=\"7a5ce705\" data-element_type=\"container\" data-e-type=\"container\" data-settings=\"{&quot;background_background&quot;:&quot;classic&quot;}\">\n\t\t\t\t\t<div class=\"e-con-inner\">\n\t\t\t\t<div class=\"elementor-element elementor-element-2b573650 elementor-invisible elementor-widget elementor-widget-heading\" data-id=\"2b573650\" data-element_type=\"widget\" data-e-type=\"widget\" data-settings=\"{&quot;_animation&quot;:&quot;fadeInDown&quot;}\" data-widget_type=\"heading.default\">\n\t\t\t\t\t<h2 class=\"elementor-heading-title elementor-size-default\">Mobiler Zugriff<\/h2>\t\t\t\t<\/div>\n\t\t\t\t<div class=\"elementor-element elementor-element-4c7c22c3 elementor-invisible elementor-widget elementor-widget-text-editor\" data-id=\"4c7c22c3\" data-element_type=\"widget\" data-e-type=\"widget\" data-settings=\"{&quot;_animation&quot;:&quot;fadeInDown&quot;,&quot;_animation_delay&quot;:500}\" data-widget_type=\"text-editor.default\">\n\t\t\t\t\t\t\t\t\t<p>Android und iPhone Benutzer haben uneingeschr\u00e4nkten Zugriff auf alle Produkte der IGH-Kataloge im Format DataExpert<sup>\u00ae<\/sup>. Dabei stehen ihnen alle bereits unter <a title=\"DataSelect.ch\" href=\"https:\/\/www.DataSelect.ch\" rel=\"noopener\">DataSelect.ch<\/a> bekannten Funktionen zur Verf\u00fcgung. Fehlende Produkte k\u00f6nnen ausgelesen und direkt von der Baustelle ins eigene Gesch\u00e4ft \u00fcbermittelt werden. Die Erlaubnis der Lieferanten vorausgesetzt, k\u00f6nnen die ben\u00f6tigten Produkte auch gleich elektronisch bestellt werden.<\/p>\t\t\t\t\t\t\t\t<\/div>\n\t\t\t\t\t<\/div>\n\t\t\t\t<\/div>\n\t\t\t\t<\/div>\n\t\t<div class=\"elementor-element elementor-element-58a8a7a8 e-con-full e-flex e-con e-parent\" data-id=\"58a8a7a8\" data-element_type=\"container\" data-e-type=\"container\" data-settings=\"{&quot;background_background&quot;:&quot;classic&quot;}\">\n\t\t<div class=\"elementor-element elementor-element-1561694d e-con-full e-flex e-con e-parent\" data-id=\"1561694d\" data-element_type=\"container\" data-e-type=\"container\" data-settings=\"{&quot;background_background&quot;:&quot;classic&quot;}\">\n\t\t\t\t<div class=\"elementor-element elementor-element-5d0c273a elementor-widget elementor-widget-image\" data-id=\"5d0c273a\" data-element_type=\"widget\" data-e-type=\"widget\" data-widget_type=\"image.default\">\n\t\t\t\t\t\t\t\t\t\t\t\t\t\t\t<img fetchpriority=\"high\" decoding=\"async\" width=\"384\" height=\"512\" src=\"https:\/\/www.igh.ch\/wp-content\/uploads\/2022\/06\/mobile1.svg\" class=\"attachment-large size-large wp-image-820\" alt=\"\" \/>\t\t\t\t\t\t\t\t\t\t\t\t\t\t\t<\/div>\n\t\t\t\t<\/div>\n\t\t\t\t<\/div>\n\t\t\t\t\t<\/div>\n\t\t\t\t<\/div>\n\t\t<div class=\"elementor-element elementor-element-9a88d5d e-flex e-con-boxed e-con e-parent\" data-id=\"9a88d5d\" data-element_type=\"container\" data-e-type=\"container\" data-settings=\"{&quot;background_background&quot;:&quot;classic&quot;}\">\n\t\t\t\t\t<div class=\"e-con-inner\">\n\t\t<div class=\"elementor-element elementor-element-53ed130 e-con-full e-flex e-con e-parent\" data-id=\"53ed130\" data-element_type=\"container\" data-e-type=\"container\">\n\t\t\t\t<div class=\"elementor-element elementor-element-3baa1df elementor-widget__width-inherit elementor-widget-mobile__width-inherit elementor-widget elementor-widget-tp-video-player\" data-id=\"3baa1df\" data-element_type=\"widget\" data-e-type=\"widget\" data-widget_type=\"tp-video-player.default\">\n\t\t\t\t\t<div class=\"pt_plus_video-box-shadow video_player69f2899626c29 \"   ><div class=\"pt_plus_video_player   text-\"><div class=\"ts-video-wrapper ts-video-hover-effect-zoom ts-type-youtube\" data-mode=\"lazyload\" data-provider=\"youtube\" id=\"ts-video-video-6\"  data-grow=\"\"><div class=\"ts-video-embed-container\" ><img decoding=\"async\" class=\"ts-video-thumbnail\" data-object-fit=\"\"  content=\"https:\/\/www.igh.ch\/wp-content\/uploads\/2022\/09\/willkommen-auf-der-baustelle-von-heute.jpg\" src=\"https:\/\/www.igh.ch\/wp-content\/uploads\/2022\/09\/willkommen-auf-der-baustelle-von-heute.jpg\" alt=\"Video Thumbnail\"><h5 class=\"ts-video-title\"><\/h5><span class=\"ts-video-lazyload\" data-allowfullscreen=\"\" data-class=\"pt-plus-video-frame fitvidsignore\" data-frameborder=\"0\" data-scrolling=\"no\" data-src=\"https:\/\/www.youtube-nocookie.com\/embed\/sgICIzmrdrI?html5=1&amp;title=0&amp;byline=0&amp;portrait=0&amp;autoplay=1&amp;controls=1&amp;showinfo=0&amp;modestbranding=1&amp;rel=1\"  data-sandbox=\"allow-scripts allow-same-origin allow-presentation allow-forms\" data-width=\"480\" data-height=\"270\"><\/span><button class=\"ts-video-play-btn ts-video-blay-btn-youtube\" type=\"button\"><div class=\"tp-video-icon-inner image-pulse\"><img decoding=\"async\" class=\"ts-video-icon\" src=\"https:\/\/www.igh.ch\/wp-content\/uploads\/2022\/09\/play-icon.svg\"  alt=\"play-icon\" \/><\/div><\/button><div class=\"tp-video-upload\" itemprop=\"uploadDate\" content=\"\" style=\"display: none;\"><\/div><div class=\"tp-video-upload\" itemprop=\"contentUrl\" content=\"https:\/\/www.youtube-nocookie.com\/embed\/sgICIzmrdrI?html5=1&amp;title=0&amp;byline=0&amp;portrait=0&amp;autoplay=1&amp;controls=1&amp;showinfo=0&amp;modestbranding=1&amp;rel=1\" style=\"display: none;\"><\/div><\/div><\/div><\/div><\/div>\t\t\t\t<\/div>\n\t\t\t\t<\/div>\n\t\t<div class=\"elementor-element elementor-element-b711df9 e-con-full e-flex e-con e-parent\" data-id=\"b711df9\" data-element_type=\"container\" data-e-type=\"container\">\n\t\t\t\t<div class=\"elementor-element elementor-element-4826037 elementor-invisible elementor-widget elementor-widget-heading\" data-id=\"4826037\" data-element_type=\"widget\" data-e-type=\"widget\" data-settings=\"{&quot;_animation&quot;:&quot;fadeInDown&quot;}\" data-widget_type=\"heading.default\">\n\t\t\t\t\t<h2 class=\"elementor-heading-title elementor-size-default\">Film<\/h2>\t\t\t\t<\/div>\n\t\t\t\t<div class=\"elementor-element elementor-element-995bb1f elementor-invisible elementor-widget elementor-widget-heading\" data-id=\"995bb1f\" data-element_type=\"widget\" data-e-type=\"widget\" data-settings=\"{&quot;_animation&quot;:&quot;fadeInDown&quot;}\" data-widget_type=\"heading.default\">\n\t\t\t\t\t<h3 class=\"elementor-heading-title elementor-size-default\">Willkommen auf der Baustelle von heute<\/h3>\t\t\t\t<\/div>\n\t\t\t\t<div class=\"elementor-element elementor-element-95d33ae elementor-invisible elementor-widget elementor-widget-text-editor\" data-id=\"95d33ae\" data-element_type=\"widget\" data-e-type=\"widget\" data-settings=\"{&quot;_animation&quot;:&quot;fadeInDown&quot;}\" data-widget_type=\"text-editor.default\">\n\t\t\t\t\t\t\t\t\t<p>Exakte Planung, effiziente Ausf\u00fchrung und professionelle Hilfsmittel sind die Schl\u00fcsselfaktoren erfolgreicher Bauprojekte.<\/p><p>Die Termine sind oft eng und der Preisdruck hoch.<\/p><p>Logistikfehler sind ein oft untersch\u00e4tzter Zeitfresser und Kostentreiber.<\/p>\t\t\t\t\t\t\t\t<\/div>\n\t\t\t\t<\/div>\n\t\t\t\t\t<\/div>\n\t\t\t\t<\/div>\n\t\t<div class=\"elementor-element elementor-element-3ba34d4 e-flex e-con-boxed e-con e-parent\" data-id=\"3ba34d4\" data-element_type=\"container\" data-e-type=\"container\" data-settings=\"{&quot;background_background&quot;:&quot;classic&quot;}\">\n\t\t\t\t\t<div class=\"e-con-inner\">\n\t\t<div class=\"elementor-element elementor-element-6b5099b e-con-full e-flex e-con e-parent\" data-id=\"6b5099b\" data-element_type=\"container\" data-e-type=\"container\" data-settings=\"{&quot;background_background&quot;:&quot;classic&quot;}\">\n\t\t\t\t<div class=\"elementor-element elementor-element-66ef263 elementor-invisible elementor-widget elementor-widget-heading\" data-id=\"66ef263\" data-element_type=\"widget\" data-e-type=\"widget\" data-settings=\"{&quot;_animation&quot;:&quot;fadeInDown&quot;}\" data-widget_type=\"heading.default\">\n\t\t\t\t\t<h2 class=\"elementor-heading-title elementor-size-default\">Kataloge mobil sichtbar<\/h2>\t\t\t\t<\/div>\n\t\t\t\t<div class=\"elementor-element elementor-element-d4bf352 elementor-invisible elementor-widget elementor-widget-text-editor\" data-id=\"d4bf352\" data-element_type=\"widget\" data-e-type=\"widget\" data-settings=\"{&quot;_animation&quot;:&quot;fadeInDown&quot;}\" data-widget_type=\"text-editor.default\">\n\t\t\t\t\t\t\t\t\t<p>Neben den normalen Suchfunktionen l\u00e4sst sich der Barcode scannen und das Produkt direkt im Katalog anschauen.<\/p>\t\t\t\t\t\t\t\t<\/div>\n\t\t\t\t<\/div>\n\t\t<div class=\"elementor-element elementor-element-0cb4095 e-con-full e-flex e-con e-parent\" data-id=\"0cb4095\" data-element_type=\"container\" data-e-type=\"container\" data-settings=\"{&quot;background_background&quot;:&quot;classic&quot;}\">\n\t\t\t\t<div class=\"elementor-element elementor-element-df0e4e2 elementor-widget elementor-widget-image\" data-id=\"df0e4e2\" data-element_type=\"widget\" data-e-type=\"widget\" data-widget_type=\"image.default\">\n\t\t\t\t\t\t\t\t\t\t\t\t\t\t\t<img decoding=\"async\" width=\"263\" height=\"86\" src=\"https:\/\/www.igh.ch\/wp-content\/uploads\/2022\/10\/v1.0-igh-dataselectapp-rgb.svg\" class=\"attachment-large size-large wp-image-6955\" alt=\"DataSelectApp\" \/>\t\t\t\t\t\t\t\t\t\t\t\t\t\t\t<\/div>\n\t\t\t\t<\/div>\n\t\t\t\t\t<\/div>\n\t\t\t\t<\/div>\n\t\t\t\t<\/div>\n\t\t","protected":false},"excerpt":{"rendered":"<p>DataSelectApp Mobiler Zugriff Android und iPhone Benutzer haben uneingeschr\u00e4nkten Zugriff auf alle Produkte der IGH-Kataloge im Format DataExpert\u00ae. Dabei stehen ihnen alle bereits unter DataSelect.ch bekannten Funktionen zur Verf\u00fcgung. Fehlende Produkte k\u00f6nnen ausgelesen und direkt von der Baustelle ins eigene Gesch\u00e4ft \u00fcbermittelt werden. Die Erlaubnis der Lieferanten vorausgesetzt, k\u00f6nnen die ben\u00f6tigten Produkte auch gleich elektronisch [&hellip;]<\/p>\n","protected":false},"author":1,"featured_media":0,"parent":4494,"menu_order":1,"comment_status":"closed","ping_status":"closed","template":"","meta":{"footnotes":""},"class_list":["post-4496","page","type-page","status-publish","hentry"],"_links":{"self":[{"href":"https:\/\/www.igh.ch\/de\/wp-json\/wp\/v2\/pages\/4496","targetHints":{"allow":["GET"]}}],"collection":[{"href":"https:\/\/www.igh.ch\/de\/wp-json\/wp\/v2\/pages"}],"about":[{"href":"https:\/\/www.igh.ch\/de\/wp-json\/wp\/v2\/types\/page"}],"author":[{"embeddable":true,"href":"https:\/\/www.igh.ch\/de\/wp-json\/wp\/v2\/users\/1"}],"replies":[{"embeddable":true,"href":"https:\/\/www.igh.ch\/de\/wp-json\/wp\/v2\/comments?post=4496"}],"version-history":[{"count":0,"href":"https:\/\/www.igh.ch\/de\/wp-json\/wp\/v2\/pages\/4496\/revisions"}],"up":[{"embeddable":true,"href":"https:\/\/www.igh.ch\/de\/wp-json\/wp\/v2\/pages\/4494"}],"wp:attachment":[{"href":"https:\/\/www.igh.ch\/de\/wp-json\/wp\/v2\/media?parent=4496"}],"curies":[{"name":"wp","href":"https:\/\/api.w.org\/{rel}","templated":true}]}}