{"id":4479,"date":"2022-08-25T08:39:20","date_gmt":"2022-08-25T06:39:42","guid":{"rendered":"https:\/\/igh01.worksite.ch\/?page_id=4479"},"modified":"2025-09-29T11:53:11","modified_gmt":"2025-09-29T09:53:11","slug":"ikk-individuelle-kundenkonditionen","status":"publish","type":"page","link":"https:\/\/www.igh.ch\/de\/produkte\/dokumente\/ikk-individuelle-kundenkonditionen\/","title":{"rendered":"ikk &#8211; Individuelle Kundenkonditionen"},"content":{"rendered":"\t\t<div data-elementor-type=\"wp-page\" data-elementor-id=\"4479\" class=\"elementor elementor-4479\" data-elementor-post-type=\"page\">\n\t\t\t\t<div class=\"elementor-element elementor-element-48ac563 e-flex e-con-boxed e-con e-parent\" data-id=\"48ac563\" data-element_type=\"container\" data-e-type=\"container\" data-settings=\"{&quot;background_background&quot;:&quot;classic&quot;}\">\n\t\t\t\t\t<div class=\"e-con-inner\">\n\t\t<div class=\"elementor-element elementor-element-23c6a49 e-con-full e-flex e-con e-child\" data-id=\"23c6a49\" data-element_type=\"container\" data-e-type=\"container\" data-settings=\"{&quot;background_background&quot;:&quot;classic&quot;}\">\n\t\t\t\t<div class=\"elementor-element elementor-element-053080d elementor-invisible elementor-widget elementor-widget-heading\" data-id=\"053080d\" data-element_type=\"widget\" data-e-type=\"widget\" data-settings=\"{&quot;_animation&quot;:&quot;fadeInDown&quot;}\" data-widget_type=\"heading.default\">\n\t\t\t\t\t<h1 class=\"elementor-heading-title elementor-size-default\">ikk - Individuelle Kundenkonditionen<\/h1>\t\t\t\t<\/div>\n\t\t\t\t<div class=\"elementor-element elementor-element-9b159bf elementor-widget elementor-widget-html\" data-id=\"9b159bf\" data-element_type=\"widget\" data-e-type=\"widget\" data-widget_type=\"html.default\">\n\t\t\t\t\t<nav aria-label=\"breadcrumbs\" class=\"rank-math-breadcrumb\"><p><span class=\"last\">Home<\/span><\/p><\/nav>\t\t\t\t<\/div>\n\t\t\t\t<\/div>\n\t\t\t\t\t<\/div>\n\t\t\t\t<\/div>\n\t\t<div class=\"elementor-element elementor-element-da738f4 e-flex e-con-boxed e-con e-parent\" data-id=\"da738f4\" data-element_type=\"container\" data-e-type=\"container\" data-settings=\"{&quot;background_background&quot;:&quot;classic&quot;}\">\n\t\t\t\t\t<div class=\"e-con-inner\">\n\t\t<div class=\"elementor-element elementor-element-3effad73 e-con-full e-flex e-con e-child\" data-id=\"3effad73\" data-element_type=\"container\" data-e-type=\"container\" data-settings=\"{&quot;background_background&quot;:&quot;classic&quot;}\">\n\t\t<div class=\"elementor-element elementor-element-7a5ce705 e-flex e-con-boxed e-con e-child\" data-id=\"7a5ce705\" data-element_type=\"container\" data-e-type=\"container\" data-settings=\"{&quot;background_background&quot;:&quot;classic&quot;}\">\n\t\t\t\t\t<div class=\"e-con-inner\">\n\t\t\t\t<div class=\"elementor-element elementor-element-2b573650 elementor-invisible elementor-widget elementor-widget-heading\" data-id=\"2b573650\" data-element_type=\"widget\" data-e-type=\"widget\" data-settings=\"{&quot;_animation&quot;:&quot;fadeInDown&quot;}\" data-widget_type=\"heading.default\">\n\t\t\t\t\t<h2 class=\"elementor-heading-title elementor-size-default\">Reale Nettopreise in der Kalkulation<\/h2>\t\t\t\t<\/div>\n\t\t\t\t<div class=\"elementor-element elementor-element-4c7c22c3 elementor-invisible elementor-widget elementor-widget-text-editor\" data-id=\"4c7c22c3\" data-element_type=\"widget\" data-e-type=\"widget\" data-settings=\"{&quot;_animation&quot;:&quot;fadeInDown&quot;,&quot;_animation_delay&quot;:500}\" data-widget_type=\"text-editor.default\">\n\t\t\t\t\t\t\t\t\t<p>Die ikk-Informationen erm\u00f6glichen allen Kunden ihre individuellen\u00a0 Lieferantenpreise in das eigene ERP-System zu laden. Zusammen mit zus\u00e4tzlichen Projektrabatten ist eine Kalkulation mit reellen Preisen garantiert.<\/p>\t\t\t\t\t\t\t\t<\/div>\n\t\t\t\t\t<\/div>\n\t\t\t\t<\/div>\n\t\t\t\t<\/div>\n\t\t<div class=\"elementor-element elementor-element-58a8a7a8 e-con-full e-flex e-con e-child\" data-id=\"58a8a7a8\" data-element_type=\"container\" data-e-type=\"container\" data-settings=\"{&quot;background_background&quot;:&quot;classic&quot;}\">\n\t\t<div class=\"elementor-element elementor-element-1561694d e-con-full e-flex e-con e-child\" data-id=\"1561694d\" data-element_type=\"container\" data-e-type=\"container\" data-settings=\"{&quot;background_background&quot;:&quot;classic&quot;}\">\n\t\t\t\t<div class=\"elementor-element elementor-element-5d0c273a elementor-widget elementor-widget-image\" data-id=\"5d0c273a\" data-element_type=\"widget\" data-e-type=\"widget\" data-widget_type=\"image.default\">\n\t\t\t\t\t\t\t\t\t\t\t\t\t\t\t<img fetchpriority=\"high\" decoding=\"async\" width=\"640\" height=\"512\" src=\"https:\/\/www.igh.ch\/wp-content\/uploads\/2022\/06\/ikk1-1.svg\" class=\"attachment-large size-large wp-image-786\" alt=\"\" \/>\t\t\t\t\t\t\t\t\t\t\t\t\t\t\t<\/div>\n\t\t\t\t<\/div>\n\t\t\t\t<\/div>\n\t\t\t\t\t<\/div>\n\t\t\t\t<\/div>\n\t\t<div class=\"elementor-element elementor-element-75319f7 e-flex e-con-boxed e-con e-parent\" data-id=\"75319f7\" data-element_type=\"container\" data-e-type=\"container\" data-settings=\"{&quot;background_background&quot;:&quot;classic&quot;}\">\n\t\t\t\t\t<div class=\"e-con-inner\">\n\t\t<div class=\"elementor-element elementor-element-803df9e e-con-full e-flex e-con e-child\" data-id=\"803df9e\" data-element_type=\"container\" data-e-type=\"container\">\n\t\t\t\t<div class=\"elementor-element elementor-element-7fca3e7 elementor-widget elementor-widget-image\" data-id=\"7fca3e7\" data-element_type=\"widget\" data-e-type=\"widget\" data-widget_type=\"image.default\">\n\t\t\t\t\t\t\t\t\t\t\t\t\t\t\t<img decoding=\"async\" width=\"1770\" height=\"1159\" src=\"https:\/\/www.igh.ch\/wp-content\/uploads\/vater-fuchs_praesentiert-daten-auf-tablett_1770x1159.jpg\" class=\"attachment-full size-full wp-image-25722\" alt=\"\" srcset=\"https:\/\/www.igh.ch\/wp-content\/uploads\/vater-fuchs_praesentiert-daten-auf-tablett_1770x1159.jpg 1770w, https:\/\/www.igh.ch\/wp-content\/uploads\/vater-fuchs_praesentiert-daten-auf-tablett_1770x1159-300x196.jpg 300w, https:\/\/www.igh.ch\/wp-content\/uploads\/vater-fuchs_praesentiert-daten-auf-tablett_1770x1159-1024x671.jpg 1024w, https:\/\/www.igh.ch\/wp-content\/uploads\/vater-fuchs_praesentiert-daten-auf-tablett_1770x1159-768x503.jpg 768w, https:\/\/www.igh.ch\/wp-content\/uploads\/vater-fuchs_praesentiert-daten-auf-tablett_1770x1159-1536x1006.jpg 1536w\" sizes=\"(max-width: 1770px) 100vw, 1770px\" \/>\t\t\t\t\t\t\t\t\t\t\t\t\t\t\t<\/div>\n\t\t\t\t<\/div>\n\t\t<div class=\"elementor-element elementor-element-81ec31f e-con-full e-flex e-con e-child\" data-id=\"81ec31f\" data-element_type=\"container\" data-e-type=\"container\">\n\t\t\t\t<div class=\"elementor-element elementor-element-9aa7adf elementor-invisible elementor-widget elementor-widget-heading\" data-id=\"9aa7adf\" data-element_type=\"widget\" data-e-type=\"widget\" data-settings=\"{&quot;_animation&quot;:&quot;fadeInDown&quot;}\" data-widget_type=\"heading.default\">\n\t\t\t\t\t<h2 class=\"elementor-heading-title elementor-size-default\">Nettopreise f\u00fcr die Kunden<\/h2>\t\t\t\t<\/div>\n\t\t\t\t<div class=\"elementor-element elementor-element-3cf4ddc elementor-invisible elementor-widget elementor-widget-text-editor\" data-id=\"3cf4ddc\" data-element_type=\"widget\" data-e-type=\"widget\" data-settings=\"{&quot;_animation&quot;:&quot;fadeInDown&quot;}\" data-widget_type=\"text-editor.default\">\n\t\t\t\t\t\t\t\t\t<p>Die IGH-Mitglieder stellen Ihren Kunden \u00fcber die DataExpert<sup>\u00ae<\/sup>-WebServices die Nettopreise direkt und aktuell zur Verf\u00fcgung. Die Branchenapplikationen unserer Softwarepartner holen sich die Nettopreise automatisch in die Kalkulation.<\/p>\t\t\t\t\t\t\t\t<\/div>\n\t\t\t\t<\/div>\n\t\t\t\t\t<\/div>\n\t\t\t\t<\/div>\n\t\t<div class=\"elementor-element elementor-element-d791425 e-flex e-con-boxed e-con e-parent\" data-id=\"d791425\" data-element_type=\"container\" data-e-type=\"container\" data-settings=\"{&quot;background_background&quot;:&quot;classic&quot;}\">\n\t\t\t\t\t<div class=\"e-con-inner\">\n\t\t<div class=\"elementor-element elementor-element-99bdaf8 e-con-full e-flex e-con e-child\" data-id=\"99bdaf8\" data-element_type=\"container\" data-e-type=\"container\" data-settings=\"{&quot;background_background&quot;:&quot;classic&quot;}\">\n\t\t\t\t<div class=\"elementor-element elementor-element-6080991 elementor-widget elementor-widget-html\" data-id=\"6080991\" data-element_type=\"widget\" data-e-type=\"widget\" data-widget_type=\"html.default\">\n\t\t\t\t\t<div id=\"iframeigh\"><\/div>\n    \n<script type=\"text\/javascript\" src=\"https:\/\/docs.igh.ch\/js\/pym.js\"><\/script>\n<script>var pymParent = new pym.Parent('iframeigh', 'https:\/\/docs.igh.ch\/seiten\/documente050000_de.html', {});<\/script>\t\t\t\t<\/div>\n\t\t\t\t<\/div>\n\t\t\t\t\t<\/div>\n\t\t\t\t<\/div>\n\t\t\t\t<\/div>\n\t\t","protected":false},"excerpt":{"rendered":"<p>ikk &#8211; Individuelle Kundenkonditionen Reale Nettopreise in der Kalkulation Die ikk-Informationen erm\u00f6glichen allen Kunden ihre individuellen\u00a0 Lieferantenpreise in das eigene ERP-System zu laden. Zusammen mit zus\u00e4tzlichen Projektrabatten ist eine Kalkulation mit reellen Preisen garantiert. Nettopreise f\u00fcr die Kunden Die IGH-Mitglieder stellen Ihren Kunden \u00fcber die DataExpert\u00ae-WebServices die Nettopreise direkt und aktuell zur Verf\u00fcgung. Die Branchenapplikationen [&hellip;]<\/p>\n","protected":false},"author":1,"featured_media":0,"parent":4452,"menu_order":5,"comment_status":"closed","ping_status":"closed","template":"","meta":{"footnotes":""},"class_list":["post-4479","page","type-page","status-publish","hentry"],"_links":{"self":[{"href":"https:\/\/www.igh.ch\/de\/wp-json\/wp\/v2\/pages\/4479","targetHints":{"allow":["GET"]}}],"collection":[{"href":"https:\/\/www.igh.ch\/de\/wp-json\/wp\/v2\/pages"}],"about":[{"href":"https:\/\/www.igh.ch\/de\/wp-json\/wp\/v2\/types\/page"}],"author":[{"embeddable":true,"href":"https:\/\/www.igh.ch\/de\/wp-json\/wp\/v2\/users\/1"}],"replies":[{"embeddable":true,"href":"https:\/\/www.igh.ch\/de\/wp-json\/wp\/v2\/comments?post=4479"}],"version-history":[{"count":4,"href":"https:\/\/www.igh.ch\/de\/wp-json\/wp\/v2\/pages\/4479\/revisions"}],"predecessor-version":[{"id":25899,"href":"https:\/\/www.igh.ch\/de\/wp-json\/wp\/v2\/pages\/4479\/revisions\/25899"}],"up":[{"embeddable":true,"href":"https:\/\/www.igh.ch\/de\/wp-json\/wp\/v2\/pages\/4452"}],"wp:attachment":[{"href":"https:\/\/www.igh.ch\/de\/wp-json\/wp\/v2\/media?parent=4479"}],"curies":[{"name":"wp","href":"https:\/\/api.w.org\/{rel}","templated":true}]}}