{"id":4459,"date":"2022-08-25T08:34:20","date_gmt":"2022-08-25T06:34:12","guid":{"rendered":"https:\/\/igh01.worksite.ch\/?page_id=4459"},"modified":"2025-09-29T15:37:12","modified_gmt":"2025-09-29T13:37:12","slug":"kataloge","status":"publish","type":"page","link":"https:\/\/www.igh.ch\/de\/produkte\/dokumente\/kataloge\/","title":{"rendered":"Kataloge"},"content":{"rendered":"\t\t<div data-elementor-type=\"wp-page\" data-elementor-id=\"4459\" class=\"elementor elementor-4459\" data-elementor-post-type=\"page\">\n\t\t\t\t<div class=\"elementor-element elementor-element-16592c5 e-flex e-con-boxed e-con e-parent\" data-id=\"16592c5\" data-element_type=\"container\" data-e-type=\"container\" data-settings=\"{&quot;background_background&quot;:&quot;classic&quot;}\">\n\t\t\t\t\t<div class=\"e-con-inner\">\n\t\t<div class=\"elementor-element elementor-element-9b6c703 e-con-full e-flex e-con e-child\" data-id=\"9b6c703\" data-element_type=\"container\" data-e-type=\"container\" data-settings=\"{&quot;background_background&quot;:&quot;classic&quot;}\">\n\t\t\t\t<div class=\"elementor-element elementor-element-6eed763 elementor-invisible elementor-widget elementor-widget-heading\" data-id=\"6eed763\" data-element_type=\"widget\" data-e-type=\"widget\" data-settings=\"{&quot;_animation&quot;:&quot;fadeInDown&quot;}\" data-widget_type=\"heading.default\">\n\t\t\t\t\t<h1 class=\"elementor-heading-title elementor-size-default\">Kataloge<\/h1>\t\t\t\t<\/div>\n\t\t\t\t<div class=\"elementor-element elementor-element-f5f916b elementor-widget elementor-widget-html\" data-id=\"f5f916b\" data-element_type=\"widget\" data-e-type=\"widget\" data-widget_type=\"html.default\">\n\t\t\t\t\t<nav aria-label=\"breadcrumbs\" class=\"rank-math-breadcrumb\"><p><span class=\"last\">Home<\/span><\/p><\/nav>\t\t\t\t<\/div>\n\t\t\t\t<\/div>\n\t\t\t\t\t<\/div>\n\t\t\t\t<\/div>\n\t\t<div class=\"elementor-element elementor-element-da738f4 e-flex e-con-boxed e-con e-parent\" data-id=\"da738f4\" data-element_type=\"container\" data-e-type=\"container\" data-settings=\"{&quot;background_background&quot;:&quot;classic&quot;}\">\n\t\t\t\t\t<div class=\"e-con-inner\">\n\t\t<div class=\"elementor-element elementor-element-3effad73 e-con-full e-flex e-con e-child\" data-id=\"3effad73\" data-element_type=\"container\" data-e-type=\"container\" data-settings=\"{&quot;background_background&quot;:&quot;classic&quot;}\">\n\t\t<div class=\"elementor-element elementor-element-7a5ce705 e-flex e-con-boxed e-con e-child\" data-id=\"7a5ce705\" data-element_type=\"container\" data-e-type=\"container\" data-settings=\"{&quot;background_background&quot;:&quot;classic&quot;}\">\n\t\t\t\t\t<div class=\"e-con-inner\">\n\t\t\t\t<div class=\"elementor-element elementor-element-2b573650 elementor-invisible elementor-widget elementor-widget-heading\" data-id=\"2b573650\" data-element_type=\"widget\" data-e-type=\"widget\" data-settings=\"{&quot;_animation&quot;:&quot;fadeInDown&quot;}\" data-widget_type=\"heading.default\">\n\t\t\t\t\t<h2 class=\"elementor-heading-title elementor-size-default\">Produktdaten<\/h2>\t\t\t\t<\/div>\n\t\t\t\t<div class=\"elementor-element elementor-element-4c7c22c3 elementor-invisible elementor-widget elementor-widget-text-editor\" data-id=\"4c7c22c3\" data-element_type=\"widget\" data-e-type=\"widget\" data-settings=\"{&quot;_animation&quot;:&quot;fadeInDown&quot;,&quot;_animation_delay&quot;:500}\" data-widget_type=\"text-editor.default\">\n\t\t\t\t\t\t\t\t\t<p>Die IGH-Mitglieder stellen ihre Produktdaten im Katalog DataExpert<sup>\u00ae<\/sup>BIM und DataExpert<sup>\u00ae<\/sup>\u00a0zur Verf\u00fcgung.\u00a0DataExpert<sup>\u00ae<\/sup>BIM ist seit 2018 das neue Format der IGH und DataExpert<sup>\u00ae\u00a0<\/sup>wird aus Kompatibilit\u00e4tsgr\u00fcnden weiter zur Verf\u00fcgung gestellt.<\/p>\t\t\t\t\t\t\t\t<\/div>\n\t\t\t\t\t<\/div>\n\t\t\t\t<\/div>\n\t\t\t\t<\/div>\n\t\t<div class=\"elementor-element elementor-element-58a8a7a8 e-con-full e-flex e-con e-child\" data-id=\"58a8a7a8\" data-element_type=\"container\" data-e-type=\"container\" data-settings=\"{&quot;background_background&quot;:&quot;video&quot;,&quot;background_play_on_mobile&quot;:&quot;yes&quot;}\">\n\t\t<div class=\"elementor-element elementor-element-1561694d e-con-full e-flex e-con e-child\" data-id=\"1561694d\" data-element_type=\"container\" data-e-type=\"container\" data-settings=\"{&quot;background_background&quot;:&quot;classic&quot;}\">\n\t\t\t\t<div class=\"elementor-element elementor-element-5d0c273a elementor-widget elementor-widget-image\" data-id=\"5d0c273a\" data-element_type=\"widget\" data-e-type=\"widget\" data-widget_type=\"image.default\">\n\t\t\t\t\t\t\t\t\t\t\t\t\t\t\t<img fetchpriority=\"high\" decoding=\"async\" width=\"512\" height=\"512\" src=\"https:\/\/www.igh.ch\/wp-content\/uploads\/2022\/06\/kataloge-dataexpert1-1.svg\" class=\"attachment-large size-large wp-image-782\" alt=\"\" \/>\t\t\t\t\t\t\t\t\t\t\t\t\t\t\t<\/div>\n\t\t\t\t<\/div>\n\t\t\t\t<\/div>\n\t\t\t\t\t<\/div>\n\t\t\t\t<\/div>\n\t\t<div class=\"elementor-element elementor-element-584f13f e-flex e-con-boxed e-con e-parent\" data-id=\"584f13f\" data-element_type=\"container\" data-e-type=\"container\" data-settings=\"{&quot;background_background&quot;:&quot;classic&quot;}\">\n\t\t\t\t\t<div class=\"e-con-inner\">\n\t\t<div class=\"elementor-element elementor-element-07ec0cb e-con-full elementor-hidden-mobile e-flex e-con e-child\" data-id=\"07ec0cb\" data-element_type=\"container\" data-e-type=\"container\" data-settings=\"{&quot;background_background&quot;:&quot;classic&quot;}\">\n\t\t\t\t<div class=\"elementor-element elementor-element-a01458b elementor-widget elementor-widget-image\" data-id=\"a01458b\" data-element_type=\"widget\" data-e-type=\"widget\" data-widget_type=\"image.default\">\n\t\t\t\t\t\t\t\t\t\t\t\t\t\t\t<img decoding=\"async\" width=\"788\" height=\"831\" src=\"https:\/\/www.igh.ch\/wp-content\/uploads\/vater-fuchs_mit-brille_laptop_dokumente_leuchtender-behaelter_788x831.jpg\" class=\"attachment-full size-full wp-image-25203\" alt=\"\" srcset=\"https:\/\/www.igh.ch\/wp-content\/uploads\/vater-fuchs_mit-brille_laptop_dokumente_leuchtender-behaelter_788x831.jpg 788w, https:\/\/www.igh.ch\/wp-content\/uploads\/vater-fuchs_mit-brille_laptop_dokumente_leuchtender-behaelter_788x831-284x300.jpg 284w, https:\/\/www.igh.ch\/wp-content\/uploads\/vater-fuchs_mit-brille_laptop_dokumente_leuchtender-behaelter_788x831-768x810.jpg 768w\" sizes=\"(max-width: 788px) 100vw, 788px\" \/>\t\t\t\t\t\t\t\t\t\t\t\t\t\t\t<\/div>\n\t\t\t\t<\/div>\n\t\t<div class=\"elementor-element elementor-element-6f601ec e-con-full e-flex e-con e-child\" data-id=\"6f601ec\" data-element_type=\"container\" data-e-type=\"container\" data-settings=\"{&quot;background_background&quot;:&quot;classic&quot;}\">\n\t\t\t\t<div class=\"elementor-element elementor-element-3dfee98 elementor-invisible elementor-widget elementor-widget-heading\" data-id=\"3dfee98\" data-element_type=\"widget\" data-e-type=\"widget\" data-settings=\"{&quot;_animation&quot;:&quot;fadeInDown&quot;}\" data-widget_type=\"heading.default\">\n\t\t\t\t\t<h2 class=\"elementor-heading-title elementor-size-default\">DataExpert<sup>\u00ae<\/sup>BIM<\/h2>\t\t\t\t<\/div>\n\t\t\t\t<div class=\"elementor-element elementor-element-eb324ad elementor-invisible elementor-widget elementor-widget-text-editor\" data-id=\"eb324ad\" data-element_type=\"widget\" data-e-type=\"widget\" data-settings=\"{&quot;_animation&quot;:&quot;fadeInDown&quot;}\" data-widget_type=\"text-editor.default\">\n\t\t\t\t\t\t\t\t\t<p>Das Katalogformat DataExpert<sup>\u00ae<\/sup>BIM deckt alle Informationsbed\u00fcrfnisse der Branche mit der n\u00f6tigen Detailierung ab.<\/p><p>Es sind Informationen aus folgenden Bereichen enthalten:<\/p><ul><li>Register (zur Unterst\u00fctzung der Suche)<\/li><li>Artikel-Grundinformationen<\/li><li>Preise und EAN-Nummern f\u00fcr unterschiedliche Ausf\u00fchrungen und Verpackungseinheiten<\/li><li>URLs mit Zusatzinformationen (Bilder und Beschreibungen)<\/li><li>logistische Informationen<\/li><li>Technische Informationen<br \/>nach IGH-Codierung<br \/>nach ETIM-Klassifizierung<br \/>nach VDI3805<\/li><li>Zubeh\u00f6r, Synonyme, Rezepte, Zertifikate<\/li><li>Geometrie<\/li><\/ul><div>Das Format eignet sich f\u00fcr den Datenaustausch zu den Kunden unserer Mitglieder aber auch f\u00fcr den Austausch untereinander (Hersteller zu Handel).<\/div>\t\t\t\t\t\t\t\t<\/div>\n\t\t\t\t<\/div>\n\t\t\t\t\t<\/div>\n\t\t\t\t<\/div>\n\t\t<div class=\"elementor-element elementor-element-2ae9b99 e-flex e-con-boxed e-con e-parent\" data-id=\"2ae9b99\" data-element_type=\"container\" data-e-type=\"container\" data-settings=\"{&quot;background_background&quot;:&quot;classic&quot;}\">\n\t\t\t\t\t<div class=\"e-con-inner\">\n\t\t<div class=\"elementor-element elementor-element-f916ecc e-con-full e-flex e-con e-child\" data-id=\"f916ecc\" data-element_type=\"container\" data-e-type=\"container\" data-settings=\"{&quot;background_background&quot;:&quot;classic&quot;}\">\n\t\t\t\t<div class=\"elementor-element elementor-element-1de8bbf elementor-widget elementor-widget-html\" data-id=\"1de8bbf\" data-element_type=\"widget\" data-e-type=\"widget\" data-widget_type=\"html.default\">\n\t\t\t\t\t<div id=\"iframeigh\"><\/div>\n    \n<script type=\"text\/javascript\" src=\"https:\/\/docs.igh.ch\/js\/pym.js\"><\/script>\n<script>var pymParent = new pym.Parent('iframeigh', 'https:\/\/docs.igh.ch\/seiten\/documente010000_de.html', {});<\/script>\t\t\t\t<\/div>\n\t\t\t\t<\/div>\n\t\t\t\t\t<\/div>\n\t\t\t\t<\/div>\n\t\t\t\t<\/div>\n\t\t","protected":false},"excerpt":{"rendered":"<p>Kataloge Produktdaten Die IGH-Mitglieder stellen ihre Produktdaten im Katalog DataExpert\u00aeBIM und DataExpert\u00ae\u00a0zur Verf\u00fcgung.\u00a0DataExpert\u00aeBIM ist seit 2018 das neue Format der IGH und DataExpert\u00ae\u00a0wird aus Kompatibilit\u00e4tsgr\u00fcnden weiter zur Verf\u00fcgung gestellt. DataExpert\u00aeBIM Das Katalogformat DataExpert\u00aeBIM deckt alle Informationsbed\u00fcrfnisse der Branche mit der n\u00f6tigen Detailierung ab. Es sind Informationen aus folgenden Bereichen enthalten: Register (zur Unterst\u00fctzung der Suche) [&hellip;]<\/p>\n","protected":false},"author":1,"featured_media":0,"parent":4452,"menu_order":1,"comment_status":"closed","ping_status":"closed","template":"","meta":{"footnotes":""},"class_list":["post-4459","page","type-page","status-publish","hentry"],"_links":{"self":[{"href":"https:\/\/www.igh.ch\/de\/wp-json\/wp\/v2\/pages\/4459","targetHints":{"allow":["GET"]}}],"collection":[{"href":"https:\/\/www.igh.ch\/de\/wp-json\/wp\/v2\/pages"}],"about":[{"href":"https:\/\/www.igh.ch\/de\/wp-json\/wp\/v2\/types\/page"}],"author":[{"embeddable":true,"href":"https:\/\/www.igh.ch\/de\/wp-json\/wp\/v2\/users\/1"}],"replies":[{"embeddable":true,"href":"https:\/\/www.igh.ch\/de\/wp-json\/wp\/v2\/comments?post=4459"}],"version-history":[{"count":3,"href":"https:\/\/www.igh.ch\/de\/wp-json\/wp\/v2\/pages\/4459\/revisions"}],"predecessor-version":[{"id":25783,"href":"https:\/\/www.igh.ch\/de\/wp-json\/wp\/v2\/pages\/4459\/revisions\/25783"}],"up":[{"embeddable":true,"href":"https:\/\/www.igh.ch\/de\/wp-json\/wp\/v2\/pages\/4452"}],"wp:attachment":[{"href":"https:\/\/www.igh.ch\/de\/wp-json\/wp\/v2\/media?parent=4459"}],"curies":[{"name":"wp","href":"https:\/\/api.w.org\/{rel}","templated":true}]}}