{"id":4454,"date":"2022-08-25T08:33:20","date_gmt":"2022-08-25T06:33:02","guid":{"rendered":"https:\/\/igh01.worksite.ch\/?page_id=4454"},"modified":"2025-09-29T12:04:43","modified_gmt":"2025-09-29T10:04:43","slug":"dokumentation","status":"publish","type":"page","link":"https:\/\/www.igh.ch\/de\/produkte\/dokumente\/dokumentation\/","title":{"rendered":"Dokumentation"},"content":{"rendered":"\t\t<div data-elementor-type=\"wp-page\" data-elementor-id=\"4454\" class=\"elementor elementor-4454\" data-elementor-post-type=\"page\">\n\t\t\t\t<div class=\"elementor-element elementor-element-b8c8483 e-flex e-con-boxed e-con e-parent\" data-id=\"b8c8483\" data-element_type=\"container\" data-e-type=\"container\" data-settings=\"{&quot;background_background&quot;:&quot;classic&quot;}\">\n\t\t\t\t\t<div class=\"e-con-inner\">\n\t\t<div class=\"elementor-element elementor-element-7a14f25 e-con-full e-flex e-con e-child\" data-id=\"7a14f25\" data-element_type=\"container\" data-e-type=\"container\" data-settings=\"{&quot;background_background&quot;:&quot;classic&quot;}\">\n\t\t\t\t<div class=\"elementor-element elementor-element-9f08251 elementor-invisible elementor-widget elementor-widget-heading\" data-id=\"9f08251\" data-element_type=\"widget\" data-e-type=\"widget\" data-settings=\"{&quot;_animation&quot;:&quot;fadeInDown&quot;}\" data-widget_type=\"heading.default\">\n\t\t\t\t\t<h1 class=\"elementor-heading-title elementor-size-default\">Dokumentation<\/h1>\t\t\t\t<\/div>\n\t\t\t\t<div class=\"elementor-element elementor-element-f5131d3 elementor-widget elementor-widget-html\" data-id=\"f5131d3\" data-element_type=\"widget\" data-e-type=\"widget\" data-widget_type=\"html.default\">\n\t\t\t\t\t<nav aria-label=\"breadcrumbs\" class=\"rank-math-breadcrumb\"><p><span class=\"last\">Home<\/span><\/p><\/nav>\t\t\t\t<\/div>\n\t\t\t\t<\/div>\n\t\t\t\t\t<\/div>\n\t\t\t\t<\/div>\n\t\t<div class=\"elementor-element elementor-element-da738f4 e-flex e-con-boxed e-con e-parent\" data-id=\"da738f4\" data-element_type=\"container\" data-e-type=\"container\" data-settings=\"{&quot;background_background&quot;:&quot;classic&quot;}\">\n\t\t\t\t\t<div class=\"e-con-inner\">\n\t\t<div class=\"elementor-element elementor-element-3effad73 e-con-full e-flex e-con e-child\" data-id=\"3effad73\" data-element_type=\"container\" data-e-type=\"container\" data-settings=\"{&quot;background_background&quot;:&quot;classic&quot;}\">\n\t\t<div class=\"elementor-element elementor-element-7a5ce705 e-flex e-con-boxed e-con e-child\" data-id=\"7a5ce705\" data-element_type=\"container\" data-e-type=\"container\" data-settings=\"{&quot;background_background&quot;:&quot;classic&quot;}\">\n\t\t\t\t\t<div class=\"e-con-inner\">\n\t\t\t\t<div class=\"elementor-element elementor-element-2b573650 elementor-invisible elementor-widget elementor-widget-heading\" data-id=\"2b573650\" data-element_type=\"widget\" data-e-type=\"widget\" data-settings=\"{&quot;_animation&quot;:&quot;fadeInDown&quot;}\" data-widget_type=\"heading.default\">\n\t\t\t\t\t<h2 class=\"elementor-heading-title elementor-size-default\">Beschreibung<\/h2>\t\t\t\t<\/div>\n\t\t\t\t<div class=\"elementor-element elementor-element-4c7c22c3 elementor-invisible elementor-widget elementor-widget-text-editor\" data-id=\"4c7c22c3\" data-element_type=\"widget\" data-e-type=\"widget\" data-settings=\"{&quot;_animation&quot;:&quot;fadeInDown&quot;,&quot;_animation_delay&quot;:500}\" data-widget_type=\"text-editor.default\">\n\t\t\t\t\t\t\t\t\t<p>Die Produkte und Dienstleistungen der IGH brauchen, um sie optimal an Interessierte weitergeben zu k\u00f6nnen, auch eine detaillierte Beschreibung. Nachfolgend finden Sie zu allen Themen der IGH die entsprechende Dokumentation in den Sprachen Deutsch, Franz\u00f6sisch, Italienisch und Englisch.<\/p>\t\t\t\t\t\t\t\t<\/div>\n\t\t\t\t\t<\/div>\n\t\t\t\t<\/div>\n\t\t\t\t<\/div>\n\t\t<div class=\"elementor-element elementor-element-58a8a7a8 e-con-full e-flex e-con e-child\" data-id=\"58a8a7a8\" data-element_type=\"container\" data-e-type=\"container\" data-settings=\"{&quot;background_background&quot;:&quot;video&quot;,&quot;background_video_link&quot;:&quot;https:\\\/\\\/www.igh.ch\\\/wp-content\\\/uploads\\\/2022\\\/11\\\/1280x720_igh-software-kommunikation.mp4&quot;,&quot;background_play_on_mobile&quot;:&quot;yes&quot;}\">\n\t\t<div class=\"elementor-background-video-container\">\n\t\t\t\t\t\t\t<video class=\"elementor-background-video-hosted\" role=\"presentation\" autoplay muted playsinline loop><\/video>\n\t\t\t\t\t<\/div><div class=\"elementor-element elementor-element-1561694d e-con-full e-flex e-con e-child\" data-id=\"1561694d\" data-element_type=\"container\" data-e-type=\"container\" data-settings=\"{&quot;background_background&quot;:&quot;classic&quot;}\">\n\t\t\t\t<div class=\"elementor-element elementor-element-5d0c273a elementor-widget elementor-widget-image\" data-id=\"5d0c273a\" data-element_type=\"widget\" data-e-type=\"widget\" data-widget_type=\"image.default\">\n\t\t\t\t\t\t\t\t\t\t\t\t\t\t\t<img fetchpriority=\"high\" decoding=\"async\" width=\"640\" height=\"512\" src=\"https:\/\/www.igh.ch\/wp-content\/uploads\/2022\/06\/book-open-cover1.svg\" class=\"attachment-large size-large wp-image-735\" alt=\"\" \/>\t\t\t\t\t\t\t\t\t\t\t\t\t\t\t<\/div>\n\t\t\t\t<\/div>\n\t\t\t\t<\/div>\n\t\t\t\t\t<\/div>\n\t\t\t\t<\/div>\n\t\t<div class=\"elementor-element elementor-element-584f13f e-flex e-con-boxed e-con e-parent\" data-id=\"584f13f\" data-element_type=\"container\" data-e-type=\"container\" data-settings=\"{&quot;background_background&quot;:&quot;classic&quot;}\">\n\t\t\t\t\t<div class=\"e-con-inner\">\n\t\t<div class=\"elementor-element elementor-element-07ec0cb e-con-full elementor-hidden-mobile e-flex e-con e-child\" data-id=\"07ec0cb\" data-element_type=\"container\" data-e-type=\"container\" data-settings=\"{&quot;background_background&quot;:&quot;classic&quot;}\">\n\t\t\t\t<div class=\"elementor-element elementor-element-a01458b elementor-widget__width-initial elementor-widget elementor-widget-image\" data-id=\"a01458b\" data-element_type=\"widget\" data-e-type=\"widget\" data-widget_type=\"image.default\">\n\t\t\t\t\t\t\t\t\t\t\t\t\t\t\t<img decoding=\"async\" width=\"1248\" height=\"832\" src=\"https:\/\/www.igh.ch\/wp-content\/uploads\/vater-fuchs_dokumentation_1248x832.jpg\" class=\"attachment-full size-full wp-image-25745\" alt=\"\" srcset=\"https:\/\/www.igh.ch\/wp-content\/uploads\/vater-fuchs_dokumentation_1248x832.jpg 1248w, https:\/\/www.igh.ch\/wp-content\/uploads\/vater-fuchs_dokumentation_1248x832-300x200.jpg 300w, https:\/\/www.igh.ch\/wp-content\/uploads\/vater-fuchs_dokumentation_1248x832-1024x683.jpg 1024w, https:\/\/www.igh.ch\/wp-content\/uploads\/vater-fuchs_dokumentation_1248x832-768x512.jpg 768w\" sizes=\"(max-width: 1248px) 100vw, 1248px\" \/>\t\t\t\t\t\t\t\t\t\t\t\t\t\t\t<\/div>\n\t\t\t\t<\/div>\n\t\t<div class=\"elementor-element elementor-element-6f601ec e-con-full e-flex e-con e-child\" data-id=\"6f601ec\" data-element_type=\"container\" data-e-type=\"container\" data-settings=\"{&quot;background_background&quot;:&quot;classic&quot;}\">\n\t\t\t\t<div class=\"elementor-element elementor-element-3dfee98 elementor-invisible elementor-widget elementor-widget-heading\" data-id=\"3dfee98\" data-element_type=\"widget\" data-e-type=\"widget\" data-settings=\"{&quot;_animation&quot;:&quot;fadeInDown&quot;}\" data-widget_type=\"heading.default\">\n\t\t\t\t\t<h2 class=\"elementor-heading-title elementor-size-default\">Bereiche der Dokumentation<\/h2>\t\t\t\t<\/div>\n\t\t\t\t<div class=\"elementor-element elementor-element-eb324ad elementor-widget__width-initial elementor-invisible elementor-widget elementor-widget-text-editor\" data-id=\"eb324ad\" data-element_type=\"widget\" data-e-type=\"widget\" data-settings=\"{&quot;_animation&quot;:&quot;fadeInDown&quot;}\" data-widget_type=\"text-editor.default\">\n\t\t\t\t\t\t\t\t\t<p>Die Dokumentationen dienen bei der Implementation der IGH Produkte und Dienstleistungen. Sie richten sich insbesondere an den Entwickler der Softwarepartner und Kunden.<\/p><p>Alle auf dieser Seite aufgef\u00fchrten Dokumente k\u00f6nnen Sie auch in den nachfolgend aufgef\u00fchrten themabezogenen Bereichen abrufen:<\/p>\t\t\t\t\t\t\t\t<\/div>\n\t\t\t\t<div class=\"elementor-element elementor-element-952d73a elementor-invisible elementor-widget elementor-widget-text-editor\" data-id=\"952d73a\" data-element_type=\"widget\" data-e-type=\"widget\" data-settings=\"{&quot;_animation&quot;:&quot;fadeInDown&quot;}\" data-widget_type=\"text-editor.default\">\n\t\t\t\t\t\t\t\t\t<ul><li><a title=\"Kataloge\" href=\"https:\/\/www.igh.ch\/de\/produkte\/dokumente\/kataloge\/\" target=\"_blank\" rel=\"noopener\">Kataloge<\/a><\/li><li><a title=\"Prozesse\" href=\"https:\/\/www.igh.ch\/de\/produkte\/dokumente\/prozesse\/\" target=\"_blank\" rel=\"noopener\">Prozesse<\/a><\/li><li><a title=\"DataExpert\" href=\"https:\/\/www.igh.ch\/de\/produkte\/dokumente\/dataexpert\/\" target=\"_blank\" rel=\"noopener\">DataExpert<sup>\u00ae<\/sup><\/a><\/li><li><a title=\"IGH451\" href=\"https:\/\/www.igh.ch\/de\/produkte\/dokumente\/igh451\/\" target=\"_blank\" rel=\"noopener\">IGH451<\/a><\/li><li><a title=\"individuelle Kundenkonditionen\" href=\"https:\/\/www.igh.ch\/de\/produkte\/dokumente\/ikk-individuelle-kundenkonditionen\/\" target=\"_blank\" rel=\"noopener\">ikk<\/a><\/li><li><a title=\"E-Rechnungen\" href=\"https:\/\/www.igh.ch\/de\/produkte\/dokumente\/e-rechnungen\/\" target=\"_blank\" rel=\"noopener\">E-Rechnungen<\/a><\/li><li><a title=\"WebServices\" href=\"https:\/\/www.igh.ch\/de\/produkte\/dokumente\/webservices\/\" target=\"_blank\" rel=\"noopener\">WebServices<\/a><\/li><li><a title=\"WebApplikationen\" href=\"https:\/\/www.igh.ch\/de\/produkte\/dokumente\/webapplikationen\/\" target=\"_blank\" rel=\"noopener\">WebApplikationen<\/a><\/li><li><a title=\"MobileApps\" href=\"https:\/\/www.igh.ch\/de\/produkte\/dokumente\/mobileapps\/\" target=\"_blank\" rel=\"noopener\">MobileApps<\/a><\/li><\/ul>\t\t\t\t\t\t\t\t<\/div>\n\t\t\t\t<\/div>\n\t\t\t\t\t<\/div>\n\t\t\t\t<\/div>\n\t\t<div class=\"elementor-element elementor-element-173b079 e-flex e-con-boxed e-con e-parent\" data-id=\"173b079\" data-element_type=\"container\" data-e-type=\"container\" data-settings=\"{&quot;background_background&quot;:&quot;classic&quot;}\">\n\t\t\t\t\t<div class=\"e-con-inner\">\n\t\t<div class=\"elementor-element elementor-element-0300fae e-con-full e-flex e-con e-child\" data-id=\"0300fae\" data-element_type=\"container\" data-e-type=\"container\" data-settings=\"{&quot;background_background&quot;:&quot;classic&quot;}\">\n\t\t\t\t<div class=\"elementor-element elementor-element-dc379cb elementor-widget elementor-widget-html\" data-id=\"dc379cb\" data-element_type=\"widget\" data-e-type=\"widget\" data-widget_type=\"html.default\">\n\t\t\t\t\t<div id=\"iframeigh\"><\/div>\n \n<script type=\"text\/javascript\" src=\"https:\/\/docs.igh.ch\/js\/pym.js\"><\/script>\n<script>var currentUrl = window.location.href;\n    var urlSearch = currentUrl.split('?')[1];\n    if ( urlSearch == undefined ) { urlSearch = \"\" }\n    var pymParent = new pym.Parent('iframeigh', 'https:\/\/docs.igh.ch\/seiten\/documente000000_de.html?search='+urlSearch, {});<\/script>\t\t\t\t<\/div>\n\t\t\t\t<\/div>\n\t\t\t\t\t<\/div>\n\t\t\t\t<\/div>\n\t\t\t\t<\/div>\n\t\t","protected":false},"excerpt":{"rendered":"<p>Dokumentation Beschreibung Die Produkte und Dienstleistungen der IGH brauchen, um sie optimal an Interessierte weitergeben zu k\u00f6nnen, auch eine detaillierte Beschreibung. Nachfolgend finden Sie zu allen Themen der IGH die entsprechende Dokumentation in den Sprachen Deutsch, Franz\u00f6sisch, Italienisch und Englisch. Bereiche der Dokumentation Die Dokumentationen dienen bei der Implementation der IGH Produkte und Dienstleistungen. Sie [&hellip;]<\/p>\n","protected":false},"author":1,"featured_media":0,"parent":4452,"menu_order":0,"comment_status":"closed","ping_status":"closed","template":"","meta":{"footnotes":""},"class_list":["post-4454","page","type-page","status-publish","hentry"],"_links":{"self":[{"href":"https:\/\/www.igh.ch\/de\/wp-json\/wp\/v2\/pages\/4454","targetHints":{"allow":["GET"]}}],"collection":[{"href":"https:\/\/www.igh.ch\/de\/wp-json\/wp\/v2\/pages"}],"about":[{"href":"https:\/\/www.igh.ch\/de\/wp-json\/wp\/v2\/types\/page"}],"author":[{"embeddable":true,"href":"https:\/\/www.igh.ch\/de\/wp-json\/wp\/v2\/users\/1"}],"replies":[{"embeddable":true,"href":"https:\/\/www.igh.ch\/de\/wp-json\/wp\/v2\/comments?post=4454"}],"version-history":[{"count":3,"href":"https:\/\/www.igh.ch\/de\/wp-json\/wp\/v2\/pages\/4454\/revisions"}],"predecessor-version":[{"id":25751,"href":"https:\/\/www.igh.ch\/de\/wp-json\/wp\/v2\/pages\/4454\/revisions\/25751"}],"up":[{"embeddable":true,"href":"https:\/\/www.igh.ch\/de\/wp-json\/wp\/v2\/pages\/4452"}],"wp:attachment":[{"href":"https:\/\/www.igh.ch\/de\/wp-json\/wp\/v2\/media?parent=4454"}],"curies":[{"name":"wp","href":"https:\/\/api.w.org\/{rel}","templated":true}]}}