{"id":4248,"date":"2022-08-23T15:04:01","date_gmt":"2022-08-23T13:04:01","guid":{"rendered":"https:\/\/igh01.worksite.ch\/?page_id=4248"},"modified":"2025-09-11T18:12:07","modified_gmt":"2025-09-11T16:12:07","slug":"geschaeftsstelle","status":"publish","type":"page","link":"https:\/\/www.igh.ch\/de\/die-igh\/geschaeftsstelle\/","title":{"rendered":"Gesch\u00e4ftsstelle"},"content":{"rendered":"\t\t<div data-elementor-type=\"wp-page\" data-elementor-id=\"4248\" class=\"elementor elementor-4248\" data-elementor-post-type=\"page\">\n\t\t\t\t<div class=\"elementor-element elementor-element-b55994c e-flex e-con-boxed e-con e-parent\" data-id=\"b55994c\" data-element_type=\"container\" data-e-type=\"container\" data-settings=\"{&quot;background_background&quot;:&quot;classic&quot;}\">\n\t\t\t\t\t<div class=\"e-con-inner\">\n\t\t<div class=\"elementor-element elementor-element-8bf5586 e-con-full e-flex e-con e-child\" data-id=\"8bf5586\" data-element_type=\"container\" data-e-type=\"container\" data-settings=\"{&quot;background_background&quot;:&quot;classic&quot;}\">\n\t\t\t\t<div class=\"elementor-element elementor-element-4ae582f elementor-invisible elementor-widget elementor-widget-heading\" data-id=\"4ae582f\" data-element_type=\"widget\" data-e-type=\"widget\" data-settings=\"{&quot;_animation&quot;:&quot;fadeInDown&quot;}\" data-widget_type=\"heading.default\">\n\t\t\t\t\t<h1 class=\"elementor-heading-title elementor-size-default\">Gesch\u00e4ftsstelle<\/h1>\t\t\t\t<\/div>\n\t\t\t\t<div class=\"elementor-element elementor-element-ef58e9a elementor-widget elementor-widget-html\" data-id=\"ef58e9a\" data-element_type=\"widget\" data-e-type=\"widget\" data-widget_type=\"html.default\">\n\t\t\t\t\t<nav aria-label=\"breadcrumbs\" class=\"rank-math-breadcrumb\"><p><span class=\"last\">Home<\/span><\/p><\/nav>\t\t\t\t<\/div>\n\t\t\t\t<\/div>\n\t\t\t\t\t<\/div>\n\t\t\t\t<\/div>\n\t\t<div class=\"elementor-element elementor-element-041b2db e-flex e-con-boxed e-con e-parent\" data-id=\"041b2db\" data-element_type=\"container\" data-e-type=\"container\" data-settings=\"{&quot;background_background&quot;:&quot;classic&quot;}\">\n\t\t\t\t\t<div class=\"e-con-inner\">\n\t\t<div class=\"elementor-element elementor-element-7487d40 e-con-full e-flex e-con e-child\" data-id=\"7487d40\" data-element_type=\"container\" data-e-type=\"container\" data-settings=\"{&quot;background_background&quot;:&quot;classic&quot;}\">\n\t\t<div class=\"elementor-element elementor-element-469f915 e-flex e-con-boxed e-con e-child\" data-id=\"469f915\" data-element_type=\"container\" data-e-type=\"container\" data-settings=\"{&quot;background_background&quot;:&quot;classic&quot;}\">\n\t\t\t\t\t<div class=\"e-con-inner\">\n\t\t\t\t<div class=\"elementor-element elementor-element-d90ddf1 elementor-invisible elementor-widget elementor-widget-heading\" data-id=\"d90ddf1\" data-element_type=\"widget\" data-e-type=\"widget\" data-settings=\"{&quot;_animation&quot;:&quot;fadeInDown&quot;}\" data-widget_type=\"heading.default\">\n\t\t\t\t\t<h2 class=\"elementor-heading-title elementor-size-default\">Auftrag<\/h2>\t\t\t\t<\/div>\n\t\t\t\t<div class=\"elementor-element elementor-element-43088f4 elementor-invisible elementor-widget elementor-widget-text-editor\" data-id=\"43088f4\" data-element_type=\"widget\" data-e-type=\"widget\" data-settings=\"{&quot;_animation&quot;:&quot;fadeInDown&quot;,&quot;_animation_delay&quot;:200}\" data-widget_type=\"text-editor.default\">\n\t\t\t\t\t\t\t\t\t<p>Die Gesch\u00e4ftsstelle ist vom Vorstand bevollm\u00e4chtigt, alle anfallenden administrativen Aufgaben zu erledigen, die projektbezogenen Aktivit\u00e4ten im Interesse der IGH zu koordinieren und notwendige Auftr\u00e4ge aus definierten Projekten zu erteilen.<\/p><p>Sie vertritt die IGH nach aussen und ist die Anlaufstelle f\u00fcr Anregungen oder Unterst\u00fctzung der Mitglieder und deren Kunden.<\/p>\t\t\t\t\t\t\t\t<\/div>\n\t\t\t\t\t<\/div>\n\t\t\t\t<\/div>\n\t\t\t\t<\/div>\n\t\t<div class=\"elementor-element elementor-element-e1b4546 e-con-full e-flex e-con e-child\" data-id=\"e1b4546\" data-element_type=\"container\" data-e-type=\"container\" data-settings=\"{&quot;background_background&quot;:&quot;classic&quot;}\">\n\t\t<div class=\"elementor-element elementor-element-ed66599 e-con-full e-flex e-con e-child\" data-id=\"ed66599\" data-element_type=\"container\" data-e-type=\"container\" data-settings=\"{&quot;background_background&quot;:&quot;classic&quot;}\">\n\t\t\t\t<div class=\"elementor-element elementor-element-d3773e1 elementor-widget elementor-widget-image\" data-id=\"d3773e1\" data-element_type=\"widget\" data-e-type=\"widget\" data-widget_type=\"image.default\">\n\t\t\t\t\t\t\t\t\t\t\t\t\t\t\t<img fetchpriority=\"high\" decoding=\"async\" width=\"384\" height=\"512\" src=\"https:\/\/www.igh.ch\/wp-content\/uploads\/2022\/06\/building-igh1.svg\" class=\"attachment-large size-large wp-image-583\" alt=\"\" \/>\t\t\t\t\t\t\t\t\t\t\t\t\t\t\t<\/div>\n\t\t\t\t<\/div>\n\t\t\t\t<\/div>\n\t\t\t\t\t<\/div>\n\t\t\t\t<\/div>\n\t\t<div class=\"elementor-element elementor-element-35f0e6d e-flex e-con-boxed e-con e-parent\" data-id=\"35f0e6d\" data-element_type=\"container\" data-e-type=\"container\" data-settings=\"{&quot;background_background&quot;:&quot;classic&quot;}\">\n\t\t\t\t\t<div class=\"e-con-inner\">\n\t\t<div class=\"elementor-element elementor-element-a35ac04 e-con-full e-flex e-con e-child\" data-id=\"a35ac04\" data-element_type=\"container\" data-e-type=\"container\" data-settings=\"{&quot;background_background&quot;:&quot;classic&quot;}\">\n\t\t\t\t<div class=\"elementor-element elementor-element-464c936 elementor-widget elementor-widget-image\" data-id=\"464c936\" data-element_type=\"widget\" data-e-type=\"widget\" data-widget_type=\"image.default\">\n\t\t\t\t\t\t\t\t\t\t\t\t\t\t\t<img decoding=\"async\" src=\"https:\/\/www.igh.ch\/wp-content\/uploads\/vater-fuchs_daumen-hoch-mit-umhang_igh-logo_900x851.jpg\" title=\"vater-fuchs_daumen-hoch-mit-umhang_igh-logo_900x851\" alt=\"vater-fuchs_daumen-hoch-mit-umhang_igh-logo_900x851\" loading=\"lazy\" \/>\t\t\t\t\t\t\t\t\t\t\t\t\t\t\t<\/div>\n\t\t\t\t<\/div>\n\t\t<div class=\"elementor-element elementor-element-9b97fd2 e-con-full e-flex e-con e-child\" data-id=\"9b97fd2\" data-element_type=\"container\" data-e-type=\"container\" data-settings=\"{&quot;background_background&quot;:&quot;classic&quot;}\">\n\t\t\t\t<div class=\"elementor-element elementor-element-4ca70d16 elementor-invisible elementor-widget elementor-widget-heading\" data-id=\"4ca70d16\" data-element_type=\"widget\" data-e-type=\"widget\" data-settings=\"{&quot;_animation&quot;:&quot;fadeInDown&quot;}\" data-widget_type=\"heading.default\">\n\t\t\t\t\t<h2 class=\"elementor-heading-title elementor-size-default\">Standort und Postadresse<\/h2>\t\t\t\t<\/div>\n\t\t\t\t<div class=\"elementor-element elementor-element-54eb5d9d elementor-invisible elementor-widget elementor-widget-text-editor\" data-id=\"54eb5d9d\" data-element_type=\"widget\" data-e-type=\"widget\" data-settings=\"{&quot;_animation&quot;:&quot;fadeInDown&quot;}\" data-widget_type=\"text-editor.default\">\n\t\t\t\t\t\t\t\t\t<p><strong>IGH<\/strong><br \/>Interessengemeinschaft Datenverbund<br \/>Auf der Mauer 9<br \/>8001 Z\u00fcrich<\/p><div>+41 44 260 27 05<\/div>\t\t\t\t\t\t\t\t<\/div>\n\t\t\t\t<\/div>\n\t\t\t\t\t<\/div>\n\t\t\t\t<\/div>\n\t\t<div class=\"elementor-element elementor-element-c6c049e e-flex e-con-boxed e-con e-parent\" data-id=\"c6c049e\" data-element_type=\"container\" data-e-type=\"container\" id=\"kontaktformular\" data-settings=\"{&quot;background_background&quot;:&quot;classic&quot;}\">\n\t\t\t\t\t<div class=\"e-con-inner\">\n\t\t<div class=\"elementor-element elementor-element-6b05bd6 e-con-full e-flex e-con e-child\" data-id=\"6b05bd6\" data-element_type=\"container\" data-e-type=\"container\" data-settings=\"{&quot;background_background&quot;:&quot;classic&quot;}\">\n\t\t\t\t<div class=\"elementor-element elementor-element-3dbb9b2 elementor-invisible elementor-widget elementor-widget-heading\" data-id=\"3dbb9b2\" data-element_type=\"widget\" data-e-type=\"widget\" data-settings=\"{&quot;_animation&quot;:&quot;fadeInDown&quot;}\" data-widget_type=\"heading.default\">\n\t\t\t\t\t<h2 class=\"elementor-heading-title elementor-size-default\">Kontaktformular<\/h2>\t\t\t\t<\/div>\n\t\t\t\t<div class=\"elementor-element elementor-element-a97afd2 elementor-invisible elementor-widget elementor-widget-text-editor\" data-id=\"a97afd2\" data-element_type=\"widget\" data-e-type=\"widget\" data-settings=\"{&quot;_animation&quot;:&quot;fadeInDown&quot;}\" data-widget_type=\"text-editor.default\">\n\t\t\t\t\t\t\t\t\t<p>Wir freuen uns auf Ihre Kontaktaufnahme.<\/p><p><strong>Im Hinblick auf das neue Datenschutzgesetz in der Schweiz best\u00e4tigen wir, dass Ihre Daten nur zur Beantwortung Ihrer Kontaktaufnahme und ggf. zum Zweck der Abkl\u00e4rung bei involvierten Stellen verwendet werden. Eine Weitergabe an unbeteiligte Dritte ist ausgeschlossen <\/strong>(siehe auch <a title=\"IGH Datenschutz\" href=\"https:\/\/www.igh.ch\/de\/datenschutz\/\" target=\"_blank\" rel=\"noopener\">Datenschutz<\/a>)<strong>.<\/strong><\/p><p>Bitte f\u00fcllen Sie die nachfolgenden Felder aus.<\/p><p><span style=\"color: #ff0000;\">*<\/span> = Pflichtfelder<\/p>\t\t\t\t\t\t\t\t<\/div>\n\t\t\t\t<div class=\"elementor-element elementor-element-d9a73b1 elementor-invisible elementor-widget elementor-widget-tp-wp-forms\" data-id=\"d9a73b1\" data-element_type=\"widget\" data-e-type=\"widget\" data-settings=\"{&quot;_animation&quot;:&quot;fadeInDown&quot;}\" data-widget_type=\"tp-wp-forms.default\">\n\t\t\t\t\t<div class=\"pt_plus_wpforms\" \" ><div class=\"wpforms-container wpforms-container-full\" id=\"wpforms-2280\"><form id=\"wpforms-form-2280\" class=\"wpforms-validate wpforms-form wpforms-ajax-form\" data-formid=\"2280\" method=\"post\" enctype=\"multipart\/form-data\" action=\"\/de\/die-igh\/geschaeftsstelle\/\" data-token=\"03d185b6f28665cad9b6d74fcca3fe57\" data-token-time=\"1777886162\"><noscript class=\"wpforms-error-noscript\">Bitte aktiviere JavaScript in deinem Browser, um dieses Formular fertigzustellen.<\/noscript><div class=\"wpforms-field-container\"><div id=\"wpforms-2280-field_3-container\" class=\"wpforms-field wpforms-field-text wpforms-one-half wpforms-first\" data-field-id=\"3\"><label class=\"wpforms-field-label\" for=\"wpforms-2280-field_3\">Vorname <span class=\"wpforms-required-label\">*<\/span><\/label><input type=\"text\" id=\"wpforms-2280-field_3\" class=\"wpforms-field-large wpforms-field-required\" name=\"wpforms[fields][3]\" required><\/div><div id=\"wpforms-2280-field_4-container\" class=\"wpforms-field wpforms-field-text wpforms-one-half\" data-field-id=\"4\"><label class=\"wpforms-field-label\" for=\"wpforms-2280-field_4\">Name <span class=\"wpforms-required-label\">*<\/span><\/label><input type=\"text\" id=\"wpforms-2280-field_4\" class=\"wpforms-field-large wpforms-field-required\" name=\"wpforms[fields][4]\" required><\/div><div id=\"wpforms-2280-field_5-container\" class=\"wpforms-field wpforms-field-text wpforms-one-half wpforms-first\" data-field-id=\"5\"><label class=\"wpforms-field-label\" for=\"wpforms-2280-field_5\">Firma<\/label><input type=\"text\" id=\"wpforms-2280-field_5\" class=\"wpforms-field-large\" name=\"wpforms[fields][5]\" ><\/div><div id=\"wpforms-2280-field_6-container\" class=\"wpforms-field wpforms-field-email\" data-field-id=\"6\"><label class=\"wpforms-field-label\" for=\"wpforms-2280-field_6\">E-Mail <span class=\"wpforms-required-label\">*<\/span><\/label><input type=\"email\" id=\"wpforms-2280-field_6\" class=\"wpforms-field-large wpforms-field-required\" name=\"wpforms[fields][6]\" spellcheck=\"false\" required><\/div><div id=\"wpforms-2280-field_8-container\" class=\"wpforms-field wpforms-field-textarea\" data-field-id=\"8\"><label class=\"wpforms-field-label\" for=\"wpforms-2280-field_8\">Nachricht<\/label><textarea id=\"wpforms-2280-field_8\" class=\"wpforms-field-large\" name=\"wpforms[fields][8]\" ><\/textarea><\/div><\/div><!-- .wpforms-field-container --><div class=\"wpforms-recaptcha-container wpforms-is-turnstile\" ><div class=\"wpforms-turnstile\" data-sitekey=\"0x4AAAAAAADcvze33A6Z4XIe\" data-action=\"FormID-2280\"><\/div><input type=\"text\" name=\"g-recaptcha-hidden\" class=\"wpforms-recaptcha-hidden\" style=\"position:absolute!important;clip:rect(0,0,0,0)!important;height:1px!important;width:1px!important;border:0!important;overflow:hidden!important;padding:0!important;margin:0!important;\" data-rule-turnstile=\"1\"><\/div><div class=\"wpforms-submit-container\" ><input type=\"hidden\" name=\"wpforms[id]\" value=\"2280\"><input type=\"hidden\" name=\"page_title\" value=\"Gesch\u00e4ftsstelle\"><input type=\"hidden\" name=\"page_url\" value=\"https:\/\/www.igh.ch\/de\/die-igh\/geschaeftsstelle\/\"><input type=\"hidden\" name=\"url_referer\" value=\"\"><input type=\"hidden\" name=\"page_id\" value=\"4248\"><input type=\"hidden\" name=\"wpforms[post_id]\" value=\"4248\"><button type=\"submit\" name=\"wpforms[submit]\" id=\"wpforms-submit-2280\" class=\"wpforms-submit\" data-alt-text=\"senden . . .\" data-submit-text=\"Nachricht senden\" aria-live=\"assertive\" value=\"wpforms-submit\">Nachricht senden<\/button><img decoding=\"async\" src=\"https:\/\/www.igh.ch\/wp-content\/plugins\/wpforms\/assets\/images\/submit-spin.svg\" class=\"wpforms-submit-spinner\" style=\"display: none;\" width=\"26\" height=\"26\" alt=\"Wird geladen\"><\/div><\/form><\/div>  <!-- .wpforms-container --><\/div>\t\t\t\t<\/div>\n\t\t\t\t<\/div>\n\t\t\t\t\t<\/div>\n\t\t\t\t<\/div>\n\t\t\t\t<\/div>\n\t\t","protected":false},"excerpt":{"rendered":"<p>Gesch\u00e4ftsstelle Auftrag Die Gesch\u00e4ftsstelle ist vom Vorstand bevollm\u00e4chtigt, alle anfallenden administrativen Aufgaben zu erledigen, die projektbezogenen Aktivit\u00e4ten im Interesse der IGH zu koordinieren und notwendige Auftr\u00e4ge aus definierten Projekten zu erteilen. Sie vertritt die IGH nach aussen und ist die Anlaufstelle f\u00fcr Anregungen oder Unterst\u00fctzung der Mitglieder und deren Kunden. Standort und Postadresse IGHInteressengemeinschaft DatenverbundAuf [&hellip;]<\/p>\n","protected":false},"author":1,"featured_media":0,"parent":2822,"menu_order":5,"comment_status":"closed","ping_status":"closed","template":"","meta":{"footnotes":""},"class_list":["post-4248","page","type-page","status-publish","hentry"],"_links":{"self":[{"href":"https:\/\/www.igh.ch\/de\/wp-json\/wp\/v2\/pages\/4248","targetHints":{"allow":["GET"]}}],"collection":[{"href":"https:\/\/www.igh.ch\/de\/wp-json\/wp\/v2\/pages"}],"about":[{"href":"https:\/\/www.igh.ch\/de\/wp-json\/wp\/v2\/types\/page"}],"author":[{"embeddable":true,"href":"https:\/\/www.igh.ch\/de\/wp-json\/wp\/v2\/users\/1"}],"replies":[{"embeddable":true,"href":"https:\/\/www.igh.ch\/de\/wp-json\/wp\/v2\/comments?post=4248"}],"version-history":[{"count":3,"href":"https:\/\/www.igh.ch\/de\/wp-json\/wp\/v2\/pages\/4248\/revisions"}],"predecessor-version":[{"id":25462,"href":"https:\/\/www.igh.ch\/de\/wp-json\/wp\/v2\/pages\/4248\/revisions\/25462"}],"up":[{"embeddable":true,"href":"https:\/\/www.igh.ch\/de\/wp-json\/wp\/v2\/pages\/2822"}],"wp:attachment":[{"href":"https:\/\/www.igh.ch\/de\/wp-json\/wp\/v2\/media?parent=4248"}],"curies":[{"name":"wp","href":"https:\/\/api.w.org\/{rel}","templated":true}]}}