{"id":3275,"date":"2022-07-28T13:50:31","date_gmt":"2022-07-28T11:50:31","guid":{"rendered":"https:\/\/igh01.worksite.ch\/?page_id=3275"},"modified":"2025-03-17T16:48:13","modified_gmt":"2025-03-17T15:48:13","slug":"kosten-fuer-igh-dienste-kunden-von-igh-mitgliedern","status":"publish","type":"page","link":"https:\/\/www.igh.ch\/de\/services\/kosten\/kosten-fuer-igh-dienste-kunden-von-igh-mitgliedern\/","title":{"rendered":"Kosten f\u00fcr IGH-Dienste (Kunden von IGH-Mitgliedern)"},"content":{"rendered":"\t\t<div data-elementor-type=\"wp-page\" data-elementor-id=\"3275\" class=\"elementor elementor-3275\" data-elementor-post-type=\"page\">\n\t\t\t\t<div class=\"elementor-element elementor-element-9f673f9 e-flex e-con-boxed e-con e-parent\" data-id=\"9f673f9\" data-element_type=\"container\" data-e-type=\"container\" data-settings=\"{&quot;background_background&quot;:&quot;classic&quot;}\">\n\t\t\t\t\t<div class=\"e-con-inner\">\n\t\t<div class=\"elementor-element elementor-element-8f1c054 e-con-full e-flex e-con e-child\" data-id=\"8f1c054\" data-element_type=\"container\" data-e-type=\"container\" data-settings=\"{&quot;background_background&quot;:&quot;classic&quot;}\">\n\t\t\t\t<div class=\"elementor-element elementor-element-0152779 elementor-invisible elementor-widget elementor-widget-heading\" data-id=\"0152779\" data-element_type=\"widget\" data-e-type=\"widget\" data-settings=\"{&quot;_animation&quot;:&quot;fadeInDown&quot;}\" data-widget_type=\"heading.default\">\n\t\t\t\t\t<h1 class=\"elementor-heading-title elementor-size-default\">Kosten f\u00fcr IGH-Dienste<\/h1>\t\t\t\t<\/div>\n\t\t\t\t<div class=\"elementor-element elementor-element-d26aaf1 elementor-widget elementor-widget-html\" data-id=\"d26aaf1\" data-element_type=\"widget\" data-e-type=\"widget\" data-widget_type=\"html.default\">\n\t\t\t\t\t<nav aria-label=\"breadcrumbs\" class=\"rank-math-breadcrumb\"><p><span class=\"last\">Home<\/span><\/p><\/nav>\t\t\t\t<\/div>\n\t\t\t\t<\/div>\n\t\t\t\t\t<\/div>\n\t\t\t\t<\/div>\n\t\t<div class=\"elementor-element elementor-element-041b2db e-flex e-con-boxed e-con e-parent\" data-id=\"041b2db\" data-element_type=\"container\" data-e-type=\"container\" data-settings=\"{&quot;background_background&quot;:&quot;classic&quot;}\">\n\t\t\t\t\t<div class=\"e-con-inner\">\n\t\t<div class=\"elementor-element elementor-element-7487d40 e-con-full e-flex e-con e-child\" data-id=\"7487d40\" data-element_type=\"container\" data-e-type=\"container\" data-settings=\"{&quot;background_background&quot;:&quot;classic&quot;}\">\n\t\t<div class=\"elementor-element elementor-element-469f915 e-flex e-con-boxed e-con e-child\" data-id=\"469f915\" data-element_type=\"container\" data-e-type=\"container\" data-settings=\"{&quot;background_background&quot;:&quot;classic&quot;}\">\n\t\t\t\t\t<div class=\"e-con-inner\">\n\t\t\t\t<div class=\"elementor-element elementor-element-d90ddf1 elementor-invisible elementor-widget elementor-widget-heading\" data-id=\"d90ddf1\" data-element_type=\"widget\" data-e-type=\"widget\" data-settings=\"{&quot;_animation&quot;:&quot;fadeInDown&quot;}\" data-widget_type=\"heading.default\">\n\t\t\t\t\t<h2 class=\"elementor-heading-title elementor-size-default\">F\u00fcr Kunden von IGH-Mitgliedern<\/h2>\t\t\t\t<\/div>\n\t\t\t\t<div class=\"elementor-element elementor-element-43088f4 elementor-invisible elementor-widget elementor-widget-text-editor\" data-id=\"43088f4\" data-element_type=\"widget\" data-e-type=\"widget\" data-settings=\"{&quot;_animation&quot;:&quot;fadeInDown&quot;,&quot;_animation_delay&quot;:500}\" data-widget_type=\"text-editor.default\">\n\t\t\t\t\t\t\t\t\t<p>F\u00fcr Kunden der IGH-Mitglieder sind alle durch die IGH bereitgestellten Dienste kostenlos.<\/p>\t\t\t\t\t\t\t\t<\/div>\n\t\t\t\t\t<\/div>\n\t\t\t\t<\/div>\n\t\t\t\t<\/div>\n\t\t<div class=\"elementor-element elementor-element-e1b4546 e-con-full e-flex e-con e-child\" data-id=\"e1b4546\" data-element_type=\"container\" data-e-type=\"container\" data-settings=\"{&quot;background_background&quot;:&quot;video&quot;,&quot;background_video_link&quot;:&quot;https:\\\/\\\/www.igh.ch\\\/wp-content\\\/uploads\\\/2022\\\/07\\\/1280x720_kosten-fuer-igh-mitglieder.mp4&quot;,&quot;background_play_on_mobile&quot;:&quot;yes&quot;}\">\n\t\t<div class=\"elementor-background-video-container\">\n\t\t\t\t\t\t\t<video class=\"elementor-background-video-hosted\" role=\"presentation\" autoplay muted playsinline loop><\/video>\n\t\t\t\t\t<\/div><div class=\"elementor-element elementor-element-ed66599 e-con-full e-flex e-con e-child\" data-id=\"ed66599\" data-element_type=\"container\" data-e-type=\"container\" data-settings=\"{&quot;background_background&quot;:&quot;classic&quot;}\">\n\t\t\t\t<div class=\"elementor-element elementor-element-d3773e1 elementor-widget elementor-widget-image\" data-id=\"d3773e1\" data-element_type=\"widget\" data-e-type=\"widget\" data-widget_type=\"image.default\">\n\t\t\t\t\t\t\t\t\t\t\t\t\t\t\t<img fetchpriority=\"high\" decoding=\"async\" width=\"640\" height=\"512\" src=\"https:\/\/www.igh.ch\/wp-content\/uploads\/2022\/06\/kunden-von-igh-mitgliedern31.svg\" class=\"attachment-large size-large wp-image-891\" alt=\"\" \/>\t\t\t\t\t\t\t\t\t\t\t\t\t\t\t<\/div>\n\t\t\t\t<\/div>\n\t\t\t\t<\/div>\n\t\t\t\t\t<\/div>\n\t\t\t\t<\/div>\n\t\t<div class=\"elementor-element elementor-element-fe2ee52 e-flex e-con-boxed e-con e-parent\" data-id=\"fe2ee52\" data-element_type=\"container\" data-e-type=\"container\" data-settings=\"{&quot;background_background&quot;:&quot;classic&quot;}\">\n\t\t\t\t\t<div class=\"e-con-inner\">\n\t\t<div class=\"elementor-element elementor-element-c62861f e-con-full e-flex e-con e-child\" data-id=\"c62861f\" data-element_type=\"container\" data-e-type=\"container\" data-settings=\"{&quot;background_background&quot;:&quot;classic&quot;}\">\n\t\t\t\t<div class=\"elementor-element elementor-element-38369b1 elementor-invisible elementor-widget elementor-widget-heading\" data-id=\"38369b1\" data-element_type=\"widget\" data-e-type=\"widget\" data-settings=\"{&quot;_animation&quot;:&quot;fadeInDown&quot;}\" data-widget_type=\"heading.default\">\n\t\t\t\t\t<h3 class=\"elementor-heading-title elementor-size-default\">Folgende Dienste sind f\u00fcr die Kunden der IGH-Mitglieder kostenfrei<\/h3>\t\t\t\t<\/div>\n\t\t\t\t<div class=\"elementor-element elementor-element-58a0139 elementor-widget elementor-widget-text-editor\" data-id=\"58a0139\" data-element_type=\"widget\" data-e-type=\"widget\" data-widget_type=\"text-editor.default\">\n\t\t\t\t\t\t\t\t\t<ul><li>alle Kataloge im Format DataExpert<sup>\u00ae<\/sup><\/li><li>die WebApplikation <a title=\"DataSelect.ch\" href=\"https:\/\/www.DataSelect.ch\" target=\"_blank\" rel=\"noopener\">DataSelect.ch<\/a><\/li><li>die WebApplikation <a title=\"IGH451.ch\" href=\"https:\/\/www.IGH451.ch\" target=\"_blank\" rel=\"noopener\">IGH451.ch<\/a> (Konverter von Prozess- und Katalog-Daten)<\/li><li>WebServices Methoden f\u00fcr die Prozessanbindung in eingesetzten BranchenApplikationen<br \/>&#8211; ikk (individuelle Kundenkonditionen)<br \/>&#8211; Anfragen<br \/>&#8211; Offerten<br \/>&#8211; Bestellungen<br \/>&#8211; Auftragsbest\u00e4tigungen<br \/>&#8211; Abrufe<br \/>&#8211; Lieferscheine<br \/>&#8211; Rechnungen<br \/>&#8211; Gutschriften<\/li><li>WebApplikation <a title=\"XML-Validator\" href=\"https:\/\/www.igh.ch\/xml-validator\/\" target=\"_blank\" rel=\"noopener\">XML-Validator<\/a>\u00a0(Validator von Prozess- und Katalog-Daten)<\/li><\/ul><p style=\"padding-left: 40px;\">&#8211; DataExpert<sup>\u00ae<\/sup>Katalog<br \/>&#8211; DataExpert<sup>\u00ae<\/sup>Prozess<br \/>&#8211; IGH451<\/p>\t\t\t\t\t\t\t\t<\/div>\n\t\t\t\t<\/div>\n\t\t\t\t\t<\/div>\n\t\t\t\t<\/div>\n\t\t\t\t<\/div>\n\t\t","protected":false},"excerpt":{"rendered":"<p>Kosten f\u00fcr IGH-Dienste F\u00fcr Kunden von IGH-Mitgliedern F\u00fcr Kunden der IGH-Mitglieder sind alle durch die IGH bereitgestellten Dienste kostenlos. Folgende Dienste sind f\u00fcr die Kunden der IGH-Mitglieder kostenfrei alle Kataloge im Format DataExpert\u00ae die WebApplikation DataSelect.ch die WebApplikation IGH451.ch (Konverter von Prozess- und Katalog-Daten) WebServices Methoden f\u00fcr die Prozessanbindung in eingesetzten BranchenApplikationen&#8211; ikk (individuelle Kundenkonditionen)&#8211; [&hellip;]<\/p>\n","protected":false},"author":1,"featured_media":0,"parent":2833,"menu_order":1,"comment_status":"closed","ping_status":"closed","template":"","meta":{"footnotes":""},"class_list":["post-3275","page","type-page","status-publish","hentry"],"_links":{"self":[{"href":"https:\/\/www.igh.ch\/de\/wp-json\/wp\/v2\/pages\/3275","targetHints":{"allow":["GET"]}}],"collection":[{"href":"https:\/\/www.igh.ch\/de\/wp-json\/wp\/v2\/pages"}],"about":[{"href":"https:\/\/www.igh.ch\/de\/wp-json\/wp\/v2\/types\/page"}],"author":[{"embeddable":true,"href":"https:\/\/www.igh.ch\/de\/wp-json\/wp\/v2\/users\/1"}],"replies":[{"embeddable":true,"href":"https:\/\/www.igh.ch\/de\/wp-json\/wp\/v2\/comments?post=3275"}],"version-history":[{"count":3,"href":"https:\/\/www.igh.ch\/de\/wp-json\/wp\/v2\/pages\/3275\/revisions"}],"predecessor-version":[{"id":23958,"href":"https:\/\/www.igh.ch\/de\/wp-json\/wp\/v2\/pages\/3275\/revisions\/23958"}],"up":[{"embeddable":true,"href":"https:\/\/www.igh.ch\/de\/wp-json\/wp\/v2\/pages\/2833"}],"wp:attachment":[{"href":"https:\/\/www.igh.ch\/de\/wp-json\/wp\/v2\/media?parent=3275"}],"curies":[{"name":"wp","href":"https:\/\/api.w.org\/{rel}","templated":true}]}}