{"id":26425,"date":"2025-10-31T19:05:20","date_gmt":"2025-10-31T18:05:11","guid":{"rendered":"https:\/\/www.igh.ch\/?page_id=26425"},"modified":"2025-11-26T11:26:40","modified_gmt":"2025-11-26T10:26:40","slug":"excel-katalog","status":"publish","type":"page","link":"https:\/\/www.igh.ch\/de\/produkte\/it-loesungen\/excel-katalog\/","title":{"rendered":"Excel-Katalog"},"content":{"rendered":"\t\t<div data-elementor-type=\"wp-page\" data-elementor-id=\"26425\" class=\"elementor elementor-26425\" data-elementor-post-type=\"page\">\n\t\t\t\t<div class=\"elementor-element elementor-element-ca8393e e-flex e-con-boxed e-con e-parent\" data-id=\"ca8393e\" data-element_type=\"container\" data-e-type=\"container\" data-settings=\"{&quot;background_background&quot;:&quot;classic&quot;}\">\n\t\t\t\t\t<div class=\"e-con-inner\">\n\t\t<div class=\"elementor-element elementor-element-21b239f e-con-full e-flex e-con e-child\" data-id=\"21b239f\" data-element_type=\"container\" data-e-type=\"container\" data-settings=\"{&quot;background_background&quot;:&quot;classic&quot;}\">\n\t\t\t\t<div class=\"elementor-element elementor-element-5efd128 elementor-invisible elementor-widget elementor-widget-heading\" data-id=\"5efd128\" data-element_type=\"widget\" data-e-type=\"widget\" data-settings=\"{&quot;_animation&quot;:&quot;fadeInDown&quot;}\" data-widget_type=\"heading.default\">\n\t\t\t\t\t<h1 class=\"elementor-heading-title elementor-size-default\">Vom IGH-Katalog (DataExpert<sup>\u00ae<\/sup>BIM) nach Excel<\/h1>\t\t\t\t<\/div>\n\t\t\t\t<div class=\"elementor-element elementor-element-3d42d0f elementor-widget elementor-widget-html\" data-id=\"3d42d0f\" data-element_type=\"widget\" data-e-type=\"widget\" data-widget_type=\"html.default\">\n\t\t\t\t\t<nav aria-label=\"breadcrumbs\" class=\"rank-math-breadcrumb\"><p><span class=\"last\">Home<\/span><\/p><\/nav>\t\t\t\t<\/div>\n\t\t\t\t<\/div>\n\t\t\t\t\t<\/div>\n\t\t\t\t<\/div>\n\t\t<div class=\"elementor-element elementor-element-da738f4 e-flex e-con-boxed e-con e-parent\" data-id=\"da738f4\" data-element_type=\"container\" data-e-type=\"container\" data-settings=\"{&quot;background_background&quot;:&quot;classic&quot;}\">\n\t\t\t\t\t<div class=\"e-con-inner\">\n\t\t<div class=\"elementor-element elementor-element-3effad73 e-con-full e-flex e-con e-child\" data-id=\"3effad73\" data-element_type=\"container\" data-e-type=\"container\" data-settings=\"{&quot;background_background&quot;:&quot;classic&quot;}\">\n\t\t<div class=\"elementor-element elementor-element-7a5ce705 e-flex e-con-boxed e-con e-child\" data-id=\"7a5ce705\" data-element_type=\"container\" data-e-type=\"container\" data-settings=\"{&quot;background_background&quot;:&quot;classic&quot;}\">\n\t\t\t\t\t<div class=\"e-con-inner\">\n\t\t\t\t<div class=\"elementor-element elementor-element-2b573650 elementor-invisible elementor-widget elementor-widget-heading\" data-id=\"2b573650\" data-element_type=\"widget\" data-e-type=\"widget\" data-settings=\"{&quot;_animation&quot;:&quot;fadeInDown&quot;}\" data-widget_type=\"heading.default\">\n\t\t\t\t\t<h2 class=\"elementor-heading-title elementor-size-default\">Daten aus dem XML-Katalog in Excel speichern <\/h2>\t\t\t\t<\/div>\n\t\t\t\t<div class=\"elementor-element elementor-element-4c7c22c3 elementor-invisible elementor-widget elementor-widget-text-editor\" data-id=\"4c7c22c3\" data-element_type=\"widget\" data-e-type=\"widget\" data-settings=\"{&quot;_animation&quot;:&quot;fadeInDown&quot;,&quot;_animation_delay&quot;:500}\" data-widget_type=\"text-editor.default\">\n\t\t\t\t\t\t\t\t\t<p>Der standardisierte DataExpert<sup>\u00ae<\/sup>BIM Katalog ist ein XML-File mit vorgeschriebener Struktur. Viele Branchen-Applikationen k\u00f6nnen den Katalog in diesem Format einlesen. Es gibt aber auch die M\u00f6glichkeit, mit den Katalog-Daten in Excel zu arbeiten. Diese Anleitung zeigt Ihnen, wie Sie die gew\u00fcnschten Daten in ein Excel-File importieren k\u00f6nnen.<\/p>\t\t\t\t\t\t\t\t<\/div>\n\t\t\t\t\t<\/div>\n\t\t\t\t<\/div>\n\t\t\t\t<\/div>\n\t\t<div class=\"elementor-element elementor-element-58a8a7a8 e-con-full e-flex e-con e-child\" data-id=\"58a8a7a8\" data-element_type=\"container\" data-e-type=\"container\" data-settings=\"{&quot;background_background&quot;:&quot;classic&quot;}\">\n\t\t<div class=\"elementor-element elementor-element-1561694d e-con-full e-flex e-con e-child\" data-id=\"1561694d\" data-element_type=\"container\" data-e-type=\"container\" data-settings=\"{&quot;background_background&quot;:&quot;classic&quot;}\">\n\t\t\t\t<div class=\"elementor-element elementor-element-5d0c273a elementor-widget elementor-widget-image\" data-id=\"5d0c273a\" data-element_type=\"widget\" data-e-type=\"widget\" data-widget_type=\"image.default\">\n\t\t\t\t\t\t\t\t\t\t\t\t\t\t\t<img fetchpriority=\"high\" decoding=\"async\" width=\"512\" height=\"512\" src=\"https:\/\/www.igh.ch\/wp-content\/uploads\/2022\/06\/katalog-konverter1.svg\" class=\"attachment-large size-large wp-image-828\" alt=\"\" \/>\t\t\t\t\t\t\t\t\t\t\t\t\t\t\t<\/div>\n\t\t\t\t<\/div>\n\t\t\t\t<\/div>\n\t\t\t\t\t<\/div>\n\t\t\t\t<\/div>\n\t\t<div class=\"elementor-element elementor-element-75319f7 e-flex e-con-boxed e-con e-parent\" data-id=\"75319f7\" data-element_type=\"container\" data-e-type=\"container\" data-settings=\"{&quot;background_background&quot;:&quot;classic&quot;}\">\n\t\t\t\t\t<div class=\"e-con-inner\">\n\t\t<div class=\"elementor-element elementor-element-803df9e e-con-full e-flex e-con e-child\" data-id=\"803df9e\" data-element_type=\"container\" data-e-type=\"container\">\n\t\t\t\t<div class=\"elementor-element elementor-element-7fca3e7 elementor-widget elementor-widget-image\" data-id=\"7fca3e7\" data-element_type=\"widget\" data-e-type=\"widget\" data-widget_type=\"image.default\">\n\t\t\t\t\t\t\t\t\t\t\t\t\t\t\t<img decoding=\"async\" width=\"1536\" height=\"1024\" src=\"https:\/\/www.igh.ch\/wp-content\/uploads\/vater-fuchs_webapplikationen_1535x1024.jpg\" class=\"attachment-full size-full wp-image-25752\" alt=\"\" srcset=\"https:\/\/www.igh.ch\/wp-content\/uploads\/vater-fuchs_webapplikationen_1535x1024.jpg 1536w, https:\/\/www.igh.ch\/wp-content\/uploads\/vater-fuchs_webapplikationen_1535x1024-300x200.jpg 300w, https:\/\/www.igh.ch\/wp-content\/uploads\/vater-fuchs_webapplikationen_1535x1024-1024x683.jpg 1024w, https:\/\/www.igh.ch\/wp-content\/uploads\/vater-fuchs_webapplikationen_1535x1024-768x512.jpg 768w\" sizes=\"(max-width: 1536px) 100vw, 1536px\" \/>\t\t\t\t\t\t\t\t\t\t\t\t\t\t\t<\/div>\n\t\t\t\t<\/div>\n\t\t<div class=\"elementor-element elementor-element-81ec31f e-con-full e-flex e-con e-child\" data-id=\"81ec31f\" data-element_type=\"container\" data-e-type=\"container\">\n\t\t\t\t<div class=\"elementor-element elementor-element-9aa7adf elementor-invisible elementor-widget elementor-widget-heading\" data-id=\"9aa7adf\" data-element_type=\"widget\" data-e-type=\"widget\" data-settings=\"{&quot;_animation&quot;:&quot;fadeInDown&quot;}\" data-widget_type=\"heading.default\">\n\t\t\t\t\t<h2 class=\"elementor-heading-title elementor-size-default\">XML einlesen mit Vorlage<\/h2>\t\t\t\t<\/div>\n\t\t\t\t<div class=\"elementor-element elementor-element-3cf4ddc elementor-invisible elementor-widget elementor-widget-text-editor\" data-id=\"3cf4ddc\" data-element_type=\"widget\" data-e-type=\"widget\" data-settings=\"{&quot;_animation&quot;:&quot;fadeInDown&quot;}\" data-widget_type=\"text-editor.default\">\n\t\t\t\t\t\t\t\t\t<p>Wenn Sie eine Vorlage verwenden, ist das XML-Schema bereits eingelesen und Sie erhalten einen Vorschlag, welche Felder aus dem Katalog eingef\u00fcgt werden k\u00f6nnen.<br \/>Sie haben aber trotzdem die M\u00f6glichkeit, selber zu bestimmen, welche Felder Sie in Ihr Excelfile einlesen wollen.<\/p><ul><li>Gew\u00fcnschte Excel Vorlage herunterladen<br \/><a title=\"Excel Vorlage ohne Ausf\u00fchrung\" href=\"https:\/\/docs.igh.ch\/dokumente\/DEBIM_ExcelVorlageXMLExcelOhneAusf%C3%BChrung_de.xlsx\" target=\"_blank\" rel=\"noopener\">ExcelVorlage<\/a>\u00a0f\u00fcr Kataloge <strong>ohne<\/strong> Artikel in verschiedenen Ausf\u00fchrungen\/Farben\/Varianten\/Materialien<br \/><a title=\"Excel Vorlage mit Ausf\u00fchrung\" href=\"https:\/\/docs.igh.ch\/dokumente\/DEBIM_ExcelVorlageXMLExcelMitAusf%C3%BChrung_de.xlsx\" target=\"_blank\" rel=\"noopener\">ExcelVorlage<\/a>\u00a0f\u00fcr Kataloge <strong>mit<\/strong> Artikeln in verschiedenen Ausf\u00fchrungen\/Farben\/Varianten\/Materialien<\/li><li>Die <a title=\"DataExpert\u00aeBIM Kataloge\" href=\"https:\/\/www.igh.ch\/de\/produkte\/kataloge\/publizierte-kataloge\/)\" target=\"_blank\" rel=\"noopener\">DataExpert<sup>\u00ae<\/sup>BIM Kataloge<\/a>\u00a0ihrer Lieferanten herunterladen und entzippen<\/li><li>Vorlage \u00f6ffnen<\/li><li>Um die Katalogdaten einzulesen, klicken Sie mit der rechten Maustaste in den farbigen Tabellenbereich, gehen \u00fcber die Men\u00fcpunkte &#8222;XML&#8220; \u2192 &#8222;Importieren&#8230;&#8220; zur Katalogauswahl und schliessen den Prozess mit &#8222;Importieren&#8220; ab.<\/li><\/ul><p><strong>Artikel in verschiedenen Ausf\u00fchrungen werden in den Katalogen der folgenden Lieferanten publiziert:<\/strong><\/p><ul><li>Bodenschatz AG<\/li><li>BR Bauhandel AG<\/li><li>Bringhen Group c\/o Crea Ceram AG<\/li><li>G\u00e9taz-Miauton SA<\/li><li>LAUFEN Schweiz AG<\/li><li>Regusci Reco SA<\/li><li>SABAG Gruppe<\/li><li>Sanitas Troesch AG<\/li><li>talsee AG<\/li><li>team-Katalog-Gruppe c\/o SGVSB<\/li><\/ul>\t\t\t\t\t\t\t\t<\/div>\n\t\t\t\t<\/div>\n\t\t\t\t\t<\/div>\n\t\t\t\t<\/div>\n\t\t<div class=\"elementor-element elementor-element-9224579 e-flex e-con-boxed e-con e-parent\" data-id=\"9224579\" data-element_type=\"container\" data-e-type=\"container\" data-settings=\"{&quot;background_background&quot;:&quot;classic&quot;}\">\n\t\t\t\t\t<div class=\"e-con-inner\">\n\t\t<div class=\"elementor-element elementor-element-c18a126 e-con-full e-flex e-con e-child\" data-id=\"c18a126\" data-element_type=\"container\" data-e-type=\"container\" data-settings=\"{&quot;background_background&quot;:&quot;classic&quot;}\">\n\t\t\t\t<div class=\"elementor-element elementor-element-2e7940f elementor-invisible elementor-widget elementor-widget-heading\" data-id=\"2e7940f\" data-element_type=\"widget\" data-e-type=\"widget\" data-settings=\"{&quot;_animation&quot;:&quot;fadeInDown&quot;}\" data-widget_type=\"heading.default\">\n\t\t\t\t\t<h2 class=\"elementor-heading-title elementor-size-default\">XML einlesen ohne Vorlage<\/h2>\t\t\t\t<\/div>\n\t\t\t\t<div class=\"elementor-element elementor-element-918d70f elementor-invisible elementor-widget elementor-widget-text-editor\" data-id=\"918d70f\" data-element_type=\"widget\" data-e-type=\"widget\" data-settings=\"{&quot;_animation&quot;:&quot;fadeInDown&quot;}\" data-widget_type=\"text-editor.default\">\n\t\t\t\t\t\t\t\t\t<p>Wenn Sie das Excel-File von Grund auf selbst definieren, wird das ben\u00f6tigte <a title=\"DataExpert\u00aeBIM-Schema\" href=\"https:\/\/docs.igh.ch\/schema\/DE-BIM-Schema.xsd\" target=\"_blank\" rel=\"noopener\">DataExpert<sup>\u00ae<\/sup>BIM-Schema<\/a> beim Import des DataExpert<sup>\u00ae<\/sup>BIM Katalogs eingelesen.<\/p><ul><li><a title=\"DataExpert\u00aeBIM Katalog\" href=\"https:\/\/www.igh.ch\/de\/produkte\/kataloge\/publizierte-kataloge\/\" target=\"_blank\" rel=\"noopener\">DataExpert<sup>\u00ae<\/sup>BIM Katalog<\/a> herunterladen und entzippen<\/li><li><span style=\"background-color: transparent;\">Neues Excel Sheet \u00f6ffnen<\/span><\/li><li>Excel \u2192 Datei \u2192 \u00d6ffnen \u2192 Entzippten Katalog ausw\u00e4hlen<\/li><li>Aufgabenbereich &#8222;XML-Quelle&#8220; verwenden ausw\u00e4hlen<\/li><li>Der Bereich &#8222;XML-Quelle&#8220; \u00f6ffnet sich<\/li><li>Sie k\u00f6nnen nun die gew\u00fcnschten Spalten mittels Drag &amp; Drop nach Ihrem Bedarf von der XML-Quelle ausw\u00e4hlen und in die Tabelle ziehen.<\/li><li>Um die gew\u00e4hlten Spalten mit den Daten des ausgew\u00e4hlten Katalogs zu bef\u00fcllen, klicken Sie mit der rechten Maustaste in den Tabellenbereich und w\u00e4hlen &#8222;XML&#8220; \u2192 &#8222;Importieren&#8230;&#8220; und w\u00e4hlen den gew\u00fcnschten XML-Katalog aus \u2192 Importieren<\/li><li>Die Spalten der Tabelle werden mit den entsprechenden Katalogdaten bef\u00fcllt<\/li><\/ul>\t\t\t\t\t\t\t\t<\/div>\n\t\t\t\t<\/div>\n\t\t<div class=\"elementor-element elementor-element-c1818ef e-con-full elementor-hidden-mobile e-flex e-con e-child\" data-id=\"c1818ef\" data-element_type=\"container\" data-e-type=\"container\" data-settings=\"{&quot;background_background&quot;:&quot;classic&quot;}\">\n\t\t\t\t<div class=\"elementor-element elementor-element-3d8fded elementor-widget elementor-widget-image\" data-id=\"3d8fded\" data-element_type=\"widget\" data-e-type=\"widget\" data-widget_type=\"image.default\">\n\t\t\t\t\t\t\t\t\t\t\t\t\t\t\t<img decoding=\"async\" width=\"338\" height=\"144\" src=\"https:\/\/www.igh.ch\/wp-content\/uploads\/XMLoeffnen.png\" class=\"attachment-full size-full wp-image-26441\" alt=\"\" srcset=\"https:\/\/www.igh.ch\/wp-content\/uploads\/XMLoeffnen.png 338w, https:\/\/www.igh.ch\/wp-content\/uploads\/XMLoeffnen-300x128.png 300w\" sizes=\"(max-width: 338px) 100vw, 338px\" \/>\t\t\t\t\t\t\t\t\t\t\t\t\t\t\t<\/div>\n\t\t\t\t<div class=\"elementor-element elementor-element-0a3831b elementor-widget elementor-widget-image\" data-id=\"0a3831b\" data-element_type=\"widget\" data-e-type=\"widget\" data-widget_type=\"image.default\">\n\t\t\t\t\t\t\t\t\t\t\t\t\t\t\t<img loading=\"lazy\" decoding=\"async\" width=\"242\" height=\"421\" src=\"https:\/\/www.igh.ch\/wp-content\/uploads\/XMLQuelle.png\" class=\"attachment-full size-full wp-image-26445\" alt=\"\" srcset=\"https:\/\/www.igh.ch\/wp-content\/uploads\/XMLQuelle.png 242w, https:\/\/www.igh.ch\/wp-content\/uploads\/XMLQuelle-172x300.png 172w\" sizes=\"(max-width: 242px) 100vw, 242px\" \/>\t\t\t\t\t\t\t\t\t\t\t\t\t\t\t<\/div>\n\t\t\t\t<\/div>\n\t\t\t\t\t<\/div>\n\t\t\t\t<\/div>\n\t\t<div class=\"elementor-element elementor-element-99b1d8e e-flex e-con-boxed e-con e-parent\" data-id=\"99b1d8e\" data-element_type=\"container\" data-e-type=\"container\" data-settings=\"{&quot;background_background&quot;:&quot;classic&quot;}\">\n\t\t\t\t\t<div class=\"e-con-inner\">\n\t\t<div class=\"elementor-element elementor-element-98400d5 e-con-full e-flex e-con e-child\" data-id=\"98400d5\" data-element_type=\"container\" data-e-type=\"container\">\n\t\t\t\t<div class=\"elementor-element elementor-element-6bcd93c elementor-widget elementor-widget-image\" data-id=\"6bcd93c\" data-element_type=\"widget\" data-e-type=\"widget\" data-widget_type=\"image.default\">\n\t\t\t\t\t\t\t\t\t\t\t\t\t\t\t<img loading=\"lazy\" decoding=\"async\" width=\"512\" height=\"297\" src=\"https:\/\/www.igh.ch\/wp-content\/uploads\/XMLImport.png\" class=\"attachment-full size-full wp-image-26464\" alt=\"\" srcset=\"https:\/\/www.igh.ch\/wp-content\/uploads\/XMLImport.png 512w, https:\/\/www.igh.ch\/wp-content\/uploads\/XMLImport-300x174.png 300w\" sizes=\"(max-width: 512px) 100vw, 512px\" \/>\t\t\t\t\t\t\t\t\t\t\t\t\t\t\t<\/div>\n\t\t\t\t<div class=\"elementor-element elementor-element-7deb453 elementor-widget elementor-widget-image\" data-id=\"7deb453\" data-element_type=\"widget\" data-e-type=\"widget\" data-widget_type=\"image.default\">\n\t\t\t\t\t\t\t\t\t\t\t\t\t\t\t<img loading=\"lazy\" decoding=\"async\" width=\"1218\" height=\"686\" src=\"https:\/\/www.igh.ch\/wp-content\/uploads\/MehreInformationen-1.png\" class=\"attachment-full size-full wp-image-26489\" alt=\"\" srcset=\"https:\/\/www.igh.ch\/wp-content\/uploads\/MehreInformationen-1.png 1218w, https:\/\/www.igh.ch\/wp-content\/uploads\/MehreInformationen-1-300x169.png 300w, https:\/\/www.igh.ch\/wp-content\/uploads\/MehreInformationen-1-1024x577.png 1024w, https:\/\/www.igh.ch\/wp-content\/uploads\/MehreInformationen-1-768x433.png 768w\" sizes=\"(max-width: 1218px) 100vw, 1218px\" \/>\t\t\t\t\t\t\t\t\t\t\t\t\t\t\t<\/div>\n\t\t\t\t<\/div>\n\t\t<div class=\"elementor-element elementor-element-12fc74d e-con-full e-flex e-con e-child\" data-id=\"12fc74d\" data-element_type=\"container\" data-e-type=\"container\">\n\t\t\t\t<div class=\"elementor-element elementor-element-fb52b70 elementor-invisible elementor-widget elementor-widget-heading\" data-id=\"fb52b70\" data-element_type=\"widget\" data-e-type=\"widget\" data-settings=\"{&quot;_animation&quot;:&quot;fadeInDown&quot;}\" data-widget_type=\"heading.default\">\n\t\t\t\t\t<h2 class=\"elementor-heading-title elementor-size-default\">Allgemeine Informationen <\/h2>\t\t\t\t<\/div>\n\t\t\t\t<div class=\"elementor-element elementor-element-c095685 elementor-invisible elementor-widget elementor-widget-text-editor\" data-id=\"c095685\" data-element_type=\"widget\" data-e-type=\"widget\" data-settings=\"{&quot;_animation&quot;:&quot;fadeInDown&quot;}\" data-widget_type=\"text-editor.default\">\n\t\t\t\t\t\t\t\t\t<ul><li>Informationen aus dem Katalog hinzuf\u00fcgen oder entfernen:<\/li><\/ul><p style=\"padding-left: 40px;\">Sie k\u00f6nnen die gew\u00fcnschten Spalten mittels Drag &amp; Drop nach Ihrem Bedarf von der XML-Quelle ausw\u00e4hlen oder nicht ben\u00f6tigte Spalten l\u00f6schen.<\/p><p style=\"padding-left: 40px;\">\u2192 Wichtig ist, dass die Zeile unter der Beschriftung ein durchgehender Farbbalken (ohne Spaltentrennung) ist und keine leeren Spalten enth\u00e4lt (siehe Bild unten).<\/p><ul><li>Sie k\u00f6nnen auch nach dem Import noch Spalten hinzuf\u00fcgen oder entfernen. Nach der Anpassung m\u00fcssen Sie mit der rechten Maustaste oder in Entwicklertools &#8222;XML-Daten aktualisieren&#8220; anklicken.<\/li><\/ul><ul><li>Bei Artikeln, die mehr als eine Information (z.B. Links, Verpackungseinheiten, ETIM-Eigenschaften etc.) zum jeweiligen Artikel haben, erscheint der entsprechende Artikel mehrzeilig.<\/li><li>Falls Spalten leer bleiben, bedeutet das, dass die entsprechenden Daten im ausgew\u00e4hlten Katalog nicht verf\u00fcgbar sind.<\/li><\/ul>\t\t\t\t\t\t\t\t<\/div>\n\t\t\t\t<\/div>\n\t\t\t\t\t<\/div>\n\t\t\t\t<\/div>\n\t\t<div class=\"elementor-element elementor-element-02f4195 e-flex e-con-boxed e-con e-parent\" data-id=\"02f4195\" data-element_type=\"container\" data-e-type=\"container\">\n\t\t\t\t\t<div class=\"e-con-inner\">\n\t\t\t\t<div class=\"elementor-element elementor-element-a526644 elementor-widget__width-inherit elementor-widget elementor-widget-image\" data-id=\"a526644\" data-element_type=\"widget\" data-e-type=\"widget\" data-widget_type=\"image.default\">\n\t\t\t\t\t\t\t\t\t\t\t\t\t\t\t<img loading=\"lazy\" decoding=\"async\" width=\"1435\" height=\"174\" src=\"https:\/\/www.igh.ch\/wp-content\/uploads\/ExcelVorlageMitAusfuehrungen-1.png\" class=\"attachment-full size-full wp-image-26738\" alt=\"\" srcset=\"https:\/\/www.igh.ch\/wp-content\/uploads\/ExcelVorlageMitAusfuehrungen-1.png 1435w, https:\/\/www.igh.ch\/wp-content\/uploads\/ExcelVorlageMitAusfuehrungen-1-300x36.png 300w, https:\/\/www.igh.ch\/wp-content\/uploads\/ExcelVorlageMitAusfuehrungen-1-1024x124.png 1024w, https:\/\/www.igh.ch\/wp-content\/uploads\/ExcelVorlageMitAusfuehrungen-1-768x93.png 768w\" sizes=\"(max-width: 1435px) 100vw, 1435px\" \/>\t\t\t\t\t\t\t\t\t\t\t\t\t\t\t<\/div>\n\t\t\t\t\t<\/div>\n\t\t\t\t<\/div>\n\t\t<div class=\"elementor-element elementor-element-c3ba04a e-flex e-con-boxed e-con e-parent\" data-id=\"c3ba04a\" data-element_type=\"container\" data-e-type=\"container\" data-settings=\"{&quot;background_background&quot;:&quot;classic&quot;}\">\n\t\t\t\t\t<div class=\"e-con-inner\">\n\t\t<div class=\"elementor-element elementor-element-6dc2dc4 e-con-full elementor-hidden-mobile e-flex e-con e-child\" data-id=\"6dc2dc4\" data-element_type=\"container\" data-e-type=\"container\" data-settings=\"{&quot;background_background&quot;:&quot;classic&quot;}\">\n\t\t\t\t<div class=\"elementor-element elementor-element-eed469d elementor-widget elementor-widget-image\" data-id=\"eed469d\" data-element_type=\"widget\" data-e-type=\"widget\" data-widget_type=\"image.default\">\n\t\t\t\t\t\t\t\t\t\t\t\t\t\t\t<img loading=\"lazy\" decoding=\"async\" width=\"321\" height=\"125\" src=\"https:\/\/www.igh.ch\/wp-content\/uploads\/Entwicklertools.png\" class=\"attachment-full size-full wp-image-26449\" alt=\"\" srcset=\"https:\/\/www.igh.ch\/wp-content\/uploads\/Entwicklertools.png 321w, https:\/\/www.igh.ch\/wp-content\/uploads\/Entwicklertools-300x117.png 300w\" sizes=\"(max-width: 321px) 100vw, 321px\" \/>\t\t\t\t\t\t\t\t\t\t\t\t\t\t\t<\/div>\n\t\t\t\t<\/div>\n\t\t<div class=\"elementor-element elementor-element-a281ddf e-con-full e-flex e-con e-child\" data-id=\"a281ddf\" data-element_type=\"container\" data-e-type=\"container\" data-settings=\"{&quot;background_background&quot;:&quot;classic&quot;}\">\n\t\t\t\t<div class=\"elementor-element elementor-element-26c4b28 elementor-invisible elementor-widget elementor-widget-heading\" data-id=\"26c4b28\" data-element_type=\"widget\" data-e-type=\"widget\" data-settings=\"{&quot;_animation&quot;:&quot;fadeInDown&quot;}\" data-widget_type=\"heading.default\">\n\t\t\t\t\t<h2 class=\"elementor-heading-title elementor-size-default\">Wussten Sie schon, dass<\/h2>\t\t\t\t<\/div>\n\t\t\t\t<div class=\"elementor-element elementor-element-6c3797d elementor-invisible elementor-widget elementor-widget-text-editor\" data-id=\"6c3797d\" data-element_type=\"widget\" data-e-type=\"widget\" data-settings=\"{&quot;_animation&quot;:&quot;fadeInDown&quot;}\" data-widget_type=\"text-editor.default\">\n\t\t\t\t\t\t\t\t\t<ul><li style=\"font-size: 16 px;\">Sie die XML-Quelle, den Katalog-Import und Daten aktualisieren auch \u00fcber die Entwicklertools anw\u00e4hlen k\u00f6nnen? Die Entwicklertools m\u00fcssen daf\u00fcr m\u00f6glicherweise erst aktiviert werden:<\/li><\/ul><p style=\"padding-left: 40px;\">Excel \u2192 Optionen \u2192 Men\u00fcband anpassen \u2192 Hauptregisterkarten \u2192 Entwicklertools ausw\u00e4hlen \u2192 OK<\/p><ul><li>Sie gleichzeitig mehrere Kataloge importieren k\u00f6nnen? Dazu m\u00fcssen Sie bei der Katalogauswahl einfach alle zu importierenden Kataloge ausw\u00e4hlen und dann mit &#8222;Importieren&#8220; den Prozess abschliessen.<\/li><\/ul>\t\t\t\t\t\t\t\t<\/div>\n\t\t\t\t<\/div>\n\t\t\t\t\t<\/div>\n\t\t\t\t<\/div>\n\t\t\t\t<\/div>\n\t\t","protected":false},"excerpt":{"rendered":"<p>Vom IGH-Katalog (DataExpert\u00aeBIM) nach Excel Daten aus dem XML-Katalog in Excel speichern Der standardisierte DataExpert\u00aeBIM Katalog ist ein XML-File mit vorgeschriebener Struktur. Viele Branchen-Applikationen k\u00f6nnen den Katalog in diesem Format einlesen. Es gibt aber auch die M\u00f6glichkeit, mit den Katalog-Daten in Excel zu arbeiten. Diese Anleitung zeigt Ihnen, wie Sie die gew\u00fcnschten Daten in ein [&hellip;]<\/p>\n","protected":false},"author":2,"featured_media":0,"parent":4494,"menu_order":9,"comment_status":"closed","ping_status":"closed","template":"","meta":{"footnotes":""},"class_list":["post-26425","page","type-page","status-publish","hentry"],"_links":{"self":[{"href":"https:\/\/www.igh.ch\/de\/wp-json\/wp\/v2\/pages\/26425","targetHints":{"allow":["GET"]}}],"collection":[{"href":"https:\/\/www.igh.ch\/de\/wp-json\/wp\/v2\/pages"}],"about":[{"href":"https:\/\/www.igh.ch\/de\/wp-json\/wp\/v2\/types\/page"}],"author":[{"embeddable":true,"href":"https:\/\/www.igh.ch\/de\/wp-json\/wp\/v2\/users\/2"}],"replies":[{"embeddable":true,"href":"https:\/\/www.igh.ch\/de\/wp-json\/wp\/v2\/comments?post=26425"}],"version-history":[{"count":3,"href":"https:\/\/www.igh.ch\/de\/wp-json\/wp\/v2\/pages\/26425\/revisions"}],"predecessor-version":[{"id":27012,"href":"https:\/\/www.igh.ch\/de\/wp-json\/wp\/v2\/pages\/26425\/revisions\/27012"}],"up":[{"embeddable":true,"href":"https:\/\/www.igh.ch\/de\/wp-json\/wp\/v2\/pages\/4494"}],"wp:attachment":[{"href":"https:\/\/www.igh.ch\/de\/wp-json\/wp\/v2\/media?parent=26425"}],"curies":[{"name":"wp","href":"https:\/\/api.w.org\/{rel}","templated":true}]}}