{"id":24680,"date":"2025-05-07T16:24:40","date_gmt":"2025-05-07T14:24:40","guid":{"rendered":"https:\/\/www.igh.ch\/?page_id=24680"},"modified":"2025-10-03T22:41:30","modified_gmt":"2025-10-03T20:41:30","slug":"xml-validator","status":"publish","type":"page","link":"https:\/\/www.igh.ch\/de\/produkte\/it-loesungen\/xml-validator\/","title":{"rendered":"XML-Validator"},"content":{"rendered":"\t\t<div data-elementor-type=\"wp-page\" data-elementor-id=\"24680\" class=\"elementor elementor-24680\" data-elementor-post-type=\"page\">\n\t\t\t\t<div class=\"elementor-element elementor-element-856ee0c e-flex e-con-boxed e-con e-parent\" data-id=\"856ee0c\" data-element_type=\"container\" data-e-type=\"container\" data-settings=\"{&quot;background_background&quot;:&quot;classic&quot;}\">\n\t\t\t\t\t<div class=\"e-con-inner\">\n\t\t<div class=\"elementor-element elementor-element-74739ea e-con-full e-flex e-con e-child\" data-id=\"74739ea\" data-element_type=\"container\" data-e-type=\"container\" data-settings=\"{&quot;background_background&quot;:&quot;classic&quot;}\">\n\t\t\t\t<div class=\"elementor-element elementor-element-954334f elementor-invisible elementor-widget elementor-widget-heading\" data-id=\"954334f\" data-element_type=\"widget\" data-e-type=\"widget\" data-settings=\"{&quot;_animation&quot;:&quot;fadeInDown&quot;}\" data-widget_type=\"heading.default\">\n\t\t\t\t\t<h1 class=\"elementor-heading-title elementor-size-default\">XML-Validator<\/h1>\t\t\t\t<\/div>\n\t\t\t\t<div class=\"elementor-element elementor-element-71d03b0 elementor-widget elementor-widget-html\" data-id=\"71d03b0\" data-element_type=\"widget\" data-e-type=\"widget\" data-widget_type=\"html.default\">\n\t\t\t\t\t<nav aria-label=\"breadcrumbs\" class=\"rank-math-breadcrumb\"><p><span class=\"last\">Home<\/span><\/p><\/nav>\t\t\t\t<\/div>\n\t\t\t\t<\/div>\n\t\t\t\t\t<\/div>\n\t\t\t\t<\/div>\n\t\t<div class=\"elementor-element elementor-element-da738f4 e-flex e-con-boxed e-con e-parent\" data-id=\"da738f4\" data-element_type=\"container\" data-e-type=\"container\" data-settings=\"{&quot;background_background&quot;:&quot;classic&quot;}\">\n\t\t\t\t\t<div class=\"e-con-inner\">\n\t\t<div class=\"elementor-element elementor-element-3effad73 e-con-full e-flex e-con e-child\" data-id=\"3effad73\" data-element_type=\"container\" data-e-type=\"container\" data-settings=\"{&quot;background_background&quot;:&quot;classic&quot;}\">\n\t\t<div class=\"elementor-element elementor-element-7a5ce705 e-flex e-con-boxed e-con e-child\" data-id=\"7a5ce705\" data-element_type=\"container\" data-e-type=\"container\" data-settings=\"{&quot;background_background&quot;:&quot;classic&quot;}\">\n\t\t\t\t\t<div class=\"e-con-inner\">\n\t\t\t\t<div class=\"elementor-element elementor-element-2b573650 elementor-invisible elementor-widget elementor-widget-heading\" data-id=\"2b573650\" data-element_type=\"widget\" data-e-type=\"widget\" data-settings=\"{&quot;_animation&quot;:&quot;fadeInDown&quot;}\" data-widget_type=\"heading.default\">\n\t\t\t\t\t<h2 class=\"elementor-heading-title elementor-size-default\">Kontrolle Dateiformat<\/h2>\t\t\t\t<\/div>\n\t\t\t\t<div class=\"elementor-element elementor-element-4c7c22c3 elementor-invisible elementor-widget elementor-widget-text-editor\" data-id=\"4c7c22c3\" data-element_type=\"widget\" data-e-type=\"widget\" data-settings=\"{&quot;_animation&quot;:&quot;fadeInDown&quot;,&quot;_animation_delay&quot;:500}\" data-widget_type=\"text-editor.default\">\n\t\t\t\t\t\t\t\t\t<p>Mit dem XML-Validator ist sichergestellt, dass Sie Ihre Datei gegen\u00fcber dem aktuellsten XSD-Schema validieren.<\/p><p>Alle Schemas der IGH stehen auf dieser Homepage f\u00fcr Sie zur lokalen Verwendung ebenfalls zur Verf\u00fcgung\u00a0<a style=\"background-color: #007daa;\" href=\"https:\/\/www.igh.ch\/de\/produkte\/dokumente\/dokumentation\/\" target=\"_blank\" rel=\"noopener\">IGH &#8211; Dokumentation<\/a>.<\/p><p>Mit den verschiedenen Anzeigeoptionen des Validierungsresultates erhalten Sie einen guten \u00dcberblick \u00fcber den Gesamtzustand der gepr\u00fcften XML-Files.<\/p>\t\t\t\t\t\t\t\t<\/div>\n\t\t\t\t\t<\/div>\n\t\t\t\t<\/div>\n\t\t\t\t<\/div>\n\t\t<div class=\"elementor-element elementor-element-58a8a7a8 e-con-full e-flex e-con e-child\" data-id=\"58a8a7a8\" data-element_type=\"container\" data-e-type=\"container\" data-settings=\"{&quot;background_background&quot;:&quot;classic&quot;}\">\n\t\t<div class=\"elementor-element elementor-element-1561694d e-con-full e-flex e-con e-child\" data-id=\"1561694d\" data-element_type=\"container\" data-e-type=\"container\" data-settings=\"{&quot;background_background&quot;:&quot;classic&quot;}\">\n\t\t\t\t<div class=\"elementor-element elementor-element-5d0c273a elementor-widget elementor-widget-image\" data-id=\"5d0c273a\" data-element_type=\"widget\" data-e-type=\"widget\" data-widget_type=\"image.default\">\n\t\t\t\t\t\t\t\t\t\t\t\t\t\t\t<img fetchpriority=\"high\" decoding=\"async\" width=\"512\" height=\"512\" src=\"https:\/\/www.igh.ch\/wp-content\/uploads\/2022\/06\/browser1-1.svg\" class=\"attachment-large size-large wp-image-867\" alt=\"\" \/>\t\t\t\t\t\t\t\t\t\t\t\t\t\t\t<\/div>\n\t\t\t\t<\/div>\n\t\t\t\t<\/div>\n\t\t\t\t\t<\/div>\n\t\t\t\t<\/div>\n\t\t<div class=\"elementor-element elementor-element-53f0229a e-flex e-con-boxed e-con e-parent\" data-id=\"53f0229a\" data-element_type=\"container\" data-e-type=\"container\" data-settings=\"{&quot;background_background&quot;:&quot;classic&quot;}\">\n\t\t\t\t\t<div class=\"e-con-inner\">\n\t\t<div class=\"elementor-element elementor-element-626d7bac e-con-full e-flex e-con e-child\" data-id=\"626d7bac\" data-element_type=\"container\" data-e-type=\"container\">\n\t\t\t\t<div class=\"elementor-element elementor-element-9ee588c elementor-widget elementor-widget-image\" data-id=\"9ee588c\" data-element_type=\"widget\" data-e-type=\"widget\" data-widget_type=\"image.default\">\n\t\t\t\t\t\t\t\t\t\t\t\t\t\t\t<img decoding=\"async\" width=\"567\" height=\"414\" src=\"https:\/\/www.igh.ch\/wp-content\/uploads\/BeispielXML.png\" class=\"attachment-large size-large wp-image-24706\" alt=\"\" srcset=\"https:\/\/www.igh.ch\/wp-content\/uploads\/BeispielXML.png 567w, https:\/\/www.igh.ch\/wp-content\/uploads\/BeispielXML-300x219.png 300w\" sizes=\"(max-width: 567px) 100vw, 567px\" \/>\t\t\t\t\t\t\t\t\t\t\t\t\t\t\t<\/div>\n\t\t\t\t<\/div>\n\t\t<div class=\"elementor-element elementor-element-3277a29a e-con-full e-flex e-con e-child\" data-id=\"3277a29a\" data-element_type=\"container\" data-e-type=\"container\">\n\t\t\t\t<div class=\"elementor-element elementor-element-6341d5bf elementor-invisible elementor-widget elementor-widget-heading\" data-id=\"6341d5bf\" data-element_type=\"widget\" data-e-type=\"widget\" data-settings=\"{&quot;_animation&quot;:&quot;fadeInDown&quot;}\" data-widget_type=\"heading.default\">\n\t\t\t\t\t<h2 class=\"elementor-heading-title elementor-size-default\">Validierung der IGH XML-Dateien<\/h2>\t\t\t\t<\/div>\n\t\t\t\t<div class=\"elementor-element elementor-element-701a6520 elementor-invisible elementor-widget elementor-widget-text-editor\" data-id=\"701a6520\" data-element_type=\"widget\" data-e-type=\"widget\" data-settings=\"{&quot;_animation&quot;:&quot;fadeInDown&quot;}\" data-widget_type=\"text-editor.default\">\n\t\t\t\t\t\t\t\t\t<p>Der <a title=\"XML-Validator\" href=\"https:\/\/www.igh.ch\/xml-validator\/\" target=\"_blank\" rel=\"noopener\">XML-Validator<\/a> erm\u00f6glicht, XML-Files vom IGH-Standard (DataExpert<sup>\u00ae<\/sup>Katalog, DataExpert<sup>\u00ae<\/sup>Prozess und IGH451) auf Richtigkeit zu pr\u00fcfen.<br \/>Die Kontrolle enth\u00e4lt jedoch keine logischen Fehler, die mit dem Schema nicht abgefangen werden k\u00f6nnen. So wird z.B. nicht gepr\u00fcft, ob ein Artikel (identifiziert nach Artikelnummer) im Katalog mehrfach vorkommt.<br \/>Erlaubte Dateitypen sind XML und ZIP.<\/p>\t\t\t\t\t\t\t\t<\/div>\n\t\t\t\t<\/div>\n\t\t\t\t\t<\/div>\n\t\t\t\t<\/div>\n\t\t\t\t<\/div>\n\t\t","protected":false},"excerpt":{"rendered":"<p>XML-Validator Kontrolle Dateiformat Mit dem XML-Validator ist sichergestellt, dass Sie Ihre Datei gegen\u00fcber dem aktuellsten XSD-Schema validieren. Alle Schemas der IGH stehen auf dieser Homepage f\u00fcr Sie zur lokalen Verwendung ebenfalls zur Verf\u00fcgung\u00a0IGH &#8211; Dokumentation. Mit den verschiedenen Anzeigeoptionen des Validierungsresultates erhalten Sie einen guten \u00dcberblick \u00fcber den Gesamtzustand der gepr\u00fcften XML-Files. Validierung der IGH [&hellip;]<\/p>\n","protected":false},"author":2,"featured_media":0,"parent":4494,"menu_order":4,"comment_status":"closed","ping_status":"closed","template":"","meta":{"footnotes":""},"class_list":["post-24680","page","type-page","status-publish","hentry"],"_links":{"self":[{"href":"https:\/\/www.igh.ch\/de\/wp-json\/wp\/v2\/pages\/24680","targetHints":{"allow":["GET"]}}],"collection":[{"href":"https:\/\/www.igh.ch\/de\/wp-json\/wp\/v2\/pages"}],"about":[{"href":"https:\/\/www.igh.ch\/de\/wp-json\/wp\/v2\/types\/page"}],"author":[{"embeddable":true,"href":"https:\/\/www.igh.ch\/de\/wp-json\/wp\/v2\/users\/2"}],"replies":[{"embeddable":true,"href":"https:\/\/www.igh.ch\/de\/wp-json\/wp\/v2\/comments?post=24680"}],"version-history":[{"count":3,"href":"https:\/\/www.igh.ch\/de\/wp-json\/wp\/v2\/pages\/24680\/revisions"}],"predecessor-version":[{"id":26140,"href":"https:\/\/www.igh.ch\/de\/wp-json\/wp\/v2\/pages\/24680\/revisions\/26140"}],"up":[{"embeddable":true,"href":"https:\/\/www.igh.ch\/de\/wp-json\/wp\/v2\/pages\/4494"}],"wp:attachment":[{"href":"https:\/\/www.igh.ch\/de\/wp-json\/wp\/v2\/media?parent=24680"}],"curies":[{"name":"wp","href":"https:\/\/api.w.org\/{rel}","templated":true}]}}