{"id":1841,"date":"2022-07-19T09:03:24","date_gmt":"2022-07-19T07:03:24","guid":{"rendered":"https:\/\/igh01.worksite.ch\/?page_id=1841"},"modified":"2025-09-02T09:45:20","modified_gmt":"2025-09-02T07:45:20","slug":"ziele","status":"publish","type":"page","link":"https:\/\/www.igh.ch\/de\/die-igh\/ziele\/","title":{"rendered":"Ziele"},"content":{"rendered":"\t\t<div data-elementor-type=\"wp-page\" data-elementor-id=\"1841\" class=\"elementor elementor-1841\" data-elementor-post-type=\"page\">\n\t\t\t\t<div class=\"elementor-element elementor-element-1921f9cf e-flex e-con-boxed e-con e-parent\" data-id=\"1921f9cf\" data-element_type=\"container\" data-e-type=\"container\" data-settings=\"{&quot;background_background&quot;:&quot;classic&quot;}\">\n\t\t\t\t\t<div class=\"e-con-inner\">\n\t\t<div class=\"elementor-element elementor-element-746199e1 e-con-full e-flex e-con e-child\" data-id=\"746199e1\" data-element_type=\"container\" data-e-type=\"container\" data-settings=\"{&quot;background_background&quot;:&quot;classic&quot;}\">\n\t\t\t\t<div class=\"elementor-element elementor-element-433d520e elementor-invisible elementor-widget elementor-widget-heading\" data-id=\"433d520e\" data-element_type=\"widget\" data-e-type=\"widget\" data-settings=\"{&quot;_animation&quot;:&quot;fadeInDown&quot;}\" data-widget_type=\"heading.default\">\n\t\t\t\t\t<h1 class=\"elementor-heading-title elementor-size-default\">Die Ziele der IGH<\/h1>\t\t\t\t<\/div>\n\t\t\t\t<div class=\"elementor-element elementor-element-46a5c92c elementor-widget elementor-widget-html\" data-id=\"46a5c92c\" data-element_type=\"widget\" data-e-type=\"widget\" data-widget_type=\"html.default\">\n\t\t\t\t\t<nav aria-label=\"breadcrumbs\" class=\"rank-math-breadcrumb\"><p><span class=\"last\">Home<\/span><\/p><\/nav>\t\t\t\t<\/div>\n\t\t\t\t<\/div>\n\t\t\t\t\t<\/div>\n\t\t\t\t<\/div>\n\t\t<div class=\"elementor-element elementor-element-da738f4 e-flex e-con-boxed e-con e-parent\" data-id=\"da738f4\" data-element_type=\"container\" data-e-type=\"container\" data-settings=\"{&quot;background_background&quot;:&quot;classic&quot;}\">\n\t\t\t\t\t<div class=\"e-con-inner\">\n\t\t<div class=\"elementor-element elementor-element-3effad73 e-con-full e-flex e-con e-child\" data-id=\"3effad73\" data-element_type=\"container\" data-e-type=\"container\" data-settings=\"{&quot;background_background&quot;:&quot;classic&quot;}\">\n\t\t<div class=\"elementor-element elementor-element-7a5ce705 e-flex e-con-boxed e-con e-child\" data-id=\"7a5ce705\" data-element_type=\"container\" data-e-type=\"container\" data-settings=\"{&quot;background_background&quot;:&quot;classic&quot;}\">\n\t\t\t\t\t<div class=\"e-con-inner\">\n\t\t\t\t<div class=\"elementor-element elementor-element-2b573650 elementor-invisible elementor-widget elementor-widget-heading\" data-id=\"2b573650\" data-element_type=\"widget\" data-e-type=\"widget\" data-settings=\"{&quot;_animation&quot;:&quot;fadeInDown&quot;}\" data-widget_type=\"heading.default\">\n\t\t\t\t\t<h2 class=\"elementor-heading-title elementor-size-default\">Der Auftrag<\/h2>\t\t\t\t<\/div>\n\t\t\t\t<div class=\"elementor-element elementor-element-4c7c22c3 elementor-invisible elementor-widget elementor-widget-text-editor\" data-id=\"4c7c22c3\" data-element_type=\"widget\" data-e-type=\"widget\" data-settings=\"{&quot;_animation&quot;:&quot;fadeInDown&quot;,&quot;_animation_delay&quot;:500}\" data-widget_type=\"text-editor.default\">\n\t\t\t\t\t\t\t\t\t<p>Die IGH (Interessengemeinschaft Datenverbund) definiert und adaptiert Standards f\u00fcr den Datenaustausch zwischen seinen Mitglieder, deren Kunden und Lieferanten. Die Koordination von Technik und Know-how der Beteiligten bilden die Basis der Normierung. Dies sowohl auf der Basis von Produktkatalogen als auch von definierten Datenformaten f\u00fcr die Verarbeitungsprozesse von der Anfrage \u00fcber die Offerte und Bestellung bis hin zur Rechnung und Gutschrift.<\/p>\t\t\t\t\t\t\t\t<\/div>\n\t\t\t\t\t<\/div>\n\t\t\t\t<\/div>\n\t\t\t\t<\/div>\n\t\t<div class=\"elementor-element elementor-element-58a8a7a8 e-con-full e-flex e-con e-child\" data-id=\"58a8a7a8\" data-element_type=\"container\" data-e-type=\"container\" data-settings=\"{&quot;background_background&quot;:&quot;video&quot;,&quot;background_video_link&quot;:&quot;https:\\\/\\\/www.igh.ch\\\/wp-content\\\/uploads\\\/2022\\\/07\\\/1280x720_ziele-architekten.mp4&quot;,&quot;background_play_on_mobile&quot;:&quot;yes&quot;}\">\n\t\t<div class=\"elementor-background-video-container\">\n\t\t\t\t\t\t\t<video class=\"elementor-background-video-hosted\" role=\"presentation\" autoplay muted playsinline loop><\/video>\n\t\t\t\t\t<\/div><div class=\"elementor-element elementor-element-1561694d e-con-full e-flex e-con e-child\" data-id=\"1561694d\" data-element_type=\"container\" data-e-type=\"container\" data-settings=\"{&quot;background_background&quot;:&quot;classic&quot;}\">\n\t\t\t\t<div class=\"elementor-element elementor-element-5d0c273a elementor-widget elementor-widget-image\" data-id=\"5d0c273a\" data-element_type=\"widget\" data-e-type=\"widget\" data-widget_type=\"image.default\">\n\t\t\t\t\t\t\t\t\t\t\t\t\t\t\t<img fetchpriority=\"high\" decoding=\"async\" width=\"512\" height=\"512\" src=\"https:\/\/www.igh.ch\/wp-content\/uploads\/2022\/06\/bullseye-pointer1-1.svg\" class=\"attachment-large size-large wp-image-652\" alt=\"\" \/>\t\t\t\t\t\t\t\t\t\t\t\t\t\t\t<\/div>\n\t\t\t\t<\/div>\n\t\t\t\t<\/div>\n\t\t\t\t\t<\/div>\n\t\t\t\t<\/div>\n\t\t<div class=\"elementor-element elementor-element-9a50d57 e-flex e-con-boxed e-con e-parent\" data-id=\"9a50d57\" data-element_type=\"container\" data-e-type=\"container\" data-settings=\"{&quot;background_background&quot;:&quot;classic&quot;}\">\n\t\t\t\t\t<div class=\"e-con-inner\">\n\t\t<div class=\"elementor-element elementor-element-de76f8d e-con-full e-flex e-con e-child\" data-id=\"de76f8d\" data-element_type=\"container\" data-e-type=\"container\" data-settings=\"{&quot;background_background&quot;:&quot;classic&quot;}\">\n\t\t\t\t<div class=\"elementor-element elementor-element-ad82ffd elementor-invisible elementor-widget elementor-widget-heading\" data-id=\"ad82ffd\" data-element_type=\"widget\" data-e-type=\"widget\" data-settings=\"{&quot;_animation&quot;:&quot;fadeInDown&quot;}\" data-widget_type=\"heading.default\">\n\t\t\t\t\t<h2 class=\"elementor-heading-title elementor-size-default\">Architekt \/ Planer \/ Installateur<\/h2>\t\t\t\t<\/div>\n\t\t\t\t<div class=\"elementor-element elementor-element-1c1d16d elementor-invisible elementor-widget elementor-widget-text-editor\" data-id=\"1c1d16d\" data-element_type=\"widget\" data-e-type=\"widget\" data-settings=\"{&quot;_animation&quot;:&quot;fadeInDown&quot;}\" data-widget_type=\"text-editor.default\">\n\t\t\t\t\t\t\t\t\t<p>Die Kunden der IGH-Mitglieder erhalten einheitliche Grunddaten und Arbeitsmittel, die eine automatisierte Verarbeitung erm\u00f6glichen. Die Arbeitsmittel der IGH werden direkt in die Verarbeitungsprogramme der Kunden implementiert, sodass die gewohnte Programmumgebung beibehalten wird.<\/p><p>Die IGH koordiniert und unterst\u00fctzt die akkreditierten SW-Anbieter der Branche bei der Einbindung der IGH-Standards.<\/p><p>So ist es den Anwender m\u00f6glich, in jeder Verarbeitungsphase auf bereits vorhandene Informationen aus Vorprozessen zur\u00fcckzugreifen. So werden Anfragen, Bestellungen, aber auch Offerten und Bestellbest\u00e4tigungen elektronisch zwischen den Gesch\u00e4ftspartnern ausgetauscht und in die Verarbeitungsapplikation \u00fcbernommen. M\u00fchsames, zeitaufw\u00e4ndiges und fehlerhaftes Abschreiben entf\u00e4llt.<\/p>\t\t\t\t\t\t\t\t<\/div>\n\t\t\t\t<\/div>\n\t\t<div class=\"elementor-element elementor-element-995a7a5 e-con-full e-flex e-con e-child\" data-id=\"995a7a5\" data-element_type=\"container\" data-e-type=\"container\" data-settings=\"{&quot;background_background&quot;:&quot;classic&quot;}\">\n\t\t\t\t<div class=\"elementor-element elementor-element-9af6803 elementor-widget elementor-widget-image\" data-id=\"9af6803\" data-element_type=\"widget\" data-e-type=\"widget\" data-widget_type=\"image.default\">\n\t\t\t\t\t\t\t\t\t\t\t\t\t\t\t<img decoding=\"async\" src=\"https:\/\/www.igh.ch\/wp-content\/uploads\/vater-fuchs_mit-brille_laptop_dokumente_leuchtender-behaelter_788x831.jpg\" title=\"vater-fuchs_mit-brille_laptop_dokumente_leuchtender-behaelter_788x831\" alt=\"vater-fuchs_mit-brille_laptop_dokumente_leuchtender-behaelter_788x831\" loading=\"lazy\" \/>\t\t\t\t\t\t\t\t\t\t\t\t\t\t\t<\/div>\n\t\t\t\t<\/div>\n\t\t\t\t\t<\/div>\n\t\t\t\t<\/div>\n\t\t<div class=\"elementor-element elementor-element-75319f7 e-flex e-con-boxed e-con e-parent\" data-id=\"75319f7\" data-element_type=\"container\" data-e-type=\"container\" data-settings=\"{&quot;background_background&quot;:&quot;classic&quot;}\">\n\t\t\t\t\t<div class=\"e-con-inner\">\n\t\t<div class=\"elementor-element elementor-element-803df9e e-con-full e-flex e-con e-child\" data-id=\"803df9e\" data-element_type=\"container\" data-e-type=\"container\">\n\t\t\t\t<div class=\"elementor-element elementor-element-7fca3e7 elementor-widget elementor-widget-image\" data-id=\"7fca3e7\" data-element_type=\"widget\" data-e-type=\"widget\" data-widget_type=\"image.default\">\n\t\t\t\t\t\t\t\t\t\t\t\t\t\t\t<img decoding=\"async\" width=\"788\" height=\"437\" src=\"https:\/\/www.igh.ch\/wp-content\/uploads\/3-leute_fuchs-umhang_daumen-hoch_788x437.jpg\" class=\"attachment-large size-large wp-image-25210\" alt=\"\" srcset=\"https:\/\/www.igh.ch\/wp-content\/uploads\/3-leute_fuchs-umhang_daumen-hoch_788x437.jpg 788w, https:\/\/www.igh.ch\/wp-content\/uploads\/3-leute_fuchs-umhang_daumen-hoch_788x437-300x166.jpg 300w, https:\/\/www.igh.ch\/wp-content\/uploads\/3-leute_fuchs-umhang_daumen-hoch_788x437-768x426.jpg 768w\" sizes=\"(max-width: 788px) 100vw, 788px\" \/>\t\t\t\t\t\t\t\t\t\t\t\t\t\t\t<\/div>\n\t\t\t\t<\/div>\n\t\t<div class=\"elementor-element elementor-element-81ec31f e-con-full e-flex e-con e-child\" data-id=\"81ec31f\" data-element_type=\"container\" data-e-type=\"container\">\n\t\t\t\t<div class=\"elementor-element elementor-element-9aa7adf elementor-invisible elementor-widget elementor-widget-heading\" data-id=\"9aa7adf\" data-element_type=\"widget\" data-e-type=\"widget\" data-settings=\"{&quot;_animation&quot;:&quot;fadeInDown&quot;}\" data-widget_type=\"heading.default\">\n\t\t\t\t\t<h2 class=\"elementor-heading-title elementor-size-default\">Hersteller \/ Handel<\/h2>\t\t\t\t<\/div>\n\t\t\t\t<div class=\"elementor-element elementor-element-3cf4ddc elementor-invisible elementor-widget elementor-widget-text-editor\" data-id=\"3cf4ddc\" data-element_type=\"widget\" data-e-type=\"widget\" data-settings=\"{&quot;_animation&quot;:&quot;fadeInDown&quot;}\" data-widget_type=\"text-editor.default\">\n\t\t\t\t\t\t\t\t\t<p>Die Mitglieder der IGH (<a title=\"Mitgliederliste\" href=\"\/de\/die-igh\/mitglieder\/\" target=\"_blank\" rel=\"noopener\">Mitgliederliste<\/a>) stellen Ihre Produktdaten zur Verf\u00fcgung und lassen die Kataloge durch die IGH publizieren. Unter sich verwenden sie ebenfalls die Prozesse der IGH.<\/p><p>Sie m\u00fcssen lediglich die Anbindung in die firmeninterne Verarbeitung gew\u00e4hrleisten. Die Anbindung nach aussen wird durch die IGH bzw. durch die Software-Anbieter sichergestellt.<\/p>\t\t\t\t\t\t\t\t<\/div>\n\t\t\t\t<\/div>\n\t\t\t\t\t<\/div>\n\t\t\t\t<\/div>\n\t\t<div class=\"elementor-element elementor-element-2ff4a7a e-flex e-con-boxed e-con e-parent\" data-id=\"2ff4a7a\" data-element_type=\"container\" data-e-type=\"container\" data-settings=\"{&quot;background_background&quot;:&quot;classic&quot;}\">\n\t\t\t\t\t<div class=\"e-con-inner\">\n\t\t<div class=\"elementor-element elementor-element-c288891 e-con-full e-flex e-con e-child\" data-id=\"c288891\" data-element_type=\"container\" data-e-type=\"container\" data-settings=\"{&quot;background_background&quot;:&quot;classic&quot;}\">\n\t\t\t\t<div class=\"elementor-element elementor-element-3d38446 elementor-invisible elementor-widget elementor-widget-heading\" data-id=\"3d38446\" data-element_type=\"widget\" data-e-type=\"widget\" data-settings=\"{&quot;_animation&quot;:&quot;fadeInDown&quot;}\" data-widget_type=\"heading.default\">\n\t\t\t\t\t<h2 class=\"elementor-heading-title elementor-size-default\">Software-Partner<\/h2>\t\t\t\t<\/div>\n\t\t\t\t<div class=\"elementor-element elementor-element-f82c981 elementor-invisible elementor-widget elementor-widget-text-editor\" data-id=\"f82c981\" data-element_type=\"widget\" data-e-type=\"widget\" data-settings=\"{&quot;_animation&quot;:&quot;fadeInDown&quot;}\" data-widget_type=\"text-editor.default\">\n\t\t\t\t\t\t\t\t\t<p>Die Software-Anbieter der Geb\u00e4udetechnikbranche implementieren f\u00fcr Ihre Kunden die Standards der IGH. Die IGH unterst\u00fctzt die Softwareh\u00e4user mit Dokumentation, Schulungen, Tests und eigenen Softwarekomponenten. Wer zu unseren Softwarepartnern z\u00e4hlt und welche IGH-Produkte sie eingebunden haben, finden Sie <a title=\"Softwarepartner\" href=\"https:\/\/www.igh.ch\/de\/services\/weitere-dienste\/software-anbieter\/\" target=\"_blank\" rel=\"noopener\">hier<\/a>.<\/p>\t\t\t\t\t\t\t\t<\/div>\n\t\t\t\t<\/div>\n\t\t<div class=\"elementor-element elementor-element-874b20a e-con-full e-flex e-con e-child\" data-id=\"874b20a\" data-element_type=\"container\" data-e-type=\"container\" data-settings=\"{&quot;background_background&quot;:&quot;classic&quot;}\">\n\t\t\t\t<div class=\"elementor-element elementor-element-a0680cf elementor-widget elementor-widget-image\" data-id=\"a0680cf\" data-element_type=\"widget\" data-e-type=\"widget\" data-widget_type=\"image.default\">\n\t\t\t\t\t\t\t\t\t\t\t\t\t\t\t<img decoding=\"async\" width=\"800\" height=\"390\" src=\"https:\/\/www.igh.ch\/wp-content\/uploads\/zwei-maenner_flipchart_fuchs-umghang_daumen-hoch_892x435.jpg\" class=\"attachment-large size-large wp-image-25220\" alt=\"\" srcset=\"https:\/\/www.igh.ch\/wp-content\/uploads\/zwei-maenner_flipchart_fuchs-umghang_daumen-hoch_892x435.jpg 892w, https:\/\/www.igh.ch\/wp-content\/uploads\/zwei-maenner_flipchart_fuchs-umghang_daumen-hoch_892x435-300x146.jpg 300w, https:\/\/www.igh.ch\/wp-content\/uploads\/zwei-maenner_flipchart_fuchs-umghang_daumen-hoch_892x435-768x375.jpg 768w\" sizes=\"(max-width: 800px) 100vw, 800px\" \/>\t\t\t\t\t\t\t\t\t\t\t\t\t\t\t<\/div>\n\t\t\t\t<\/div>\n\t\t\t\t\t<\/div>\n\t\t\t\t<\/div>\n\t\t<div class=\"elementor-element elementor-element-92e125e e-flex e-con-boxed e-con e-parent\" data-id=\"92e125e\" data-element_type=\"container\" data-e-type=\"container\" data-settings=\"{&quot;background_background&quot;:&quot;classic&quot;}\">\n\t\t\t\t\t<div class=\"e-con-inner\">\n\t\t<div class=\"elementor-element elementor-element-7c07fbb e-con-full e-flex e-con e-child\" data-id=\"7c07fbb\" data-element_type=\"container\" data-e-type=\"container\">\n\t\t\t\t<div class=\"elementor-element elementor-element-fba4a66 elementor-widget elementor-widget-image\" data-id=\"fba4a66\" data-element_type=\"widget\" data-e-type=\"widget\" data-widget_type=\"image.default\">\n\t\t\t\t\t\t\t\t\t\t\t\t\t\t\t<img loading=\"lazy\" decoding=\"async\" width=\"800\" height=\"756\" src=\"https:\/\/www.igh.ch\/wp-content\/uploads\/vater-fuchs_daumen-hoch-mit-umhang_igh-logo_900x851.jpg\" class=\"attachment-large size-large wp-image-25227\" alt=\"\" srcset=\"https:\/\/www.igh.ch\/wp-content\/uploads\/vater-fuchs_daumen-hoch-mit-umhang_igh-logo_900x851.jpg 900w, https:\/\/www.igh.ch\/wp-content\/uploads\/vater-fuchs_daumen-hoch-mit-umhang_igh-logo_900x851-300x284.jpg 300w, https:\/\/www.igh.ch\/wp-content\/uploads\/vater-fuchs_daumen-hoch-mit-umhang_igh-logo_900x851-768x726.jpg 768w\" sizes=\"(max-width: 800px) 100vw, 800px\" \/>\t\t\t\t\t\t\t\t\t\t\t\t\t\t\t<\/div>\n\t\t\t\t<\/div>\n\t\t<div class=\"elementor-element elementor-element-9a0d4fc e-con-full e-flex e-con e-child\" data-id=\"9a0d4fc\" data-element_type=\"container\" data-e-type=\"container\">\n\t\t\t\t<div class=\"elementor-element elementor-element-af36e6d elementor-invisible elementor-widget elementor-widget-heading\" data-id=\"af36e6d\" data-element_type=\"widget\" data-e-type=\"widget\" data-settings=\"{&quot;_animation&quot;:&quot;fadeInDown&quot;}\" data-widget_type=\"heading.default\">\n\t\t\t\t\t<h2 class=\"elementor-heading-title elementor-size-default\">Kontinuit\u00e4t \/ Kompatibilit\u00e4t<\/h2>\t\t\t\t<\/div>\n\t\t\t\t<div class=\"elementor-element elementor-element-b3299ce elementor-invisible elementor-widget elementor-widget-text-editor\" data-id=\"b3299ce\" data-element_type=\"widget\" data-e-type=\"widget\" data-settings=\"{&quot;_animation&quot;:&quot;fadeInDown&quot;}\" data-widget_type=\"text-editor.default\">\n\t\t\t\t\t\t\t\t\t<p>Die IGH ist daf\u00fcr besorgt, dass bei allen Erweiterungen die Kompatibilit\u00e4t zu den bestehenden Verarbeitungsabl\u00e4ufen sichergestellt ist. Dadurch kann ein Umstellungszwang vermieden werden. Jeder Kunde entscheidet, zu welchem Zeitpunkt er von den angebotenen Verbesserungen profitieren will.<\/p>\t\t\t\t\t\t\t\t<\/div>\n\t\t\t\t<\/div>\n\t\t\t\t\t<\/div>\n\t\t\t\t<\/div>\n\t\t\t\t<\/div>\n\t\t","protected":false},"excerpt":{"rendered":"<p>Die Ziele der IGH Der Auftrag Die IGH (Interessengemeinschaft Datenverbund) definiert und adaptiert Standards f\u00fcr den Datenaustausch zwischen seinen Mitglieder, deren Kunden und Lieferanten. Die Koordination von Technik und Know-how der Beteiligten bilden die Basis der Normierung. Dies sowohl auf der Basis von Produktkatalogen als auch von definierten Datenformaten f\u00fcr die Verarbeitungsprozesse von der Anfrage [&hellip;]<\/p>\n","protected":false},"author":1,"featured_media":0,"parent":2822,"menu_order":2,"comment_status":"closed","ping_status":"closed","template":"","meta":{"footnotes":""},"class_list":["post-1841","page","type-page","status-publish","hentry"],"_links":{"self":[{"href":"https:\/\/www.igh.ch\/de\/wp-json\/wp\/v2\/pages\/1841","targetHints":{"allow":["GET"]}}],"collection":[{"href":"https:\/\/www.igh.ch\/de\/wp-json\/wp\/v2\/pages"}],"about":[{"href":"https:\/\/www.igh.ch\/de\/wp-json\/wp\/v2\/types\/page"}],"author":[{"embeddable":true,"href":"https:\/\/www.igh.ch\/de\/wp-json\/wp\/v2\/users\/1"}],"replies":[{"embeddable":true,"href":"https:\/\/www.igh.ch\/de\/wp-json\/wp\/v2\/comments?post=1841"}],"version-history":[{"count":3,"href":"https:\/\/www.igh.ch\/de\/wp-json\/wp\/v2\/pages\/1841\/revisions"}],"predecessor-version":[{"id":25236,"href":"https:\/\/www.igh.ch\/de\/wp-json\/wp\/v2\/pages\/1841\/revisions\/25236"}],"up":[{"embeddable":true,"href":"https:\/\/www.igh.ch\/de\/wp-json\/wp\/v2\/pages\/2822"}],"wp:attachment":[{"href":"https:\/\/www.igh.ch\/de\/wp-json\/wp\/v2\/media?parent=1841"}],"curies":[{"name":"wp","href":"https:\/\/api.w.org\/{rel}","templated":true}]}}